	{"id":1624,"date":"2019-02-01T19:42:18","date_gmt":"2019-02-01T18:42:18","guid":{"rendered":"https:\/\/www.megastitch.eu\/obchod\/nezarazene\/pernicky-medovnicky\/"},"modified":"2019-11-18T19:11:14","modified_gmt":"2019-11-18T18:11:14","slug":"pernicky-medovnicky","status":"publish","type":"product","link":"https:\/\/www.megastitch.eu\/cs\/obchod\/magnetky-cs\/fotograficke-cs\/pernicky-medovnicky\/","title":{"rendered":"Pern\u00ed\u010dky medovn\u00ed\u010dky"},"content":{"rendered":"<div class=\"nolwrap\"><p>Pern\u00edky, medovn\u00edky, rolni\u010dky, orechy, badi\u00e1n, \u0161korica &#8211; tieto v\u00f4ne, chute a zvuky v\u00e1s nemusia te\u0161i\u0165 len po\u010das Vianoc na sviato\u010dnom stole. M\u00f4\u017eete si ich pripomen\u00fa\u0165 aj poh\u013eadom na t\u00fato kr\u00e1snu magneticku ihelni\u010dku s kvalitn\u00fdm neodymov\u00fdm magnetom, ktor\u00fd udr\u017e\u00ed va\u0161e vy\u0161\u00edvacie ihly pevne na svojom mieste.<\/p>\n<\/div>","protected":false},"excerpt":{"rendered":"<p>Pern\u00edky, medovn\u00edky, rolni\u010dky, orechy, badi\u00e1n, \u0161korica &#8211; tieto v\u00f4ne, chute a zvuky v\u00e1s nemusia te\u0161i\u0165 len po\u010das Vianoc na sviato\u010dnom stole. M\u00f4\u017eete si ich pripomen\u00fa\u0165 aj poh\u013eadom na t\u00fato kr\u00e1snu magneticku ihelni\u010dku s kvalitn\u00fdm neodymov\u00fdm magnetom, ktor\u00fd udr\u017e\u00ed va\u0161e vy\u0161\u00edvacie ihly pevne na svojom mieste.<\/p>\n","protected":false},"featured_media":261,"comment_status":"closed","ping_status":"closed","template":"","meta":{"_uag_custom_page_level_css":"","ngg_post_thumbnail":0},"product_cat":[91,87,93],"product_tag":[70],"aioseo_notices":[],"featured_image_urls":{"full":["https:\/\/www.megastitch.eu\/wp-content\/uploads\/2019\/02\/26.jpg",415,415,false],"thumbnail":["https:\/\/www.megastitch.eu\/wp-content\/uploads\/2019\/02\/26-150x150.jpg",150,150,true],"medium":["https:\/\/www.megastitch.eu\/wp-content\/uploads\/2019\/02\/26-300x300.jpg",300,300,true],"medium_large":["https:\/\/www.megastitch.eu\/wp-content\/uploads\/2019\/02\/26.jpg",415,415,false],"large":["https:\/\/www.megastitch.eu\/wp-content\/uploads\/2019\/02\/26.jpg",415,415,false],"1536x1536":["https:\/\/www.megastitch.eu\/wp-content\/uploads\/2019\/02\/26.jpg",415,415,false],"2048x2048":["https:\/\/www.megastitch.eu\/wp-content\/uploads\/2019\/02\/26.jpg",415,415,false],"ultp_layout_landscape_large":["https:\/\/www.megastitch.eu\/wp-content\/uploads\/2019\/02\/26.jpg",415,415,false],"ultp_layout_landscape":["https:\/\/www.megastitch.eu\/wp-content\/uploads\/2019\/02\/26.jpg",415,415,false],"ultp_layout_portrait":["https:\/\/www.megastitch.eu\/wp-content\/uploads\/2019\/02\/26.jpg",415,415,false],"ultp_layout_square":["https:\/\/www.megastitch.eu\/wp-content\/uploads\/2019\/02\/26.jpg",415,415,false],"molla_post-grid":["https:\/\/www.megastitch.eu\/wp-content\/uploads\/2019\/02\/26.jpg",267,267,false],"woocommerce_thumbnail":["https:\/\/www.megastitch.eu\/wp-content\/uploads\/2019\/02\/26-300x300.jpg",300,300,true],"woocommerce_single":["https:\/\/www.megastitch.eu\/wp-content\/uploads\/2019\/02\/26.jpg",415,415,false],"woocommerce_gallery_thumbnail":["https:\/\/www.megastitch.eu\/wp-content\/uploads\/2019\/02\/26-100x100.jpg",100,100,true]},"post_excerpt_stackable":"<p>Pern\u00edky, medovn\u00edky, rolni\u010dky, orechy, badi\u00e1n, \u0161korica &#8211; tieto v\u00f4ne, chute a zvuky v\u00e1s nemusia te\u0161i\u0165 len po\u010das Vianoc na sviato\u010dnom stole. M\u00f4\u017eete si ich pripomen\u00fa\u0165 aj poh\u013eadom na t\u00fato kr\u00e1snu magneticku ihelni\u010dku s kvalitn\u00fdm neodymov\u00fdm magnetom, ktor\u00fd udr\u017e\u00ed va\u0161e vy\u0161\u00edvacie ihly pevne na svojom mieste.<\/p>\n","category_list":"","author_info":{"name":"","url":""},"comments_num":"0 comments","featured_image_urls_v2":{"full":["https:\/\/www.megastitch.eu\/wp-content\/uploads\/2019\/02\/26.jpg",415,415,false],"thumbnail":["https:\/\/www.megastitch.eu\/wp-content\/uploads\/2019\/02\/26-150x150.jpg",150,150,true],"medium":["https:\/\/www.megastitch.eu\/wp-content\/uploads\/2019\/02\/26-300x300.jpg",300,300,true],"medium_large":["https:\/\/www.megastitch.eu\/wp-content\/uploads\/2019\/02\/26.jpg",415,415,false],"large":["https:\/\/www.megastitch.eu\/wp-content\/uploads\/2019\/02\/26.jpg",415,415,false],"1536x1536":["https:\/\/www.megastitch.eu\/wp-content\/uploads\/2019\/02\/26.jpg",415,415,false],"2048x2048":["https:\/\/www.megastitch.eu\/wp-content\/uploads\/2019\/02\/26.jpg",415,415,false],"ultp_layout_landscape_large":["https:\/\/www.megastitch.eu\/wp-content\/uploads\/2019\/02\/26.jpg",415,415,false],"ultp_layout_landscape":["https:\/\/www.megastitch.eu\/wp-content\/uploads\/2019\/02\/26.jpg",415,415,false],"ultp_layout_portrait":["https:\/\/www.megastitch.eu\/wp-content\/uploads\/2019\/02\/26.jpg",415,415,false],"ultp_layout_square":["https:\/\/www.megastitch.eu\/wp-content\/uploads\/2019\/02\/26.jpg",415,415,false],"molla_post-grid":["https:\/\/www.megastitch.eu\/wp-content\/uploads\/2019\/02\/26.jpg",267,267,false],"woocommerce_thumbnail":["https:\/\/www.megastitch.eu\/wp-content\/uploads\/2019\/02\/26-300x300.jpg",300,300,true],"woocommerce_single":["https:\/\/www.megastitch.eu\/wp-content\/uploads\/2019\/02\/26.jpg",415,415,false],"woocommerce_gallery_thumbnail":["https:\/\/www.megastitch.eu\/wp-content\/uploads\/2019\/02\/26-100x100.jpg",100,100,true]},"post_excerpt_stackable_v2":"<p>Pern\u00edky, medovn\u00edky, rolni\u010dky, orechy, badi\u00e1n, \u0161korica &#8211; tieto v\u00f4ne, chute a zvuky v\u00e1s nemusia te\u0161i\u0165 len po\u010das Vianoc na sviato\u010dnom stole. M\u00f4\u017eete si ich pripomen\u00fa\u0165 aj poh\u013eadom na t\u00fato kr\u00e1snu magneticku ihelni\u010dku s kvalitn\u00fdm neodymov\u00fdm magnetom, ktor\u00fd udr\u017e\u00ed va\u0161e vy\u0161\u00edvacie ihly pevne na svojom mieste.<\/p>\n","category_list_v2":"","author_info_v2":{"name":"","url":""},"comments_num_v2":"0 comments","uagb_featured_image_src":{"full":["https:\/\/www.megastitch.eu\/wp-content\/uploads\/2019\/02\/26.jpg",415,415,false],"thumbnail":["https:\/\/www.megastitch.eu\/wp-content\/uploads\/2019\/02\/26-150x150.jpg",150,150,true],"medium":["https:\/\/www.megastitch.eu\/wp-content\/uploads\/2019\/02\/26-300x300.jpg",300,300,true],"medium_large":["https:\/\/www.megastitch.eu\/wp-content\/uploads\/2019\/02\/26.jpg",415,415,false],"large":["https:\/\/www.megastitch.eu\/wp-content\/uploads\/2019\/02\/26.jpg",415,415,false],"1536x1536":["https:\/\/www.megastitch.eu\/wp-content\/uploads\/2019\/02\/26.jpg",415,415,false],"2048x2048":["https:\/\/www.megastitch.eu\/wp-content\/uploads\/2019\/02\/26.jpg",415,415,false],"ultp_layout_landscape_large":["https:\/\/www.megastitch.eu\/wp-content\/uploads\/2019\/02\/26.jpg",415,415,false],"ultp_layout_landscape":["https:\/\/www.megastitch.eu\/wp-content\/uploads\/2019\/02\/26.jpg",415,415,false],"ultp_layout_portrait":["https:\/\/www.megastitch.eu\/wp-content\/uploads\/2019\/02\/26.jpg",415,415,false],"ultp_layout_square":["https:\/\/www.megastitch.eu\/wp-content\/uploads\/2019\/02\/26.jpg",415,415,false],"molla_post-grid":["https:\/\/www.megastitch.eu\/wp-content\/uploads\/2019\/02\/26.jpg",267,267,false],"woocommerce_thumbnail":["https:\/\/www.megastitch.eu\/wp-content\/uploads\/2019\/02\/26-300x300.jpg",300,300,true],"woocommerce_single":["https:\/\/www.megastitch.eu\/wp-content\/uploads\/2019\/02\/26.jpg",415,415,false],"woocommerce_gallery_thumbnail":["https:\/\/www.megastitch.eu\/wp-content\/uploads\/2019\/02\/26-100x100.jpg",100,100,true]},"uagb_author_info":{"display_name":"Ludmila Mikusikova","author_link":"https:\/\/www.megastitch.eu\/cs\/author\/"},"uagb_comment_info":0,"uagb_excerpt":"Pern\u00edky, medovn\u00edky, rolni\u010dky, orechy, badi\u00e1n, \u0161korica &#8211; tieto v\u00f4ne, chute a zvuky v\u00e1s nemusia te\u0161i\u0165 len po\u010das Vianoc na sviato\u010dnom stole. M\u00f4\u017eete si ich pripomen\u00fa\u0165 aj poh\u013eadom na t\u00fato kr\u00e1snu magneticku ihelni\u010dku s kvalitn\u00fdm neodymov\u00fdm magnetom, ktor\u00fd udr\u017e\u00ed va\u0161e vy\u0161\u00edvacie ihly pevne na svojom mieste.","_links":{"self":[{"href":"https:\/\/www.megastitch.eu\/cs\/wp-json\/wp\/v2\/product\/1624"}],"collection":[{"href":"https:\/\/www.megastitch.eu\/cs\/wp-json\/wp\/v2\/product"}],"about":[{"href":"https:\/\/www.megastitch.eu\/cs\/wp-json\/wp\/v2\/types\/product"}],"replies":[{"embeddable":true,"href":"https:\/\/www.megastitch.eu\/cs\/wp-json\/wp\/v2\/comments?post=1624"}],"wp:featuredmedia":[{"embeddable":true,"href":"https:\/\/www.megastitch.eu\/cs\/wp-json\/wp\/v2\/media\/261"}],"wp:attachment":[{"href":"https:\/\/www.megastitch.eu\/cs\/wp-json\/wp\/v2\/media?parent=1624"}],"wp:term":[{"taxonomy":"product_cat","embeddable":true,"href":"https:\/\/www.megastitch.eu\/cs\/wp-json\/wp\/v2\/product_cat?post=1624"},{"taxonomy":"product_tag","embeddable":true,"href":"https:\/\/www.megastitch.eu\/cs\/wp-json\/wp\/v2\/product_tag?post=1624"}],"curies":[{"name":"wp","href":"https:\/\/api.w.org\/{rel}","templated":true}]}}