	{"id":1634,"date":"2019-02-01T19:42:15","date_gmt":"2019-02-01T18:42:15","guid":{"rendered":"https:\/\/www.megastitch.eu\/obchod\/nezarazene\/slon-na-suche-savane\/"},"modified":"2022-12-18T15:08:08","modified_gmt":"2022-12-18T14:08:08","slug":"slon-na-suche-savane","status":"publish","type":"product","link":"https:\/\/www.megastitch.eu\/cs\/obchod\/magnetky-cs\/zvirata\/sloni\/slon-na-suche-savane\/","title":{"rendered":"Slon na such\u00e9 savan\u011b"},"content":{"rendered":"<div class=\"nolwrap\"><p>Kr\u00e1sna magnetka na vy\u0161\u00edvanie s obr\u00e1zkom slona, ktor\u00fd sa prech\u00e1dza po savane. Slon je naozaj siln\u00e9 zviera a jeho sila bola pretaven\u00e1 do magnetu v tejto magnetickej ihelni\u010dke. Tejto \u00falohy sa zhostil pevn\u00fd neodymov\u00fd magnet, ktor\u00fd udr\u017e\u00ed va\u0161e ihly ako aj no\u017eni\u010dky na svojom mieste.<\/p>\n<\/div>","protected":false},"excerpt":{"rendered":"<p>Kr\u00e1sna magnetka na vy\u0161\u00edvanie s obr\u00e1zkom slona, ktor\u00fd sa prech\u00e1dza po savane. Slon je naozaj siln\u00e9 zviera a jeho sila bola pretaven\u00e1 do magnetu v tejto magnetickej ihelni\u010dke. Tejto \u00falohy sa zhostil pevn\u00fd neodymov\u00fd magnet, ktor\u00fd udr\u017e\u00ed va\u0161e ihly ako aj no\u017eni\u010dky na svojom mieste.<\/p>\n","protected":false},"featured_media":241,"comment_status":"closed","ping_status":"closed","template":"","meta":{"_uag_custom_page_level_css":"","ngg_post_thumbnail":0},"product_cat":[91,87,103,96],"product_tag":[],"aioseo_notices":[],"featured_image_urls":{"full":["https:\/\/www.megastitch.eu\/wp-content\/uploads\/2019\/02\/16.jpg",415,415,false],"thumbnail":["https:\/\/www.megastitch.eu\/wp-content\/uploads\/2019\/02\/16-150x150.jpg",150,150,true],"medium":["https:\/\/www.megastitch.eu\/wp-content\/uploads\/2019\/02\/16-300x300.jpg",300,300,true],"medium_large":["https:\/\/www.megastitch.eu\/wp-content\/uploads\/2019\/02\/16.jpg",415,415,false],"large":["https:\/\/www.megastitch.eu\/wp-content\/uploads\/2019\/02\/16.jpg",415,415,false],"1536x1536":["https:\/\/www.megastitch.eu\/wp-content\/uploads\/2019\/02\/16.jpg",415,415,false],"2048x2048":["https:\/\/www.megastitch.eu\/wp-content\/uploads\/2019\/02\/16.jpg",415,415,false],"ultp_layout_landscape_large":["https:\/\/www.megastitch.eu\/wp-content\/uploads\/2019\/02\/16.jpg",415,415,false],"ultp_layout_landscape":["https:\/\/www.megastitch.eu\/wp-content\/uploads\/2019\/02\/16.jpg",415,415,false],"ultp_layout_portrait":["https:\/\/www.megastitch.eu\/wp-content\/uploads\/2019\/02\/16.jpg",415,415,false],"ultp_layout_square":["https:\/\/www.megastitch.eu\/wp-content\/uploads\/2019\/02\/16.jpg",415,415,false],"molla_post-grid":["https:\/\/www.megastitch.eu\/wp-content\/uploads\/2019\/02\/16.jpg",267,267,false],"woocommerce_thumbnail":["https:\/\/www.megastitch.eu\/wp-content\/uploads\/2019\/02\/16-300x300.jpg",300,300,true],"woocommerce_single":["https:\/\/www.megastitch.eu\/wp-content\/uploads\/2019\/02\/16.jpg",415,415,false],"woocommerce_gallery_thumbnail":["https:\/\/www.megastitch.eu\/wp-content\/uploads\/2019\/02\/16-100x100.jpg",100,100,true]},"post_excerpt_stackable":"<p>Kr\u00e1sna magnetka na vy\u0161\u00edvanie s obr\u00e1zkom slona, ktor\u00fd sa prech\u00e1dza po savane. Slon je naozaj siln\u00e9 zviera a jeho sila bola pretaven\u00e1 do magnetu v tejto magnetickej ihelni\u010dke. Tejto \u00falohy sa zhostil pevn\u00fd neodymov\u00fd magnet, ktor\u00fd udr\u017e\u00ed va\u0161e ihly ako aj no\u017eni\u010dky na svojom mieste.<\/p>\n","category_list":"","author_info":{"name":"","url":""},"comments_num":"0 comments","featured_image_urls_v2":{"full":["https:\/\/www.megastitch.eu\/wp-content\/uploads\/2019\/02\/16.jpg",415,415,false],"thumbnail":["https:\/\/www.megastitch.eu\/wp-content\/uploads\/2019\/02\/16-150x150.jpg",150,150,true],"medium":["https:\/\/www.megastitch.eu\/wp-content\/uploads\/2019\/02\/16-300x300.jpg",300,300,true],"medium_large":["https:\/\/www.megastitch.eu\/wp-content\/uploads\/2019\/02\/16.jpg",415,415,false],"large":["https:\/\/www.megastitch.eu\/wp-content\/uploads\/2019\/02\/16.jpg",415,415,false],"1536x1536":["https:\/\/www.megastitch.eu\/wp-content\/uploads\/2019\/02\/16.jpg",415,415,false],"2048x2048":["https:\/\/www.megastitch.eu\/wp-content\/uploads\/2019\/02\/16.jpg",415,415,false],"ultp_layout_landscape_large":["https:\/\/www.megastitch.eu\/wp-content\/uploads\/2019\/02\/16.jpg",415,415,false],"ultp_layout_landscape":["https:\/\/www.megastitch.eu\/wp-content\/uploads\/2019\/02\/16.jpg",415,415,false],"ultp_layout_portrait":["https:\/\/www.megastitch.eu\/wp-content\/uploads\/2019\/02\/16.jpg",415,415,false],"ultp_layout_square":["https:\/\/www.megastitch.eu\/wp-content\/uploads\/2019\/02\/16.jpg",415,415,false],"molla_post-grid":["https:\/\/www.megastitch.eu\/wp-content\/uploads\/2019\/02\/16.jpg",267,267,false],"woocommerce_thumbnail":["https:\/\/www.megastitch.eu\/wp-content\/uploads\/2019\/02\/16-300x300.jpg",300,300,true],"woocommerce_single":["https:\/\/www.megastitch.eu\/wp-content\/uploads\/2019\/02\/16.jpg",415,415,false],"woocommerce_gallery_thumbnail":["https:\/\/www.megastitch.eu\/wp-content\/uploads\/2019\/02\/16-100x100.jpg",100,100,true]},"post_excerpt_stackable_v2":"<p>Kr\u00e1sna magnetka na vy\u0161\u00edvanie s obr\u00e1zkom slona, ktor\u00fd sa prech\u00e1dza po savane. Slon je naozaj siln\u00e9 zviera a jeho sila bola pretaven\u00e1 do magnetu v tejto magnetickej ihelni\u010dke. Tejto \u00falohy sa zhostil pevn\u00fd neodymov\u00fd magnet, ktor\u00fd udr\u017e\u00ed va\u0161e ihly ako aj no\u017eni\u010dky na svojom mieste.<\/p>\n","category_list_v2":"","author_info_v2":{"name":"","url":""},"comments_num_v2":"0 comments","uagb_featured_image_src":{"full":["https:\/\/www.megastitch.eu\/wp-content\/uploads\/2019\/02\/16.jpg",415,415,false],"thumbnail":["https:\/\/www.megastitch.eu\/wp-content\/uploads\/2019\/02\/16-150x150.jpg",150,150,true],"medium":["https:\/\/www.megastitch.eu\/wp-content\/uploads\/2019\/02\/16-300x300.jpg",300,300,true],"medium_large":["https:\/\/www.megastitch.eu\/wp-content\/uploads\/2019\/02\/16.jpg",415,415,false],"large":["https:\/\/www.megastitch.eu\/wp-content\/uploads\/2019\/02\/16.jpg",415,415,false],"1536x1536":["https:\/\/www.megastitch.eu\/wp-content\/uploads\/2019\/02\/16.jpg",415,415,false],"2048x2048":["https:\/\/www.megastitch.eu\/wp-content\/uploads\/2019\/02\/16.jpg",415,415,false],"ultp_layout_landscape_large":["https:\/\/www.megastitch.eu\/wp-content\/uploads\/2019\/02\/16.jpg",415,415,false],"ultp_layout_landscape":["https:\/\/www.megastitch.eu\/wp-content\/uploads\/2019\/02\/16.jpg",415,415,false],"ultp_layout_portrait":["https:\/\/www.megastitch.eu\/wp-content\/uploads\/2019\/02\/16.jpg",415,415,false],"ultp_layout_square":["https:\/\/www.megastitch.eu\/wp-content\/uploads\/2019\/02\/16.jpg",415,415,false],"molla_post-grid":["https:\/\/www.megastitch.eu\/wp-content\/uploads\/2019\/02\/16.jpg",267,267,false],"woocommerce_thumbnail":["https:\/\/www.megastitch.eu\/wp-content\/uploads\/2019\/02\/16-300x300.jpg",300,300,true],"woocommerce_single":["https:\/\/www.megastitch.eu\/wp-content\/uploads\/2019\/02\/16.jpg",415,415,false],"woocommerce_gallery_thumbnail":["https:\/\/www.megastitch.eu\/wp-content\/uploads\/2019\/02\/16-100x100.jpg",100,100,true]},"uagb_author_info":{"display_name":"Ludmila Mikusikova","author_link":"https:\/\/www.megastitch.eu\/cs\/author\/"},"uagb_comment_info":0,"uagb_excerpt":"Kr\u00e1sna magnetka na vy\u0161\u00edvanie s obr\u00e1zkom slona, ktor\u00fd sa prech\u00e1dza po savane. Slon je naozaj siln\u00e9 zviera a jeho sila bola pretaven\u00e1 do magnetu v tejto magnetickej ihelni\u010dke. Tejto \u00falohy sa zhostil pevn\u00fd neodymov\u00fd magnet, ktor\u00fd udr\u017e\u00ed va\u0161e ihly ako aj no\u017eni\u010dky na svojom mieste.","_links":{"self":[{"href":"https:\/\/www.megastitch.eu\/cs\/wp-json\/wp\/v2\/product\/1634"}],"collection":[{"href":"https:\/\/www.megastitch.eu\/cs\/wp-json\/wp\/v2\/product"}],"about":[{"href":"https:\/\/www.megastitch.eu\/cs\/wp-json\/wp\/v2\/types\/product"}],"replies":[{"embeddable":true,"href":"https:\/\/www.megastitch.eu\/cs\/wp-json\/wp\/v2\/comments?post=1634"}],"wp:featuredmedia":[{"embeddable":true,"href":"https:\/\/www.megastitch.eu\/cs\/wp-json\/wp\/v2\/media\/241"}],"wp:attachment":[{"href":"https:\/\/www.megastitch.eu\/cs\/wp-json\/wp\/v2\/media?parent=1634"}],"wp:term":[{"taxonomy":"product_cat","embeddable":true,"href":"https:\/\/www.megastitch.eu\/cs\/wp-json\/wp\/v2\/product_cat?post=1634"},{"taxonomy":"product_tag","embeddable":true,"href":"https:\/\/www.megastitch.eu\/cs\/wp-json\/wp\/v2\/product_tag?post=1634"}],"curies":[{"name":"wp","href":"https:\/\/api.w.org\/{rel}","templated":true}]}}