	{"id":1636,"date":"2019-02-01T19:42:15","date_gmt":"2019-02-01T18:42:15","guid":{"rendered":"https:\/\/www.megastitch.eu\/obchod\/nezarazene\/orosena-pavucina\/"},"modified":"2022-12-18T15:08:11","modified_gmt":"2022-12-18T14:08:11","slug":"orosena-pavucina","status":"publish","type":"product","link":"https:\/\/www.megastitch.eu\/cs\/obchod\/magnetky-cs\/fotograficke-cs\/orosena-pavucina\/","title":{"rendered":"Orosen\u00e1 pavu\u010dina"},"content":{"rendered":"<div class=\"nolwrap\"><p>Tento sniv\u00fd obr\u00e1zok v jemn\u00fdch farb\u00e1ch ospal\u00e9ho r\u00e1na pote\u0161\u00ed ka\u017ed\u00fa kreat\u00edvnu du\u0161u. Magnetka s t\u00fdmto dizajnom spln\u00ed svoju funkciu dokonale. V\u010faka pevn\u00e9mu magnetu bude va\u0161im spo\u013eahliv\u00fdm pomocn\u00edkom pri starostlivosti o svoje ihly a no\u017eni\u010dky a z\u00e1rove\u0148 pote\u0161\u00ed va\u0161e srdce kedyko\u013evek v\u00e1m na \u0148u padne poh\u013ead.<\/p>\n<\/div>","protected":false},"excerpt":{"rendered":"<p>Tento sniv\u00fd obr\u00e1zok v jemn\u00fdch farb\u00e1ch ospal\u00e9ho r\u00e1na pote\u0161\u00ed ka\u017ed\u00fa kreat\u00edvnu du\u0161u. Magnetka s t\u00fdmto dizajnom spln\u00ed svoju funkciu dokonale. V\u010faka pevn\u00e9mu magnetu bude va\u0161im spo\u013eahliv\u00fdm pomocn\u00edkom pri starostlivosti o svoje ihly a no\u017eni\u010dky a z\u00e1rove\u0148 pote\u0161\u00ed va\u0161e srdce kedyko\u013evek v\u00e1m na \u0148u padne poh\u013ead.<\/p>\n","protected":false},"featured_media":237,"comment_status":"closed","ping_status":"closed","template":"","meta":{"_uag_custom_page_level_css":"","ngg_post_thumbnail":0},"product_cat":[91,87,93],"product_tag":[81],"aioseo_notices":[],"featured_image_urls":{"full":["https:\/\/www.megastitch.eu\/wp-content\/uploads\/2019\/02\/14.jpg",415,415,false],"thumbnail":["https:\/\/www.megastitch.eu\/wp-content\/uploads\/2019\/02\/14-150x150.jpg",150,150,true],"medium":["https:\/\/www.megastitch.eu\/wp-content\/uploads\/2019\/02\/14-300x300.jpg",300,300,true],"medium_large":["https:\/\/www.megastitch.eu\/wp-content\/uploads\/2019\/02\/14.jpg",415,415,false],"large":["https:\/\/www.megastitch.eu\/wp-content\/uploads\/2019\/02\/14.jpg",415,415,false],"1536x1536":["https:\/\/www.megastitch.eu\/wp-content\/uploads\/2019\/02\/14.jpg",415,415,false],"2048x2048":["https:\/\/www.megastitch.eu\/wp-content\/uploads\/2019\/02\/14.jpg",415,415,false],"ultp_layout_landscape_large":["https:\/\/www.megastitch.eu\/wp-content\/uploads\/2019\/02\/14.jpg",415,415,false],"ultp_layout_landscape":["https:\/\/www.megastitch.eu\/wp-content\/uploads\/2019\/02\/14.jpg",415,415,false],"ultp_layout_portrait":["https:\/\/www.megastitch.eu\/wp-content\/uploads\/2019\/02\/14.jpg",415,415,false],"ultp_layout_square":["https:\/\/www.megastitch.eu\/wp-content\/uploads\/2019\/02\/14.jpg",415,415,false],"molla_post-grid":["https:\/\/www.megastitch.eu\/wp-content\/uploads\/2019\/02\/14.jpg",267,267,false],"woocommerce_thumbnail":["https:\/\/www.megastitch.eu\/wp-content\/uploads\/2019\/02\/14-300x300.jpg",300,300,true],"woocommerce_single":["https:\/\/www.megastitch.eu\/wp-content\/uploads\/2019\/02\/14.jpg",415,415,false],"woocommerce_gallery_thumbnail":["https:\/\/www.megastitch.eu\/wp-content\/uploads\/2019\/02\/14-100x100.jpg",100,100,true]},"post_excerpt_stackable":"<p>Tento sniv\u00fd obr\u00e1zok v jemn\u00fdch farb\u00e1ch ospal\u00e9ho r\u00e1na pote\u0161\u00ed ka\u017ed\u00fa kreat\u00edvnu du\u0161u. Magnetka s t\u00fdmto dizajnom spln\u00ed svoju funkciu dokonale. V\u010faka pevn\u00e9mu magnetu bude va\u0161im spo\u013eahliv\u00fdm pomocn\u00edkom pri starostlivosti o svoje ihly a no\u017eni\u010dky a z\u00e1rove\u0148 pote\u0161\u00ed va\u0161e srdce kedyko\u013evek v\u00e1m na \u0148u padne poh\u013ead.<\/p>\n","category_list":"","author_info":{"name":"","url":""},"comments_num":"0 comments","featured_image_urls_v2":{"full":["https:\/\/www.megastitch.eu\/wp-content\/uploads\/2019\/02\/14.jpg",415,415,false],"thumbnail":["https:\/\/www.megastitch.eu\/wp-content\/uploads\/2019\/02\/14-150x150.jpg",150,150,true],"medium":["https:\/\/www.megastitch.eu\/wp-content\/uploads\/2019\/02\/14-300x300.jpg",300,300,true],"medium_large":["https:\/\/www.megastitch.eu\/wp-content\/uploads\/2019\/02\/14.jpg",415,415,false],"large":["https:\/\/www.megastitch.eu\/wp-content\/uploads\/2019\/02\/14.jpg",415,415,false],"1536x1536":["https:\/\/www.megastitch.eu\/wp-content\/uploads\/2019\/02\/14.jpg",415,415,false],"2048x2048":["https:\/\/www.megastitch.eu\/wp-content\/uploads\/2019\/02\/14.jpg",415,415,false],"ultp_layout_landscape_large":["https:\/\/www.megastitch.eu\/wp-content\/uploads\/2019\/02\/14.jpg",415,415,false],"ultp_layout_landscape":["https:\/\/www.megastitch.eu\/wp-content\/uploads\/2019\/02\/14.jpg",415,415,false],"ultp_layout_portrait":["https:\/\/www.megastitch.eu\/wp-content\/uploads\/2019\/02\/14.jpg",415,415,false],"ultp_layout_square":["https:\/\/www.megastitch.eu\/wp-content\/uploads\/2019\/02\/14.jpg",415,415,false],"molla_post-grid":["https:\/\/www.megastitch.eu\/wp-content\/uploads\/2019\/02\/14.jpg",267,267,false],"woocommerce_thumbnail":["https:\/\/www.megastitch.eu\/wp-content\/uploads\/2019\/02\/14-300x300.jpg",300,300,true],"woocommerce_single":["https:\/\/www.megastitch.eu\/wp-content\/uploads\/2019\/02\/14.jpg",415,415,false],"woocommerce_gallery_thumbnail":["https:\/\/www.megastitch.eu\/wp-content\/uploads\/2019\/02\/14-100x100.jpg",100,100,true]},"post_excerpt_stackable_v2":"<p>Tento sniv\u00fd obr\u00e1zok v jemn\u00fdch farb\u00e1ch ospal\u00e9ho r\u00e1na pote\u0161\u00ed ka\u017ed\u00fa kreat\u00edvnu du\u0161u. Magnetka s t\u00fdmto dizajnom spln\u00ed svoju funkciu dokonale. V\u010faka pevn\u00e9mu magnetu bude va\u0161im spo\u013eahliv\u00fdm pomocn\u00edkom pri starostlivosti o svoje ihly a no\u017eni\u010dky a z\u00e1rove\u0148 pote\u0161\u00ed va\u0161e srdce kedyko\u013evek v\u00e1m na \u0148u padne poh\u013ead.<\/p>\n","category_list_v2":"","author_info_v2":{"name":"","url":""},"comments_num_v2":"0 comments","uagb_featured_image_src":{"full":["https:\/\/www.megastitch.eu\/wp-content\/uploads\/2019\/02\/14.jpg",415,415,false],"thumbnail":["https:\/\/www.megastitch.eu\/wp-content\/uploads\/2019\/02\/14-150x150.jpg",150,150,true],"medium":["https:\/\/www.megastitch.eu\/wp-content\/uploads\/2019\/02\/14-300x300.jpg",300,300,true],"medium_large":["https:\/\/www.megastitch.eu\/wp-content\/uploads\/2019\/02\/14.jpg",415,415,false],"large":["https:\/\/www.megastitch.eu\/wp-content\/uploads\/2019\/02\/14.jpg",415,415,false],"1536x1536":["https:\/\/www.megastitch.eu\/wp-content\/uploads\/2019\/02\/14.jpg",415,415,false],"2048x2048":["https:\/\/www.megastitch.eu\/wp-content\/uploads\/2019\/02\/14.jpg",415,415,false],"ultp_layout_landscape_large":["https:\/\/www.megastitch.eu\/wp-content\/uploads\/2019\/02\/14.jpg",415,415,false],"ultp_layout_landscape":["https:\/\/www.megastitch.eu\/wp-content\/uploads\/2019\/02\/14.jpg",415,415,false],"ultp_layout_portrait":["https:\/\/www.megastitch.eu\/wp-content\/uploads\/2019\/02\/14.jpg",415,415,false],"ultp_layout_square":["https:\/\/www.megastitch.eu\/wp-content\/uploads\/2019\/02\/14.jpg",415,415,false],"molla_post-grid":["https:\/\/www.megastitch.eu\/wp-content\/uploads\/2019\/02\/14.jpg",267,267,false],"woocommerce_thumbnail":["https:\/\/www.megastitch.eu\/wp-content\/uploads\/2019\/02\/14-300x300.jpg",300,300,true],"woocommerce_single":["https:\/\/www.megastitch.eu\/wp-content\/uploads\/2019\/02\/14.jpg",415,415,false],"woocommerce_gallery_thumbnail":["https:\/\/www.megastitch.eu\/wp-content\/uploads\/2019\/02\/14-100x100.jpg",100,100,true]},"uagb_author_info":{"display_name":"Ludmila Mikusikova","author_link":"https:\/\/www.megastitch.eu\/cs\/author\/"},"uagb_comment_info":0,"uagb_excerpt":"Tento sniv\u00fd obr\u00e1zok v jemn\u00fdch farb\u00e1ch ospal\u00e9ho r\u00e1na pote\u0161\u00ed ka\u017ed\u00fa kreat\u00edvnu du\u0161u. Magnetka s t\u00fdmto dizajnom spln\u00ed svoju funkciu dokonale. V\u010faka pevn\u00e9mu magnetu bude va\u0161im spo\u013eahliv\u00fdm pomocn\u00edkom pri starostlivosti o svoje ihly a no\u017eni\u010dky a z\u00e1rove\u0148 pote\u0161\u00ed va\u0161e srdce kedyko\u013evek v\u00e1m na \u0148u padne poh\u013ead.","_links":{"self":[{"href":"https:\/\/www.megastitch.eu\/cs\/wp-json\/wp\/v2\/product\/1636"}],"collection":[{"href":"https:\/\/www.megastitch.eu\/cs\/wp-json\/wp\/v2\/product"}],"about":[{"href":"https:\/\/www.megastitch.eu\/cs\/wp-json\/wp\/v2\/types\/product"}],"replies":[{"embeddable":true,"href":"https:\/\/www.megastitch.eu\/cs\/wp-json\/wp\/v2\/comments?post=1636"}],"wp:featuredmedia":[{"embeddable":true,"href":"https:\/\/www.megastitch.eu\/cs\/wp-json\/wp\/v2\/media\/237"}],"wp:attachment":[{"href":"https:\/\/www.megastitch.eu\/cs\/wp-json\/wp\/v2\/media?parent=1636"}],"wp:term":[{"taxonomy":"product_cat","embeddable":true,"href":"https:\/\/www.megastitch.eu\/cs\/wp-json\/wp\/v2\/product_cat?post=1636"},{"taxonomy":"product_tag","embeddable":true,"href":"https:\/\/www.megastitch.eu\/cs\/wp-json\/wp\/v2\/product_tag?post=1636"}],"curies":[{"name":"wp","href":"https:\/\/api.w.org\/{rel}","templated":true}]}}