	{"id":1638,"date":"2019-02-01T19:42:15","date_gmt":"2019-02-01T18:42:15","guid":{"rendered":"https:\/\/www.megastitch.eu\/obchod\/nezarazene\/kotatko-v-podzimnim-listi\/"},"modified":"2022-12-18T15:08:07","modified_gmt":"2022-12-18T14:08:07","slug":"kotatko-v-podzimnim-listi","status":"publish","type":"product","link":"https:\/\/www.megastitch.eu\/cs\/obchod\/magnetky-cs\/zvirata\/kocky\/kotatko-v-podzimnim-listi\/","title":{"rendered":"Ko\u0165\u00e1tko v podzimn\u00edm list\u00ed"},"content":{"rendered":"<div class=\"nolwrap\"><p>Magnet na ihly s t\u00fdmto obr\u00e1zkom svojim vzh\u013eadom pote\u0161\u00ed v\u0161etk\u00fdch milovn\u00edkov zvierat. V\u010faka kvalitn\u00e9mu neodymov\u00e9mu magnetu v tejto ihelni\u010dke bude vy\u0161\u00edvanie e\u0161te v\u00e4\u010d\u0161ou z\u00e1bavou a oddychom. Pom\u00f4\u017ee ihlu alebo no\u017eni\u010dky dr\u017ea\u0165 pevne na svojom mieste a vy sa zatia\u013e m\u00f4\u017eete kochaj jej mil\u00fdm vzh\u013eadom.<\/p>\n<\/div>","protected":false},"excerpt":{"rendered":"<p>Magnet na ihly s t\u00fdmto obr\u00e1zkom svojim vzh\u013eadom pote\u0161\u00ed v\u0161etk\u00fdch milovn\u00edkov zvierat. V\u010faka kvalitn\u00e9mu neodymov\u00e9mu magnetu v tejto ihelni\u010dke bude vy\u0161\u00edvanie e\u0161te v\u00e4\u010d\u0161ou z\u00e1bavou a oddychom. Pom\u00f4\u017ee ihlu alebo no\u017eni\u010dky dr\u017ea\u0165 pevne na svojom mieste a vy sa zatia\u013e m\u00f4\u017eete kochaj jej mil\u00fdm vzh\u013eadom.<\/p>\n","protected":false},"featured_media":233,"comment_status":"closed","ping_status":"closed","template":"","meta":{"_uag_custom_page_level_css":"","ngg_post_thumbnail":0},"product_cat":[91,98,87,96],"product_tag":[79],"aioseo_notices":[],"featured_image_urls":{"full":["https:\/\/www.megastitch.eu\/wp-content\/uploads\/2019\/02\/12.jpg",415,415,false],"thumbnail":["https:\/\/www.megastitch.eu\/wp-content\/uploads\/2019\/02\/12-150x150.jpg",150,150,true],"medium":["https:\/\/www.megastitch.eu\/wp-content\/uploads\/2019\/02\/12-300x300.jpg",300,300,true],"medium_large":["https:\/\/www.megastitch.eu\/wp-content\/uploads\/2019\/02\/12.jpg",415,415,false],"large":["https:\/\/www.megastitch.eu\/wp-content\/uploads\/2019\/02\/12.jpg",415,415,false],"1536x1536":["https:\/\/www.megastitch.eu\/wp-content\/uploads\/2019\/02\/12.jpg",415,415,false],"2048x2048":["https:\/\/www.megastitch.eu\/wp-content\/uploads\/2019\/02\/12.jpg",415,415,false],"ultp_layout_landscape_large":["https:\/\/www.megastitch.eu\/wp-content\/uploads\/2019\/02\/12.jpg",415,415,false],"ultp_layout_landscape":["https:\/\/www.megastitch.eu\/wp-content\/uploads\/2019\/02\/12.jpg",415,415,false],"ultp_layout_portrait":["https:\/\/www.megastitch.eu\/wp-content\/uploads\/2019\/02\/12.jpg",415,415,false],"ultp_layout_square":["https:\/\/www.megastitch.eu\/wp-content\/uploads\/2019\/02\/12.jpg",415,415,false],"molla_post-grid":["https:\/\/www.megastitch.eu\/wp-content\/uploads\/2019\/02\/12.jpg",267,267,false],"woocommerce_thumbnail":["https:\/\/www.megastitch.eu\/wp-content\/uploads\/2019\/02\/12-300x300.jpg",300,300,true],"woocommerce_single":["https:\/\/www.megastitch.eu\/wp-content\/uploads\/2019\/02\/12.jpg",415,415,false],"woocommerce_gallery_thumbnail":["https:\/\/www.megastitch.eu\/wp-content\/uploads\/2019\/02\/12-100x100.jpg",100,100,true]},"post_excerpt_stackable":"<p>Magnet na ihly s t\u00fdmto obr\u00e1zkom svojim vzh\u013eadom pote\u0161\u00ed v\u0161etk\u00fdch milovn\u00edkov zvierat. V\u010faka kvalitn\u00e9mu neodymov\u00e9mu magnetu v tejto ihelni\u010dke bude vy\u0161\u00edvanie e\u0161te v\u00e4\u010d\u0161ou z\u00e1bavou a oddychom. Pom\u00f4\u017ee ihlu alebo no\u017eni\u010dky dr\u017ea\u0165 pevne na svojom mieste a vy sa zatia\u013e m\u00f4\u017eete kochaj jej mil\u00fdm vzh\u013eadom.<\/p>\n","category_list":"","author_info":{"name":"","url":""},"comments_num":"0 comments","featured_image_urls_v2":{"full":["https:\/\/www.megastitch.eu\/wp-content\/uploads\/2019\/02\/12.jpg",415,415,false],"thumbnail":["https:\/\/www.megastitch.eu\/wp-content\/uploads\/2019\/02\/12-150x150.jpg",150,150,true],"medium":["https:\/\/www.megastitch.eu\/wp-content\/uploads\/2019\/02\/12-300x300.jpg",300,300,true],"medium_large":["https:\/\/www.megastitch.eu\/wp-content\/uploads\/2019\/02\/12.jpg",415,415,false],"large":["https:\/\/www.megastitch.eu\/wp-content\/uploads\/2019\/02\/12.jpg",415,415,false],"1536x1536":["https:\/\/www.megastitch.eu\/wp-content\/uploads\/2019\/02\/12.jpg",415,415,false],"2048x2048":["https:\/\/www.megastitch.eu\/wp-content\/uploads\/2019\/02\/12.jpg",415,415,false],"ultp_layout_landscape_large":["https:\/\/www.megastitch.eu\/wp-content\/uploads\/2019\/02\/12.jpg",415,415,false],"ultp_layout_landscape":["https:\/\/www.megastitch.eu\/wp-content\/uploads\/2019\/02\/12.jpg",415,415,false],"ultp_layout_portrait":["https:\/\/www.megastitch.eu\/wp-content\/uploads\/2019\/02\/12.jpg",415,415,false],"ultp_layout_square":["https:\/\/www.megastitch.eu\/wp-content\/uploads\/2019\/02\/12.jpg",415,415,false],"molla_post-grid":["https:\/\/www.megastitch.eu\/wp-content\/uploads\/2019\/02\/12.jpg",267,267,false],"woocommerce_thumbnail":["https:\/\/www.megastitch.eu\/wp-content\/uploads\/2019\/02\/12-300x300.jpg",300,300,true],"woocommerce_single":["https:\/\/www.megastitch.eu\/wp-content\/uploads\/2019\/02\/12.jpg",415,415,false],"woocommerce_gallery_thumbnail":["https:\/\/www.megastitch.eu\/wp-content\/uploads\/2019\/02\/12-100x100.jpg",100,100,true]},"post_excerpt_stackable_v2":"<p>Magnet na ihly s t\u00fdmto obr\u00e1zkom svojim vzh\u013eadom pote\u0161\u00ed v\u0161etk\u00fdch milovn\u00edkov zvierat. V\u010faka kvalitn\u00e9mu neodymov\u00e9mu magnetu v tejto ihelni\u010dke bude vy\u0161\u00edvanie e\u0161te v\u00e4\u010d\u0161ou z\u00e1bavou a oddychom. Pom\u00f4\u017ee ihlu alebo no\u017eni\u010dky dr\u017ea\u0165 pevne na svojom mieste a vy sa zatia\u013e m\u00f4\u017eete kochaj jej mil\u00fdm vzh\u013eadom.<\/p>\n","category_list_v2":"","author_info_v2":{"name":"","url":""},"comments_num_v2":"0 comments","uagb_featured_image_src":{"full":["https:\/\/www.megastitch.eu\/wp-content\/uploads\/2019\/02\/12.jpg",415,415,false],"thumbnail":["https:\/\/www.megastitch.eu\/wp-content\/uploads\/2019\/02\/12-150x150.jpg",150,150,true],"medium":["https:\/\/www.megastitch.eu\/wp-content\/uploads\/2019\/02\/12-300x300.jpg",300,300,true],"medium_large":["https:\/\/www.megastitch.eu\/wp-content\/uploads\/2019\/02\/12.jpg",415,415,false],"large":["https:\/\/www.megastitch.eu\/wp-content\/uploads\/2019\/02\/12.jpg",415,415,false],"1536x1536":["https:\/\/www.megastitch.eu\/wp-content\/uploads\/2019\/02\/12.jpg",415,415,false],"2048x2048":["https:\/\/www.megastitch.eu\/wp-content\/uploads\/2019\/02\/12.jpg",415,415,false],"ultp_layout_landscape_large":["https:\/\/www.megastitch.eu\/wp-content\/uploads\/2019\/02\/12.jpg",415,415,false],"ultp_layout_landscape":["https:\/\/www.megastitch.eu\/wp-content\/uploads\/2019\/02\/12.jpg",415,415,false],"ultp_layout_portrait":["https:\/\/www.megastitch.eu\/wp-content\/uploads\/2019\/02\/12.jpg",415,415,false],"ultp_layout_square":["https:\/\/www.megastitch.eu\/wp-content\/uploads\/2019\/02\/12.jpg",415,415,false],"molla_post-grid":["https:\/\/www.megastitch.eu\/wp-content\/uploads\/2019\/02\/12.jpg",267,267,false],"woocommerce_thumbnail":["https:\/\/www.megastitch.eu\/wp-content\/uploads\/2019\/02\/12-300x300.jpg",300,300,true],"woocommerce_single":["https:\/\/www.megastitch.eu\/wp-content\/uploads\/2019\/02\/12.jpg",415,415,false],"woocommerce_gallery_thumbnail":["https:\/\/www.megastitch.eu\/wp-content\/uploads\/2019\/02\/12-100x100.jpg",100,100,true]},"uagb_author_info":{"display_name":"Ludmila Mikusikova","author_link":"https:\/\/www.megastitch.eu\/cs\/author\/"},"uagb_comment_info":0,"uagb_excerpt":"Magnet na ihly s t\u00fdmto obr\u00e1zkom svojim vzh\u013eadom pote\u0161\u00ed v\u0161etk\u00fdch milovn\u00edkov zvierat. V\u010faka kvalitn\u00e9mu neodymov\u00e9mu magnetu v tejto ihelni\u010dke bude vy\u0161\u00edvanie e\u0161te v\u00e4\u010d\u0161ou z\u00e1bavou a oddychom. Pom\u00f4\u017ee ihlu alebo no\u017eni\u010dky dr\u017ea\u0165 pevne na svojom mieste a vy sa zatia\u013e m\u00f4\u017eete kochaj jej mil\u00fdm vzh\u013eadom.","_links":{"self":[{"href":"https:\/\/www.megastitch.eu\/cs\/wp-json\/wp\/v2\/product\/1638"}],"collection":[{"href":"https:\/\/www.megastitch.eu\/cs\/wp-json\/wp\/v2\/product"}],"about":[{"href":"https:\/\/www.megastitch.eu\/cs\/wp-json\/wp\/v2\/types\/product"}],"replies":[{"embeddable":true,"href":"https:\/\/www.megastitch.eu\/cs\/wp-json\/wp\/v2\/comments?post=1638"}],"wp:featuredmedia":[{"embeddable":true,"href":"https:\/\/www.megastitch.eu\/cs\/wp-json\/wp\/v2\/media\/233"}],"wp:attachment":[{"href":"https:\/\/www.megastitch.eu\/cs\/wp-json\/wp\/v2\/media?parent=1638"}],"wp:term":[{"taxonomy":"product_cat","embeddable":true,"href":"https:\/\/www.megastitch.eu\/cs\/wp-json\/wp\/v2\/product_cat?post=1638"},{"taxonomy":"product_tag","embeddable":true,"href":"https:\/\/www.megastitch.eu\/cs\/wp-json\/wp\/v2\/product_tag?post=1638"}],"curies":[{"name":"wp","href":"https:\/\/api.w.org\/{rel}","templated":true}]}}