	{"id":1641,"date":"2019-02-01T19:42:15","date_gmt":"2019-02-01T18:42:15","guid":{"rendered":"https:\/\/www.megastitch.eu\/obchod\/nezarazene\/strakate-kotatko\/"},"modified":"2022-12-18T15:08:07","modified_gmt":"2022-12-18T14:08:07","slug":"strakate-kotatko","status":"publish","type":"product","link":"https:\/\/www.megastitch.eu\/cs\/obchod\/magnetky-cs\/zvirata\/kocky\/strakate-kotatko\/","title":{"rendered":"Strakat\u00e9 ko\u0165\u00e1tko"},"content":{"rendered":"<div class=\"nolwrap\"><p>Strakat\u00e9 ma\u010diatko na tejto magnetickej ihelni\u010dke bude va\u0161im spo\u013eahliv\u00fdm praktick\u00fdm pomocn\u00edkom pri vy\u0161\u00edvan\u00ed. Obr\u00e1zok tohto chutn\u00e9ho ma\u010diatka z\u00e1rove\u0148 pote\u0161\u00ed poh\u013ead ka\u017ed\u00e9ho milovn\u00edka zvierat. Tento modrook\u00fd kamar\u00e1t ur\u010dite nech\u00e1 va\u0161e priadze na pokoji a bude v\u00e1s iba te\u0161i\u0165.<\/p>\n<\/div>","protected":false},"excerpt":{"rendered":"<p>Strakat\u00e9 ma\u010diatko na tejto magnetickej ihelni\u010dke bude va\u0161im spo\u013eahliv\u00fdm praktick\u00fdm pomocn\u00edkom pri vy\u0161\u00edvan\u00ed. Obr\u00e1zok tohto chutn\u00e9ho ma\u010diatka z\u00e1rove\u0148 pote\u0161\u00ed poh\u013ead ka\u017ed\u00e9ho milovn\u00edka zvierat. Tento modrook\u00fd kamar\u00e1t ur\u010dite nech\u00e1 va\u0161e priadze na pokoji a bude v\u00e1s iba te\u0161i\u0165.<\/p>\n","protected":false},"featured_media":227,"comment_status":"closed","ping_status":"closed","template":"","meta":{"_uag_custom_page_level_css":"","ngg_post_thumbnail":0},"product_cat":[91,98,87,96],"product_tag":[79],"aioseo_notices":[],"featured_image_urls":{"full":["https:\/\/www.megastitch.eu\/wp-content\/uploads\/2019\/02\/9.jpg",415,415,false],"thumbnail":["https:\/\/www.megastitch.eu\/wp-content\/uploads\/2019\/02\/9-150x150.jpg",150,150,true],"medium":["https:\/\/www.megastitch.eu\/wp-content\/uploads\/2019\/02\/9-300x300.jpg",300,300,true],"medium_large":["https:\/\/www.megastitch.eu\/wp-content\/uploads\/2019\/02\/9.jpg",415,415,false],"large":["https:\/\/www.megastitch.eu\/wp-content\/uploads\/2019\/02\/9.jpg",415,415,false],"1536x1536":["https:\/\/www.megastitch.eu\/wp-content\/uploads\/2019\/02\/9.jpg",415,415,false],"2048x2048":["https:\/\/www.megastitch.eu\/wp-content\/uploads\/2019\/02\/9.jpg",415,415,false],"ultp_layout_landscape_large":["https:\/\/www.megastitch.eu\/wp-content\/uploads\/2019\/02\/9.jpg",415,415,false],"ultp_layout_landscape":["https:\/\/www.megastitch.eu\/wp-content\/uploads\/2019\/02\/9.jpg",415,415,false],"ultp_layout_portrait":["https:\/\/www.megastitch.eu\/wp-content\/uploads\/2019\/02\/9.jpg",415,415,false],"ultp_layout_square":["https:\/\/www.megastitch.eu\/wp-content\/uploads\/2019\/02\/9.jpg",415,415,false],"molla_post-grid":["https:\/\/www.megastitch.eu\/wp-content\/uploads\/2019\/02\/9.jpg",267,267,false],"woocommerce_thumbnail":["https:\/\/www.megastitch.eu\/wp-content\/uploads\/2019\/02\/9-300x300.jpg",300,300,true],"woocommerce_single":["https:\/\/www.megastitch.eu\/wp-content\/uploads\/2019\/02\/9.jpg",415,415,false],"woocommerce_gallery_thumbnail":["https:\/\/www.megastitch.eu\/wp-content\/uploads\/2019\/02\/9-100x100.jpg",100,100,true]},"post_excerpt_stackable":"<p>Strakat\u00e9 ma\u010diatko na tejto magnetickej ihelni\u010dke bude va\u0161im spo\u013eahliv\u00fdm praktick\u00fdm pomocn\u00edkom pri vy\u0161\u00edvan\u00ed. Obr\u00e1zok tohto chutn\u00e9ho ma\u010diatka z\u00e1rove\u0148 pote\u0161\u00ed poh\u013ead ka\u017ed\u00e9ho milovn\u00edka zvierat. Tento modrook\u00fd kamar\u00e1t ur\u010dite nech\u00e1 va\u0161e priadze na pokoji a bude v\u00e1s iba te\u0161i\u0165.<\/p>\n","category_list":"","author_info":{"name":"","url":""},"comments_num":"0 comments","featured_image_urls_v2":{"full":["https:\/\/www.megastitch.eu\/wp-content\/uploads\/2019\/02\/9.jpg",415,415,false],"thumbnail":["https:\/\/www.megastitch.eu\/wp-content\/uploads\/2019\/02\/9-150x150.jpg",150,150,true],"medium":["https:\/\/www.megastitch.eu\/wp-content\/uploads\/2019\/02\/9-300x300.jpg",300,300,true],"medium_large":["https:\/\/www.megastitch.eu\/wp-content\/uploads\/2019\/02\/9.jpg",415,415,false],"large":["https:\/\/www.megastitch.eu\/wp-content\/uploads\/2019\/02\/9.jpg",415,415,false],"1536x1536":["https:\/\/www.megastitch.eu\/wp-content\/uploads\/2019\/02\/9.jpg",415,415,false],"2048x2048":["https:\/\/www.megastitch.eu\/wp-content\/uploads\/2019\/02\/9.jpg",415,415,false],"ultp_layout_landscape_large":["https:\/\/www.megastitch.eu\/wp-content\/uploads\/2019\/02\/9.jpg",415,415,false],"ultp_layout_landscape":["https:\/\/www.megastitch.eu\/wp-content\/uploads\/2019\/02\/9.jpg",415,415,false],"ultp_layout_portrait":["https:\/\/www.megastitch.eu\/wp-content\/uploads\/2019\/02\/9.jpg",415,415,false],"ultp_layout_square":["https:\/\/www.megastitch.eu\/wp-content\/uploads\/2019\/02\/9.jpg",415,415,false],"molla_post-grid":["https:\/\/www.megastitch.eu\/wp-content\/uploads\/2019\/02\/9.jpg",267,267,false],"woocommerce_thumbnail":["https:\/\/www.megastitch.eu\/wp-content\/uploads\/2019\/02\/9-300x300.jpg",300,300,true],"woocommerce_single":["https:\/\/www.megastitch.eu\/wp-content\/uploads\/2019\/02\/9.jpg",415,415,false],"woocommerce_gallery_thumbnail":["https:\/\/www.megastitch.eu\/wp-content\/uploads\/2019\/02\/9-100x100.jpg",100,100,true]},"post_excerpt_stackable_v2":"<p>Strakat\u00e9 ma\u010diatko na tejto magnetickej ihelni\u010dke bude va\u0161im spo\u013eahliv\u00fdm praktick\u00fdm pomocn\u00edkom pri vy\u0161\u00edvan\u00ed. Obr\u00e1zok tohto chutn\u00e9ho ma\u010diatka z\u00e1rove\u0148 pote\u0161\u00ed poh\u013ead ka\u017ed\u00e9ho milovn\u00edka zvierat. Tento modrook\u00fd kamar\u00e1t ur\u010dite nech\u00e1 va\u0161e priadze na pokoji a bude v\u00e1s iba te\u0161i\u0165.<\/p>\n","category_list_v2":"","author_info_v2":{"name":"","url":""},"comments_num_v2":"0 comments","uagb_featured_image_src":{"full":["https:\/\/www.megastitch.eu\/wp-content\/uploads\/2019\/02\/9.jpg",415,415,false],"thumbnail":["https:\/\/www.megastitch.eu\/wp-content\/uploads\/2019\/02\/9-150x150.jpg",150,150,true],"medium":["https:\/\/www.megastitch.eu\/wp-content\/uploads\/2019\/02\/9-300x300.jpg",300,300,true],"medium_large":["https:\/\/www.megastitch.eu\/wp-content\/uploads\/2019\/02\/9.jpg",415,415,false],"large":["https:\/\/www.megastitch.eu\/wp-content\/uploads\/2019\/02\/9.jpg",415,415,false],"1536x1536":["https:\/\/www.megastitch.eu\/wp-content\/uploads\/2019\/02\/9.jpg",415,415,false],"2048x2048":["https:\/\/www.megastitch.eu\/wp-content\/uploads\/2019\/02\/9.jpg",415,415,false],"ultp_layout_landscape_large":["https:\/\/www.megastitch.eu\/wp-content\/uploads\/2019\/02\/9.jpg",415,415,false],"ultp_layout_landscape":["https:\/\/www.megastitch.eu\/wp-content\/uploads\/2019\/02\/9.jpg",415,415,false],"ultp_layout_portrait":["https:\/\/www.megastitch.eu\/wp-content\/uploads\/2019\/02\/9.jpg",415,415,false],"ultp_layout_square":["https:\/\/www.megastitch.eu\/wp-content\/uploads\/2019\/02\/9.jpg",415,415,false],"molla_post-grid":["https:\/\/www.megastitch.eu\/wp-content\/uploads\/2019\/02\/9.jpg",267,267,false],"woocommerce_thumbnail":["https:\/\/www.megastitch.eu\/wp-content\/uploads\/2019\/02\/9-300x300.jpg",300,300,true],"woocommerce_single":["https:\/\/www.megastitch.eu\/wp-content\/uploads\/2019\/02\/9.jpg",415,415,false],"woocommerce_gallery_thumbnail":["https:\/\/www.megastitch.eu\/wp-content\/uploads\/2019\/02\/9-100x100.jpg",100,100,true]},"uagb_author_info":{"display_name":"Ludmila Mikusikova","author_link":"https:\/\/www.megastitch.eu\/cs\/author\/"},"uagb_comment_info":0,"uagb_excerpt":"Strakat\u00e9 ma\u010diatko na tejto magnetickej ihelni\u010dke bude va\u0161im spo\u013eahliv\u00fdm praktick\u00fdm pomocn\u00edkom pri vy\u0161\u00edvan\u00ed. Obr\u00e1zok tohto chutn\u00e9ho ma\u010diatka z\u00e1rove\u0148 pote\u0161\u00ed poh\u013ead ka\u017ed\u00e9ho milovn\u00edka zvierat. Tento modrook\u00fd kamar\u00e1t ur\u010dite nech\u00e1 va\u0161e priadze na pokoji a bude v\u00e1s iba te\u0161i\u0165.","_links":{"self":[{"href":"https:\/\/www.megastitch.eu\/cs\/wp-json\/wp\/v2\/product\/1641"}],"collection":[{"href":"https:\/\/www.megastitch.eu\/cs\/wp-json\/wp\/v2\/product"}],"about":[{"href":"https:\/\/www.megastitch.eu\/cs\/wp-json\/wp\/v2\/types\/product"}],"replies":[{"embeddable":true,"href":"https:\/\/www.megastitch.eu\/cs\/wp-json\/wp\/v2\/comments?post=1641"}],"wp:featuredmedia":[{"embeddable":true,"href":"https:\/\/www.megastitch.eu\/cs\/wp-json\/wp\/v2\/media\/227"}],"wp:attachment":[{"href":"https:\/\/www.megastitch.eu\/cs\/wp-json\/wp\/v2\/media?parent=1641"}],"wp:term":[{"taxonomy":"product_cat","embeddable":true,"href":"https:\/\/www.megastitch.eu\/cs\/wp-json\/wp\/v2\/product_cat?post=1641"},{"taxonomy":"product_tag","embeddable":true,"href":"https:\/\/www.megastitch.eu\/cs\/wp-json\/wp\/v2\/product_tag?post=1641"}],"curies":[{"name":"wp","href":"https:\/\/api.w.org\/{rel}","templated":true}]}}