	{"id":1642,"date":"2019-02-01T19:42:15","date_gmt":"2019-02-01T18:42:15","guid":{"rendered":"https:\/\/www.megastitch.eu\/obchod\/nezarazene\/seda-kocka-ve-tme\/"},"modified":"2022-12-18T15:08:07","modified_gmt":"2022-12-18T14:08:07","slug":"seda-kocka-ve-tme","status":"publish","type":"product","link":"https:\/\/www.megastitch.eu\/cs\/obchod\/magnetky-cs\/zvirata\/kocky\/seda-kocka-ve-tme\/","title":{"rendered":"\u0160ed\u00e1 ko\u010dka ve tm\u011b"},"content":{"rendered":"<div class=\"nolwrap\"><p>Tmav\u00fd variant magnetky so sivou ma\u010dkou pritiahne va\u0161u pozornos\u0165 svojou kr\u00e1sou a pote\u0161\u00ed va\u0161e ruky svojou praktickos\u0165ou. T\u00e1to magnetick\u00e1 ihelni\u010dka udr\u017e\u00ed nielen ihly, ale aj no\u017eni\u010dky po\u010das vy\u0161\u00edvania pevne na svojom mieste. Vy sa u\u017e len te\u0161te zo svojej pr\u00e1ce a z poh\u013eadu na t\u00fato k\u00fazeln\u00fa magnetku.<\/p>\n<\/div>","protected":false},"excerpt":{"rendered":"<p>Tmav\u00fd variant magnetky so sivou ma\u010dkou pritiahne va\u0161u pozornos\u0165 svojou kr\u00e1sou a pote\u0161\u00ed va\u0161e ruky svojou praktickos\u0165ou. T\u00e1to magnetick\u00e1 ihelni\u010dka udr\u017e\u00ed nielen ihly, ale aj no\u017eni\u010dky po\u010das vy\u0161\u00edvania pevne na svojom mieste. Vy sa u\u017e len te\u0161te zo svojej pr\u00e1ce a z poh\u013eadu na t\u00fato k\u00fazeln\u00fa magnetku.<\/p>\n","protected":false},"featured_media":225,"comment_status":"closed","ping_status":"closed","template":"","meta":{"_uag_custom_page_level_css":"","ngg_post_thumbnail":0},"product_cat":[91,98,87,96],"product_tag":[79],"aioseo_notices":[],"featured_image_urls":{"full":["https:\/\/www.megastitch.eu\/wp-content\/uploads\/2019\/02\/8.jpg",415,415,false],"thumbnail":["https:\/\/www.megastitch.eu\/wp-content\/uploads\/2019\/02\/8-150x150.jpg",150,150,true],"medium":["https:\/\/www.megastitch.eu\/wp-content\/uploads\/2019\/02\/8-300x300.jpg",300,300,true],"medium_large":["https:\/\/www.megastitch.eu\/wp-content\/uploads\/2019\/02\/8.jpg",415,415,false],"large":["https:\/\/www.megastitch.eu\/wp-content\/uploads\/2019\/02\/8.jpg",415,415,false],"1536x1536":["https:\/\/www.megastitch.eu\/wp-content\/uploads\/2019\/02\/8.jpg",415,415,false],"2048x2048":["https:\/\/www.megastitch.eu\/wp-content\/uploads\/2019\/02\/8.jpg",415,415,false],"ultp_layout_landscape_large":["https:\/\/www.megastitch.eu\/wp-content\/uploads\/2019\/02\/8.jpg",415,415,false],"ultp_layout_landscape":["https:\/\/www.megastitch.eu\/wp-content\/uploads\/2019\/02\/8.jpg",415,415,false],"ultp_layout_portrait":["https:\/\/www.megastitch.eu\/wp-content\/uploads\/2019\/02\/8.jpg",415,415,false],"ultp_layout_square":["https:\/\/www.megastitch.eu\/wp-content\/uploads\/2019\/02\/8.jpg",415,415,false],"molla_post-grid":["https:\/\/www.megastitch.eu\/wp-content\/uploads\/2019\/02\/8.jpg",267,267,false],"woocommerce_thumbnail":["https:\/\/www.megastitch.eu\/wp-content\/uploads\/2019\/02\/8-300x300.jpg",300,300,true],"woocommerce_single":["https:\/\/www.megastitch.eu\/wp-content\/uploads\/2019\/02\/8.jpg",415,415,false],"woocommerce_gallery_thumbnail":["https:\/\/www.megastitch.eu\/wp-content\/uploads\/2019\/02\/8-100x100.jpg",100,100,true]},"post_excerpt_stackable":"<p>Tmav\u00fd variant magnetky so sivou ma\u010dkou pritiahne va\u0161u pozornos\u0165 svojou kr\u00e1sou a pote\u0161\u00ed va\u0161e ruky svojou praktickos\u0165ou. T\u00e1to magnetick\u00e1 ihelni\u010dka udr\u017e\u00ed nielen ihly, ale aj no\u017eni\u010dky po\u010das vy\u0161\u00edvania pevne na svojom mieste. Vy sa u\u017e len te\u0161te zo svojej pr\u00e1ce a z poh\u013eadu na t\u00fato k\u00fazeln\u00fa magnetku.<\/p>\n","category_list":"","author_info":{"name":"","url":""},"comments_num":"0 comments","featured_image_urls_v2":{"full":["https:\/\/www.megastitch.eu\/wp-content\/uploads\/2019\/02\/8.jpg",415,415,false],"thumbnail":["https:\/\/www.megastitch.eu\/wp-content\/uploads\/2019\/02\/8-150x150.jpg",150,150,true],"medium":["https:\/\/www.megastitch.eu\/wp-content\/uploads\/2019\/02\/8-300x300.jpg",300,300,true],"medium_large":["https:\/\/www.megastitch.eu\/wp-content\/uploads\/2019\/02\/8.jpg",415,415,false],"large":["https:\/\/www.megastitch.eu\/wp-content\/uploads\/2019\/02\/8.jpg",415,415,false],"1536x1536":["https:\/\/www.megastitch.eu\/wp-content\/uploads\/2019\/02\/8.jpg",415,415,false],"2048x2048":["https:\/\/www.megastitch.eu\/wp-content\/uploads\/2019\/02\/8.jpg",415,415,false],"ultp_layout_landscape_large":["https:\/\/www.megastitch.eu\/wp-content\/uploads\/2019\/02\/8.jpg",415,415,false],"ultp_layout_landscape":["https:\/\/www.megastitch.eu\/wp-content\/uploads\/2019\/02\/8.jpg",415,415,false],"ultp_layout_portrait":["https:\/\/www.megastitch.eu\/wp-content\/uploads\/2019\/02\/8.jpg",415,415,false],"ultp_layout_square":["https:\/\/www.megastitch.eu\/wp-content\/uploads\/2019\/02\/8.jpg",415,415,false],"molla_post-grid":["https:\/\/www.megastitch.eu\/wp-content\/uploads\/2019\/02\/8.jpg",267,267,false],"woocommerce_thumbnail":["https:\/\/www.megastitch.eu\/wp-content\/uploads\/2019\/02\/8-300x300.jpg",300,300,true],"woocommerce_single":["https:\/\/www.megastitch.eu\/wp-content\/uploads\/2019\/02\/8.jpg",415,415,false],"woocommerce_gallery_thumbnail":["https:\/\/www.megastitch.eu\/wp-content\/uploads\/2019\/02\/8-100x100.jpg",100,100,true]},"post_excerpt_stackable_v2":"<p>Tmav\u00fd variant magnetky so sivou ma\u010dkou pritiahne va\u0161u pozornos\u0165 svojou kr\u00e1sou a pote\u0161\u00ed va\u0161e ruky svojou praktickos\u0165ou. T\u00e1to magnetick\u00e1 ihelni\u010dka udr\u017e\u00ed nielen ihly, ale aj no\u017eni\u010dky po\u010das vy\u0161\u00edvania pevne na svojom mieste. Vy sa u\u017e len te\u0161te zo svojej pr\u00e1ce a z poh\u013eadu na t\u00fato k\u00fazeln\u00fa magnetku.<\/p>\n","category_list_v2":"","author_info_v2":{"name":"","url":""},"comments_num_v2":"0 comments","uagb_featured_image_src":{"full":["https:\/\/www.megastitch.eu\/wp-content\/uploads\/2019\/02\/8.jpg",415,415,false],"thumbnail":["https:\/\/www.megastitch.eu\/wp-content\/uploads\/2019\/02\/8-150x150.jpg",150,150,true],"medium":["https:\/\/www.megastitch.eu\/wp-content\/uploads\/2019\/02\/8-300x300.jpg",300,300,true],"medium_large":["https:\/\/www.megastitch.eu\/wp-content\/uploads\/2019\/02\/8.jpg",415,415,false],"large":["https:\/\/www.megastitch.eu\/wp-content\/uploads\/2019\/02\/8.jpg",415,415,false],"1536x1536":["https:\/\/www.megastitch.eu\/wp-content\/uploads\/2019\/02\/8.jpg",415,415,false],"2048x2048":["https:\/\/www.megastitch.eu\/wp-content\/uploads\/2019\/02\/8.jpg",415,415,false],"ultp_layout_landscape_large":["https:\/\/www.megastitch.eu\/wp-content\/uploads\/2019\/02\/8.jpg",415,415,false],"ultp_layout_landscape":["https:\/\/www.megastitch.eu\/wp-content\/uploads\/2019\/02\/8.jpg",415,415,false],"ultp_layout_portrait":["https:\/\/www.megastitch.eu\/wp-content\/uploads\/2019\/02\/8.jpg",415,415,false],"ultp_layout_square":["https:\/\/www.megastitch.eu\/wp-content\/uploads\/2019\/02\/8.jpg",415,415,false],"molla_post-grid":["https:\/\/www.megastitch.eu\/wp-content\/uploads\/2019\/02\/8.jpg",267,267,false],"woocommerce_thumbnail":["https:\/\/www.megastitch.eu\/wp-content\/uploads\/2019\/02\/8-300x300.jpg",300,300,true],"woocommerce_single":["https:\/\/www.megastitch.eu\/wp-content\/uploads\/2019\/02\/8.jpg",415,415,false],"woocommerce_gallery_thumbnail":["https:\/\/www.megastitch.eu\/wp-content\/uploads\/2019\/02\/8-100x100.jpg",100,100,true]},"uagb_author_info":{"display_name":"Ludmila Mikusikova","author_link":"https:\/\/www.megastitch.eu\/cs\/author\/"},"uagb_comment_info":0,"uagb_excerpt":"Tmav\u00fd variant magnetky so sivou ma\u010dkou pritiahne va\u0161u pozornos\u0165 svojou kr\u00e1sou a pote\u0161\u00ed va\u0161e ruky svojou praktickos\u0165ou. T\u00e1to magnetick\u00e1 ihelni\u010dka udr\u017e\u00ed nielen ihly, ale aj no\u017eni\u010dky po\u010das vy\u0161\u00edvania pevne na svojom mieste. Vy sa u\u017e len te\u0161te zo svojej pr\u00e1ce a z poh\u013eadu na t\u00fato k\u00fazeln\u00fa magnetku.","_links":{"self":[{"href":"https:\/\/www.megastitch.eu\/cs\/wp-json\/wp\/v2\/product\/1642"}],"collection":[{"href":"https:\/\/www.megastitch.eu\/cs\/wp-json\/wp\/v2\/product"}],"about":[{"href":"https:\/\/www.megastitch.eu\/cs\/wp-json\/wp\/v2\/types\/product"}],"replies":[{"embeddable":true,"href":"https:\/\/www.megastitch.eu\/cs\/wp-json\/wp\/v2\/comments?post=1642"}],"wp:featuredmedia":[{"embeddable":true,"href":"https:\/\/www.megastitch.eu\/cs\/wp-json\/wp\/v2\/media\/225"}],"wp:attachment":[{"href":"https:\/\/www.megastitch.eu\/cs\/wp-json\/wp\/v2\/media?parent=1642"}],"wp:term":[{"taxonomy":"product_cat","embeddable":true,"href":"https:\/\/www.megastitch.eu\/cs\/wp-json\/wp\/v2\/product_cat?post=1642"},{"taxonomy":"product_tag","embeddable":true,"href":"https:\/\/www.megastitch.eu\/cs\/wp-json\/wp\/v2\/product_tag?post=1642"}],"curies":[{"name":"wp","href":"https:\/\/api.w.org\/{rel}","templated":true}]}}