	{"id":1645,"date":"2019-02-01T19:42:15","date_gmt":"2019-02-01T18:42:15","guid":{"rendered":"https:\/\/www.megastitch.eu\/obchod\/nezarazene\/motyli-v-noci\/"},"modified":"2022-12-18T15:08:10","modified_gmt":"2022-12-18T14:08:10","slug":"motyli-v-noci","status":"publish","type":"product","link":"https:\/\/www.megastitch.eu\/cs\/obchod\/magnetky-cs\/zvirata\/motyli\/motyli-v-noci\/","title":{"rendered":"Mot\u00fdli v noci"},"content":{"rendered":"<div class=\"nolwrap\"><p>T\u00e1to \u010darovn\u00e1 magnetka v\u00e1s pote\u0161\u00ed svojimi tmav\u00fdmi ale jemn\u00fdmi farbami a celou svojou vizu\u00e1lnou harm\u00f3niou. Presne tak\u00fd m\u00f4\u017ee by\u0165 aj v\u00fdsledok pr\u00e1ce na va\u0161ej najnov\u0161ej v\u00fd\u0161ivke s pou\u017eit\u00edm tejto magnetickej ihelni\u010dky. Praktick\u00fd a z\u00e1rove\u0148 kr\u00e1sny pomocn\u00edk pri vy\u0161\u00edvan\u00ed.<\/p>\n<\/div>","protected":false},"excerpt":{"rendered":"<p>T\u00e1to \u010darovn\u00e1 magnetka v\u00e1s pote\u0161\u00ed svojimi tmav\u00fdmi ale jemn\u00fdmi farbami a celou svojou vizu\u00e1lnou harm\u00f3niou. Presne tak\u00fd m\u00f4\u017ee by\u0165 aj v\u00fdsledok pr\u00e1ce na va\u0161ej najnov\u0161ej v\u00fd\u0161ivke s pou\u017eit\u00edm tejto magnetickej ihelni\u010dky. Praktick\u00fd a z\u00e1rove\u0148 kr\u00e1sny pomocn\u00edk pri vy\u0161\u00edvan\u00ed.<\/p>\n","protected":false},"featured_media":219,"comment_status":"closed","ping_status":"closed","template":"","meta":{"_uag_custom_page_level_css":"","ngg_post_thumbnail":0},"product_cat":[87,92,99],"product_tag":[],"aioseo_notices":[],"featured_image_urls":{"full":["https:\/\/www.megastitch.eu\/wp-content\/uploads\/2019\/02\/5.jpg",415,415,false],"thumbnail":["https:\/\/www.megastitch.eu\/wp-content\/uploads\/2019\/02\/5-150x150.jpg",150,150,true],"medium":["https:\/\/www.megastitch.eu\/wp-content\/uploads\/2019\/02\/5-300x300.jpg",300,300,true],"medium_large":["https:\/\/www.megastitch.eu\/wp-content\/uploads\/2019\/02\/5.jpg",415,415,false],"large":["https:\/\/www.megastitch.eu\/wp-content\/uploads\/2019\/02\/5.jpg",415,415,false],"1536x1536":["https:\/\/www.megastitch.eu\/wp-content\/uploads\/2019\/02\/5.jpg",415,415,false],"2048x2048":["https:\/\/www.megastitch.eu\/wp-content\/uploads\/2019\/02\/5.jpg",415,415,false],"ultp_layout_landscape_large":["https:\/\/www.megastitch.eu\/wp-content\/uploads\/2019\/02\/5.jpg",415,415,false],"ultp_layout_landscape":["https:\/\/www.megastitch.eu\/wp-content\/uploads\/2019\/02\/5.jpg",415,415,false],"ultp_layout_portrait":["https:\/\/www.megastitch.eu\/wp-content\/uploads\/2019\/02\/5.jpg",415,415,false],"ultp_layout_square":["https:\/\/www.megastitch.eu\/wp-content\/uploads\/2019\/02\/5.jpg",415,415,false],"molla_post-grid":["https:\/\/www.megastitch.eu\/wp-content\/uploads\/2019\/02\/5.jpg",267,267,false],"woocommerce_thumbnail":["https:\/\/www.megastitch.eu\/wp-content\/uploads\/2019\/02\/5-300x300.jpg",300,300,true],"woocommerce_single":["https:\/\/www.megastitch.eu\/wp-content\/uploads\/2019\/02\/5.jpg",415,415,false],"woocommerce_gallery_thumbnail":["https:\/\/www.megastitch.eu\/wp-content\/uploads\/2019\/02\/5-100x100.jpg",100,100,true]},"post_excerpt_stackable":"<p>T\u00e1to \u010darovn\u00e1 magnetka v\u00e1s pote\u0161\u00ed svojimi tmav\u00fdmi ale jemn\u00fdmi farbami a celou svojou vizu\u00e1lnou harm\u00f3niou. Presne tak\u00fd m\u00f4\u017ee by\u0165 aj v\u00fdsledok pr\u00e1ce na va\u0161ej najnov\u0161ej v\u00fd\u0161ivke s pou\u017eit\u00edm tejto magnetickej ihelni\u010dky. Praktick\u00fd a z\u00e1rove\u0148 kr\u00e1sny pomocn\u00edk pri vy\u0161\u00edvan\u00ed.<\/p>\n","category_list":"","author_info":{"name":"","url":""},"comments_num":"0 comments","featured_image_urls_v2":{"full":["https:\/\/www.megastitch.eu\/wp-content\/uploads\/2019\/02\/5.jpg",415,415,false],"thumbnail":["https:\/\/www.megastitch.eu\/wp-content\/uploads\/2019\/02\/5-150x150.jpg",150,150,true],"medium":["https:\/\/www.megastitch.eu\/wp-content\/uploads\/2019\/02\/5-300x300.jpg",300,300,true],"medium_large":["https:\/\/www.megastitch.eu\/wp-content\/uploads\/2019\/02\/5.jpg",415,415,false],"large":["https:\/\/www.megastitch.eu\/wp-content\/uploads\/2019\/02\/5.jpg",415,415,false],"1536x1536":["https:\/\/www.megastitch.eu\/wp-content\/uploads\/2019\/02\/5.jpg",415,415,false],"2048x2048":["https:\/\/www.megastitch.eu\/wp-content\/uploads\/2019\/02\/5.jpg",415,415,false],"ultp_layout_landscape_large":["https:\/\/www.megastitch.eu\/wp-content\/uploads\/2019\/02\/5.jpg",415,415,false],"ultp_layout_landscape":["https:\/\/www.megastitch.eu\/wp-content\/uploads\/2019\/02\/5.jpg",415,415,false],"ultp_layout_portrait":["https:\/\/www.megastitch.eu\/wp-content\/uploads\/2019\/02\/5.jpg",415,415,false],"ultp_layout_square":["https:\/\/www.megastitch.eu\/wp-content\/uploads\/2019\/02\/5.jpg",415,415,false],"molla_post-grid":["https:\/\/www.megastitch.eu\/wp-content\/uploads\/2019\/02\/5.jpg",267,267,false],"woocommerce_thumbnail":["https:\/\/www.megastitch.eu\/wp-content\/uploads\/2019\/02\/5-300x300.jpg",300,300,true],"woocommerce_single":["https:\/\/www.megastitch.eu\/wp-content\/uploads\/2019\/02\/5.jpg",415,415,false],"woocommerce_gallery_thumbnail":["https:\/\/www.megastitch.eu\/wp-content\/uploads\/2019\/02\/5-100x100.jpg",100,100,true]},"post_excerpt_stackable_v2":"<p>T\u00e1to \u010darovn\u00e1 magnetka v\u00e1s pote\u0161\u00ed svojimi tmav\u00fdmi ale jemn\u00fdmi farbami a celou svojou vizu\u00e1lnou harm\u00f3niou. Presne tak\u00fd m\u00f4\u017ee by\u0165 aj v\u00fdsledok pr\u00e1ce na va\u0161ej najnov\u0161ej v\u00fd\u0161ivke s pou\u017eit\u00edm tejto magnetickej ihelni\u010dky. Praktick\u00fd a z\u00e1rove\u0148 kr\u00e1sny pomocn\u00edk pri vy\u0161\u00edvan\u00ed.<\/p>\n","category_list_v2":"","author_info_v2":{"name":"","url":""},"comments_num_v2":"0 comments","uagb_featured_image_src":{"full":["https:\/\/www.megastitch.eu\/wp-content\/uploads\/2019\/02\/5.jpg",415,415,false],"thumbnail":["https:\/\/www.megastitch.eu\/wp-content\/uploads\/2019\/02\/5-150x150.jpg",150,150,true],"medium":["https:\/\/www.megastitch.eu\/wp-content\/uploads\/2019\/02\/5-300x300.jpg",300,300,true],"medium_large":["https:\/\/www.megastitch.eu\/wp-content\/uploads\/2019\/02\/5.jpg",415,415,false],"large":["https:\/\/www.megastitch.eu\/wp-content\/uploads\/2019\/02\/5.jpg",415,415,false],"1536x1536":["https:\/\/www.megastitch.eu\/wp-content\/uploads\/2019\/02\/5.jpg",415,415,false],"2048x2048":["https:\/\/www.megastitch.eu\/wp-content\/uploads\/2019\/02\/5.jpg",415,415,false],"ultp_layout_landscape_large":["https:\/\/www.megastitch.eu\/wp-content\/uploads\/2019\/02\/5.jpg",415,415,false],"ultp_layout_landscape":["https:\/\/www.megastitch.eu\/wp-content\/uploads\/2019\/02\/5.jpg",415,415,false],"ultp_layout_portrait":["https:\/\/www.megastitch.eu\/wp-content\/uploads\/2019\/02\/5.jpg",415,415,false],"ultp_layout_square":["https:\/\/www.megastitch.eu\/wp-content\/uploads\/2019\/02\/5.jpg",415,415,false],"molla_post-grid":["https:\/\/www.megastitch.eu\/wp-content\/uploads\/2019\/02\/5.jpg",267,267,false],"woocommerce_thumbnail":["https:\/\/www.megastitch.eu\/wp-content\/uploads\/2019\/02\/5-300x300.jpg",300,300,true],"woocommerce_single":["https:\/\/www.megastitch.eu\/wp-content\/uploads\/2019\/02\/5.jpg",415,415,false],"woocommerce_gallery_thumbnail":["https:\/\/www.megastitch.eu\/wp-content\/uploads\/2019\/02\/5-100x100.jpg",100,100,true]},"uagb_author_info":{"display_name":"Ludmila Mikusikova","author_link":"https:\/\/www.megastitch.eu\/cs\/author\/"},"uagb_comment_info":0,"uagb_excerpt":"T\u00e1to \u010darovn\u00e1 magnetka v\u00e1s pote\u0161\u00ed svojimi tmav\u00fdmi ale jemn\u00fdmi farbami a celou svojou vizu\u00e1lnou harm\u00f3niou. Presne tak\u00fd m\u00f4\u017ee by\u0165 aj v\u00fdsledok pr\u00e1ce na va\u0161ej najnov\u0161ej v\u00fd\u0161ivke s pou\u017eit\u00edm tejto magnetickej ihelni\u010dky. Praktick\u00fd a z\u00e1rove\u0148 kr\u00e1sny pomocn\u00edk pri vy\u0161\u00edvan\u00ed.","_links":{"self":[{"href":"https:\/\/www.megastitch.eu\/cs\/wp-json\/wp\/v2\/product\/1645"}],"collection":[{"href":"https:\/\/www.megastitch.eu\/cs\/wp-json\/wp\/v2\/product"}],"about":[{"href":"https:\/\/www.megastitch.eu\/cs\/wp-json\/wp\/v2\/types\/product"}],"replies":[{"embeddable":true,"href":"https:\/\/www.megastitch.eu\/cs\/wp-json\/wp\/v2\/comments?post=1645"}],"wp:featuredmedia":[{"embeddable":true,"href":"https:\/\/www.megastitch.eu\/cs\/wp-json\/wp\/v2\/media\/219"}],"wp:attachment":[{"href":"https:\/\/www.megastitch.eu\/cs\/wp-json\/wp\/v2\/media?parent=1645"}],"wp:term":[{"taxonomy":"product_cat","embeddable":true,"href":"https:\/\/www.megastitch.eu\/cs\/wp-json\/wp\/v2\/product_cat?post=1645"},{"taxonomy":"product_tag","embeddable":true,"href":"https:\/\/www.megastitch.eu\/cs\/wp-json\/wp\/v2\/product_tag?post=1645"}],"curies":[{"name":"wp","href":"https:\/\/api.w.org\/{rel}","templated":true}]}}