	{"id":1648,"date":"2019-02-01T19:42:15","date_gmt":"2019-02-01T18:42:15","guid":{"rendered":"https:\/\/www.megastitch.eu\/obchod\/nezarazene\/zeleny-veteran\/"},"modified":"2022-12-18T15:08:05","modified_gmt":"2022-12-18T14:08:05","slug":"zeleny-veteran","status":"publish","type":"product","link":"https:\/\/www.megastitch.eu\/cs\/obchod\/magnetky-cs\/dopravni-prostredky\/zeleny-veteran\/","title":{"rendered":"Zelen\u00fd veter\u00e1n"},"content":{"rendered":"<div class=\"nolwrap\"><p>Magnetick\u00fd dr\u017eiak vy\u0161\u00edvacej ihly s obr\u00e1zkom auta. U\u017e nikdy viac zabudnut\u00e1 \u010di straten\u00e1 ihla. T\u00e1to magnetick\u00e1 ihelni\u010dka v\u00e1s bude va\u0161ou nepostr\u00e1date\u013enou pomocn\u00ed\u010dkou pri ka\u017edom vy\u0161\u00edvan\u00ed. Zelen\u00fd veter\u00e1n vo v\u00e1s mo\u017eno prebud\u00ed nostalgick\u00e9 spomienky na \u010dasy d\u00e1vno minul\u00e9.<\/p>\n<\/div>","protected":false},"excerpt":{"rendered":"<p>Magnetick\u00fd dr\u017eiak vy\u0161\u00edvacej ihly s obr\u00e1zkom auta. U\u017e nikdy viac zabudnut\u00e1 \u010di straten\u00e1 ihla. T\u00e1to magnetick\u00e1 ihelni\u010dka v\u00e1s bude va\u0161ou nepostr\u00e1date\u013enou pomocn\u00ed\u010dkou pri ka\u017edom vy\u0161\u00edvan\u00ed. Zelen\u00fd veter\u00e1n vo v\u00e1s mo\u017eno prebud\u00ed nostalgick\u00e9 spomienky na \u010dasy d\u00e1vno minul\u00e9.<\/p>\n","protected":false},"featured_media":213,"comment_status":"closed","ping_status":"closed","template":"","meta":{"_uag_custom_page_level_css":"","ngg_post_thumbnail":0},"product_cat":[88,67,91,87,92],"product_tag":[],"aioseo_notices":[],"featured_image_urls":{"full":["https:\/\/www.megastitch.eu\/wp-content\/uploads\/2019\/02\/2.png",415,415,false],"thumbnail":["https:\/\/www.megastitch.eu\/wp-content\/uploads\/2019\/02\/2-150x150.png",150,150,true],"medium":["https:\/\/www.megastitch.eu\/wp-content\/uploads\/2019\/02\/2-300x300.png",300,300,true],"medium_large":["https:\/\/www.megastitch.eu\/wp-content\/uploads\/2019\/02\/2.png",415,415,false],"large":["https:\/\/www.megastitch.eu\/wp-content\/uploads\/2019\/02\/2.png",415,415,false],"1536x1536":["https:\/\/www.megastitch.eu\/wp-content\/uploads\/2019\/02\/2.png",415,415,false],"2048x2048":["https:\/\/www.megastitch.eu\/wp-content\/uploads\/2019\/02\/2.png",415,415,false],"ultp_layout_landscape_large":["https:\/\/www.megastitch.eu\/wp-content\/uploads\/2019\/02\/2.png",415,415,false],"ultp_layout_landscape":["https:\/\/www.megastitch.eu\/wp-content\/uploads\/2019\/02\/2.png",415,415,false],"ultp_layout_portrait":["https:\/\/www.megastitch.eu\/wp-content\/uploads\/2019\/02\/2.png",415,415,false],"ultp_layout_square":["https:\/\/www.megastitch.eu\/wp-content\/uploads\/2019\/02\/2.png",415,415,false],"molla_post-grid":["https:\/\/www.megastitch.eu\/wp-content\/uploads\/2019\/02\/2.png",267,267,false],"woocommerce_thumbnail":["https:\/\/www.megastitch.eu\/wp-content\/uploads\/2019\/02\/2-300x300.png",300,300,true],"woocommerce_single":["https:\/\/www.megastitch.eu\/wp-content\/uploads\/2019\/02\/2.png",415,415,false],"woocommerce_gallery_thumbnail":["https:\/\/www.megastitch.eu\/wp-content\/uploads\/2019\/02\/2-100x100.png",100,100,true]},"post_excerpt_stackable":"<p>Magnetick\u00fd dr\u017eiak vy\u0161\u00edvacej ihly s obr\u00e1zkom auta. U\u017e nikdy viac zabudnut\u00e1 \u010di straten\u00e1 ihla. T\u00e1to magnetick\u00e1 ihelni\u010dka v\u00e1s bude va\u0161ou nepostr\u00e1date\u013enou pomocn\u00ed\u010dkou pri ka\u017edom vy\u0161\u00edvan\u00ed. Zelen\u00fd veter\u00e1n vo v\u00e1s mo\u017eno prebud\u00ed nostalgick\u00e9 spomienky na \u010dasy d\u00e1vno minul\u00e9.<\/p>\n","category_list":"","author_info":{"name":"","url":""},"comments_num":"0 comments","featured_image_urls_v2":{"full":["https:\/\/www.megastitch.eu\/wp-content\/uploads\/2019\/02\/2.png",415,415,false],"thumbnail":["https:\/\/www.megastitch.eu\/wp-content\/uploads\/2019\/02\/2-150x150.png",150,150,true],"medium":["https:\/\/www.megastitch.eu\/wp-content\/uploads\/2019\/02\/2-300x300.png",300,300,true],"medium_large":["https:\/\/www.megastitch.eu\/wp-content\/uploads\/2019\/02\/2.png",415,415,false],"large":["https:\/\/www.megastitch.eu\/wp-content\/uploads\/2019\/02\/2.png",415,415,false],"1536x1536":["https:\/\/www.megastitch.eu\/wp-content\/uploads\/2019\/02\/2.png",415,415,false],"2048x2048":["https:\/\/www.megastitch.eu\/wp-content\/uploads\/2019\/02\/2.png",415,415,false],"ultp_layout_landscape_large":["https:\/\/www.megastitch.eu\/wp-content\/uploads\/2019\/02\/2.png",415,415,false],"ultp_layout_landscape":["https:\/\/www.megastitch.eu\/wp-content\/uploads\/2019\/02\/2.png",415,415,false],"ultp_layout_portrait":["https:\/\/www.megastitch.eu\/wp-content\/uploads\/2019\/02\/2.png",415,415,false],"ultp_layout_square":["https:\/\/www.megastitch.eu\/wp-content\/uploads\/2019\/02\/2.png",415,415,false],"molla_post-grid":["https:\/\/www.megastitch.eu\/wp-content\/uploads\/2019\/02\/2.png",267,267,false],"woocommerce_thumbnail":["https:\/\/www.megastitch.eu\/wp-content\/uploads\/2019\/02\/2-300x300.png",300,300,true],"woocommerce_single":["https:\/\/www.megastitch.eu\/wp-content\/uploads\/2019\/02\/2.png",415,415,false],"woocommerce_gallery_thumbnail":["https:\/\/www.megastitch.eu\/wp-content\/uploads\/2019\/02\/2-100x100.png",100,100,true]},"post_excerpt_stackable_v2":"<p>Magnetick\u00fd dr\u017eiak vy\u0161\u00edvacej ihly s obr\u00e1zkom auta. U\u017e nikdy viac zabudnut\u00e1 \u010di straten\u00e1 ihla. T\u00e1to magnetick\u00e1 ihelni\u010dka v\u00e1s bude va\u0161ou nepostr\u00e1date\u013enou pomocn\u00ed\u010dkou pri ka\u017edom vy\u0161\u00edvan\u00ed. Zelen\u00fd veter\u00e1n vo v\u00e1s mo\u017eno prebud\u00ed nostalgick\u00e9 spomienky na \u010dasy d\u00e1vno minul\u00e9.<\/p>\n","category_list_v2":"","author_info_v2":{"name":"","url":""},"comments_num_v2":"0 comments","uagb_featured_image_src":{"full":["https:\/\/www.megastitch.eu\/wp-content\/uploads\/2019\/02\/2.png",415,415,false],"thumbnail":["https:\/\/www.megastitch.eu\/wp-content\/uploads\/2019\/02\/2-150x150.png",150,150,true],"medium":["https:\/\/www.megastitch.eu\/wp-content\/uploads\/2019\/02\/2-300x300.png",300,300,true],"medium_large":["https:\/\/www.megastitch.eu\/wp-content\/uploads\/2019\/02\/2.png",415,415,false],"large":["https:\/\/www.megastitch.eu\/wp-content\/uploads\/2019\/02\/2.png",415,415,false],"1536x1536":["https:\/\/www.megastitch.eu\/wp-content\/uploads\/2019\/02\/2.png",415,415,false],"2048x2048":["https:\/\/www.megastitch.eu\/wp-content\/uploads\/2019\/02\/2.png",415,415,false],"ultp_layout_landscape_large":["https:\/\/www.megastitch.eu\/wp-content\/uploads\/2019\/02\/2.png",415,415,false],"ultp_layout_landscape":["https:\/\/www.megastitch.eu\/wp-content\/uploads\/2019\/02\/2.png",415,415,false],"ultp_layout_portrait":["https:\/\/www.megastitch.eu\/wp-content\/uploads\/2019\/02\/2.png",415,415,false],"ultp_layout_square":["https:\/\/www.megastitch.eu\/wp-content\/uploads\/2019\/02\/2.png",415,415,false],"molla_post-grid":["https:\/\/www.megastitch.eu\/wp-content\/uploads\/2019\/02\/2.png",267,267,false],"woocommerce_thumbnail":["https:\/\/www.megastitch.eu\/wp-content\/uploads\/2019\/02\/2-300x300.png",300,300,true],"woocommerce_single":["https:\/\/www.megastitch.eu\/wp-content\/uploads\/2019\/02\/2.png",415,415,false],"woocommerce_gallery_thumbnail":["https:\/\/www.megastitch.eu\/wp-content\/uploads\/2019\/02\/2-100x100.png",100,100,true]},"uagb_author_info":{"display_name":"Ludmila Mikusikova","author_link":"https:\/\/www.megastitch.eu\/cs\/author\/"},"uagb_comment_info":0,"uagb_excerpt":"Magnetick\u00fd dr\u017eiak vy\u0161\u00edvacej ihly s obr\u00e1zkom auta. U\u017e nikdy viac zabudnut\u00e1 \u010di straten\u00e1 ihla. T\u00e1to magnetick\u00e1 ihelni\u010dka v\u00e1s bude va\u0161ou nepostr\u00e1date\u013enou pomocn\u00ed\u010dkou pri ka\u017edom vy\u0161\u00edvan\u00ed. Zelen\u00fd veter\u00e1n vo v\u00e1s mo\u017eno prebud\u00ed nostalgick\u00e9 spomienky na \u010dasy d\u00e1vno minul\u00e9.","_links":{"self":[{"href":"https:\/\/www.megastitch.eu\/cs\/wp-json\/wp\/v2\/product\/1648"}],"collection":[{"href":"https:\/\/www.megastitch.eu\/cs\/wp-json\/wp\/v2\/product"}],"about":[{"href":"https:\/\/www.megastitch.eu\/cs\/wp-json\/wp\/v2\/types\/product"}],"replies":[{"embeddable":true,"href":"https:\/\/www.megastitch.eu\/cs\/wp-json\/wp\/v2\/comments?post=1648"}],"wp:featuredmedia":[{"embeddable":true,"href":"https:\/\/www.megastitch.eu\/cs\/wp-json\/wp\/v2\/media\/213"}],"wp:attachment":[{"href":"https:\/\/www.megastitch.eu\/cs\/wp-json\/wp\/v2\/media?parent=1648"}],"wp:term":[{"taxonomy":"product_cat","embeddable":true,"href":"https:\/\/www.megastitch.eu\/cs\/wp-json\/wp\/v2\/product_cat?post=1648"},{"taxonomy":"product_tag","embeddable":true,"href":"https:\/\/www.megastitch.eu\/cs\/wp-json\/wp\/v2\/product_tag?post=1648"}],"curies":[{"name":"wp","href":"https:\/\/api.w.org\/{rel}","templated":true}]}}