	{"id":1657,"date":"2019-11-19T00:09:45","date_gmt":"2019-11-18T23:09:45","guid":{"rendered":"https:\/\/www.megastitch.eu\/?post_type=product&#038;p=1657"},"modified":"2025-11-09T08:58:48","modified_gmt":"2025-11-09T07:58:48","slug":"vysivacie-noznicky-zdobene-zelene-9-cm","status":"publish","type":"product","link":"https:\/\/www.megastitch.eu\/cs\/obchod\/doplnky-k-vysivaniu\/noznicky-na-vysivanie\/vysivacie-noznicky-zdobene-zelene-9-cm\/","title":{"rendered":"Vy\u0161\u00edvacie no\u017eni\u010dky zdoben\u00e9, zelen\u00e9, 9 cm"},"content":{"rendered":"<div class=\"nolwrap\"><p>Zelen\u00e9 zdoben\u00e9 no\u017enice ur\u010den\u00e9 na pr\u00e1cu pri vy\u0161\u00edvan\u00ed. V\u010faka svojej vysokej kvalite strihaj\u00fa pevne a pec\u00edzne. V\u010faka svojej ostrej \u0161pi\u010dke s\u00fa vhodn\u00e9 aj na vystrihovanie.<\/p>\n<p>Talianska pr\u00e9miov\u00e1 kvalita.<\/p>\n<\/div>","protected":false},"excerpt":{"rendered":"<p>No\u017enice s\u00fa v\u010faka svojmu ostriu vhodn\u00e9 na vy\u0161\u00edvanie. Jednoduch\u00fd, farebn\u00fd, zelen\u00fd a modern\u00fd dizajn.<\/p>\n","protected":false},"featured_media":1658,"comment_status":"closed","ping_status":"closed","template":"","meta":{"_uag_custom_page_level_css":"","ngg_post_thumbnail":0},"product_cat":[15,73],"product_tag":[116],"aioseo_notices":[],"featured_image_urls":{"full":["https:\/\/www.megastitch.eu\/wp-content\/uploads\/2019\/11\/10565_zelene.jpg",900,1200,false],"thumbnail":["https:\/\/www.megastitch.eu\/wp-content\/uploads\/2019\/11\/10565_zelene-150x150.jpg",150,150,true],"medium":["https:\/\/www.megastitch.eu\/wp-content\/uploads\/2019\/11\/10565_zelene-225x300.jpg",225,300,true],"medium_large":["https:\/\/www.megastitch.eu\/wp-content\/uploads\/2019\/11\/10565_zelene-768x1024.jpg",768,1024,true],"large":["https:\/\/www.megastitch.eu\/wp-content\/uploads\/2019\/11\/10565_zelene-768x1024.jpg",768,1024,true],"1536x1536":["https:\/\/www.megastitch.eu\/wp-content\/uploads\/2019\/11\/10565_zelene.jpg",900,1200,false],"2048x2048":["https:\/\/www.megastitch.eu\/wp-content\/uploads\/2019\/11\/10565_zelene.jpg",900,1200,false],"ultp_layout_landscape_large":["https:\/\/www.megastitch.eu\/wp-content\/uploads\/2019\/11\/10565_zelene.jpg",600,800,false],"ultp_layout_landscape":["https:\/\/www.megastitch.eu\/wp-content\/uploads\/2019\/11\/10565_zelene.jpg",428,570,false],"ultp_layout_portrait":["https:\/\/www.megastitch.eu\/wp-content\/uploads\/2019\/11\/10565_zelene.jpg",600,800,false],"ultp_layout_square":["https:\/\/www.megastitch.eu\/wp-content\/uploads\/2019\/11\/10565_zelene.jpg",450,600,false],"molla_post-grid":["https:\/\/www.megastitch.eu\/wp-content\/uploads\/2019\/11\/10565_zelene.jpg",200,267,false],"woocommerce_thumbnail":["https:\/\/www.megastitch.eu\/wp-content\/uploads\/2019\/11\/10565_zelene-300x400.jpg",300,400,true],"woocommerce_single":["https:\/\/www.megastitch.eu\/wp-content\/uploads\/2019\/11\/10565_zelene-600x800.jpg",600,800,true],"woocommerce_gallery_thumbnail":["https:\/\/www.megastitch.eu\/wp-content\/uploads\/2019\/11\/10565_zelene-100x100.jpg",100,100,true]},"post_excerpt_stackable":"<p>No\u017enice s\u00fa v\u010faka svojmu ostriu vhodn\u00e9 na vy\u0161\u00edvanie. Jednoduch\u00fd, farebn\u00fd, zelen\u00fd a modern\u00fd dizajn.<\/p>\n","category_list":"","author_info":{"name":"","url":""},"comments_num":"0 comments","featured_image_urls_v2":{"full":["https:\/\/www.megastitch.eu\/wp-content\/uploads\/2019\/11\/10565_zelene.jpg",900,1200,false],"thumbnail":["https:\/\/www.megastitch.eu\/wp-content\/uploads\/2019\/11\/10565_zelene-150x150.jpg",150,150,true],"medium":["https:\/\/www.megastitch.eu\/wp-content\/uploads\/2019\/11\/10565_zelene-225x300.jpg",225,300,true],"medium_large":["https:\/\/www.megastitch.eu\/wp-content\/uploads\/2019\/11\/10565_zelene-768x1024.jpg",768,1024,true],"large":["https:\/\/www.megastitch.eu\/wp-content\/uploads\/2019\/11\/10565_zelene-768x1024.jpg",768,1024,true],"1536x1536":["https:\/\/www.megastitch.eu\/wp-content\/uploads\/2019\/11\/10565_zelene.jpg",900,1200,false],"2048x2048":["https:\/\/www.megastitch.eu\/wp-content\/uploads\/2019\/11\/10565_zelene.jpg",900,1200,false],"ultp_layout_landscape_large":["https:\/\/www.megastitch.eu\/wp-content\/uploads\/2019\/11\/10565_zelene.jpg",600,800,false],"ultp_layout_landscape":["https:\/\/www.megastitch.eu\/wp-content\/uploads\/2019\/11\/10565_zelene.jpg",428,570,false],"ultp_layout_portrait":["https:\/\/www.megastitch.eu\/wp-content\/uploads\/2019\/11\/10565_zelene.jpg",600,800,false],"ultp_layout_square":["https:\/\/www.megastitch.eu\/wp-content\/uploads\/2019\/11\/10565_zelene.jpg",450,600,false],"molla_post-grid":["https:\/\/www.megastitch.eu\/wp-content\/uploads\/2019\/11\/10565_zelene.jpg",200,267,false],"woocommerce_thumbnail":["https:\/\/www.megastitch.eu\/wp-content\/uploads\/2019\/11\/10565_zelene-300x400.jpg",300,400,true],"woocommerce_single":["https:\/\/www.megastitch.eu\/wp-content\/uploads\/2019\/11\/10565_zelene-600x800.jpg",600,800,true],"woocommerce_gallery_thumbnail":["https:\/\/www.megastitch.eu\/wp-content\/uploads\/2019\/11\/10565_zelene-100x100.jpg",100,100,true]},"post_excerpt_stackable_v2":"<p>No\u017enice s\u00fa v\u010faka svojmu ostriu vhodn\u00e9 na vy\u0161\u00edvanie. Jednoduch\u00fd, farebn\u00fd, zelen\u00fd a modern\u00fd dizajn.<\/p>\n","category_list_v2":"","author_info_v2":{"name":"","url":""},"comments_num_v2":"0 comments","uagb_featured_image_src":{"full":["https:\/\/www.megastitch.eu\/wp-content\/uploads\/2019\/11\/10565_zelene.jpg",900,1200,false],"thumbnail":["https:\/\/www.megastitch.eu\/wp-content\/uploads\/2019\/11\/10565_zelene-150x150.jpg",150,150,true],"medium":["https:\/\/www.megastitch.eu\/wp-content\/uploads\/2019\/11\/10565_zelene-225x300.jpg",225,300,true],"medium_large":["https:\/\/www.megastitch.eu\/wp-content\/uploads\/2019\/11\/10565_zelene-768x1024.jpg",768,1024,true],"large":["https:\/\/www.megastitch.eu\/wp-content\/uploads\/2019\/11\/10565_zelene-768x1024.jpg",768,1024,true],"1536x1536":["https:\/\/www.megastitch.eu\/wp-content\/uploads\/2019\/11\/10565_zelene.jpg",900,1200,false],"2048x2048":["https:\/\/www.megastitch.eu\/wp-content\/uploads\/2019\/11\/10565_zelene.jpg",900,1200,false],"ultp_layout_landscape_large":["https:\/\/www.megastitch.eu\/wp-content\/uploads\/2019\/11\/10565_zelene.jpg",600,800,false],"ultp_layout_landscape":["https:\/\/www.megastitch.eu\/wp-content\/uploads\/2019\/11\/10565_zelene.jpg",428,570,false],"ultp_layout_portrait":["https:\/\/www.megastitch.eu\/wp-content\/uploads\/2019\/11\/10565_zelene.jpg",600,800,false],"ultp_layout_square":["https:\/\/www.megastitch.eu\/wp-content\/uploads\/2019\/11\/10565_zelene.jpg",450,600,false],"molla_post-grid":["https:\/\/www.megastitch.eu\/wp-content\/uploads\/2019\/11\/10565_zelene.jpg",200,267,false],"woocommerce_thumbnail":["https:\/\/www.megastitch.eu\/wp-content\/uploads\/2019\/11\/10565_zelene-300x400.jpg",300,400,true],"woocommerce_single":["https:\/\/www.megastitch.eu\/wp-content\/uploads\/2019\/11\/10565_zelene-600x800.jpg",600,800,true],"woocommerce_gallery_thumbnail":["https:\/\/www.megastitch.eu\/wp-content\/uploads\/2019\/11\/10565_zelene-100x100.jpg",100,100,true]},"uagb_author_info":{"display_name":"erbenova","author_link":"https:\/\/www.megastitch.eu\/cs\/author\/"},"uagb_comment_info":0,"uagb_excerpt":"No\u017enice s\u00fa v\u010faka svojmu ostriu vhodn\u00e9 na vy\u0161\u00edvanie. Jednoduch\u00fd, farebn\u00fd, zelen\u00fd a modern\u00fd dizajn.","_links":{"self":[{"href":"https:\/\/www.megastitch.eu\/cs\/wp-json\/wp\/v2\/product\/1657"}],"collection":[{"href":"https:\/\/www.megastitch.eu\/cs\/wp-json\/wp\/v2\/product"}],"about":[{"href":"https:\/\/www.megastitch.eu\/cs\/wp-json\/wp\/v2\/types\/product"}],"replies":[{"embeddable":true,"href":"https:\/\/www.megastitch.eu\/cs\/wp-json\/wp\/v2\/comments?post=1657"}],"wp:featuredmedia":[{"embeddable":true,"href":"https:\/\/www.megastitch.eu\/cs\/wp-json\/wp\/v2\/media\/1658"}],"wp:attachment":[{"href":"https:\/\/www.megastitch.eu\/cs\/wp-json\/wp\/v2\/media?parent=1657"}],"wp:term":[{"taxonomy":"product_cat","embeddable":true,"href":"https:\/\/www.megastitch.eu\/cs\/wp-json\/wp\/v2\/product_cat?post=1657"},{"taxonomy":"product_tag","embeddable":true,"href":"https:\/\/www.megastitch.eu\/cs\/wp-json\/wp\/v2\/product_tag?post=1657"}],"curies":[{"name":"wp","href":"https:\/\/api.w.org\/{rel}","templated":true}]}}