	{"id":1697,"date":"2019-11-19T00:09:45","date_gmt":"2019-11-18T23:09:45","guid":{"rendered":"https:\/\/www.megastitch.eu\/?post_type=product&#038;p=1697"},"modified":"2024-10-27T08:27:34","modified_gmt":"2024-10-27T07:27:34","slug":"zlate-mini-vysivacie-noznicky-ostre-6-7-cm","status":"publish","type":"product","link":"https:\/\/www.megastitch.eu\/cs\/obchod\/doplnky-k-vysivaniu\/noznicky-na-vysivanie\/zlate-mini-vysivacie-noznicky-ostre-6-7-cm\/","title":{"rendered":"Zlat\u00e9 mini vy\u0161\u00edvacie no\u017eni\u010dky, ostr\u00e9, 6.7 cm"},"content":{"rendered":"<div class=\"nolwrap\"><p>Poniklovan\u00e9 pozl\u00e1ten\u00e9 vy\u0161\u00edvacie no\u017enice vyroben\u00e9 z pevn\u00fdch materi\u00e1lov pre va\u0161e ka\u017edodenn\u00e9 pou\u017eitie. D\u013a\u017eka 6.7 cm, ide\u00e1lne na cesty so sebou.<\/p>\n<\/div>","protected":false},"excerpt":{"rendered":"<p>Pozl\u00e1ten\u00e9 vy\u0161\u00edvacie no\u017eni\u010dky pr\u00e9miovej kvality talianskej firmy Premax, s\u00fa tak\u00e9 mal\u00e9, \u017ee bud\u00fa ide\u00e1lnym pomocn\u00edkom na cesty.<\/p>\n","protected":false},"featured_media":1698,"comment_status":"closed","ping_status":"closed","template":"","meta":{"_uag_custom_page_level_css":"","ngg_post_thumbnail":0},"product_cat":[15,73],"product_tag":[116],"aioseo_notices":[],"featured_image_urls":{"full":["https:\/\/www.megastitch.eu\/wp-content\/uploads\/2019\/11\/10301_zlate_noznicky_male.jpg",900,1200,false],"thumbnail":["https:\/\/www.megastitch.eu\/wp-content\/uploads\/2019\/11\/10301_zlate_noznicky_male-150x150.jpg",150,150,true],"medium":["https:\/\/www.megastitch.eu\/wp-content\/uploads\/2019\/11\/10301_zlate_noznicky_male-225x300.jpg",225,300,true],"medium_large":["https:\/\/www.megastitch.eu\/wp-content\/uploads\/2019\/11\/10301_zlate_noznicky_male-768x1024.jpg",768,1024,true],"large":["https:\/\/www.megastitch.eu\/wp-content\/uploads\/2019\/11\/10301_zlate_noznicky_male-768x1024.jpg",768,1024,true],"1536x1536":["https:\/\/www.megastitch.eu\/wp-content\/uploads\/2019\/11\/10301_zlate_noznicky_male.jpg",900,1200,false],"2048x2048":["https:\/\/www.megastitch.eu\/wp-content\/uploads\/2019\/11\/10301_zlate_noznicky_male.jpg",900,1200,false],"ultp_layout_landscape_large":["https:\/\/www.megastitch.eu\/wp-content\/uploads\/2019\/11\/10301_zlate_noznicky_male.jpg",600,800,false],"ultp_layout_landscape":["https:\/\/www.megastitch.eu\/wp-content\/uploads\/2019\/11\/10301_zlate_noznicky_male.jpg",428,570,false],"ultp_layout_portrait":["https:\/\/www.megastitch.eu\/wp-content\/uploads\/2019\/11\/10301_zlate_noznicky_male.jpg",600,800,false],"ultp_layout_square":["https:\/\/www.megastitch.eu\/wp-content\/uploads\/2019\/11\/10301_zlate_noznicky_male.jpg",450,600,false],"molla_post-grid":["https:\/\/www.megastitch.eu\/wp-content\/uploads\/2019\/11\/10301_zlate_noznicky_male.jpg",200,267,false],"woocommerce_thumbnail":["https:\/\/www.megastitch.eu\/wp-content\/uploads\/2019\/11\/10301_zlate_noznicky_male-300x400.jpg",300,400,true],"woocommerce_single":["https:\/\/www.megastitch.eu\/wp-content\/uploads\/2019\/11\/10301_zlate_noznicky_male-600x800.jpg",600,800,true],"woocommerce_gallery_thumbnail":["https:\/\/www.megastitch.eu\/wp-content\/uploads\/2019\/11\/10301_zlate_noznicky_male-100x100.jpg",100,100,true]},"post_excerpt_stackable":"<p>Pozl\u00e1ten\u00e9 vy\u0161\u00edvacie no\u017eni\u010dky pr\u00e9miovej kvality talianskej firmy Premax, s\u00fa tak\u00e9 mal\u00e9, \u017ee bud\u00fa ide\u00e1lnym pomocn\u00edkom na cesty.<\/p>\n","category_list":"","author_info":{"name":"","url":""},"comments_num":"0 comments","featured_image_urls_v2":{"full":["https:\/\/www.megastitch.eu\/wp-content\/uploads\/2019\/11\/10301_zlate_noznicky_male.jpg",900,1200,false],"thumbnail":["https:\/\/www.megastitch.eu\/wp-content\/uploads\/2019\/11\/10301_zlate_noznicky_male-150x150.jpg",150,150,true],"medium":["https:\/\/www.megastitch.eu\/wp-content\/uploads\/2019\/11\/10301_zlate_noznicky_male-225x300.jpg",225,300,true],"medium_large":["https:\/\/www.megastitch.eu\/wp-content\/uploads\/2019\/11\/10301_zlate_noznicky_male-768x1024.jpg",768,1024,true],"large":["https:\/\/www.megastitch.eu\/wp-content\/uploads\/2019\/11\/10301_zlate_noznicky_male-768x1024.jpg",768,1024,true],"1536x1536":["https:\/\/www.megastitch.eu\/wp-content\/uploads\/2019\/11\/10301_zlate_noznicky_male.jpg",900,1200,false],"2048x2048":["https:\/\/www.megastitch.eu\/wp-content\/uploads\/2019\/11\/10301_zlate_noznicky_male.jpg",900,1200,false],"ultp_layout_landscape_large":["https:\/\/www.megastitch.eu\/wp-content\/uploads\/2019\/11\/10301_zlate_noznicky_male.jpg",600,800,false],"ultp_layout_landscape":["https:\/\/www.megastitch.eu\/wp-content\/uploads\/2019\/11\/10301_zlate_noznicky_male.jpg",428,570,false],"ultp_layout_portrait":["https:\/\/www.megastitch.eu\/wp-content\/uploads\/2019\/11\/10301_zlate_noznicky_male.jpg",600,800,false],"ultp_layout_square":["https:\/\/www.megastitch.eu\/wp-content\/uploads\/2019\/11\/10301_zlate_noznicky_male.jpg",450,600,false],"molla_post-grid":["https:\/\/www.megastitch.eu\/wp-content\/uploads\/2019\/11\/10301_zlate_noznicky_male.jpg",200,267,false],"woocommerce_thumbnail":["https:\/\/www.megastitch.eu\/wp-content\/uploads\/2019\/11\/10301_zlate_noznicky_male-300x400.jpg",300,400,true],"woocommerce_single":["https:\/\/www.megastitch.eu\/wp-content\/uploads\/2019\/11\/10301_zlate_noznicky_male-600x800.jpg",600,800,true],"woocommerce_gallery_thumbnail":["https:\/\/www.megastitch.eu\/wp-content\/uploads\/2019\/11\/10301_zlate_noznicky_male-100x100.jpg",100,100,true]},"post_excerpt_stackable_v2":"<p>Pozl\u00e1ten\u00e9 vy\u0161\u00edvacie no\u017eni\u010dky pr\u00e9miovej kvality talianskej firmy Premax, s\u00fa tak\u00e9 mal\u00e9, \u017ee bud\u00fa ide\u00e1lnym pomocn\u00edkom na cesty.<\/p>\n","category_list_v2":"","author_info_v2":{"name":"","url":""},"comments_num_v2":"0 comments","uagb_featured_image_src":{"full":["https:\/\/www.megastitch.eu\/wp-content\/uploads\/2019\/11\/10301_zlate_noznicky_male.jpg",900,1200,false],"thumbnail":["https:\/\/www.megastitch.eu\/wp-content\/uploads\/2019\/11\/10301_zlate_noznicky_male-150x150.jpg",150,150,true],"medium":["https:\/\/www.megastitch.eu\/wp-content\/uploads\/2019\/11\/10301_zlate_noznicky_male-225x300.jpg",225,300,true],"medium_large":["https:\/\/www.megastitch.eu\/wp-content\/uploads\/2019\/11\/10301_zlate_noznicky_male-768x1024.jpg",768,1024,true],"large":["https:\/\/www.megastitch.eu\/wp-content\/uploads\/2019\/11\/10301_zlate_noznicky_male-768x1024.jpg",768,1024,true],"1536x1536":["https:\/\/www.megastitch.eu\/wp-content\/uploads\/2019\/11\/10301_zlate_noznicky_male.jpg",900,1200,false],"2048x2048":["https:\/\/www.megastitch.eu\/wp-content\/uploads\/2019\/11\/10301_zlate_noznicky_male.jpg",900,1200,false],"ultp_layout_landscape_large":["https:\/\/www.megastitch.eu\/wp-content\/uploads\/2019\/11\/10301_zlate_noznicky_male.jpg",600,800,false],"ultp_layout_landscape":["https:\/\/www.megastitch.eu\/wp-content\/uploads\/2019\/11\/10301_zlate_noznicky_male.jpg",428,570,false],"ultp_layout_portrait":["https:\/\/www.megastitch.eu\/wp-content\/uploads\/2019\/11\/10301_zlate_noznicky_male.jpg",600,800,false],"ultp_layout_square":["https:\/\/www.megastitch.eu\/wp-content\/uploads\/2019\/11\/10301_zlate_noznicky_male.jpg",450,600,false],"molla_post-grid":["https:\/\/www.megastitch.eu\/wp-content\/uploads\/2019\/11\/10301_zlate_noznicky_male.jpg",200,267,false],"woocommerce_thumbnail":["https:\/\/www.megastitch.eu\/wp-content\/uploads\/2019\/11\/10301_zlate_noznicky_male-300x400.jpg",300,400,true],"woocommerce_single":["https:\/\/www.megastitch.eu\/wp-content\/uploads\/2019\/11\/10301_zlate_noznicky_male-600x800.jpg",600,800,true],"woocommerce_gallery_thumbnail":["https:\/\/www.megastitch.eu\/wp-content\/uploads\/2019\/11\/10301_zlate_noznicky_male-100x100.jpg",100,100,true]},"uagb_author_info":{"display_name":"erbenova","author_link":"https:\/\/www.megastitch.eu\/cs\/author\/"},"uagb_comment_info":0,"uagb_excerpt":"Pozl\u00e1ten\u00e9 vy\u0161\u00edvacie no\u017eni\u010dky pr\u00e9miovej kvality talianskej firmy Premax, s\u00fa tak\u00e9 mal\u00e9, \u017ee bud\u00fa ide\u00e1lnym pomocn\u00edkom na cesty.","_links":{"self":[{"href":"https:\/\/www.megastitch.eu\/cs\/wp-json\/wp\/v2\/product\/1697"}],"collection":[{"href":"https:\/\/www.megastitch.eu\/cs\/wp-json\/wp\/v2\/product"}],"about":[{"href":"https:\/\/www.megastitch.eu\/cs\/wp-json\/wp\/v2\/types\/product"}],"replies":[{"embeddable":true,"href":"https:\/\/www.megastitch.eu\/cs\/wp-json\/wp\/v2\/comments?post=1697"}],"wp:featuredmedia":[{"embeddable":true,"href":"https:\/\/www.megastitch.eu\/cs\/wp-json\/wp\/v2\/media\/1698"}],"wp:attachment":[{"href":"https:\/\/www.megastitch.eu\/cs\/wp-json\/wp\/v2\/media?parent=1697"}],"wp:term":[{"taxonomy":"product_cat","embeddable":true,"href":"https:\/\/www.megastitch.eu\/cs\/wp-json\/wp\/v2\/product_cat?post=1697"},{"taxonomy":"product_tag","embeddable":true,"href":"https:\/\/www.megastitch.eu\/cs\/wp-json\/wp\/v2\/product_tag?post=1697"}],"curies":[{"name":"wp","href":"https:\/\/api.w.org\/{rel}","templated":true}]}}