	{"id":1705,"date":"2019-11-19T00:09:45","date_gmt":"2019-11-18T23:09:45","guid":{"rendered":"https:\/\/www.megastitch.eu\/?post_type=product&#038;p=1705"},"modified":"2021-10-13T12:21:27","modified_gmt":"2021-10-13T10:21:27","slug":"sladkosti","status":"publish","type":"product","link":"https:\/\/www.megastitch.eu\/cs\/obchod\/magnetky\/jedlo\/sladkosti\/","title":{"rendered":"Sladkosti"},"content":{"rendered":"<div class=\"nolwrap\"><p>Magnetick\u00e1 ihelni\u010dka s obr\u00e1zkom sladkost\u00ed vo v\u00e1s prebud\u00ed nielen chu\u0165 na sladk\u00e9 dobroty ale predov\u0161etk\u00fdm chu\u0165 na vy\u0161\u00edvanie, pri ktorom v\u00e1m bude nenahradite\u013en\u00fdm pomocn\u00edkom, preto\u017ee udr\u017e\u00ed nielen ihly, ale aj va\u0161e no\u017eni\u010dky pevne na svojom mieste.<\/p>\n<\/div>","protected":false},"excerpt":{"rendered":"<p>Magnetka na vy\u0161\u00edvanie s obr\u00e1zkom sladk\u00fdch dobr\u00f4t. Doprajte si chu\u0165 zmrzliny s ovoc\u00edm. Pevn\u00fd neodymov\u00fd magnet v tejto magnetickej ihelni\u010dke udr\u017e\u00ed va\u0161e ihly na mieste.<\/p>\n","protected":false},"featured_media":1706,"comment_status":"closed","ping_status":"closed","template":"","meta":{"_uag_custom_page_level_css":"","ngg_post_thumbnail":0},"product_cat":[118,19],"product_tag":[],"aioseo_notices":[],"featured_image_urls":{"full":["https:\/\/www.megastitch.eu\/wp-content\/uploads\/2019\/11\/zmrzlina_s_ovocim.png",420,420,false],"thumbnail":["https:\/\/www.megastitch.eu\/wp-content\/uploads\/2019\/11\/zmrzlina_s_ovocim-150x150.png",150,150,true],"medium":["https:\/\/www.megastitch.eu\/wp-content\/uploads\/2019\/11\/zmrzlina_s_ovocim-300x300.png",300,300,true],"medium_large":["https:\/\/www.megastitch.eu\/wp-content\/uploads\/2019\/11\/zmrzlina_s_ovocim.png",420,420,false],"large":["https:\/\/www.megastitch.eu\/wp-content\/uploads\/2019\/11\/zmrzlina_s_ovocim.png",420,420,false],"1536x1536":["https:\/\/www.megastitch.eu\/wp-content\/uploads\/2019\/11\/zmrzlina_s_ovocim.png",420,420,false],"2048x2048":["https:\/\/www.megastitch.eu\/wp-content\/uploads\/2019\/11\/zmrzlina_s_ovocim.png",420,420,false],"ultp_layout_landscape_large":["https:\/\/www.megastitch.eu\/wp-content\/uploads\/2019\/11\/zmrzlina_s_ovocim.png",420,420,false],"ultp_layout_landscape":["https:\/\/www.megastitch.eu\/wp-content\/uploads\/2019\/11\/zmrzlina_s_ovocim.png",420,420,false],"ultp_layout_portrait":["https:\/\/www.megastitch.eu\/wp-content\/uploads\/2019\/11\/zmrzlina_s_ovocim.png",420,420,false],"ultp_layout_square":["https:\/\/www.megastitch.eu\/wp-content\/uploads\/2019\/11\/zmrzlina_s_ovocim.png",420,420,false],"molla_post-grid":["https:\/\/www.megastitch.eu\/wp-content\/uploads\/2019\/11\/zmrzlina_s_ovocim.png",267,267,false],"woocommerce_thumbnail":["https:\/\/www.megastitch.eu\/wp-content\/uploads\/2019\/11\/zmrzlina_s_ovocim-300x300.png",300,300,true],"woocommerce_single":["https:\/\/www.megastitch.eu\/wp-content\/uploads\/2019\/11\/zmrzlina_s_ovocim.png",420,420,false],"woocommerce_gallery_thumbnail":["https:\/\/www.megastitch.eu\/wp-content\/uploads\/2019\/11\/zmrzlina_s_ovocim-100x100.png",100,100,true]},"post_excerpt_stackable":"<p>Magnetka na vy\u0161\u00edvanie s obr\u00e1zkom sladk\u00fdch dobr\u00f4t. Doprajte si chu\u0165 zmrzliny s ovoc\u00edm. Pevn\u00fd neodymov\u00fd magnet v tejto magnetickej ihelni\u010dke udr\u017e\u00ed va\u0161e ihly na mieste.<\/p>\n","category_list":"","author_info":{"name":"","url":""},"comments_num":"0 comments","featured_image_urls_v2":{"full":["https:\/\/www.megastitch.eu\/wp-content\/uploads\/2019\/11\/zmrzlina_s_ovocim.png",420,420,false],"thumbnail":["https:\/\/www.megastitch.eu\/wp-content\/uploads\/2019\/11\/zmrzlina_s_ovocim-150x150.png",150,150,true],"medium":["https:\/\/www.megastitch.eu\/wp-content\/uploads\/2019\/11\/zmrzlina_s_ovocim-300x300.png",300,300,true],"medium_large":["https:\/\/www.megastitch.eu\/wp-content\/uploads\/2019\/11\/zmrzlina_s_ovocim.png",420,420,false],"large":["https:\/\/www.megastitch.eu\/wp-content\/uploads\/2019\/11\/zmrzlina_s_ovocim.png",420,420,false],"1536x1536":["https:\/\/www.megastitch.eu\/wp-content\/uploads\/2019\/11\/zmrzlina_s_ovocim.png",420,420,false],"2048x2048":["https:\/\/www.megastitch.eu\/wp-content\/uploads\/2019\/11\/zmrzlina_s_ovocim.png",420,420,false],"ultp_layout_landscape_large":["https:\/\/www.megastitch.eu\/wp-content\/uploads\/2019\/11\/zmrzlina_s_ovocim.png",420,420,false],"ultp_layout_landscape":["https:\/\/www.megastitch.eu\/wp-content\/uploads\/2019\/11\/zmrzlina_s_ovocim.png",420,420,false],"ultp_layout_portrait":["https:\/\/www.megastitch.eu\/wp-content\/uploads\/2019\/11\/zmrzlina_s_ovocim.png",420,420,false],"ultp_layout_square":["https:\/\/www.megastitch.eu\/wp-content\/uploads\/2019\/11\/zmrzlina_s_ovocim.png",420,420,false],"molla_post-grid":["https:\/\/www.megastitch.eu\/wp-content\/uploads\/2019\/11\/zmrzlina_s_ovocim.png",267,267,false],"woocommerce_thumbnail":["https:\/\/www.megastitch.eu\/wp-content\/uploads\/2019\/11\/zmrzlina_s_ovocim-300x300.png",300,300,true],"woocommerce_single":["https:\/\/www.megastitch.eu\/wp-content\/uploads\/2019\/11\/zmrzlina_s_ovocim.png",420,420,false],"woocommerce_gallery_thumbnail":["https:\/\/www.megastitch.eu\/wp-content\/uploads\/2019\/11\/zmrzlina_s_ovocim-100x100.png",100,100,true]},"post_excerpt_stackable_v2":"<p>Magnetka na vy\u0161\u00edvanie s obr\u00e1zkom sladk\u00fdch dobr\u00f4t. Doprajte si chu\u0165 zmrzliny s ovoc\u00edm. Pevn\u00fd neodymov\u00fd magnet v tejto magnetickej ihelni\u010dke udr\u017e\u00ed va\u0161e ihly na mieste.<\/p>\n","category_list_v2":"","author_info_v2":{"name":"","url":""},"comments_num_v2":"0 comments","uagb_featured_image_src":{"full":["https:\/\/www.megastitch.eu\/wp-content\/uploads\/2019\/11\/zmrzlina_s_ovocim.png",420,420,false],"thumbnail":["https:\/\/www.megastitch.eu\/wp-content\/uploads\/2019\/11\/zmrzlina_s_ovocim-150x150.png",150,150,true],"medium":["https:\/\/www.megastitch.eu\/wp-content\/uploads\/2019\/11\/zmrzlina_s_ovocim-300x300.png",300,300,true],"medium_large":["https:\/\/www.megastitch.eu\/wp-content\/uploads\/2019\/11\/zmrzlina_s_ovocim.png",420,420,false],"large":["https:\/\/www.megastitch.eu\/wp-content\/uploads\/2019\/11\/zmrzlina_s_ovocim.png",420,420,false],"1536x1536":["https:\/\/www.megastitch.eu\/wp-content\/uploads\/2019\/11\/zmrzlina_s_ovocim.png",420,420,false],"2048x2048":["https:\/\/www.megastitch.eu\/wp-content\/uploads\/2019\/11\/zmrzlina_s_ovocim.png",420,420,false],"ultp_layout_landscape_large":["https:\/\/www.megastitch.eu\/wp-content\/uploads\/2019\/11\/zmrzlina_s_ovocim.png",420,420,false],"ultp_layout_landscape":["https:\/\/www.megastitch.eu\/wp-content\/uploads\/2019\/11\/zmrzlina_s_ovocim.png",420,420,false],"ultp_layout_portrait":["https:\/\/www.megastitch.eu\/wp-content\/uploads\/2019\/11\/zmrzlina_s_ovocim.png",420,420,false],"ultp_layout_square":["https:\/\/www.megastitch.eu\/wp-content\/uploads\/2019\/11\/zmrzlina_s_ovocim.png",420,420,false],"molla_post-grid":["https:\/\/www.megastitch.eu\/wp-content\/uploads\/2019\/11\/zmrzlina_s_ovocim.png",267,267,false],"woocommerce_thumbnail":["https:\/\/www.megastitch.eu\/wp-content\/uploads\/2019\/11\/zmrzlina_s_ovocim-300x300.png",300,300,true],"woocommerce_single":["https:\/\/www.megastitch.eu\/wp-content\/uploads\/2019\/11\/zmrzlina_s_ovocim.png",420,420,false],"woocommerce_gallery_thumbnail":["https:\/\/www.megastitch.eu\/wp-content\/uploads\/2019\/11\/zmrzlina_s_ovocim-100x100.png",100,100,true]},"uagb_author_info":{"display_name":"erbenova","author_link":"https:\/\/www.megastitch.eu\/cs\/author\/"},"uagb_comment_info":0,"uagb_excerpt":"Magnetka na vy\u0161\u00edvanie s obr\u00e1zkom sladk\u00fdch dobr\u00f4t. Doprajte si chu\u0165 zmrzliny s ovoc\u00edm. Pevn\u00fd neodymov\u00fd magnet v tejto magnetickej ihelni\u010dke udr\u017e\u00ed va\u0161e ihly na mieste.","_links":{"self":[{"href":"https:\/\/www.megastitch.eu\/cs\/wp-json\/wp\/v2\/product\/1705"}],"collection":[{"href":"https:\/\/www.megastitch.eu\/cs\/wp-json\/wp\/v2\/product"}],"about":[{"href":"https:\/\/www.megastitch.eu\/cs\/wp-json\/wp\/v2\/types\/product"}],"replies":[{"embeddable":true,"href":"https:\/\/www.megastitch.eu\/cs\/wp-json\/wp\/v2\/comments?post=1705"}],"wp:featuredmedia":[{"embeddable":true,"href":"https:\/\/www.megastitch.eu\/cs\/wp-json\/wp\/v2\/media\/1706"}],"wp:attachment":[{"href":"https:\/\/www.megastitch.eu\/cs\/wp-json\/wp\/v2\/media?parent=1705"}],"wp:term":[{"taxonomy":"product_cat","embeddable":true,"href":"https:\/\/www.megastitch.eu\/cs\/wp-json\/wp\/v2\/product_cat?post=1705"},{"taxonomy":"product_tag","embeddable":true,"href":"https:\/\/www.megastitch.eu\/cs\/wp-json\/wp\/v2\/product_tag?post=1705"}],"curies":[{"name":"wp","href":"https:\/\/api.w.org\/{rel}","templated":true}]}}