	{"id":1713,"date":"2019-11-19T00:09:45","date_gmt":"2019-11-18T23:09:45","guid":{"rendered":"https:\/\/www.megastitch.eu\/?post_type=product&#038;p=1713"},"modified":"2022-12-18T15:08:11","modified_gmt":"2022-12-18T14:08:11","slug":"horska-koza","status":"publish","type":"product","link":"https:\/\/www.megastitch.eu\/cs\/obchod\/magnetky\/zvierata\/horska-koza\/","title":{"rendered":"Horsk\u00e1 koza"},"content":{"rendered":"<div class=\"nolwrap\"><p>Dizajn tejto magnetickej ihelni\u010dky s obr\u00e1zkom horskej kozy je ako stvoren\u00fd pre v\u0161etky milovn\u00ed\u010dky zvierat a pr\u00edrody. Obr\u00e1zok na magnetky pote\u0161\u00ed v\u00e1\u0161 poh\u013ead a sila neodymov\u00e9ho magnetu u\u013eah\u010d\u00ed va\u0161u pr\u00e1cu na v\u00fd\u0161ivke t\u00fdm, \u017ee v\u0161etky ihly aj no\u017eni\u010dky udr\u017e\u00ed pevne na mieste. Pote\u0161te sa kr\u00e1sou a silou tejto magnetky.<\/p>\n<\/div>","protected":false},"excerpt":{"rendered":"<p>Magnetka na dr\u017eanie ihiel pri vy\u0161\u00edvan\u00ed s obr\u00e1zkom horskej kozy pote\u0161\u00ed poh\u013ead ka\u017edej milovn\u00ed\u010dky zvierat. Pevn\u00fd neodymov\u00fd magnet v nej udr\u017e\u00ed va\u0161e ihly na mieste.<\/p>\n","protected":false},"featured_media":1714,"comment_status":"closed","ping_status":"closed","template":"","meta":{"_uag_custom_page_level_css":"","ngg_post_thumbnail":0},"product_cat":[19,23],"product_tag":[],"aioseo_notices":[],"featured_image_urls":{"full":["https:\/\/www.megastitch.eu\/wp-content\/uploads\/2019\/11\/horska_koza.png",420,420,false],"thumbnail":["https:\/\/www.megastitch.eu\/wp-content\/uploads\/2019\/11\/horska_koza-150x150.png",150,150,true],"medium":["https:\/\/www.megastitch.eu\/wp-content\/uploads\/2019\/11\/horska_koza-300x300.png",300,300,true],"medium_large":["https:\/\/www.megastitch.eu\/wp-content\/uploads\/2019\/11\/horska_koza.png",420,420,false],"large":["https:\/\/www.megastitch.eu\/wp-content\/uploads\/2019\/11\/horska_koza.png",420,420,false],"1536x1536":["https:\/\/www.megastitch.eu\/wp-content\/uploads\/2019\/11\/horska_koza.png",420,420,false],"2048x2048":["https:\/\/www.megastitch.eu\/wp-content\/uploads\/2019\/11\/horska_koza.png",420,420,false],"ultp_layout_landscape_large":["https:\/\/www.megastitch.eu\/wp-content\/uploads\/2019\/11\/horska_koza.png",420,420,false],"ultp_layout_landscape":["https:\/\/www.megastitch.eu\/wp-content\/uploads\/2019\/11\/horska_koza.png",420,420,false],"ultp_layout_portrait":["https:\/\/www.megastitch.eu\/wp-content\/uploads\/2019\/11\/horska_koza.png",420,420,false],"ultp_layout_square":["https:\/\/www.megastitch.eu\/wp-content\/uploads\/2019\/11\/horska_koza.png",420,420,false],"molla_post-grid":["https:\/\/www.megastitch.eu\/wp-content\/uploads\/2019\/11\/horska_koza.png",267,267,false],"woocommerce_thumbnail":["https:\/\/www.megastitch.eu\/wp-content\/uploads\/2019\/11\/horska_koza-300x300.png",300,300,true],"woocommerce_single":["https:\/\/www.megastitch.eu\/wp-content\/uploads\/2019\/11\/horska_koza.png",420,420,false],"woocommerce_gallery_thumbnail":["https:\/\/www.megastitch.eu\/wp-content\/uploads\/2019\/11\/horska_koza-100x100.png",100,100,true]},"post_excerpt_stackable":"<p>Magnetka na dr\u017eanie ihiel pri vy\u0161\u00edvan\u00ed s obr\u00e1zkom horskej kozy pote\u0161\u00ed poh\u013ead ka\u017edej milovn\u00ed\u010dky zvierat. Pevn\u00fd neodymov\u00fd magnet v nej udr\u017e\u00ed va\u0161e ihly na mieste.<\/p>\n","category_list":"","author_info":{"name":"","url":""},"comments_num":"0 comments","featured_image_urls_v2":{"full":["https:\/\/www.megastitch.eu\/wp-content\/uploads\/2019\/11\/horska_koza.png",420,420,false],"thumbnail":["https:\/\/www.megastitch.eu\/wp-content\/uploads\/2019\/11\/horska_koza-150x150.png",150,150,true],"medium":["https:\/\/www.megastitch.eu\/wp-content\/uploads\/2019\/11\/horska_koza-300x300.png",300,300,true],"medium_large":["https:\/\/www.megastitch.eu\/wp-content\/uploads\/2019\/11\/horska_koza.png",420,420,false],"large":["https:\/\/www.megastitch.eu\/wp-content\/uploads\/2019\/11\/horska_koza.png",420,420,false],"1536x1536":["https:\/\/www.megastitch.eu\/wp-content\/uploads\/2019\/11\/horska_koza.png",420,420,false],"2048x2048":["https:\/\/www.megastitch.eu\/wp-content\/uploads\/2019\/11\/horska_koza.png",420,420,false],"ultp_layout_landscape_large":["https:\/\/www.megastitch.eu\/wp-content\/uploads\/2019\/11\/horska_koza.png",420,420,false],"ultp_layout_landscape":["https:\/\/www.megastitch.eu\/wp-content\/uploads\/2019\/11\/horska_koza.png",420,420,false],"ultp_layout_portrait":["https:\/\/www.megastitch.eu\/wp-content\/uploads\/2019\/11\/horska_koza.png",420,420,false],"ultp_layout_square":["https:\/\/www.megastitch.eu\/wp-content\/uploads\/2019\/11\/horska_koza.png",420,420,false],"molla_post-grid":["https:\/\/www.megastitch.eu\/wp-content\/uploads\/2019\/11\/horska_koza.png",267,267,false],"woocommerce_thumbnail":["https:\/\/www.megastitch.eu\/wp-content\/uploads\/2019\/11\/horska_koza-300x300.png",300,300,true],"woocommerce_single":["https:\/\/www.megastitch.eu\/wp-content\/uploads\/2019\/11\/horska_koza.png",420,420,false],"woocommerce_gallery_thumbnail":["https:\/\/www.megastitch.eu\/wp-content\/uploads\/2019\/11\/horska_koza-100x100.png",100,100,true]},"post_excerpt_stackable_v2":"<p>Magnetka na dr\u017eanie ihiel pri vy\u0161\u00edvan\u00ed s obr\u00e1zkom horskej kozy pote\u0161\u00ed poh\u013ead ka\u017edej milovn\u00ed\u010dky zvierat. Pevn\u00fd neodymov\u00fd magnet v nej udr\u017e\u00ed va\u0161e ihly na mieste.<\/p>\n","category_list_v2":"","author_info_v2":{"name":"","url":""},"comments_num_v2":"0 comments","uagb_featured_image_src":{"full":["https:\/\/www.megastitch.eu\/wp-content\/uploads\/2019\/11\/horska_koza.png",420,420,false],"thumbnail":["https:\/\/www.megastitch.eu\/wp-content\/uploads\/2019\/11\/horska_koza-150x150.png",150,150,true],"medium":["https:\/\/www.megastitch.eu\/wp-content\/uploads\/2019\/11\/horska_koza-300x300.png",300,300,true],"medium_large":["https:\/\/www.megastitch.eu\/wp-content\/uploads\/2019\/11\/horska_koza.png",420,420,false],"large":["https:\/\/www.megastitch.eu\/wp-content\/uploads\/2019\/11\/horska_koza.png",420,420,false],"1536x1536":["https:\/\/www.megastitch.eu\/wp-content\/uploads\/2019\/11\/horska_koza.png",420,420,false],"2048x2048":["https:\/\/www.megastitch.eu\/wp-content\/uploads\/2019\/11\/horska_koza.png",420,420,false],"ultp_layout_landscape_large":["https:\/\/www.megastitch.eu\/wp-content\/uploads\/2019\/11\/horska_koza.png",420,420,false],"ultp_layout_landscape":["https:\/\/www.megastitch.eu\/wp-content\/uploads\/2019\/11\/horska_koza.png",420,420,false],"ultp_layout_portrait":["https:\/\/www.megastitch.eu\/wp-content\/uploads\/2019\/11\/horska_koza.png",420,420,false],"ultp_layout_square":["https:\/\/www.megastitch.eu\/wp-content\/uploads\/2019\/11\/horska_koza.png",420,420,false],"molla_post-grid":["https:\/\/www.megastitch.eu\/wp-content\/uploads\/2019\/11\/horska_koza.png",267,267,false],"woocommerce_thumbnail":["https:\/\/www.megastitch.eu\/wp-content\/uploads\/2019\/11\/horska_koza-300x300.png",300,300,true],"woocommerce_single":["https:\/\/www.megastitch.eu\/wp-content\/uploads\/2019\/11\/horska_koza.png",420,420,false],"woocommerce_gallery_thumbnail":["https:\/\/www.megastitch.eu\/wp-content\/uploads\/2019\/11\/horska_koza-100x100.png",100,100,true]},"uagb_author_info":{"display_name":"erbenova","author_link":"https:\/\/www.megastitch.eu\/cs\/author\/"},"uagb_comment_info":0,"uagb_excerpt":"Magnetka na dr\u017eanie ihiel pri vy\u0161\u00edvan\u00ed s obr\u00e1zkom horskej kozy pote\u0161\u00ed poh\u013ead ka\u017edej milovn\u00ed\u010dky zvierat. Pevn\u00fd neodymov\u00fd magnet v nej udr\u017e\u00ed va\u0161e ihly na mieste.","_links":{"self":[{"href":"https:\/\/www.megastitch.eu\/cs\/wp-json\/wp\/v2\/product\/1713"}],"collection":[{"href":"https:\/\/www.megastitch.eu\/cs\/wp-json\/wp\/v2\/product"}],"about":[{"href":"https:\/\/www.megastitch.eu\/cs\/wp-json\/wp\/v2\/types\/product"}],"replies":[{"embeddable":true,"href":"https:\/\/www.megastitch.eu\/cs\/wp-json\/wp\/v2\/comments?post=1713"}],"wp:featuredmedia":[{"embeddable":true,"href":"https:\/\/www.megastitch.eu\/cs\/wp-json\/wp\/v2\/media\/1714"}],"wp:attachment":[{"href":"https:\/\/www.megastitch.eu\/cs\/wp-json\/wp\/v2\/media?parent=1713"}],"wp:term":[{"taxonomy":"product_cat","embeddable":true,"href":"https:\/\/www.megastitch.eu\/cs\/wp-json\/wp\/v2\/product_cat?post=1713"},{"taxonomy":"product_tag","embeddable":true,"href":"https:\/\/www.megastitch.eu\/cs\/wp-json\/wp\/v2\/product_tag?post=1713"}],"curies":[{"name":"wp","href":"https:\/\/api.w.org\/{rel}","templated":true}]}}