	{"id":1753,"date":"2019-11-19T00:09:57","date_gmt":"2019-11-18T23:09:57","guid":{"rendered":"https:\/\/www.megastitch.eu\/?post_type=product&#038;p=1753"},"modified":"2022-03-14T15:48:13","modified_gmt":"2022-03-14T14:48:13","slug":"ladova-bublina","status":"publish","type":"product","link":"https:\/\/www.megastitch.eu\/cs\/obchod\/magnetky\/priroda\/zima\/ladova-bublina\/","title":{"rendered":"\u013dadov\u00e1 bublina"},"content":{"rendered":"<div class=\"nolwrap\"><p>Bublina na snehu sa zmen\u00ed na kry\u0161t\u00e1lov\u00fa gu\u013eu. Tento dizajn magnetickej ihelni\u010dky v\u00e1\u0161 neomylne prenesie do zimnej n\u00e1lady. Siln\u00fd neodymov\u00fd magnet v magnetke bude skvel\u00fdm pomocn\u00edkom pri vy\u0161\u00edvan\u00ed, preto\u017ee dok\u00e1\u017ee pevne udr\u017ea\u0165 nielen vy\u0161\u00edvacie ihly, ale aj va\u0161e no\u017eni\u010dky na svojom mieste.<\/p>\n<\/div>","protected":false},"excerpt":{"rendered":"<p>Magnetick\u00e1 ihelni\u010dka s obr\u00e1zkom \u013eadovej zamrznutej bubliny prinesie zimu a \u013eadov\u00fa kr\u00e1su. Neodymov\u00fd magnet pote\u0161\u00ed svojou silou, ktorou pevne udr\u017e\u00ed vy\u0161\u00edvacie ihly.<\/p>\n","protected":false},"featured_media":1754,"comment_status":"closed","ping_status":"closed","template":"","meta":{"_uag_custom_page_level_css":"","ngg_post_thumbnail":0},"product_cat":[19,119,120],"product_tag":[122],"aioseo_notices":[],"featured_image_urls":{"full":["https:\/\/www.megastitch.eu\/wp-content\/uploads\/2019\/11\/ladova_bublina.png",420,420,false],"thumbnail":["https:\/\/www.megastitch.eu\/wp-content\/uploads\/2019\/11\/ladova_bublina-150x150.png",150,150,true],"medium":["https:\/\/www.megastitch.eu\/wp-content\/uploads\/2019\/11\/ladova_bublina-300x300.png",300,300,true],"medium_large":["https:\/\/www.megastitch.eu\/wp-content\/uploads\/2019\/11\/ladova_bublina.png",420,420,false],"large":["https:\/\/www.megastitch.eu\/wp-content\/uploads\/2019\/11\/ladova_bublina.png",420,420,false],"1536x1536":["https:\/\/www.megastitch.eu\/wp-content\/uploads\/2019\/11\/ladova_bublina.png",420,420,false],"2048x2048":["https:\/\/www.megastitch.eu\/wp-content\/uploads\/2019\/11\/ladova_bublina.png",420,420,false],"ultp_layout_landscape_large":["https:\/\/www.megastitch.eu\/wp-content\/uploads\/2019\/11\/ladova_bublina.png",420,420,false],"ultp_layout_landscape":["https:\/\/www.megastitch.eu\/wp-content\/uploads\/2019\/11\/ladova_bublina.png",420,420,false],"ultp_layout_portrait":["https:\/\/www.megastitch.eu\/wp-content\/uploads\/2019\/11\/ladova_bublina.png",420,420,false],"ultp_layout_square":["https:\/\/www.megastitch.eu\/wp-content\/uploads\/2019\/11\/ladova_bublina.png",420,420,false],"molla_post-grid":["https:\/\/www.megastitch.eu\/wp-content\/uploads\/2019\/11\/ladova_bublina.png",267,267,false],"woocommerce_thumbnail":["https:\/\/www.megastitch.eu\/wp-content\/uploads\/2019\/11\/ladova_bublina-300x300.png",300,300,true],"woocommerce_single":["https:\/\/www.megastitch.eu\/wp-content\/uploads\/2019\/11\/ladova_bublina.png",420,420,false],"woocommerce_gallery_thumbnail":["https:\/\/www.megastitch.eu\/wp-content\/uploads\/2019\/11\/ladova_bublina-100x100.png",100,100,true]},"post_excerpt_stackable":"<p>Magnetick\u00e1 ihelni\u010dka s obr\u00e1zkom \u013eadovej zamrznutej bubliny prinesie zimu a \u013eadov\u00fa kr\u00e1su. Neodymov\u00fd magnet pote\u0161\u00ed svojou silou, ktorou pevne udr\u017e\u00ed vy\u0161\u00edvacie ihly.<\/p>\n","category_list":"","author_info":{"name":"","url":""},"comments_num":"0 comments","featured_image_urls_v2":{"full":["https:\/\/www.megastitch.eu\/wp-content\/uploads\/2019\/11\/ladova_bublina.png",420,420,false],"thumbnail":["https:\/\/www.megastitch.eu\/wp-content\/uploads\/2019\/11\/ladova_bublina-150x150.png",150,150,true],"medium":["https:\/\/www.megastitch.eu\/wp-content\/uploads\/2019\/11\/ladova_bublina-300x300.png",300,300,true],"medium_large":["https:\/\/www.megastitch.eu\/wp-content\/uploads\/2019\/11\/ladova_bublina.png",420,420,false],"large":["https:\/\/www.megastitch.eu\/wp-content\/uploads\/2019\/11\/ladova_bublina.png",420,420,false],"1536x1536":["https:\/\/www.megastitch.eu\/wp-content\/uploads\/2019\/11\/ladova_bublina.png",420,420,false],"2048x2048":["https:\/\/www.megastitch.eu\/wp-content\/uploads\/2019\/11\/ladova_bublina.png",420,420,false],"ultp_layout_landscape_large":["https:\/\/www.megastitch.eu\/wp-content\/uploads\/2019\/11\/ladova_bublina.png",420,420,false],"ultp_layout_landscape":["https:\/\/www.megastitch.eu\/wp-content\/uploads\/2019\/11\/ladova_bublina.png",420,420,false],"ultp_layout_portrait":["https:\/\/www.megastitch.eu\/wp-content\/uploads\/2019\/11\/ladova_bublina.png",420,420,false],"ultp_layout_square":["https:\/\/www.megastitch.eu\/wp-content\/uploads\/2019\/11\/ladova_bublina.png",420,420,false],"molla_post-grid":["https:\/\/www.megastitch.eu\/wp-content\/uploads\/2019\/11\/ladova_bublina.png",267,267,false],"woocommerce_thumbnail":["https:\/\/www.megastitch.eu\/wp-content\/uploads\/2019\/11\/ladova_bublina-300x300.png",300,300,true],"woocommerce_single":["https:\/\/www.megastitch.eu\/wp-content\/uploads\/2019\/11\/ladova_bublina.png",420,420,false],"woocommerce_gallery_thumbnail":["https:\/\/www.megastitch.eu\/wp-content\/uploads\/2019\/11\/ladova_bublina-100x100.png",100,100,true]},"post_excerpt_stackable_v2":"<p>Magnetick\u00e1 ihelni\u010dka s obr\u00e1zkom \u013eadovej zamrznutej bubliny prinesie zimu a \u013eadov\u00fa kr\u00e1su. Neodymov\u00fd magnet pote\u0161\u00ed svojou silou, ktorou pevne udr\u017e\u00ed vy\u0161\u00edvacie ihly.<\/p>\n","category_list_v2":"","author_info_v2":{"name":"","url":""},"comments_num_v2":"0 comments","uagb_featured_image_src":{"full":["https:\/\/www.megastitch.eu\/wp-content\/uploads\/2019\/11\/ladova_bublina.png",420,420,false],"thumbnail":["https:\/\/www.megastitch.eu\/wp-content\/uploads\/2019\/11\/ladova_bublina-150x150.png",150,150,true],"medium":["https:\/\/www.megastitch.eu\/wp-content\/uploads\/2019\/11\/ladova_bublina-300x300.png",300,300,true],"medium_large":["https:\/\/www.megastitch.eu\/wp-content\/uploads\/2019\/11\/ladova_bublina.png",420,420,false],"large":["https:\/\/www.megastitch.eu\/wp-content\/uploads\/2019\/11\/ladova_bublina.png",420,420,false],"1536x1536":["https:\/\/www.megastitch.eu\/wp-content\/uploads\/2019\/11\/ladova_bublina.png",420,420,false],"2048x2048":["https:\/\/www.megastitch.eu\/wp-content\/uploads\/2019\/11\/ladova_bublina.png",420,420,false],"ultp_layout_landscape_large":["https:\/\/www.megastitch.eu\/wp-content\/uploads\/2019\/11\/ladova_bublina.png",420,420,false],"ultp_layout_landscape":["https:\/\/www.megastitch.eu\/wp-content\/uploads\/2019\/11\/ladova_bublina.png",420,420,false],"ultp_layout_portrait":["https:\/\/www.megastitch.eu\/wp-content\/uploads\/2019\/11\/ladova_bublina.png",420,420,false],"ultp_layout_square":["https:\/\/www.megastitch.eu\/wp-content\/uploads\/2019\/11\/ladova_bublina.png",420,420,false],"molla_post-grid":["https:\/\/www.megastitch.eu\/wp-content\/uploads\/2019\/11\/ladova_bublina.png",267,267,false],"woocommerce_thumbnail":["https:\/\/www.megastitch.eu\/wp-content\/uploads\/2019\/11\/ladova_bublina-300x300.png",300,300,true],"woocommerce_single":["https:\/\/www.megastitch.eu\/wp-content\/uploads\/2019\/11\/ladova_bublina.png",420,420,false],"woocommerce_gallery_thumbnail":["https:\/\/www.megastitch.eu\/wp-content\/uploads\/2019\/11\/ladova_bublina-100x100.png",100,100,true]},"uagb_author_info":{"display_name":"erbenova","author_link":"https:\/\/www.megastitch.eu\/cs\/author\/"},"uagb_comment_info":0,"uagb_excerpt":"Magnetick\u00e1 ihelni\u010dka s obr\u00e1zkom \u013eadovej zamrznutej bubliny prinesie zimu a \u013eadov\u00fa kr\u00e1su. Neodymov\u00fd magnet pote\u0161\u00ed svojou silou, ktorou pevne udr\u017e\u00ed vy\u0161\u00edvacie ihly.","_links":{"self":[{"href":"https:\/\/www.megastitch.eu\/cs\/wp-json\/wp\/v2\/product\/1753"}],"collection":[{"href":"https:\/\/www.megastitch.eu\/cs\/wp-json\/wp\/v2\/product"}],"about":[{"href":"https:\/\/www.megastitch.eu\/cs\/wp-json\/wp\/v2\/types\/product"}],"replies":[{"embeddable":true,"href":"https:\/\/www.megastitch.eu\/cs\/wp-json\/wp\/v2\/comments?post=1753"}],"wp:featuredmedia":[{"embeddable":true,"href":"https:\/\/www.megastitch.eu\/cs\/wp-json\/wp\/v2\/media\/1754"}],"wp:attachment":[{"href":"https:\/\/www.megastitch.eu\/cs\/wp-json\/wp\/v2\/media?parent=1753"}],"wp:term":[{"taxonomy":"product_cat","embeddable":true,"href":"https:\/\/www.megastitch.eu\/cs\/wp-json\/wp\/v2\/product_cat?post=1753"},{"taxonomy":"product_tag","embeddable":true,"href":"https:\/\/www.megastitch.eu\/cs\/wp-json\/wp\/v2\/product_tag?post=1753"}],"curies":[{"name":"wp","href":"https:\/\/api.w.org\/{rel}","templated":true}]}}