	{"id":17767,"date":"2020-09-24T13:24:12","date_gmt":"2020-09-24T11:24:12","guid":{"rendered":"https:\/\/www.megastitch.eu\/?post_type=product&#038;p=17767"},"modified":"2023-05-19T19:44:31","modified_gmt":"2023-05-19T17:44:31","slug":"sketch-cafe","status":"publish","type":"product","link":"https:\/\/www.megastitch.eu\/cs\/obchod\/predlohy-na-vysivanie\/stredne-predlohy\/sketch-cafe\/","title":{"rendered":"Sketch Cafe"},"content":{"rendered":"<div class=\"nolwrap\"><p>Autor ilustr\u00e1cie: <a title=\"Irina Shelmenko\" href=\"https:\/\/vk.com\/irinashelmenko\" target=\"_blank\" rel=\"noopener noreferrer\">Irina Shelmenko<\/a><\/p>\n<h4>Inform\u00e1cie o predlohe<\/h4>\n<p><strong>Po\u010det kr\u00ed\u017eikov: 91 x 136<\/strong><br \/>\n<strong>Bavlnky: <\/strong>DMC<br \/>\n<strong>Po\u010det farieb:<\/strong> 41 + 4 blends<br \/>\n<strong>Pou\u017eit\u00e9 techniky:<\/strong> kr\u00ed\u017eik, polkr\u00ed\u017eik, ob\u0161\u00edvanie, franc\u00fazske uzl\u00edky<\/p>\n<p><span class=\"tlid-translation translation\" lang=\"en\"><span class=\"\" title=\"\"><a title=\"Cross stitch pattern Sketch Cafe - available to buy on external page\" href=\"https:\/\/vk.com\/photo-175451788_457242480\" target=\"_blank\" rel=\"nofollow noopener noreferrer\"><strong>Dostupn\u00e9 na externej str\u00e1nke<\/strong><\/a> &#8211; v skupine kurzu dizajn\u00e9rov predl\u00f4h na <a href=\"https:\/\/vk.com\/disotadoya\" target=\"_blank\" rel=\"noopener noreferrer\">vk.com<\/a>.<\/span><\/span><\/p>\n<h4>S\u00fabory na stiahnutie:<\/h4>\n<ul>\n<li>pdf s\u00fabor v \u010dierno-bielej verzii &#8211; s ob\u0161\u00edvan\u00edm alebo bez<\/li>\n<li>pdf s\u00fabor vo farebnej verzii &#8211; s ob\u0161\u00edvan\u00edm alebo bez<\/li>\n<li>cssaga s\u00fabor<\/li>\n<\/ul>\n<\/div>","protected":false},"excerpt":{"rendered":"<p><span style=\"font-weight: 400\">Po\u010duli ste u\u017e \u017eivotn\u00e9 motto: <strong>\u201eBez k\u00e1vy nena\u0161tartujem!\u201c<\/strong> ? Pri poh\u013eade na t\u00fato predlohu to inak ani nejde. D\u00fa\u0161ok k\u00e1vy a bavlnky v\u0161ade okolo v\u00e1s. Tak\u00e1to m\u00f4\u017ee by\u0165 aj va\u0161a idylka s mojou predlohou.<\/span><\/p>\n<p><strong>Po\u010det kr\u00ed\u017eikov: 91 x 136<\/strong><br \/>\n<strong>Bavlnky: <\/strong>DMC<br \/>\n<strong>Po\u010det farieb:<\/strong> 41 + 4 blends<br \/>\n<strong>Pou\u017eit\u00e9 techniky:<\/strong> kr\u00ed\u017eik, polkr\u00ed\u017eik, ob\u0161\u00edvanie, franc\u00fazske uzl\u00edky<\/p>\n<p><span class=\"tlid-translation translation\" lang=\"en\"><span class=\"\" title=\"\"><a title=\"Cross stitch pattern Sketch Cafe - available to buy on external page\" href=\"https:\/\/vk.com\/photo-175451788_457242480\" target=\"_blank\" rel=\"nofollow noopener noreferrer\"><strong>Dostupn\u00e9 na externej str\u00e1nke<\/strong><\/a> &#8211; v skupine kurzu dizajn\u00e9rov predl\u00f4h na <a href=\"https:\/\/vk.com\/disotadoya\" target=\"_blank\" rel=\"noopener noreferrer\">vk.com<\/a>.<\/span><\/span><\/p>\n","protected":false},"featured_media":17770,"comment_status":"open","ping_status":"closed","template":"","meta":{"_uag_custom_page_level_css":"","ngg_post_thumbnail":0},"product_cat":[257,131,138],"product_tag":[322,149,148,139],"aioseo_notices":[],"featured_image_urls":{"full":["https:\/\/www.megastitch.eu\/wp-content\/uploads\/2020\/09\/sketch_cafe_dizajnerom.jpg",948,1024,false],"thumbnail":["https:\/\/www.megastitch.eu\/wp-content\/uploads\/2020\/09\/sketch_cafe_dizajnerom-150x150.jpg",150,150,true],"medium":["https:\/\/www.megastitch.eu\/wp-content\/uploads\/2020\/09\/sketch_cafe_dizajnerom-278x300.jpg",278,300,true],"medium_large":["https:\/\/www.megastitch.eu\/wp-content\/uploads\/2020\/09\/sketch_cafe_dizajnerom-768x830.jpg",768,830,true],"large":["https:\/\/www.megastitch.eu\/wp-content\/uploads\/2020\/09\/sketch_cafe_dizajnerom-948x1024.jpg",948,1024,true],"1536x1536":["https:\/\/www.megastitch.eu\/wp-content\/uploads\/2020\/09\/sketch_cafe_dizajnerom.jpg",948,1024,false],"2048x2048":["https:\/\/www.megastitch.eu\/wp-content\/uploads\/2020\/09\/sketch_cafe_dizajnerom.jpg",948,1024,false],"ultp_layout_landscape_large":["https:\/\/www.megastitch.eu\/wp-content\/uploads\/2020\/09\/sketch_cafe_dizajnerom.jpg",741,800,false],"ultp_layout_landscape":["https:\/\/www.megastitch.eu\/wp-content\/uploads\/2020\/09\/sketch_cafe_dizajnerom.jpg",528,570,false],"ultp_layout_portrait":["https:\/\/www.megastitch.eu\/wp-content\/uploads\/2020\/09\/sketch_cafe_dizajnerom.jpg",600,648,false],"ultp_layout_square":["https:\/\/www.megastitch.eu\/wp-content\/uploads\/2020\/09\/sketch_cafe_dizajnerom.jpg",555,600,false],"molla_post-grid":["https:\/\/www.megastitch.eu\/wp-content\/uploads\/2020\/09\/sketch_cafe_dizajnerom.jpg",247,267,false],"woocommerce_thumbnail":["https:\/\/www.megastitch.eu\/wp-content\/uploads\/2020\/09\/sketch_cafe_dizajnerom-300x324.jpg",300,324,true],"woocommerce_single":["https:\/\/www.megastitch.eu\/wp-content\/uploads\/2020\/09\/sketch_cafe_dizajnerom-600x648.jpg",600,648,true],"woocommerce_gallery_thumbnail":["https:\/\/www.megastitch.eu\/wp-content\/uploads\/2020\/09\/sketch_cafe_dizajnerom-100x100.jpg",100,100,true]},"post_excerpt_stackable":"<p><span style=\"font-weight: 400\">Po\u010duli ste u\u017e \u017eivotn\u00e9 motto: <strong>\u201eBez k\u00e1vy nena\u0161tartujem!\u201c<\/strong> ? Pri poh\u013eade na t\u00fato predlohu to inak ani nejde. D\u00fa\u0161ok k\u00e1vy a bavlnky v\u0161ade okolo v\u00e1s. Tak\u00e1to m\u00f4\u017ee by\u0165 aj va\u0161a idylka s mojou predlohou.<\/span><\/p>\n<p><strong>Po\u010det kr\u00ed\u017eikov: 91 x 136<\/strong><br \/>\n<strong>Bavlnky: <\/strong>DMC<br \/>\n<strong>Po\u010det farieb:<\/strong> 41 + 4 blends<br \/>\n<strong>Pou\u017eit\u00e9 techniky:<\/strong> kr\u00ed\u017eik, polkr\u00ed\u017eik, ob\u0161\u00edvanie, franc\u00fazske uzl\u00edky<\/p>\n<p><span class=\"tlid-translation translation\" lang=\"en\"><span class=\"\" title=\"\"><a title=\"Cross stitch pattern Sketch Cafe - available to buy on external page\" href=\"https:\/\/vk.com\/photo-175451788_457242480\" target=\"_blank\" rel=\"nofollow noopener noreferrer\"><strong>Dostupn\u00e9 na externej str\u00e1nke<\/strong><\/a> &#8211; v skupine kurzu dizajn\u00e9rov predl\u00f4h na <a href=\"https:\/\/vk.com\/disotadoya\" target=\"_blank\" rel=\"noopener noreferrer\">vk.com<\/a>.<\/span><\/span><\/p>\n","category_list":"","author_info":{"name":"","url":""},"comments_num":"0 comments","featured_image_urls_v2":{"full":["https:\/\/www.megastitch.eu\/wp-content\/uploads\/2020\/09\/sketch_cafe_dizajnerom.jpg",948,1024,false],"thumbnail":["https:\/\/www.megastitch.eu\/wp-content\/uploads\/2020\/09\/sketch_cafe_dizajnerom-150x150.jpg",150,150,true],"medium":["https:\/\/www.megastitch.eu\/wp-content\/uploads\/2020\/09\/sketch_cafe_dizajnerom-278x300.jpg",278,300,true],"medium_large":["https:\/\/www.megastitch.eu\/wp-content\/uploads\/2020\/09\/sketch_cafe_dizajnerom-768x830.jpg",768,830,true],"large":["https:\/\/www.megastitch.eu\/wp-content\/uploads\/2020\/09\/sketch_cafe_dizajnerom-948x1024.jpg",948,1024,true],"1536x1536":["https:\/\/www.megastitch.eu\/wp-content\/uploads\/2020\/09\/sketch_cafe_dizajnerom.jpg",948,1024,false],"2048x2048":["https:\/\/www.megastitch.eu\/wp-content\/uploads\/2020\/09\/sketch_cafe_dizajnerom.jpg",948,1024,false],"ultp_layout_landscape_large":["https:\/\/www.megastitch.eu\/wp-content\/uploads\/2020\/09\/sketch_cafe_dizajnerom.jpg",741,800,false],"ultp_layout_landscape":["https:\/\/www.megastitch.eu\/wp-content\/uploads\/2020\/09\/sketch_cafe_dizajnerom.jpg",528,570,false],"ultp_layout_portrait":["https:\/\/www.megastitch.eu\/wp-content\/uploads\/2020\/09\/sketch_cafe_dizajnerom.jpg",600,648,false],"ultp_layout_square":["https:\/\/www.megastitch.eu\/wp-content\/uploads\/2020\/09\/sketch_cafe_dizajnerom.jpg",555,600,false],"molla_post-grid":["https:\/\/www.megastitch.eu\/wp-content\/uploads\/2020\/09\/sketch_cafe_dizajnerom.jpg",247,267,false],"woocommerce_thumbnail":["https:\/\/www.megastitch.eu\/wp-content\/uploads\/2020\/09\/sketch_cafe_dizajnerom-300x324.jpg",300,324,true],"woocommerce_single":["https:\/\/www.megastitch.eu\/wp-content\/uploads\/2020\/09\/sketch_cafe_dizajnerom-600x648.jpg",600,648,true],"woocommerce_gallery_thumbnail":["https:\/\/www.megastitch.eu\/wp-content\/uploads\/2020\/09\/sketch_cafe_dizajnerom-100x100.jpg",100,100,true]},"post_excerpt_stackable_v2":"<p><span style=\"font-weight: 400\">Po\u010duli ste u\u017e \u017eivotn\u00e9 motto: <strong>\u201eBez k\u00e1vy nena\u0161tartujem!\u201c<\/strong> ? Pri poh\u013eade na t\u00fato predlohu to inak ani nejde. D\u00fa\u0161ok k\u00e1vy a bavlnky v\u0161ade okolo v\u00e1s. Tak\u00e1to m\u00f4\u017ee by\u0165 aj va\u0161a idylka s mojou predlohou.<\/span><\/p>\n<p><strong>Po\u010det kr\u00ed\u017eikov: 91 x 136<\/strong><br \/>\n<strong>Bavlnky: <\/strong>DMC<br \/>\n<strong>Po\u010det farieb:<\/strong> 41 + 4 blends<br \/>\n<strong>Pou\u017eit\u00e9 techniky:<\/strong> kr\u00ed\u017eik, polkr\u00ed\u017eik, ob\u0161\u00edvanie, franc\u00fazske uzl\u00edky<\/p>\n<p><span class=\"tlid-translation translation\" lang=\"en\"><span class=\"\" title=\"\"><a title=\"Cross stitch pattern Sketch Cafe - available to buy on external page\" href=\"https:\/\/vk.com\/photo-175451788_457242480\" target=\"_blank\" rel=\"nofollow noopener noreferrer\"><strong>Dostupn\u00e9 na externej str\u00e1nke<\/strong><\/a> &#8211; v skupine kurzu dizajn\u00e9rov predl\u00f4h na <a href=\"https:\/\/vk.com\/disotadoya\" target=\"_blank\" rel=\"noopener noreferrer\">vk.com<\/a>.<\/span><\/span><\/p>\n","category_list_v2":"","author_info_v2":{"name":"","url":""},"comments_num_v2":"0 comments","uagb_featured_image_src":{"full":["https:\/\/www.megastitch.eu\/wp-content\/uploads\/2020\/09\/sketch_cafe_dizajnerom.jpg",948,1024,false],"thumbnail":["https:\/\/www.megastitch.eu\/wp-content\/uploads\/2020\/09\/sketch_cafe_dizajnerom-150x150.jpg",150,150,true],"medium":["https:\/\/www.megastitch.eu\/wp-content\/uploads\/2020\/09\/sketch_cafe_dizajnerom-278x300.jpg",278,300,true],"medium_large":["https:\/\/www.megastitch.eu\/wp-content\/uploads\/2020\/09\/sketch_cafe_dizajnerom-768x830.jpg",768,830,true],"large":["https:\/\/www.megastitch.eu\/wp-content\/uploads\/2020\/09\/sketch_cafe_dizajnerom-948x1024.jpg",948,1024,true],"1536x1536":["https:\/\/www.megastitch.eu\/wp-content\/uploads\/2020\/09\/sketch_cafe_dizajnerom.jpg",948,1024,false],"2048x2048":["https:\/\/www.megastitch.eu\/wp-content\/uploads\/2020\/09\/sketch_cafe_dizajnerom.jpg",948,1024,false],"ultp_layout_landscape_large":["https:\/\/www.megastitch.eu\/wp-content\/uploads\/2020\/09\/sketch_cafe_dizajnerom.jpg",741,800,false],"ultp_layout_landscape":["https:\/\/www.megastitch.eu\/wp-content\/uploads\/2020\/09\/sketch_cafe_dizajnerom.jpg",528,570,false],"ultp_layout_portrait":["https:\/\/www.megastitch.eu\/wp-content\/uploads\/2020\/09\/sketch_cafe_dizajnerom.jpg",600,648,false],"ultp_layout_square":["https:\/\/www.megastitch.eu\/wp-content\/uploads\/2020\/09\/sketch_cafe_dizajnerom.jpg",555,600,false],"molla_post-grid":["https:\/\/www.megastitch.eu\/wp-content\/uploads\/2020\/09\/sketch_cafe_dizajnerom.jpg",247,267,false],"woocommerce_thumbnail":["https:\/\/www.megastitch.eu\/wp-content\/uploads\/2020\/09\/sketch_cafe_dizajnerom-300x324.jpg",300,324,true],"woocommerce_single":["https:\/\/www.megastitch.eu\/wp-content\/uploads\/2020\/09\/sketch_cafe_dizajnerom-600x648.jpg",600,648,true],"woocommerce_gallery_thumbnail":["https:\/\/www.megastitch.eu\/wp-content\/uploads\/2020\/09\/sketch_cafe_dizajnerom-100x100.jpg",100,100,true]},"uagb_author_info":{"display_name":"monika","author_link":"https:\/\/www.megastitch.eu\/cs\/author\/"},"uagb_comment_info":0,"uagb_excerpt":"Po\u010duli ste u\u017e \u017eivotn\u00e9 motto: \u201eBez k\u00e1vy nena\u0161tartujem!\u201c ? Pri poh\u013eade na t\u00fato predlohu to inak ani nejde. D\u00fa\u0161ok k\u00e1vy a bavlnky v\u0161ade okolo v\u00e1s. Tak\u00e1to m\u00f4\u017ee by\u0165 aj va\u0161a idylka s mojou predlohou. Po\u010det kr\u00ed\u017eikov: 91 x 136 Bavlnky: DMC Po\u010det farieb: 41 + 4 blends Pou\u017eit\u00e9 techniky: kr\u00ed\u017eik, polkr\u00ed\u017eik, ob\u0161\u00edvanie, franc\u00fazske uzl\u00edky Dostupn\u00e9&hellip;","_links":{"self":[{"href":"https:\/\/www.megastitch.eu\/cs\/wp-json\/wp\/v2\/product\/17767"}],"collection":[{"href":"https:\/\/www.megastitch.eu\/cs\/wp-json\/wp\/v2\/product"}],"about":[{"href":"https:\/\/www.megastitch.eu\/cs\/wp-json\/wp\/v2\/types\/product"}],"replies":[{"embeddable":true,"href":"https:\/\/www.megastitch.eu\/cs\/wp-json\/wp\/v2\/comments?post=17767"}],"wp:featuredmedia":[{"embeddable":true,"href":"https:\/\/www.megastitch.eu\/cs\/wp-json\/wp\/v2\/media\/17770"}],"wp:attachment":[{"href":"https:\/\/www.megastitch.eu\/cs\/wp-json\/wp\/v2\/media?parent=17767"}],"wp:term":[{"taxonomy":"product_cat","embeddable":true,"href":"https:\/\/www.megastitch.eu\/cs\/wp-json\/wp\/v2\/product_cat?post=17767"},{"taxonomy":"product_tag","embeddable":true,"href":"https:\/\/www.megastitch.eu\/cs\/wp-json\/wp\/v2\/product_tag?post=17767"}],"curies":[{"name":"wp","href":"https:\/\/api.w.org\/{rel}","templated":true}]}}