	{"id":1874,"date":"2019-12-02T16:12:48","date_gmt":"2019-12-02T15:12:48","guid":{"rendered":"https:\/\/www.megastitch.eu\/?post_type=product&#038;p=1874"},"modified":"2022-05-08T00:51:00","modified_gmt":"2022-05-07T22:51:00","slug":"fraktal","status":"publish","type":"product","link":"https:\/\/www.megastitch.eu\/cs\/obchod\/magnetky\/ostatne\/fraktal\/","title":{"rendered":"Frakt\u00e1l"},"content":{"rendered":"<div class=\"nolwrap\"><p>Dizajn tejto magnetickej ihelni\u010dky je naozaj vydaren\u00fd. Obr\u00e1zok leskl\u00e9ho frakt\u00e1lu pote\u0161\u00ed poh\u013eady v\u0161etky poh\u013eady. Je to naozaj pekn\u00fd magnet, ktor\u00fd v\u00e1s pote\u0161\u00ed nielen svojim vzh\u013eadom, ale aj svojou funkciou. Pevn\u00fd neodymov\u00fd magnet bude dr\u017ea\u0165 va\u0161e ihly a no\u017eni\u010dky neomylne na svojom mieste.<\/p>\n<\/div>","protected":false},"excerpt":{"rendered":"<p>Magnetka na vy\u0161\u00edvanie s obr\u00e1zkom leskl\u00e9ho frakt\u00e1lu pote\u0161\u00ed v\u0161etky milovn\u00ed\u010dky Vianoc. Neodymov\u00fd magnet v nej o\u010dar\u00ed svojou silou, ktorou udr\u017e\u00ed v\u0161etky vy\u0161\u00edvacie ihly.<\/p>\n","protected":false},"featured_media":1770,"comment_status":"closed","ping_status":"closed","template":"","meta":{"_uag_custom_page_level_css":"","ngg_post_thumbnail":0},"product_cat":[19,28],"product_tag":[],"aioseo_notices":[],"featured_image_urls":{"full":["https:\/\/www.megastitch.eu\/wp-content\/uploads\/2019\/11\/vianocna_ozdoba.png",420,420,false],"thumbnail":["https:\/\/www.megastitch.eu\/wp-content\/uploads\/2019\/11\/vianocna_ozdoba-150x150.png",150,150,true],"medium":["https:\/\/www.megastitch.eu\/wp-content\/uploads\/2019\/11\/vianocna_ozdoba-300x300.png",300,300,true],"medium_large":["https:\/\/www.megastitch.eu\/wp-content\/uploads\/2019\/11\/vianocna_ozdoba.png",420,420,false],"large":["https:\/\/www.megastitch.eu\/wp-content\/uploads\/2019\/11\/vianocna_ozdoba.png",420,420,false],"1536x1536":["https:\/\/www.megastitch.eu\/wp-content\/uploads\/2019\/11\/vianocna_ozdoba.png",420,420,false],"2048x2048":["https:\/\/www.megastitch.eu\/wp-content\/uploads\/2019\/11\/vianocna_ozdoba.png",420,420,false],"ultp_layout_landscape_large":["https:\/\/www.megastitch.eu\/wp-content\/uploads\/2019\/11\/vianocna_ozdoba.png",420,420,false],"ultp_layout_landscape":["https:\/\/www.megastitch.eu\/wp-content\/uploads\/2019\/11\/vianocna_ozdoba.png",420,420,false],"ultp_layout_portrait":["https:\/\/www.megastitch.eu\/wp-content\/uploads\/2019\/11\/vianocna_ozdoba.png",420,420,false],"ultp_layout_square":["https:\/\/www.megastitch.eu\/wp-content\/uploads\/2019\/11\/vianocna_ozdoba.png",420,420,false],"molla_post-grid":["https:\/\/www.megastitch.eu\/wp-content\/uploads\/2019\/11\/vianocna_ozdoba.png",267,267,false],"woocommerce_thumbnail":["https:\/\/www.megastitch.eu\/wp-content\/uploads\/2019\/11\/vianocna_ozdoba-300x300.png",300,300,true],"woocommerce_single":["https:\/\/www.megastitch.eu\/wp-content\/uploads\/2019\/11\/vianocna_ozdoba.png",420,420,false],"woocommerce_gallery_thumbnail":["https:\/\/www.megastitch.eu\/wp-content\/uploads\/2019\/11\/vianocna_ozdoba-100x100.png",100,100,true]},"post_excerpt_stackable":"<p>Magnetka na vy\u0161\u00edvanie s obr\u00e1zkom leskl\u00e9ho frakt\u00e1lu pote\u0161\u00ed v\u0161etky milovn\u00ed\u010dky Vianoc. Neodymov\u00fd magnet v nej o\u010dar\u00ed svojou silou, ktorou udr\u017e\u00ed v\u0161etky vy\u0161\u00edvacie ihly.<\/p>\n","category_list":"","author_info":{"name":"","url":""},"comments_num":"0 comments","featured_image_urls_v2":{"full":["https:\/\/www.megastitch.eu\/wp-content\/uploads\/2019\/11\/vianocna_ozdoba.png",420,420,false],"thumbnail":["https:\/\/www.megastitch.eu\/wp-content\/uploads\/2019\/11\/vianocna_ozdoba-150x150.png",150,150,true],"medium":["https:\/\/www.megastitch.eu\/wp-content\/uploads\/2019\/11\/vianocna_ozdoba-300x300.png",300,300,true],"medium_large":["https:\/\/www.megastitch.eu\/wp-content\/uploads\/2019\/11\/vianocna_ozdoba.png",420,420,false],"large":["https:\/\/www.megastitch.eu\/wp-content\/uploads\/2019\/11\/vianocna_ozdoba.png",420,420,false],"1536x1536":["https:\/\/www.megastitch.eu\/wp-content\/uploads\/2019\/11\/vianocna_ozdoba.png",420,420,false],"2048x2048":["https:\/\/www.megastitch.eu\/wp-content\/uploads\/2019\/11\/vianocna_ozdoba.png",420,420,false],"ultp_layout_landscape_large":["https:\/\/www.megastitch.eu\/wp-content\/uploads\/2019\/11\/vianocna_ozdoba.png",420,420,false],"ultp_layout_landscape":["https:\/\/www.megastitch.eu\/wp-content\/uploads\/2019\/11\/vianocna_ozdoba.png",420,420,false],"ultp_layout_portrait":["https:\/\/www.megastitch.eu\/wp-content\/uploads\/2019\/11\/vianocna_ozdoba.png",420,420,false],"ultp_layout_square":["https:\/\/www.megastitch.eu\/wp-content\/uploads\/2019\/11\/vianocna_ozdoba.png",420,420,false],"molla_post-grid":["https:\/\/www.megastitch.eu\/wp-content\/uploads\/2019\/11\/vianocna_ozdoba.png",267,267,false],"woocommerce_thumbnail":["https:\/\/www.megastitch.eu\/wp-content\/uploads\/2019\/11\/vianocna_ozdoba-300x300.png",300,300,true],"woocommerce_single":["https:\/\/www.megastitch.eu\/wp-content\/uploads\/2019\/11\/vianocna_ozdoba.png",420,420,false],"woocommerce_gallery_thumbnail":["https:\/\/www.megastitch.eu\/wp-content\/uploads\/2019\/11\/vianocna_ozdoba-100x100.png",100,100,true]},"post_excerpt_stackable_v2":"<p>Magnetka na vy\u0161\u00edvanie s obr\u00e1zkom leskl\u00e9ho frakt\u00e1lu pote\u0161\u00ed v\u0161etky milovn\u00ed\u010dky Vianoc. Neodymov\u00fd magnet v nej o\u010dar\u00ed svojou silou, ktorou udr\u017e\u00ed v\u0161etky vy\u0161\u00edvacie ihly.<\/p>\n","category_list_v2":"","author_info_v2":{"name":"","url":""},"comments_num_v2":"0 comments","uagb_featured_image_src":{"full":["https:\/\/www.megastitch.eu\/wp-content\/uploads\/2019\/11\/vianocna_ozdoba.png",420,420,false],"thumbnail":["https:\/\/www.megastitch.eu\/wp-content\/uploads\/2019\/11\/vianocna_ozdoba-150x150.png",150,150,true],"medium":["https:\/\/www.megastitch.eu\/wp-content\/uploads\/2019\/11\/vianocna_ozdoba-300x300.png",300,300,true],"medium_large":["https:\/\/www.megastitch.eu\/wp-content\/uploads\/2019\/11\/vianocna_ozdoba.png",420,420,false],"large":["https:\/\/www.megastitch.eu\/wp-content\/uploads\/2019\/11\/vianocna_ozdoba.png",420,420,false],"1536x1536":["https:\/\/www.megastitch.eu\/wp-content\/uploads\/2019\/11\/vianocna_ozdoba.png",420,420,false],"2048x2048":["https:\/\/www.megastitch.eu\/wp-content\/uploads\/2019\/11\/vianocna_ozdoba.png",420,420,false],"ultp_layout_landscape_large":["https:\/\/www.megastitch.eu\/wp-content\/uploads\/2019\/11\/vianocna_ozdoba.png",420,420,false],"ultp_layout_landscape":["https:\/\/www.megastitch.eu\/wp-content\/uploads\/2019\/11\/vianocna_ozdoba.png",420,420,false],"ultp_layout_portrait":["https:\/\/www.megastitch.eu\/wp-content\/uploads\/2019\/11\/vianocna_ozdoba.png",420,420,false],"ultp_layout_square":["https:\/\/www.megastitch.eu\/wp-content\/uploads\/2019\/11\/vianocna_ozdoba.png",420,420,false],"molla_post-grid":["https:\/\/www.megastitch.eu\/wp-content\/uploads\/2019\/11\/vianocna_ozdoba.png",267,267,false],"woocommerce_thumbnail":["https:\/\/www.megastitch.eu\/wp-content\/uploads\/2019\/11\/vianocna_ozdoba-300x300.png",300,300,true],"woocommerce_single":["https:\/\/www.megastitch.eu\/wp-content\/uploads\/2019\/11\/vianocna_ozdoba.png",420,420,false],"woocommerce_gallery_thumbnail":["https:\/\/www.megastitch.eu\/wp-content\/uploads\/2019\/11\/vianocna_ozdoba-100x100.png",100,100,true]},"uagb_author_info":{"display_name":"erbenova","author_link":"https:\/\/www.megastitch.eu\/cs\/author\/"},"uagb_comment_info":0,"uagb_excerpt":"Magnetka na vy\u0161\u00edvanie s obr\u00e1zkom leskl\u00e9ho frakt\u00e1lu pote\u0161\u00ed v\u0161etky milovn\u00ed\u010dky Vianoc. Neodymov\u00fd magnet v nej o\u010dar\u00ed svojou silou, ktorou udr\u017e\u00ed v\u0161etky vy\u0161\u00edvacie ihly.","_links":{"self":[{"href":"https:\/\/www.megastitch.eu\/cs\/wp-json\/wp\/v2\/product\/1874"}],"collection":[{"href":"https:\/\/www.megastitch.eu\/cs\/wp-json\/wp\/v2\/product"}],"about":[{"href":"https:\/\/www.megastitch.eu\/cs\/wp-json\/wp\/v2\/types\/product"}],"replies":[{"embeddable":true,"href":"https:\/\/www.megastitch.eu\/cs\/wp-json\/wp\/v2\/comments?post=1874"}],"wp:featuredmedia":[{"embeddable":true,"href":"https:\/\/www.megastitch.eu\/cs\/wp-json\/wp\/v2\/media\/1770"}],"wp:attachment":[{"href":"https:\/\/www.megastitch.eu\/cs\/wp-json\/wp\/v2\/media?parent=1874"}],"wp:term":[{"taxonomy":"product_cat","embeddable":true,"href":"https:\/\/www.megastitch.eu\/cs\/wp-json\/wp\/v2\/product_cat?post=1874"},{"taxonomy":"product_tag","embeddable":true,"href":"https:\/\/www.megastitch.eu\/cs\/wp-json\/wp\/v2\/product_tag?post=1874"}],"curies":[{"name":"wp","href":"https:\/\/api.w.org\/{rel}","templated":true}]}}