	{"id":1875,"date":"2019-12-02T16:12:48","date_gmt":"2019-12-02T15:12:48","guid":{"rendered":"https:\/\/www.megastitch.eu\/?post_type=product&#038;p=1875"},"modified":"2023-08-04T19:06:43","modified_gmt":"2023-08-04T17:06:43","slug":"hroch-v-limonade","status":"publish","type":"product","link":"https:\/\/www.megastitch.eu\/cs\/obchod\/magnetky\/zvierata\/ostatne-zvierata\/hroch-v-limonade\/","title":{"rendered":"Hroch v limon\u00e1de"},"content":{"rendered":"<div class=\"nolwrap\"><p>Farebn\u00fd ma\u013eovan\u00fd dizajn tejto magnetky na dr\u017eanie ihly pri vy\u0161\u00edvan\u00ed ulahod\u00ed va\u0161im o\u010diam pri ka\u017edom poh\u013eade. Siln\u00fd neodymov\u00fd magnet v magnetke bude skvel\u00fdm pomocn\u00edkom pri vy\u0161\u00edvan\u00ed, preto\u017ee dok\u00e1\u017ee pevne udr\u017ea\u0165 nielen vy\u0161\u00edvacie ihly, ale aj va\u0161e no\u017eni\u010dky pevne na svojom mieste.<\/p>\n<p>Kreslen\u00fd obr\u00e1zok od autorky <strong>Sofia M Belenko<\/strong> z Kazachstanu<\/p>\n<ul>\n<li><a href=\"https:\/\/www.instagram.com\/sofia.m.belenko\/\" target=\"_blank\" rel=\"noopener noreferrer\">https:\/\/www.instagram.com\/sofia.m.belenko\/<\/a><\/li>\n<li><a href=\"https:\/\/vk.com\/sofia.m.belenko\" target=\"_blank\" rel=\"noopener noreferrer\">https:\/\/vk.com\/sofia.m.belenko<\/a><\/li>\n<\/ul>\n<\/div>","protected":false},"excerpt":{"rendered":"<p><span style=\"font-weight: 400;\">Ako hro\u0161\u00edk v limon\u00e1de, tak sa bud\u00fa c\u00edti\u0165 va\u0161e ihly pokope na magnetke. Doprajte im aj sebe t\u00fato pohodu z vy\u0161\u00edvania.<\/span><\/p>\n<p>Ma\u013eovan\u00e1 magnetick\u00e1 ihelni\u010dka s obr\u00e1zkom hrocha v limon\u00e1de pote\u0161\u00ed v\u00e1\u0161 poh\u013ead. Pevn\u00fd neodymov\u00fd magnet v tejto magnetke udr\u017e\u00ed va\u0161e ihly na mieste.<\/p>\n","protected":false},"featured_media":1876,"comment_status":"closed","ping_status":"closed","template":"","meta":{"_uag_custom_page_level_css":"","ngg_post_thumbnail":0},"product_cat":[19,20,40,23],"product_tag":[128],"aioseo_notices":[],"featured_image_urls":{"full":["https:\/\/www.megastitch.eu\/wp-content\/uploads\/2019\/12\/ovocna_stava.png",420,420,false],"thumbnail":["https:\/\/www.megastitch.eu\/wp-content\/uploads\/2019\/12\/ovocna_stava-150x150.png",150,150,true],"medium":["https:\/\/www.megastitch.eu\/wp-content\/uploads\/2019\/12\/ovocna_stava-300x300.png",300,300,true],"medium_large":["https:\/\/www.megastitch.eu\/wp-content\/uploads\/2019\/12\/ovocna_stava.png",420,420,false],"large":["https:\/\/www.megastitch.eu\/wp-content\/uploads\/2019\/12\/ovocna_stava.png",420,420,false],"1536x1536":["https:\/\/www.megastitch.eu\/wp-content\/uploads\/2019\/12\/ovocna_stava.png",420,420,false],"2048x2048":["https:\/\/www.megastitch.eu\/wp-content\/uploads\/2019\/12\/ovocna_stava.png",420,420,false],"ultp_layout_landscape_large":["https:\/\/www.megastitch.eu\/wp-content\/uploads\/2019\/12\/ovocna_stava.png",420,420,false],"ultp_layout_landscape":["https:\/\/www.megastitch.eu\/wp-content\/uploads\/2019\/12\/ovocna_stava.png",420,420,false],"ultp_layout_portrait":["https:\/\/www.megastitch.eu\/wp-content\/uploads\/2019\/12\/ovocna_stava.png",420,420,false],"ultp_layout_square":["https:\/\/www.megastitch.eu\/wp-content\/uploads\/2019\/12\/ovocna_stava.png",420,420,false],"molla_post-grid":["https:\/\/www.megastitch.eu\/wp-content\/uploads\/2019\/12\/ovocna_stava.png",267,267,false],"woocommerce_thumbnail":["https:\/\/www.megastitch.eu\/wp-content\/uploads\/2019\/12\/ovocna_stava-300x300.png",300,300,true],"woocommerce_single":["https:\/\/www.megastitch.eu\/wp-content\/uploads\/2019\/12\/ovocna_stava.png",420,420,false],"woocommerce_gallery_thumbnail":["https:\/\/www.megastitch.eu\/wp-content\/uploads\/2019\/12\/ovocna_stava-100x100.png",100,100,true]},"post_excerpt_stackable":"<p><span style=\"font-weight: 400;\">Ako hro\u0161\u00edk v limon\u00e1de, tak sa bud\u00fa c\u00edti\u0165 va\u0161e ihly pokope na magnetke. Doprajte im aj sebe t\u00fato pohodu z vy\u0161\u00edvania.<\/span><\/p>\n<p>Ma\u013eovan\u00e1 magnetick\u00e1 ihelni\u010dka s obr\u00e1zkom hrocha v limon\u00e1de pote\u0161\u00ed v\u00e1\u0161 poh\u013ead. Pevn\u00fd neodymov\u00fd magnet v tejto magnetke udr\u017e\u00ed va\u0161e ihly na mieste.<\/p>\n","category_list":"","author_info":{"name":"","url":""},"comments_num":"0 comments","featured_image_urls_v2":{"full":["https:\/\/www.megastitch.eu\/wp-content\/uploads\/2019\/12\/ovocna_stava.png",420,420,false],"thumbnail":["https:\/\/www.megastitch.eu\/wp-content\/uploads\/2019\/12\/ovocna_stava-150x150.png",150,150,true],"medium":["https:\/\/www.megastitch.eu\/wp-content\/uploads\/2019\/12\/ovocna_stava-300x300.png",300,300,true],"medium_large":["https:\/\/www.megastitch.eu\/wp-content\/uploads\/2019\/12\/ovocna_stava.png",420,420,false],"large":["https:\/\/www.megastitch.eu\/wp-content\/uploads\/2019\/12\/ovocna_stava.png",420,420,false],"1536x1536":["https:\/\/www.megastitch.eu\/wp-content\/uploads\/2019\/12\/ovocna_stava.png",420,420,false],"2048x2048":["https:\/\/www.megastitch.eu\/wp-content\/uploads\/2019\/12\/ovocna_stava.png",420,420,false],"ultp_layout_landscape_large":["https:\/\/www.megastitch.eu\/wp-content\/uploads\/2019\/12\/ovocna_stava.png",420,420,false],"ultp_layout_landscape":["https:\/\/www.megastitch.eu\/wp-content\/uploads\/2019\/12\/ovocna_stava.png",420,420,false],"ultp_layout_portrait":["https:\/\/www.megastitch.eu\/wp-content\/uploads\/2019\/12\/ovocna_stava.png",420,420,false],"ultp_layout_square":["https:\/\/www.megastitch.eu\/wp-content\/uploads\/2019\/12\/ovocna_stava.png",420,420,false],"molla_post-grid":["https:\/\/www.megastitch.eu\/wp-content\/uploads\/2019\/12\/ovocna_stava.png",267,267,false],"woocommerce_thumbnail":["https:\/\/www.megastitch.eu\/wp-content\/uploads\/2019\/12\/ovocna_stava-300x300.png",300,300,true],"woocommerce_single":["https:\/\/www.megastitch.eu\/wp-content\/uploads\/2019\/12\/ovocna_stava.png",420,420,false],"woocommerce_gallery_thumbnail":["https:\/\/www.megastitch.eu\/wp-content\/uploads\/2019\/12\/ovocna_stava-100x100.png",100,100,true]},"post_excerpt_stackable_v2":"<p><span style=\"font-weight: 400;\">Ako hro\u0161\u00edk v limon\u00e1de, tak sa bud\u00fa c\u00edti\u0165 va\u0161e ihly pokope na magnetke. Doprajte im aj sebe t\u00fato pohodu z vy\u0161\u00edvania.<\/span><\/p>\n<p>Ma\u013eovan\u00e1 magnetick\u00e1 ihelni\u010dka s obr\u00e1zkom hrocha v limon\u00e1de pote\u0161\u00ed v\u00e1\u0161 poh\u013ead. Pevn\u00fd neodymov\u00fd magnet v tejto magnetke udr\u017e\u00ed va\u0161e ihly na mieste.<\/p>\n","category_list_v2":"","author_info_v2":{"name":"","url":""},"comments_num_v2":"0 comments","uagb_featured_image_src":{"full":["https:\/\/www.megastitch.eu\/wp-content\/uploads\/2019\/12\/ovocna_stava.png",420,420,false],"thumbnail":["https:\/\/www.megastitch.eu\/wp-content\/uploads\/2019\/12\/ovocna_stava-150x150.png",150,150,true],"medium":["https:\/\/www.megastitch.eu\/wp-content\/uploads\/2019\/12\/ovocna_stava-300x300.png",300,300,true],"medium_large":["https:\/\/www.megastitch.eu\/wp-content\/uploads\/2019\/12\/ovocna_stava.png",420,420,false],"large":["https:\/\/www.megastitch.eu\/wp-content\/uploads\/2019\/12\/ovocna_stava.png",420,420,false],"1536x1536":["https:\/\/www.megastitch.eu\/wp-content\/uploads\/2019\/12\/ovocna_stava.png",420,420,false],"2048x2048":["https:\/\/www.megastitch.eu\/wp-content\/uploads\/2019\/12\/ovocna_stava.png",420,420,false],"ultp_layout_landscape_large":["https:\/\/www.megastitch.eu\/wp-content\/uploads\/2019\/12\/ovocna_stava.png",420,420,false],"ultp_layout_landscape":["https:\/\/www.megastitch.eu\/wp-content\/uploads\/2019\/12\/ovocna_stava.png",420,420,false],"ultp_layout_portrait":["https:\/\/www.megastitch.eu\/wp-content\/uploads\/2019\/12\/ovocna_stava.png",420,420,false],"ultp_layout_square":["https:\/\/www.megastitch.eu\/wp-content\/uploads\/2019\/12\/ovocna_stava.png",420,420,false],"molla_post-grid":["https:\/\/www.megastitch.eu\/wp-content\/uploads\/2019\/12\/ovocna_stava.png",267,267,false],"woocommerce_thumbnail":["https:\/\/www.megastitch.eu\/wp-content\/uploads\/2019\/12\/ovocna_stava-300x300.png",300,300,true],"woocommerce_single":["https:\/\/www.megastitch.eu\/wp-content\/uploads\/2019\/12\/ovocna_stava.png",420,420,false],"woocommerce_gallery_thumbnail":["https:\/\/www.megastitch.eu\/wp-content\/uploads\/2019\/12\/ovocna_stava-100x100.png",100,100,true]},"uagb_author_info":{"display_name":"erbenova","author_link":"https:\/\/www.megastitch.eu\/cs\/author\/"},"uagb_comment_info":0,"uagb_excerpt":"Ako hro\u0161\u00edk v limon\u00e1de, tak sa bud\u00fa c\u00edti\u0165 va\u0161e ihly pokope na magnetke. Doprajte im aj sebe t\u00fato pohodu z vy\u0161\u00edvania. Ma\u013eovan\u00e1 magnetick\u00e1 ihelni\u010dka s obr\u00e1zkom hrocha v limon\u00e1de pote\u0161\u00ed v\u00e1\u0161 poh\u013ead. Pevn\u00fd neodymov\u00fd magnet v tejto magnetke udr\u017e\u00ed va\u0161e ihly na mieste.","_links":{"self":[{"href":"https:\/\/www.megastitch.eu\/cs\/wp-json\/wp\/v2\/product\/1875"}],"collection":[{"href":"https:\/\/www.megastitch.eu\/cs\/wp-json\/wp\/v2\/product"}],"about":[{"href":"https:\/\/www.megastitch.eu\/cs\/wp-json\/wp\/v2\/types\/product"}],"replies":[{"embeddable":true,"href":"https:\/\/www.megastitch.eu\/cs\/wp-json\/wp\/v2\/comments?post=1875"}],"wp:featuredmedia":[{"embeddable":true,"href":"https:\/\/www.megastitch.eu\/cs\/wp-json\/wp\/v2\/media\/1876"}],"wp:attachment":[{"href":"https:\/\/www.megastitch.eu\/cs\/wp-json\/wp\/v2\/media?parent=1875"}],"wp:term":[{"taxonomy":"product_cat","embeddable":true,"href":"https:\/\/www.megastitch.eu\/cs\/wp-json\/wp\/v2\/product_cat?post=1875"},{"taxonomy":"product_tag","embeddable":true,"href":"https:\/\/www.megastitch.eu\/cs\/wp-json\/wp\/v2\/product_tag?post=1875"}],"curies":[{"name":"wp","href":"https:\/\/api.w.org\/{rel}","templated":true}]}}