	{"id":1974,"date":"2020-03-09T13:32:44","date_gmt":"2020-03-09T12:32:44","guid":{"rendered":"https:\/\/www.megastitch.eu\/?post_type=product&#038;p=1974"},"modified":"2022-11-30T13:44:54","modified_gmt":"2022-11-30T12:44:54","slug":"velkonocny-zajko","status":"publish","type":"product","link":"https:\/\/www.megastitch.eu\/cs\/obchod\/predlohy-na-vysivanie\/male-predlohy\/velkonocny-zajko\/","title":{"rendered":"Predloha ve\u013ekono\u010dn\u00fd zajko"},"content":{"rendered":"<div class=\"nolwrap\"><h4>Inform\u00e1cie o predlohe<\/h4>\n<p><strong>Po\u010det kr\u00ed\u017eikov: 50 x 36<\/strong><br \/>\n<strong>Bavlnky<\/strong>: DMC<br \/>\n<strong>Po\u010det farieb<\/strong>: 13, 1 blend (mie\u0161an\u00e9 farby)<br \/>\n<strong>Pou\u017eit\u00e9 kr\u00ed\u017eiky<\/strong>: kr\u00ed\u017eiky, 3\/4 kr\u00ed\u017eiky (trochu na o\u010diach), ob\u0161\u00edvanie<\/p>\n<h4>S\u00fabory na stiahnutie:<\/h4>\n<ul>\n<li>pdf s\u00fabor v \u010dierno-bielej verzii<\/li>\n<li>pdf s\u00fabor vo farebnej verzii<\/li>\n<li>cssaga s\u00fabor<\/li>\n<\/ul>\n<p>Na stiahnutie ihne\u010f po \u00fahrade.<\/p>\n<\/div>","protected":false},"excerpt":{"rendered":"<p>Rados\u0165 a preb\u00fadzanie jari s\u00fa synonym\u00e1 Ve\u013ekej noci. Urobte sebe alebo svojim bl\u00edzkym rados\u0165 touto v\u00fd\u0161ivkou. Roztomil\u00fd ve\u013ekono\u010dn\u00fd zajko, ktor\u00e9ho stihnete vy\u0161i\u0165 po\u010das p\u00f4stneho obdobia.<\/p>\n<p><strong>Po\u010det kr\u00ed\u017eikov: 50 x 36<\/strong><br \/>\n<strong>Po\u010det farieb:<\/strong> 13, 1 blend (mie\u0161an\u00e9 farby)<\/p>\n<p>Na stiahnutie ihne\u010f po \u00fahrade.<\/p>\n<p>&nbsp;<\/p>\n","protected":false},"featured_media":2114,"comment_status":"open","ping_status":"closed","template":"","meta":{"_uag_custom_page_level_css":"","ngg_post_thumbnail":0},"product_cat":[243,134,131],"product_tag":[135,136],"aioseo_notices":[],"featured_image_urls":{"full":["https:\/\/www.megastitch.eu\/wp-content\/uploads\/2020\/05\/easter-bunny-frame-logo-me.jpg",1039,889,false],"thumbnail":["https:\/\/www.megastitch.eu\/wp-content\/uploads\/2020\/05\/easter-bunny-frame-logo-me-150x150.jpg",150,150,true],"medium":["https:\/\/www.megastitch.eu\/wp-content\/uploads\/2020\/05\/easter-bunny-frame-logo-me-300x257.jpg",300,257,true],"medium_large":["https:\/\/www.megastitch.eu\/wp-content\/uploads\/2020\/05\/easter-bunny-frame-logo-me-768x657.jpg",768,657,true],"large":["https:\/\/www.megastitch.eu\/wp-content\/uploads\/2020\/05\/easter-bunny-frame-logo-me-1024x876.jpg",1024,876,true],"1536x1536":["https:\/\/www.megastitch.eu\/wp-content\/uploads\/2020\/05\/easter-bunny-frame-logo-me.jpg",1039,889,false],"2048x2048":["https:\/\/www.megastitch.eu\/wp-content\/uploads\/2020\/05\/easter-bunny-frame-logo-me.jpg",1039,889,false],"ultp_layout_landscape_large":["https:\/\/www.megastitch.eu\/wp-content\/uploads\/2020\/05\/easter-bunny-frame-logo-me.jpg",935,800,false],"ultp_layout_landscape":["https:\/\/www.megastitch.eu\/wp-content\/uploads\/2020\/05\/easter-bunny-frame-logo-me.jpg",666,570,false],"ultp_layout_portrait":["https:\/\/www.megastitch.eu\/wp-content\/uploads\/2020\/05\/easter-bunny-frame-logo-me.jpg",600,513,false],"ultp_layout_square":["https:\/\/www.megastitch.eu\/wp-content\/uploads\/2020\/05\/easter-bunny-frame-logo-me.jpg",600,513,false],"molla_post-grid":["https:\/\/www.megastitch.eu\/wp-content\/uploads\/2020\/05\/easter-bunny-frame-logo-me.jpg",312,267,false],"woocommerce_thumbnail":["https:\/\/www.megastitch.eu\/wp-content\/uploads\/2020\/05\/easter-bunny-frame-logo-me-300x257.jpg",300,257,true],"woocommerce_single":["https:\/\/www.megastitch.eu\/wp-content\/uploads\/2020\/05\/easter-bunny-frame-logo-me-600x513.jpg",600,513,true],"woocommerce_gallery_thumbnail":["https:\/\/www.megastitch.eu\/wp-content\/uploads\/2020\/05\/easter-bunny-frame-logo-me-100x100.jpg",100,100,true]},"post_excerpt_stackable":"<p>Rados\u0165 a preb\u00fadzanie jari s\u00fa synonym\u00e1 Ve\u013ekej noci. Urobte sebe alebo svojim bl\u00edzkym rados\u0165 touto v\u00fd\u0161ivkou. Roztomil\u00fd ve\u013ekono\u010dn\u00fd zajko, ktor\u00e9ho stihnete vy\u0161i\u0165 po\u010das p\u00f4stneho obdobia.<\/p>\n<p><strong>Po\u010det kr\u00ed\u017eikov: 50 x 36<\/strong><br \/>\n<strong>Po\u010det farieb:<\/strong> 13, 1 blend (mie\u0161an\u00e9 farby)<\/p>\n<p>Na stiahnutie ihne\u010f po \u00fahrade.<\/p>\n<p>&nbsp;<\/p>\n","category_list":"","author_info":{"name":"","url":""},"comments_num":"0 comments","featured_image_urls_v2":{"full":["https:\/\/www.megastitch.eu\/wp-content\/uploads\/2020\/05\/easter-bunny-frame-logo-me.jpg",1039,889,false],"thumbnail":["https:\/\/www.megastitch.eu\/wp-content\/uploads\/2020\/05\/easter-bunny-frame-logo-me-150x150.jpg",150,150,true],"medium":["https:\/\/www.megastitch.eu\/wp-content\/uploads\/2020\/05\/easter-bunny-frame-logo-me-300x257.jpg",300,257,true],"medium_large":["https:\/\/www.megastitch.eu\/wp-content\/uploads\/2020\/05\/easter-bunny-frame-logo-me-768x657.jpg",768,657,true],"large":["https:\/\/www.megastitch.eu\/wp-content\/uploads\/2020\/05\/easter-bunny-frame-logo-me-1024x876.jpg",1024,876,true],"1536x1536":["https:\/\/www.megastitch.eu\/wp-content\/uploads\/2020\/05\/easter-bunny-frame-logo-me.jpg",1039,889,false],"2048x2048":["https:\/\/www.megastitch.eu\/wp-content\/uploads\/2020\/05\/easter-bunny-frame-logo-me.jpg",1039,889,false],"ultp_layout_landscape_large":["https:\/\/www.megastitch.eu\/wp-content\/uploads\/2020\/05\/easter-bunny-frame-logo-me.jpg",935,800,false],"ultp_layout_landscape":["https:\/\/www.megastitch.eu\/wp-content\/uploads\/2020\/05\/easter-bunny-frame-logo-me.jpg",666,570,false],"ultp_layout_portrait":["https:\/\/www.megastitch.eu\/wp-content\/uploads\/2020\/05\/easter-bunny-frame-logo-me.jpg",600,513,false],"ultp_layout_square":["https:\/\/www.megastitch.eu\/wp-content\/uploads\/2020\/05\/easter-bunny-frame-logo-me.jpg",600,513,false],"molla_post-grid":["https:\/\/www.megastitch.eu\/wp-content\/uploads\/2020\/05\/easter-bunny-frame-logo-me.jpg",312,267,false],"woocommerce_thumbnail":["https:\/\/www.megastitch.eu\/wp-content\/uploads\/2020\/05\/easter-bunny-frame-logo-me-300x257.jpg",300,257,true],"woocommerce_single":["https:\/\/www.megastitch.eu\/wp-content\/uploads\/2020\/05\/easter-bunny-frame-logo-me-600x513.jpg",600,513,true],"woocommerce_gallery_thumbnail":["https:\/\/www.megastitch.eu\/wp-content\/uploads\/2020\/05\/easter-bunny-frame-logo-me-100x100.jpg",100,100,true]},"post_excerpt_stackable_v2":"<p>Rados\u0165 a preb\u00fadzanie jari s\u00fa synonym\u00e1 Ve\u013ekej noci. Urobte sebe alebo svojim bl\u00edzkym rados\u0165 touto v\u00fd\u0161ivkou. Roztomil\u00fd ve\u013ekono\u010dn\u00fd zajko, ktor\u00e9ho stihnete vy\u0161i\u0165 po\u010das p\u00f4stneho obdobia.<\/p>\n<p><strong>Po\u010det kr\u00ed\u017eikov: 50 x 36<\/strong><br \/>\n<strong>Po\u010det farieb:<\/strong> 13, 1 blend (mie\u0161an\u00e9 farby)<\/p>\n<p>Na stiahnutie ihne\u010f po \u00fahrade.<\/p>\n<p>&nbsp;<\/p>\n","category_list_v2":"","author_info_v2":{"name":"","url":""},"comments_num_v2":"0 comments","uagb_featured_image_src":{"full":["https:\/\/www.megastitch.eu\/wp-content\/uploads\/2020\/05\/easter-bunny-frame-logo-me.jpg",1039,889,false],"thumbnail":["https:\/\/www.megastitch.eu\/wp-content\/uploads\/2020\/05\/easter-bunny-frame-logo-me-150x150.jpg",150,150,true],"medium":["https:\/\/www.megastitch.eu\/wp-content\/uploads\/2020\/05\/easter-bunny-frame-logo-me-300x257.jpg",300,257,true],"medium_large":["https:\/\/www.megastitch.eu\/wp-content\/uploads\/2020\/05\/easter-bunny-frame-logo-me-768x657.jpg",768,657,true],"large":["https:\/\/www.megastitch.eu\/wp-content\/uploads\/2020\/05\/easter-bunny-frame-logo-me-1024x876.jpg",1024,876,true],"1536x1536":["https:\/\/www.megastitch.eu\/wp-content\/uploads\/2020\/05\/easter-bunny-frame-logo-me.jpg",1039,889,false],"2048x2048":["https:\/\/www.megastitch.eu\/wp-content\/uploads\/2020\/05\/easter-bunny-frame-logo-me.jpg",1039,889,false],"ultp_layout_landscape_large":["https:\/\/www.megastitch.eu\/wp-content\/uploads\/2020\/05\/easter-bunny-frame-logo-me.jpg",935,800,false],"ultp_layout_landscape":["https:\/\/www.megastitch.eu\/wp-content\/uploads\/2020\/05\/easter-bunny-frame-logo-me.jpg",666,570,false],"ultp_layout_portrait":["https:\/\/www.megastitch.eu\/wp-content\/uploads\/2020\/05\/easter-bunny-frame-logo-me.jpg",600,513,false],"ultp_layout_square":["https:\/\/www.megastitch.eu\/wp-content\/uploads\/2020\/05\/easter-bunny-frame-logo-me.jpg",600,513,false],"molla_post-grid":["https:\/\/www.megastitch.eu\/wp-content\/uploads\/2020\/05\/easter-bunny-frame-logo-me.jpg",312,267,false],"woocommerce_thumbnail":["https:\/\/www.megastitch.eu\/wp-content\/uploads\/2020\/05\/easter-bunny-frame-logo-me-300x257.jpg",300,257,true],"woocommerce_single":["https:\/\/www.megastitch.eu\/wp-content\/uploads\/2020\/05\/easter-bunny-frame-logo-me-600x513.jpg",600,513,true],"woocommerce_gallery_thumbnail":["https:\/\/www.megastitch.eu\/wp-content\/uploads\/2020\/05\/easter-bunny-frame-logo-me-100x100.jpg",100,100,true]},"uagb_author_info":{"display_name":"erbenova","author_link":"https:\/\/www.megastitch.eu\/cs\/author\/"},"uagb_comment_info":0,"uagb_excerpt":"Rados\u0165 a preb\u00fadzanie jari s\u00fa synonym\u00e1 Ve\u013ekej noci. Urobte sebe alebo svojim bl\u00edzkym rados\u0165 touto v\u00fd\u0161ivkou. Roztomil\u00fd ve\u013ekono\u010dn\u00fd zajko, ktor\u00e9ho stihnete vy\u0161i\u0165 po\u010das p\u00f4stneho obdobia. Po\u010det kr\u00ed\u017eikov: 50 x 36 Po\u010det farieb: 13, 1 blend (mie\u0161an\u00e9 farby) Na stiahnutie ihne\u010f po \u00fahrade. &nbsp;","_links":{"self":[{"href":"https:\/\/www.megastitch.eu\/cs\/wp-json\/wp\/v2\/product\/1974"}],"collection":[{"href":"https:\/\/www.megastitch.eu\/cs\/wp-json\/wp\/v2\/product"}],"about":[{"href":"https:\/\/www.megastitch.eu\/cs\/wp-json\/wp\/v2\/types\/product"}],"replies":[{"embeddable":true,"href":"https:\/\/www.megastitch.eu\/cs\/wp-json\/wp\/v2\/comments?post=1974"}],"wp:featuredmedia":[{"embeddable":true,"href":"https:\/\/www.megastitch.eu\/cs\/wp-json\/wp\/v2\/media\/2114"}],"wp:attachment":[{"href":"https:\/\/www.megastitch.eu\/cs\/wp-json\/wp\/v2\/media?parent=1974"}],"wp:term":[{"taxonomy":"product_cat","embeddable":true,"href":"https:\/\/www.megastitch.eu\/cs\/wp-json\/wp\/v2\/product_cat?post=1974"},{"taxonomy":"product_tag","embeddable":true,"href":"https:\/\/www.megastitch.eu\/cs\/wp-json\/wp\/v2\/product_tag?post=1974"}],"curies":[{"name":"wp","href":"https:\/\/api.w.org\/{rel}","templated":true}]}}