	{"id":19900,"date":"2020-10-06T19:26:01","date_gmt":"2020-10-06T17:26:01","guid":{"rendered":"https:\/\/www.megastitch.eu\/?post_type=product&#038;p=19900"},"modified":"2020-10-08T23:41:23","modified_gmt":"2020-10-08T21:41:23","slug":"aida-20-ct","status":"publish","type":"product","link":"https:\/\/www.megastitch.eu\/cs\/obchod\/podklady-na-vysivanie\/latky-na-vysivanie\/aida-20-ct\/","title":{"rendered":"Aida 20 ct"},"content":{"rendered":"<div class=\"nolwrap\"><p>Ru\u010dne farben\u00e1 tkanina v odtie\u0148och svetlomodrej a modrej s v\u00e4zbou hustoty 20ct, ur\u010den\u00e1 na vy\u0161\u00edvanie kr\u00ed\u017eikov\u00fdm stehom. Ru\u010dn\u00e9 farbenie dod\u00e1va l\u00e1tke nezamenite\u013en\u00fd vzh\u013ead. Ka\u017ed\u00fd jeden kus je ru\u010dne farben\u00fd, v\u00fdsledkom \u010doho s\u00fa jedine\u010dn\u00e9 k\u00fasky bez toho, aby boli dve presne rovnak\u00e9. Tkanina je st\u00e1lofarebn\u00e1, odoln\u00e1 vo\u010di vyblednutiu.<\/p>\n<p>Rozmery svetlomodrej 24&#215;25 cm.<\/p>\n<p>Rozmery modrej 25&#215;22 cm<\/p>\n<\/div>","protected":false},"excerpt":{"rendered":"<p>Aida 20ct &#8211; ru\u010dne farben\u00e1 l\u00e1tka na vy\u0161\u00edvanie kr\u00ed\u017eikovou v\u00fd\u0161ivkou v odtie\u0148och svetlomodrej a modrej. Ka\u017ed\u00fd kus je origin\u00e1l. Mramorov\u00fd vzor l\u00e1tky dod\u00e1 v\u00fd\u0161ivke nezamenite\u013en\u00fd vzh\u013ead.<\/p>\n","protected":false},"featured_media":19916,"comment_status":"closed","ping_status":"closed","template":"","meta":{"_uag_custom_page_level_css":"","ngg_post_thumbnail":0},"product_cat":[71,72],"product_tag":[],"aioseo_notices":[],"featured_image_urls":{"full":["https:\/\/www.megastitch.eu\/wp-content\/uploads\/2020\/10\/aida20-1-scaled.jpg",2560,1920,false],"thumbnail":["https:\/\/www.megastitch.eu\/wp-content\/uploads\/2020\/10\/aida20-1-150x150.jpg",150,150,true],"medium":["https:\/\/www.megastitch.eu\/wp-content\/uploads\/2020\/10\/aida20-1-225x300.jpg",225,300,true],"medium_large":["https:\/\/www.megastitch.eu\/wp-content\/uploads\/2020\/10\/aida20-1-768x1024.jpg",768,1024,true],"large":["https:\/\/www.megastitch.eu\/wp-content\/uploads\/2020\/10\/aida20-1-768x1024.jpg",768,1024,true],"1536x1536":["https:\/\/www.megastitch.eu\/wp-content\/uploads\/2020\/10\/aida20-1-scaled.jpg",1536,1152,false],"2048x2048":["https:\/\/www.megastitch.eu\/wp-content\/uploads\/2020\/10\/aida20-1-scaled.jpg",2048,1536,false],"ultp_layout_landscape_large":["https:\/\/www.megastitch.eu\/wp-content\/uploads\/2020\/10\/aida20-1-scaled.jpg",1067,800,false],"ultp_layout_landscape":["https:\/\/www.megastitch.eu\/wp-content\/uploads\/2020\/10\/aida20-1-scaled.jpg",760,570,false],"ultp_layout_portrait":["https:\/\/www.megastitch.eu\/wp-content\/uploads\/2020\/10\/aida20-1-scaled.jpg",600,450,false],"ultp_layout_square":["https:\/\/www.megastitch.eu\/wp-content\/uploads\/2020\/10\/aida20-1-scaled.jpg",600,450,false],"molla_post-grid":["https:\/\/www.megastitch.eu\/wp-content\/uploads\/2020\/10\/aida20-1-scaled.jpg",356,267,false],"woocommerce_thumbnail":["https:\/\/www.megastitch.eu\/wp-content\/uploads\/2020\/10\/aida20-1-scaled-300x225.jpg",300,225,true],"woocommerce_single":["https:\/\/www.megastitch.eu\/wp-content\/uploads\/2020\/10\/aida20-1-scaled-600x450.jpg",600,450,true],"woocommerce_gallery_thumbnail":["https:\/\/www.megastitch.eu\/wp-content\/uploads\/2020\/10\/aida20-1-scaled-100x100.jpg",100,100,true]},"post_excerpt_stackable":"<p>Aida 20ct &#8211; ru\u010dne farben\u00e1 l\u00e1tka na vy\u0161\u00edvanie kr\u00ed\u017eikovou v\u00fd\u0161ivkou v odtie\u0148och svetlomodrej a modrej. Ka\u017ed\u00fd kus je origin\u00e1l. Mramorov\u00fd vzor l\u00e1tky dod\u00e1 v\u00fd\u0161ivke nezamenite\u013en\u00fd vzh\u013ead.<\/p>\n","category_list":"","author_info":{"name":"","url":""},"comments_num":"0 comments","featured_image_urls_v2":{"full":["https:\/\/www.megastitch.eu\/wp-content\/uploads\/2020\/10\/aida20-1-scaled.jpg",2560,1920,false],"thumbnail":["https:\/\/www.megastitch.eu\/wp-content\/uploads\/2020\/10\/aida20-1-150x150.jpg",150,150,true],"medium":["https:\/\/www.megastitch.eu\/wp-content\/uploads\/2020\/10\/aida20-1-225x300.jpg",225,300,true],"medium_large":["https:\/\/www.megastitch.eu\/wp-content\/uploads\/2020\/10\/aida20-1-768x1024.jpg",768,1024,true],"large":["https:\/\/www.megastitch.eu\/wp-content\/uploads\/2020\/10\/aida20-1-768x1024.jpg",768,1024,true],"1536x1536":["https:\/\/www.megastitch.eu\/wp-content\/uploads\/2020\/10\/aida20-1-scaled.jpg",1536,1152,false],"2048x2048":["https:\/\/www.megastitch.eu\/wp-content\/uploads\/2020\/10\/aida20-1-scaled.jpg",2048,1536,false],"ultp_layout_landscape_large":["https:\/\/www.megastitch.eu\/wp-content\/uploads\/2020\/10\/aida20-1-scaled.jpg",1067,800,false],"ultp_layout_landscape":["https:\/\/www.megastitch.eu\/wp-content\/uploads\/2020\/10\/aida20-1-scaled.jpg",760,570,false],"ultp_layout_portrait":["https:\/\/www.megastitch.eu\/wp-content\/uploads\/2020\/10\/aida20-1-scaled.jpg",600,450,false],"ultp_layout_square":["https:\/\/www.megastitch.eu\/wp-content\/uploads\/2020\/10\/aida20-1-scaled.jpg",600,450,false],"molla_post-grid":["https:\/\/www.megastitch.eu\/wp-content\/uploads\/2020\/10\/aida20-1-scaled.jpg",356,267,false],"woocommerce_thumbnail":["https:\/\/www.megastitch.eu\/wp-content\/uploads\/2020\/10\/aida20-1-scaled-300x225.jpg",300,225,true],"woocommerce_single":["https:\/\/www.megastitch.eu\/wp-content\/uploads\/2020\/10\/aida20-1-scaled-600x450.jpg",600,450,true],"woocommerce_gallery_thumbnail":["https:\/\/www.megastitch.eu\/wp-content\/uploads\/2020\/10\/aida20-1-scaled-100x100.jpg",100,100,true]},"post_excerpt_stackable_v2":"<p>Aida 20ct &#8211; ru\u010dne farben\u00e1 l\u00e1tka na vy\u0161\u00edvanie kr\u00ed\u017eikovou v\u00fd\u0161ivkou v odtie\u0148och svetlomodrej a modrej. Ka\u017ed\u00fd kus je origin\u00e1l. Mramorov\u00fd vzor l\u00e1tky dod\u00e1 v\u00fd\u0161ivke nezamenite\u013en\u00fd vzh\u013ead.<\/p>\n","category_list_v2":"","author_info_v2":{"name":"","url":""},"comments_num_v2":"0 comments","uagb_featured_image_src":{"full":["https:\/\/www.megastitch.eu\/wp-content\/uploads\/2020\/10\/aida20-1-scaled.jpg",2560,1920,false],"thumbnail":["https:\/\/www.megastitch.eu\/wp-content\/uploads\/2020\/10\/aida20-1-150x150.jpg",150,150,true],"medium":["https:\/\/www.megastitch.eu\/wp-content\/uploads\/2020\/10\/aida20-1-225x300.jpg",225,300,true],"medium_large":["https:\/\/www.megastitch.eu\/wp-content\/uploads\/2020\/10\/aida20-1-768x1024.jpg",768,1024,true],"large":["https:\/\/www.megastitch.eu\/wp-content\/uploads\/2020\/10\/aida20-1-768x1024.jpg",768,1024,true],"1536x1536":["https:\/\/www.megastitch.eu\/wp-content\/uploads\/2020\/10\/aida20-1-scaled.jpg",1536,1152,false],"2048x2048":["https:\/\/www.megastitch.eu\/wp-content\/uploads\/2020\/10\/aida20-1-scaled.jpg",2048,1536,false],"ultp_layout_landscape_large":["https:\/\/www.megastitch.eu\/wp-content\/uploads\/2020\/10\/aida20-1-scaled.jpg",1067,800,false],"ultp_layout_landscape":["https:\/\/www.megastitch.eu\/wp-content\/uploads\/2020\/10\/aida20-1-scaled.jpg",760,570,false],"ultp_layout_portrait":["https:\/\/www.megastitch.eu\/wp-content\/uploads\/2020\/10\/aida20-1-scaled.jpg",600,450,false],"ultp_layout_square":["https:\/\/www.megastitch.eu\/wp-content\/uploads\/2020\/10\/aida20-1-scaled.jpg",600,450,false],"molla_post-grid":["https:\/\/www.megastitch.eu\/wp-content\/uploads\/2020\/10\/aida20-1-scaled.jpg",356,267,false],"woocommerce_thumbnail":["https:\/\/www.megastitch.eu\/wp-content\/uploads\/2020\/10\/aida20-1-scaled-300x225.jpg",300,225,true],"woocommerce_single":["https:\/\/www.megastitch.eu\/wp-content\/uploads\/2020\/10\/aida20-1-scaled-600x450.jpg",600,450,true],"woocommerce_gallery_thumbnail":["https:\/\/www.megastitch.eu\/wp-content\/uploads\/2020\/10\/aida20-1-scaled-100x100.jpg",100,100,true]},"uagb_author_info":{"display_name":"monika","author_link":"https:\/\/www.megastitch.eu\/cs\/author\/"},"uagb_comment_info":0,"uagb_excerpt":"Aida 20ct - ru\u010dne farben\u00e1 l\u00e1tka na vy\u0161\u00edvanie kr\u00ed\u017eikovou v\u00fd\u0161ivkou v odtie\u0148och svetlomodrej a modrej. Ka\u017ed\u00fd kus je origin\u00e1l. Mramorov\u00fd vzor l\u00e1tky dod\u00e1 v\u00fd\u0161ivke nezamenite\u013en\u00fd vzh\u013ead.","_links":{"self":[{"href":"https:\/\/www.megastitch.eu\/cs\/wp-json\/wp\/v2\/product\/19900"}],"collection":[{"href":"https:\/\/www.megastitch.eu\/cs\/wp-json\/wp\/v2\/product"}],"about":[{"href":"https:\/\/www.megastitch.eu\/cs\/wp-json\/wp\/v2\/types\/product"}],"replies":[{"embeddable":true,"href":"https:\/\/www.megastitch.eu\/cs\/wp-json\/wp\/v2\/comments?post=19900"}],"wp:featuredmedia":[{"embeddable":true,"href":"https:\/\/www.megastitch.eu\/cs\/wp-json\/wp\/v2\/media\/19916"}],"wp:attachment":[{"href":"https:\/\/www.megastitch.eu\/cs\/wp-json\/wp\/v2\/media?parent=19900"}],"wp:term":[{"taxonomy":"product_cat","embeddable":true,"href":"https:\/\/www.megastitch.eu\/cs\/wp-json\/wp\/v2\/product_cat?post=19900"},{"taxonomy":"product_tag","embeddable":true,"href":"https:\/\/www.megastitch.eu\/cs\/wp-json\/wp\/v2\/product_tag?post=19900"}],"curies":[{"name":"wp","href":"https:\/\/api.w.org\/{rel}","templated":true}]}}