	{"id":1991,"date":"2020-03-11T14:23:20","date_gmt":"2020-03-11T13:23:20","guid":{"rendered":"https:\/\/www.megastitch.eu\/?post_type=product&#038;p=1991"},"modified":"2021-01-22T18:55:44","modified_gmt":"2021-01-22T17:55:44","slug":"vianocny-stromcek","status":"publish","type":"product","link":"https:\/\/www.megastitch.eu\/cs\/obchod\/predlohy-na-vysivanie\/male-predlohy\/vianocny-stromcek\/","title":{"rendered":"Predloha Viano\u010dn\u00fd strom\u010dek"},"content":{"rendered":"<div class=\"nolwrap\"><h4>Inform\u00e1cie o prelohe<\/h4>\n<p><strong>Po\u010det kr\u00ed\u017eikov : 16 x 25<\/strong><br \/>\n<strong>Bavlnky<\/strong>: DMC<br \/>\n<strong>Po\u010det farieb<\/strong>: 9<br \/>\n<strong>Pou\u017eit\u00e9 kr\u00ed\u017eiky:<\/strong> kr\u00ed\u017eik a ob\u0161\u00edvanie<\/p>\n<h4>S\u00fabory na stiahnutie:<\/h4>\n<ul>\n<li>pdf s\u00fabor v \u010dierno-bielej verzii<\/li>\n<li>pdf s\u00fabor vo farebnej verzii<\/li>\n<\/ul>\n<\/div>","protected":false},"excerpt":{"rendered":"<p>Farebn\u00fd viano\u010dn\u00fd strom\u010dek dotvor\u00ed va\u0161u atmosf\u00e9ru Vianoc.<\/p>\n<p><strong>Po\u010det kr\u00ed\u017eikov : 16 x 25<\/strong><br \/>\n<strong>Po\u010det farieb<\/strong>: 9<\/p>\n","protected":false},"featured_media":2111,"comment_status":"open","ping_status":"closed","template":"","meta":{"_uag_custom_page_level_css":"","ngg_post_thumbnail":0},"product_cat":[134,131,141],"product_tag":[],"aioseo_notices":[],"featured_image_urls":{"full":["https:\/\/www.megastitch.eu\/wp-content\/uploads\/2020\/03\/tree_frame_logo_ss.jpg",700,790,false],"thumbnail":["https:\/\/www.megastitch.eu\/wp-content\/uploads\/2020\/03\/tree_frame_logo_ss-150x150.jpg",150,150,true],"medium":["https:\/\/www.megastitch.eu\/wp-content\/uploads\/2020\/03\/tree_frame_logo_ss-266x300.jpg",266,300,true],"medium_large":["https:\/\/www.megastitch.eu\/wp-content\/uploads\/2020\/03\/tree_frame_logo_ss.jpg",700,790,false],"large":["https:\/\/www.megastitch.eu\/wp-content\/uploads\/2020\/03\/tree_frame_logo_ss.jpg",700,790,false],"1536x1536":["https:\/\/www.megastitch.eu\/wp-content\/uploads\/2020\/03\/tree_frame_logo_ss.jpg",700,790,false],"2048x2048":["https:\/\/www.megastitch.eu\/wp-content\/uploads\/2020\/03\/tree_frame_logo_ss.jpg",700,790,false],"ultp_layout_landscape_large":["https:\/\/www.megastitch.eu\/wp-content\/uploads\/2020\/03\/tree_frame_logo_ss.jpg",700,790,false],"ultp_layout_landscape":["https:\/\/www.megastitch.eu\/wp-content\/uploads\/2020\/03\/tree_frame_logo_ss.jpg",505,570,false],"ultp_layout_portrait":["https:\/\/www.megastitch.eu\/wp-content\/uploads\/2020\/03\/tree_frame_logo_ss.jpg",600,677,false],"ultp_layout_square":["https:\/\/www.megastitch.eu\/wp-content\/uploads\/2020\/03\/tree_frame_logo_ss.jpg",532,600,false],"molla_post-grid":["https:\/\/www.megastitch.eu\/wp-content\/uploads\/2020\/03\/tree_frame_logo_ss.jpg",237,267,false],"woocommerce_thumbnail":["https:\/\/www.megastitch.eu\/wp-content\/uploads\/2020\/03\/tree_frame_logo_ss-300x339.jpg",300,339,true],"woocommerce_single":["https:\/\/www.megastitch.eu\/wp-content\/uploads\/2020\/03\/tree_frame_logo_ss-600x677.jpg",600,677,true],"woocommerce_gallery_thumbnail":["https:\/\/www.megastitch.eu\/wp-content\/uploads\/2020\/03\/tree_frame_logo_ss-100x100.jpg",100,100,true]},"post_excerpt_stackable":"<p>Farebn\u00fd viano\u010dn\u00fd strom\u010dek dotvor\u00ed va\u0161u atmosf\u00e9ru Vianoc.<\/p>\n<p><strong>Po\u010det kr\u00ed\u017eikov : 16 x 25<\/strong><br \/>\n<strong>Po\u010det farieb<\/strong>: 9<\/p>\n","category_list":"","author_info":{"name":"","url":""},"comments_num":"0 comments","featured_image_urls_v2":{"full":["https:\/\/www.megastitch.eu\/wp-content\/uploads\/2020\/03\/tree_frame_logo_ss.jpg",700,790,false],"thumbnail":["https:\/\/www.megastitch.eu\/wp-content\/uploads\/2020\/03\/tree_frame_logo_ss-150x150.jpg",150,150,true],"medium":["https:\/\/www.megastitch.eu\/wp-content\/uploads\/2020\/03\/tree_frame_logo_ss-266x300.jpg",266,300,true],"medium_large":["https:\/\/www.megastitch.eu\/wp-content\/uploads\/2020\/03\/tree_frame_logo_ss.jpg",700,790,false],"large":["https:\/\/www.megastitch.eu\/wp-content\/uploads\/2020\/03\/tree_frame_logo_ss.jpg",700,790,false],"1536x1536":["https:\/\/www.megastitch.eu\/wp-content\/uploads\/2020\/03\/tree_frame_logo_ss.jpg",700,790,false],"2048x2048":["https:\/\/www.megastitch.eu\/wp-content\/uploads\/2020\/03\/tree_frame_logo_ss.jpg",700,790,false],"ultp_layout_landscape_large":["https:\/\/www.megastitch.eu\/wp-content\/uploads\/2020\/03\/tree_frame_logo_ss.jpg",700,790,false],"ultp_layout_landscape":["https:\/\/www.megastitch.eu\/wp-content\/uploads\/2020\/03\/tree_frame_logo_ss.jpg",505,570,false],"ultp_layout_portrait":["https:\/\/www.megastitch.eu\/wp-content\/uploads\/2020\/03\/tree_frame_logo_ss.jpg",600,677,false],"ultp_layout_square":["https:\/\/www.megastitch.eu\/wp-content\/uploads\/2020\/03\/tree_frame_logo_ss.jpg",532,600,false],"molla_post-grid":["https:\/\/www.megastitch.eu\/wp-content\/uploads\/2020\/03\/tree_frame_logo_ss.jpg",237,267,false],"woocommerce_thumbnail":["https:\/\/www.megastitch.eu\/wp-content\/uploads\/2020\/03\/tree_frame_logo_ss-300x339.jpg",300,339,true],"woocommerce_single":["https:\/\/www.megastitch.eu\/wp-content\/uploads\/2020\/03\/tree_frame_logo_ss-600x677.jpg",600,677,true],"woocommerce_gallery_thumbnail":["https:\/\/www.megastitch.eu\/wp-content\/uploads\/2020\/03\/tree_frame_logo_ss-100x100.jpg",100,100,true]},"post_excerpt_stackable_v2":"<p>Farebn\u00fd viano\u010dn\u00fd strom\u010dek dotvor\u00ed va\u0161u atmosf\u00e9ru Vianoc.<\/p>\n<p><strong>Po\u010det kr\u00ed\u017eikov : 16 x 25<\/strong><br \/>\n<strong>Po\u010det farieb<\/strong>: 9<\/p>\n","category_list_v2":"","author_info_v2":{"name":"","url":""},"comments_num_v2":"0 comments","uagb_featured_image_src":{"full":["https:\/\/www.megastitch.eu\/wp-content\/uploads\/2020\/03\/tree_frame_logo_ss.jpg",700,790,false],"thumbnail":["https:\/\/www.megastitch.eu\/wp-content\/uploads\/2020\/03\/tree_frame_logo_ss-150x150.jpg",150,150,true],"medium":["https:\/\/www.megastitch.eu\/wp-content\/uploads\/2020\/03\/tree_frame_logo_ss-266x300.jpg",266,300,true],"medium_large":["https:\/\/www.megastitch.eu\/wp-content\/uploads\/2020\/03\/tree_frame_logo_ss.jpg",700,790,false],"large":["https:\/\/www.megastitch.eu\/wp-content\/uploads\/2020\/03\/tree_frame_logo_ss.jpg",700,790,false],"1536x1536":["https:\/\/www.megastitch.eu\/wp-content\/uploads\/2020\/03\/tree_frame_logo_ss.jpg",700,790,false],"2048x2048":["https:\/\/www.megastitch.eu\/wp-content\/uploads\/2020\/03\/tree_frame_logo_ss.jpg",700,790,false],"ultp_layout_landscape_large":["https:\/\/www.megastitch.eu\/wp-content\/uploads\/2020\/03\/tree_frame_logo_ss.jpg",700,790,false],"ultp_layout_landscape":["https:\/\/www.megastitch.eu\/wp-content\/uploads\/2020\/03\/tree_frame_logo_ss.jpg",505,570,false],"ultp_layout_portrait":["https:\/\/www.megastitch.eu\/wp-content\/uploads\/2020\/03\/tree_frame_logo_ss.jpg",600,677,false],"ultp_layout_square":["https:\/\/www.megastitch.eu\/wp-content\/uploads\/2020\/03\/tree_frame_logo_ss.jpg",532,600,false],"molla_post-grid":["https:\/\/www.megastitch.eu\/wp-content\/uploads\/2020\/03\/tree_frame_logo_ss.jpg",237,267,false],"woocommerce_thumbnail":["https:\/\/www.megastitch.eu\/wp-content\/uploads\/2020\/03\/tree_frame_logo_ss-300x339.jpg",300,339,true],"woocommerce_single":["https:\/\/www.megastitch.eu\/wp-content\/uploads\/2020\/03\/tree_frame_logo_ss-600x677.jpg",600,677,true],"woocommerce_gallery_thumbnail":["https:\/\/www.megastitch.eu\/wp-content\/uploads\/2020\/03\/tree_frame_logo_ss-100x100.jpg",100,100,true]},"uagb_author_info":{"display_name":"erbenova","author_link":"https:\/\/www.megastitch.eu\/cs\/author\/"},"uagb_comment_info":0,"uagb_excerpt":"Farebn\u00fd viano\u010dn\u00fd strom\u010dek dotvor\u00ed va\u0161u atmosf\u00e9ru Vianoc. Po\u010det kr\u00ed\u017eikov : 16 x 25 Po\u010det farieb: 9","_links":{"self":[{"href":"https:\/\/www.megastitch.eu\/cs\/wp-json\/wp\/v2\/product\/1991"}],"collection":[{"href":"https:\/\/www.megastitch.eu\/cs\/wp-json\/wp\/v2\/product"}],"about":[{"href":"https:\/\/www.megastitch.eu\/cs\/wp-json\/wp\/v2\/types\/product"}],"replies":[{"embeddable":true,"href":"https:\/\/www.megastitch.eu\/cs\/wp-json\/wp\/v2\/comments?post=1991"}],"wp:featuredmedia":[{"embeddable":true,"href":"https:\/\/www.megastitch.eu\/cs\/wp-json\/wp\/v2\/media\/2111"}],"wp:attachment":[{"href":"https:\/\/www.megastitch.eu\/cs\/wp-json\/wp\/v2\/media?parent=1991"}],"wp:term":[{"taxonomy":"product_cat","embeddable":true,"href":"https:\/\/www.megastitch.eu\/cs\/wp-json\/wp\/v2\/product_cat?post=1991"},{"taxonomy":"product_tag","embeddable":true,"href":"https:\/\/www.megastitch.eu\/cs\/wp-json\/wp\/v2\/product_tag?post=1991"}],"curies":[{"name":"wp","href":"https:\/\/api.w.org\/{rel}","templated":true}]}}