	{"id":20025,"date":"2020-10-07T10:34:28","date_gmt":"2020-10-07T08:34:28","guid":{"rendered":"https:\/\/www.megastitch.eu\/?post_type=product&#038;p=20025"},"modified":"2020-10-07T11:33:19","modified_gmt":"2020-10-07T09:33:19","slug":"lugana-25-ct","status":"publish","type":"product","link":"https:\/\/www.megastitch.eu\/cs\/obchod\/podklady-na-vysivanie\/latky-na-vysivanie\/lugana-25-ct\/","title":{"rendered":"Lugana 25 ct"},"content":{"rendered":"<div class=\"nolwrap\"><p>Ru\u010dne farben\u00e1 tkanina Lugana s v\u00e4zbou hustoty 25 ct v odtie\u0148och fialovo-modrej a oran\u017eovej ur\u010den\u00e1 na vy\u0161\u00edvanie kr\u00ed\u017eikov\u00fdm stehom. Ru\u010dn\u00e9 farbenie dod\u00e1va l\u00e1tke nezamenite\u013en\u00fd vzh\u013ead. Ka\u017ed\u00fd jeden kus je ru\u010dne farben\u00fd, v\u00fdsledkom \u010doho s\u00fa jedine\u010dn\u00e9 k\u00fasky bez toho, aby boli dve presne rovnak\u00e9. Tkanina je st\u00e1lofarebn\u00e1, odoln\u00e1 vo\u010di vyblednutiu.<\/p>\n<p>Rozmery fialovo-modrej 22&#215;32 cm<\/p>\n<p>Rozmery oran\u017eovej 23&#215;32 cm&nbsp;<\/p>\n<\/div>","protected":false},"excerpt":{"rendered":"<p>Nie ste si ist\u00ed, ak\u00e9 to je vy\u0161\u00edva\u0165 na ru\u010dn\u00e9 farbenu l\u00e1tku, ale l\u00e1ka v\u00e1s to? Vysk\u00fa\u0161ajte to na men\u0161om mot\u00edve na tejto l\u00e1tke. Ide\u00e1lna ve\u013ekos\u0165 na viano\u010dn\u00e9 predlohy, kvety a pod.&nbsp;&nbsp;<\/p>\n<p>Lugana s v\u00e4zbou hustoty 25 ct &#8211; ru\u010dne farben\u00e1 l\u00e1tka na vy\u0161\u00edvanie kr\u00ed\u017eikovou v\u00fd\u0161ivkou v odtie\u0148och fialovo-modrej a oran\u017eovej. Ka\u017ed\u00fd kus je origin\u00e1l. Mramorov\u00fd vzor l\u00e1tky dod\u00e1 v\u00fd\u0161ivke nezamenite\u013en\u00fd vzh\u013ead.<\/p>\n<p>&nbsp;<\/p>\n","protected":false},"featured_media":20028,"comment_status":"closed","ping_status":"closed","template":"","meta":{"_uag_custom_page_level_css":"","ngg_post_thumbnail":0},"product_cat":[71,72],"product_tag":[],"aioseo_notices":[],"featured_image_urls":{"full":["https:\/\/www.megastitch.eu\/wp-content\/uploads\/2020\/10\/121095408_2373678696274238_5659640429733620432_n-scaled.jpg",2560,1920,false],"thumbnail":["https:\/\/www.megastitch.eu\/wp-content\/uploads\/2020\/10\/121095408_2373678696274238_5659640429733620432_n-150x150.jpg",150,150,true],"medium":["https:\/\/www.megastitch.eu\/wp-content\/uploads\/2020\/10\/121095408_2373678696274238_5659640429733620432_n-300x225.jpg",300,225,true],"medium_large":["https:\/\/www.megastitch.eu\/wp-content\/uploads\/2020\/10\/121095408_2373678696274238_5659640429733620432_n-768x576.jpg",768,576,true],"large":["https:\/\/www.megastitch.eu\/wp-content\/uploads\/2020\/10\/121095408_2373678696274238_5659640429733620432_n-1024x768.jpg",1024,768,true],"1536x1536":["https:\/\/www.megastitch.eu\/wp-content\/uploads\/2020\/10\/121095408_2373678696274238_5659640429733620432_n-scaled.jpg",1536,1152,false],"2048x2048":["https:\/\/www.megastitch.eu\/wp-content\/uploads\/2020\/10\/121095408_2373678696274238_5659640429733620432_n-scaled.jpg",2048,1536,false],"ultp_layout_landscape_large":["https:\/\/www.megastitch.eu\/wp-content\/uploads\/2020\/10\/121095408_2373678696274238_5659640429733620432_n-scaled.jpg",1067,800,false],"ultp_layout_landscape":["https:\/\/www.megastitch.eu\/wp-content\/uploads\/2020\/10\/121095408_2373678696274238_5659640429733620432_n-scaled.jpg",760,570,false],"ultp_layout_portrait":["https:\/\/www.megastitch.eu\/wp-content\/uploads\/2020\/10\/121095408_2373678696274238_5659640429733620432_n-scaled.jpg",600,450,false],"ultp_layout_square":["https:\/\/www.megastitch.eu\/wp-content\/uploads\/2020\/10\/121095408_2373678696274238_5659640429733620432_n-scaled.jpg",600,450,false],"molla_post-grid":["https:\/\/www.megastitch.eu\/wp-content\/uploads\/2020\/10\/121095408_2373678696274238_5659640429733620432_n-scaled.jpg",356,267,false],"woocommerce_thumbnail":["https:\/\/www.megastitch.eu\/wp-content\/uploads\/2020\/10\/121095408_2373678696274238_5659640429733620432_n-scaled-300x225.jpg",300,225,true],"woocommerce_single":["https:\/\/www.megastitch.eu\/wp-content\/uploads\/2020\/10\/121095408_2373678696274238_5659640429733620432_n-scaled-600x450.jpg",600,450,true],"woocommerce_gallery_thumbnail":["https:\/\/www.megastitch.eu\/wp-content\/uploads\/2020\/10\/121095408_2373678696274238_5659640429733620432_n-scaled-100x100.jpg",100,100,true]},"post_excerpt_stackable":"<p>Nie ste si ist\u00ed, ak\u00e9 to je vy\u0161\u00edva\u0165 na ru\u010dn\u00e9 farbenu l\u00e1tku, ale l\u00e1ka v\u00e1s to? Vysk\u00fa\u0161ajte to na men\u0161om mot\u00edve na tejto l\u00e1tke. Ide\u00e1lna ve\u013ekos\u0165 na viano\u010dn\u00e9 predlohy, kvety a pod.&nbsp;&nbsp;<\/p>\n<p>Lugana s v\u00e4zbou hustoty 25 ct &#8211; ru\u010dne farben\u00e1 l\u00e1tka na vy\u0161\u00edvanie kr\u00ed\u017eikovou v\u00fd\u0161ivkou v odtie\u0148och fialovo-modrej a oran\u017eovej. Ka\u017ed\u00fd kus je origin\u00e1l. Mramorov\u00fd vzor l\u00e1tky dod\u00e1 v\u00fd\u0161ivke nezamenite\u013en\u00fd vzh\u013ead.<\/p>\n<p>&nbsp;<\/p>\n","category_list":"","author_info":{"name":"","url":""},"comments_num":"0 comments","featured_image_urls_v2":{"full":["https:\/\/www.megastitch.eu\/wp-content\/uploads\/2020\/10\/121095408_2373678696274238_5659640429733620432_n-scaled.jpg",2560,1920,false],"thumbnail":["https:\/\/www.megastitch.eu\/wp-content\/uploads\/2020\/10\/121095408_2373678696274238_5659640429733620432_n-150x150.jpg",150,150,true],"medium":["https:\/\/www.megastitch.eu\/wp-content\/uploads\/2020\/10\/121095408_2373678696274238_5659640429733620432_n-300x225.jpg",300,225,true],"medium_large":["https:\/\/www.megastitch.eu\/wp-content\/uploads\/2020\/10\/121095408_2373678696274238_5659640429733620432_n-768x576.jpg",768,576,true],"large":["https:\/\/www.megastitch.eu\/wp-content\/uploads\/2020\/10\/121095408_2373678696274238_5659640429733620432_n-1024x768.jpg",1024,768,true],"1536x1536":["https:\/\/www.megastitch.eu\/wp-content\/uploads\/2020\/10\/121095408_2373678696274238_5659640429733620432_n-scaled.jpg",1536,1152,false],"2048x2048":["https:\/\/www.megastitch.eu\/wp-content\/uploads\/2020\/10\/121095408_2373678696274238_5659640429733620432_n-scaled.jpg",2048,1536,false],"ultp_layout_landscape_large":["https:\/\/www.megastitch.eu\/wp-content\/uploads\/2020\/10\/121095408_2373678696274238_5659640429733620432_n-scaled.jpg",1067,800,false],"ultp_layout_landscape":["https:\/\/www.megastitch.eu\/wp-content\/uploads\/2020\/10\/121095408_2373678696274238_5659640429733620432_n-scaled.jpg",760,570,false],"ultp_layout_portrait":["https:\/\/www.megastitch.eu\/wp-content\/uploads\/2020\/10\/121095408_2373678696274238_5659640429733620432_n-scaled.jpg",600,450,false],"ultp_layout_square":["https:\/\/www.megastitch.eu\/wp-content\/uploads\/2020\/10\/121095408_2373678696274238_5659640429733620432_n-scaled.jpg",600,450,false],"molla_post-grid":["https:\/\/www.megastitch.eu\/wp-content\/uploads\/2020\/10\/121095408_2373678696274238_5659640429733620432_n-scaled.jpg",356,267,false],"woocommerce_thumbnail":["https:\/\/www.megastitch.eu\/wp-content\/uploads\/2020\/10\/121095408_2373678696274238_5659640429733620432_n-scaled-300x225.jpg",300,225,true],"woocommerce_single":["https:\/\/www.megastitch.eu\/wp-content\/uploads\/2020\/10\/121095408_2373678696274238_5659640429733620432_n-scaled-600x450.jpg",600,450,true],"woocommerce_gallery_thumbnail":["https:\/\/www.megastitch.eu\/wp-content\/uploads\/2020\/10\/121095408_2373678696274238_5659640429733620432_n-scaled-100x100.jpg",100,100,true]},"post_excerpt_stackable_v2":"<p>Nie ste si ist\u00ed, ak\u00e9 to je vy\u0161\u00edva\u0165 na ru\u010dn\u00e9 farbenu l\u00e1tku, ale l\u00e1ka v\u00e1s to? Vysk\u00fa\u0161ajte to na men\u0161om mot\u00edve na tejto l\u00e1tke. Ide\u00e1lna ve\u013ekos\u0165 na viano\u010dn\u00e9 predlohy, kvety a pod.&nbsp;&nbsp;<\/p>\n<p>Lugana s v\u00e4zbou hustoty 25 ct &#8211; ru\u010dne farben\u00e1 l\u00e1tka na vy\u0161\u00edvanie kr\u00ed\u017eikovou v\u00fd\u0161ivkou v odtie\u0148och fialovo-modrej a oran\u017eovej. Ka\u017ed\u00fd kus je origin\u00e1l. Mramorov\u00fd vzor l\u00e1tky dod\u00e1 v\u00fd\u0161ivke nezamenite\u013en\u00fd vzh\u013ead.<\/p>\n<p>&nbsp;<\/p>\n","category_list_v2":"","author_info_v2":{"name":"","url":""},"comments_num_v2":"0 comments","uagb_featured_image_src":{"full":["https:\/\/www.megastitch.eu\/wp-content\/uploads\/2020\/10\/121095408_2373678696274238_5659640429733620432_n-scaled.jpg",2560,1920,false],"thumbnail":["https:\/\/www.megastitch.eu\/wp-content\/uploads\/2020\/10\/121095408_2373678696274238_5659640429733620432_n-150x150.jpg",150,150,true],"medium":["https:\/\/www.megastitch.eu\/wp-content\/uploads\/2020\/10\/121095408_2373678696274238_5659640429733620432_n-300x225.jpg",300,225,true],"medium_large":["https:\/\/www.megastitch.eu\/wp-content\/uploads\/2020\/10\/121095408_2373678696274238_5659640429733620432_n-768x576.jpg",768,576,true],"large":["https:\/\/www.megastitch.eu\/wp-content\/uploads\/2020\/10\/121095408_2373678696274238_5659640429733620432_n-1024x768.jpg",1024,768,true],"1536x1536":["https:\/\/www.megastitch.eu\/wp-content\/uploads\/2020\/10\/121095408_2373678696274238_5659640429733620432_n-scaled.jpg",1536,1152,false],"2048x2048":["https:\/\/www.megastitch.eu\/wp-content\/uploads\/2020\/10\/121095408_2373678696274238_5659640429733620432_n-scaled.jpg",2048,1536,false],"ultp_layout_landscape_large":["https:\/\/www.megastitch.eu\/wp-content\/uploads\/2020\/10\/121095408_2373678696274238_5659640429733620432_n-scaled.jpg",1067,800,false],"ultp_layout_landscape":["https:\/\/www.megastitch.eu\/wp-content\/uploads\/2020\/10\/121095408_2373678696274238_5659640429733620432_n-scaled.jpg",760,570,false],"ultp_layout_portrait":["https:\/\/www.megastitch.eu\/wp-content\/uploads\/2020\/10\/121095408_2373678696274238_5659640429733620432_n-scaled.jpg",600,450,false],"ultp_layout_square":["https:\/\/www.megastitch.eu\/wp-content\/uploads\/2020\/10\/121095408_2373678696274238_5659640429733620432_n-scaled.jpg",600,450,false],"molla_post-grid":["https:\/\/www.megastitch.eu\/wp-content\/uploads\/2020\/10\/121095408_2373678696274238_5659640429733620432_n-scaled.jpg",356,267,false],"woocommerce_thumbnail":["https:\/\/www.megastitch.eu\/wp-content\/uploads\/2020\/10\/121095408_2373678696274238_5659640429733620432_n-scaled-300x225.jpg",300,225,true],"woocommerce_single":["https:\/\/www.megastitch.eu\/wp-content\/uploads\/2020\/10\/121095408_2373678696274238_5659640429733620432_n-scaled-600x450.jpg",600,450,true],"woocommerce_gallery_thumbnail":["https:\/\/www.megastitch.eu\/wp-content\/uploads\/2020\/10\/121095408_2373678696274238_5659640429733620432_n-scaled-100x100.jpg",100,100,true]},"uagb_author_info":{"display_name":"monika","author_link":"https:\/\/www.megastitch.eu\/cs\/author\/"},"uagb_comment_info":0,"uagb_excerpt":"Nie ste si ist\u00ed, ak\u00e9 to je vy\u0161\u00edva\u0165 na ru\u010dn\u00e9 farbenu l\u00e1tku, ale l\u00e1ka v\u00e1s to? Vysk\u00fa\u0161ajte to na men\u0161om mot\u00edve na tejto l\u00e1tke. Ide\u00e1lna ve\u013ekos\u0165 na viano\u010dn\u00e9 predlohy, kvety a pod.&nbsp;&nbsp; Lugana s v\u00e4zbou hustoty 25 ct - ru\u010dne farben\u00e1 l\u00e1tka na vy\u0161\u00edvanie kr\u00ed\u017eikovou v\u00fd\u0161ivkou v odtie\u0148och fialovo-modrej a oran\u017eovej. Ka\u017ed\u00fd kus je origin\u00e1l.&hellip;","_links":{"self":[{"href":"https:\/\/www.megastitch.eu\/cs\/wp-json\/wp\/v2\/product\/20025"}],"collection":[{"href":"https:\/\/www.megastitch.eu\/cs\/wp-json\/wp\/v2\/product"}],"about":[{"href":"https:\/\/www.megastitch.eu\/cs\/wp-json\/wp\/v2\/types\/product"}],"replies":[{"embeddable":true,"href":"https:\/\/www.megastitch.eu\/cs\/wp-json\/wp\/v2\/comments?post=20025"}],"wp:featuredmedia":[{"embeddable":true,"href":"https:\/\/www.megastitch.eu\/cs\/wp-json\/wp\/v2\/media\/20028"}],"wp:attachment":[{"href":"https:\/\/www.megastitch.eu\/cs\/wp-json\/wp\/v2\/media?parent=20025"}],"wp:term":[{"taxonomy":"product_cat","embeddable":true,"href":"https:\/\/www.megastitch.eu\/cs\/wp-json\/wp\/v2\/product_cat?post=20025"},{"taxonomy":"product_tag","embeddable":true,"href":"https:\/\/www.megastitch.eu\/cs\/wp-json\/wp\/v2\/product_tag?post=20025"}],"curies":[{"name":"wp","href":"https:\/\/api.w.org\/{rel}","templated":true}]}}