	{"id":20076,"date":"2020-10-07T11:36:07","date_gmt":"2020-10-07T09:36:07","guid":{"rendered":"https:\/\/www.megastitch.eu\/?post_type=product&#038;p=20076"},"modified":"2020-10-07T12:27:36","modified_gmt":"2020-10-07T10:27:36","slug":"panama-lososova","status":"publish","type":"product","link":"https:\/\/www.megastitch.eu\/cs\/obchod\/podklady-na-vysivanie\/latky-na-vysivanie\/panama-lososova\/","title":{"rendered":"Panama Lososov\u00e1"},"content":{"rendered":"<div class=\"nolwrap\"><p>Ru\u010dne farben\u00e1 tkanina v odtie\u0148och losovej s dvojvl\u00e1knovou v\u00e4zbou Panama, ur\u010den\u00e1 na vy\u0161\u00edvanie kr\u00ed\u017eikov\u00fdm stehom. Ru\u010dn\u00e9 farbenie dod\u00e1va l\u00e1tke nezamenite\u013en\u00fd vzh\u013ead. Ka\u017ed\u00fd jeden kus je ru\u010dne farben\u00fd, v\u00fdsledkom \u010doho s\u00fa jedine\u010dn\u00e9 k\u00fasky bez toho, aby boli dve presne rovnak\u00e9. Tkanina je st\u00e1lofarebn\u00e1, odoln\u00e1 vo\u010di vyblednutiu, m\u00e4kk\u00e1 na dotyk. Rozmery 42 x 43 cm.&nbsp;<\/p>\n<\/div>","protected":false},"excerpt":{"rendered":"<p>Panama &#8211; ru\u010dne farben\u00e1 l\u00e1tka na vy\u0161\u00edvanie kr\u00ed\u017eikovou v\u00fd\u0161ivkou v losov\u00fdch odtie\u0148och. Ka\u017ed\u00fd kus je origin\u00e1l. Mramorov\u00fd vzor l\u00e1tky dod\u00e1 v\u00fd\u0161ivke nezamenite\u013en\u00fd vzh\u013ead.<\/p>\n<p>Rozmery 42&#215;43 cm<\/p>\n<p>Odpor\u00fa\u010dam vy\u0161\u00edva\u0165 obdierku 3 vl\u00e1knami mulinky.<\/p>\n","protected":false},"featured_media":20102,"comment_status":"closed","ping_status":"closed","template":"","meta":{"_uag_custom_page_level_css":"","ngg_post_thumbnail":0},"product_cat":[71,72],"product_tag":[],"aioseo_notices":[],"featured_image_urls":{"full":["https:\/\/www.megastitch.eu\/wp-content\/uploads\/2020\/10\/panama_farba_losos-2.jpg",1000,750,false],"thumbnail":["https:\/\/www.megastitch.eu\/wp-content\/uploads\/2020\/10\/panama_farba_losos-2-150x150.jpg",150,150,true],"medium":["https:\/\/www.megastitch.eu\/wp-content\/uploads\/2020\/10\/panama_farba_losos-2-300x225.jpg",300,225,true],"medium_large":["https:\/\/www.megastitch.eu\/wp-content\/uploads\/2020\/10\/panama_farba_losos-2-768x576.jpg",768,576,true],"large":["https:\/\/www.megastitch.eu\/wp-content\/uploads\/2020\/10\/panama_farba_losos-2.jpg",1000,750,false],"1536x1536":["https:\/\/www.megastitch.eu\/wp-content\/uploads\/2020\/10\/panama_farba_losos-2.jpg",1000,750,false],"2048x2048":["https:\/\/www.megastitch.eu\/wp-content\/uploads\/2020\/10\/panama_farba_losos-2.jpg",1000,750,false],"ultp_layout_landscape_large":["https:\/\/www.megastitch.eu\/wp-content\/uploads\/2020\/10\/panama_farba_losos-2.jpg",1000,750,false],"ultp_layout_landscape":["https:\/\/www.megastitch.eu\/wp-content\/uploads\/2020\/10\/panama_farba_losos-2.jpg",760,570,false],"ultp_layout_portrait":["https:\/\/www.megastitch.eu\/wp-content\/uploads\/2020\/10\/panama_farba_losos-2.jpg",600,450,false],"ultp_layout_square":["https:\/\/www.megastitch.eu\/wp-content\/uploads\/2020\/10\/panama_farba_losos-2.jpg",600,450,false],"molla_post-grid":["https:\/\/www.megastitch.eu\/wp-content\/uploads\/2020\/10\/panama_farba_losos-2.jpg",356,267,false],"woocommerce_thumbnail":["https:\/\/www.megastitch.eu\/wp-content\/uploads\/2020\/10\/panama_farba_losos-2-300x225.jpg",300,225,true],"woocommerce_single":["https:\/\/www.megastitch.eu\/wp-content\/uploads\/2020\/10\/panama_farba_losos-2-600x450.jpg",600,450,true],"woocommerce_gallery_thumbnail":["https:\/\/www.megastitch.eu\/wp-content\/uploads\/2020\/10\/panama_farba_losos-2-100x100.jpg",100,100,true]},"post_excerpt_stackable":"<p>Panama &#8211; ru\u010dne farben\u00e1 l\u00e1tka na vy\u0161\u00edvanie kr\u00ed\u017eikovou v\u00fd\u0161ivkou v losov\u00fdch odtie\u0148och. Ka\u017ed\u00fd kus je origin\u00e1l. Mramorov\u00fd vzor l\u00e1tky dod\u00e1 v\u00fd\u0161ivke nezamenite\u013en\u00fd vzh\u013ead.<\/p>\n<p>Rozmery 42&#215;43 cm<\/p>\n<p>Odpor\u00fa\u010dam vy\u0161\u00edva\u0165 obdierku 3 vl\u00e1knami mulinky.<\/p>\n","category_list":"","author_info":{"name":"","url":""},"comments_num":"0 comments","featured_image_urls_v2":{"full":["https:\/\/www.megastitch.eu\/wp-content\/uploads\/2020\/10\/panama_farba_losos-2.jpg",1000,750,false],"thumbnail":["https:\/\/www.megastitch.eu\/wp-content\/uploads\/2020\/10\/panama_farba_losos-2-150x150.jpg",150,150,true],"medium":["https:\/\/www.megastitch.eu\/wp-content\/uploads\/2020\/10\/panama_farba_losos-2-300x225.jpg",300,225,true],"medium_large":["https:\/\/www.megastitch.eu\/wp-content\/uploads\/2020\/10\/panama_farba_losos-2-768x576.jpg",768,576,true],"large":["https:\/\/www.megastitch.eu\/wp-content\/uploads\/2020\/10\/panama_farba_losos-2.jpg",1000,750,false],"1536x1536":["https:\/\/www.megastitch.eu\/wp-content\/uploads\/2020\/10\/panama_farba_losos-2.jpg",1000,750,false],"2048x2048":["https:\/\/www.megastitch.eu\/wp-content\/uploads\/2020\/10\/panama_farba_losos-2.jpg",1000,750,false],"ultp_layout_landscape_large":["https:\/\/www.megastitch.eu\/wp-content\/uploads\/2020\/10\/panama_farba_losos-2.jpg",1000,750,false],"ultp_layout_landscape":["https:\/\/www.megastitch.eu\/wp-content\/uploads\/2020\/10\/panama_farba_losos-2.jpg",760,570,false],"ultp_layout_portrait":["https:\/\/www.megastitch.eu\/wp-content\/uploads\/2020\/10\/panama_farba_losos-2.jpg",600,450,false],"ultp_layout_square":["https:\/\/www.megastitch.eu\/wp-content\/uploads\/2020\/10\/panama_farba_losos-2.jpg",600,450,false],"molla_post-grid":["https:\/\/www.megastitch.eu\/wp-content\/uploads\/2020\/10\/panama_farba_losos-2.jpg",356,267,false],"woocommerce_thumbnail":["https:\/\/www.megastitch.eu\/wp-content\/uploads\/2020\/10\/panama_farba_losos-2-300x225.jpg",300,225,true],"woocommerce_single":["https:\/\/www.megastitch.eu\/wp-content\/uploads\/2020\/10\/panama_farba_losos-2-600x450.jpg",600,450,true],"woocommerce_gallery_thumbnail":["https:\/\/www.megastitch.eu\/wp-content\/uploads\/2020\/10\/panama_farba_losos-2-100x100.jpg",100,100,true]},"post_excerpt_stackable_v2":"<p>Panama &#8211; ru\u010dne farben\u00e1 l\u00e1tka na vy\u0161\u00edvanie kr\u00ed\u017eikovou v\u00fd\u0161ivkou v losov\u00fdch odtie\u0148och. Ka\u017ed\u00fd kus je origin\u00e1l. Mramorov\u00fd vzor l\u00e1tky dod\u00e1 v\u00fd\u0161ivke nezamenite\u013en\u00fd vzh\u013ead.<\/p>\n<p>Rozmery 42&#215;43 cm<\/p>\n<p>Odpor\u00fa\u010dam vy\u0161\u00edva\u0165 obdierku 3 vl\u00e1knami mulinky.<\/p>\n","category_list_v2":"","author_info_v2":{"name":"","url":""},"comments_num_v2":"0 comments","uagb_featured_image_src":{"full":["https:\/\/www.megastitch.eu\/wp-content\/uploads\/2020\/10\/panama_farba_losos-2.jpg",1000,750,false],"thumbnail":["https:\/\/www.megastitch.eu\/wp-content\/uploads\/2020\/10\/panama_farba_losos-2-150x150.jpg",150,150,true],"medium":["https:\/\/www.megastitch.eu\/wp-content\/uploads\/2020\/10\/panama_farba_losos-2-300x225.jpg",300,225,true],"medium_large":["https:\/\/www.megastitch.eu\/wp-content\/uploads\/2020\/10\/panama_farba_losos-2-768x576.jpg",768,576,true],"large":["https:\/\/www.megastitch.eu\/wp-content\/uploads\/2020\/10\/panama_farba_losos-2.jpg",1000,750,false],"1536x1536":["https:\/\/www.megastitch.eu\/wp-content\/uploads\/2020\/10\/panama_farba_losos-2.jpg",1000,750,false],"2048x2048":["https:\/\/www.megastitch.eu\/wp-content\/uploads\/2020\/10\/panama_farba_losos-2.jpg",1000,750,false],"ultp_layout_landscape_large":["https:\/\/www.megastitch.eu\/wp-content\/uploads\/2020\/10\/panama_farba_losos-2.jpg",1000,750,false],"ultp_layout_landscape":["https:\/\/www.megastitch.eu\/wp-content\/uploads\/2020\/10\/panama_farba_losos-2.jpg",760,570,false],"ultp_layout_portrait":["https:\/\/www.megastitch.eu\/wp-content\/uploads\/2020\/10\/panama_farba_losos-2.jpg",600,450,false],"ultp_layout_square":["https:\/\/www.megastitch.eu\/wp-content\/uploads\/2020\/10\/panama_farba_losos-2.jpg",600,450,false],"molla_post-grid":["https:\/\/www.megastitch.eu\/wp-content\/uploads\/2020\/10\/panama_farba_losos-2.jpg",356,267,false],"woocommerce_thumbnail":["https:\/\/www.megastitch.eu\/wp-content\/uploads\/2020\/10\/panama_farba_losos-2-300x225.jpg",300,225,true],"woocommerce_single":["https:\/\/www.megastitch.eu\/wp-content\/uploads\/2020\/10\/panama_farba_losos-2-600x450.jpg",600,450,true],"woocommerce_gallery_thumbnail":["https:\/\/www.megastitch.eu\/wp-content\/uploads\/2020\/10\/panama_farba_losos-2-100x100.jpg",100,100,true]},"uagb_author_info":{"display_name":"monika","author_link":"https:\/\/www.megastitch.eu\/cs\/author\/"},"uagb_comment_info":0,"uagb_excerpt":"Panama - ru\u010dne farben\u00e1 l\u00e1tka na vy\u0161\u00edvanie kr\u00ed\u017eikovou v\u00fd\u0161ivkou v losov\u00fdch odtie\u0148och. Ka\u017ed\u00fd kus je origin\u00e1l. Mramorov\u00fd vzor l\u00e1tky dod\u00e1 v\u00fd\u0161ivke nezamenite\u013en\u00fd vzh\u013ead. Rozmery 42x43 cm Odpor\u00fa\u010dam vy\u0161\u00edva\u0165 obdierku 3 vl\u00e1knami mulinky.","_links":{"self":[{"href":"https:\/\/www.megastitch.eu\/cs\/wp-json\/wp\/v2\/product\/20076"}],"collection":[{"href":"https:\/\/www.megastitch.eu\/cs\/wp-json\/wp\/v2\/product"}],"about":[{"href":"https:\/\/www.megastitch.eu\/cs\/wp-json\/wp\/v2\/types\/product"}],"replies":[{"embeddable":true,"href":"https:\/\/www.megastitch.eu\/cs\/wp-json\/wp\/v2\/comments?post=20076"}],"wp:featuredmedia":[{"embeddable":true,"href":"https:\/\/www.megastitch.eu\/cs\/wp-json\/wp\/v2\/media\/20102"}],"wp:attachment":[{"href":"https:\/\/www.megastitch.eu\/cs\/wp-json\/wp\/v2\/media?parent=20076"}],"wp:term":[{"taxonomy":"product_cat","embeddable":true,"href":"https:\/\/www.megastitch.eu\/cs\/wp-json\/wp\/v2\/product_cat?post=20076"},{"taxonomy":"product_tag","embeddable":true,"href":"https:\/\/www.megastitch.eu\/cs\/wp-json\/wp\/v2\/product_tag?post=20076"}],"curies":[{"name":"wp","href":"https:\/\/api.w.org\/{rel}","templated":true}]}}