	{"id":20146,"date":"2020-10-07T13:08:35","date_gmt":"2020-10-07T11:08:35","guid":{"rendered":"https:\/\/www.megastitch.eu\/?post_type=product&#038;p=20146"},"modified":"2021-05-06T23:19:09","modified_gmt":"2021-05-06T21:19:09","slug":"perlicka-rozne-farby-23x33cm","status":"publish","type":"product","link":"https:\/\/www.megastitch.eu\/cs\/obchod\/podklady-na-vysivanie\/latky-na-vysivanie\/perlicka-rozne-farby-23x33cm\/","title":{"rendered":"Perli\u010dka &#8211; r\u00f4zne farby (23x33cm)"},"content":{"rendered":"<div class=\"nolwrap\"><p>Ru\u010dne farben\u00e1 tkanina v r\u00f4znych farebn\u00fdch odtie\u0148och s jednovl\u00e1knovou v\u00e4zbou typu perli\u010dka hustoty 32 ct, ur\u010den\u00e1 na vy\u0161\u00edvanie kr\u00ed\u017eikov\u00fdm stehom. Ru\u010dn\u00e9 farbenie dod\u00e1va l\u00e1tke nezamenite\u013en\u00fd vzh\u013ead. Ka\u017ed\u00fd jeden kus je ru\u010dne farben\u00fd, v\u00fdsledkom \u010doho s\u00fa jedine\u010dn\u00e9 k\u00fasky bez toho, aby boli dve presne rovnak\u00e9. Tkanina je st\u00e1lofarebn\u00e1, odoln\u00e1 vo\u010di vyblednutiu. Rozmery 23&#215;33 cm s 1cm odchylkou.&nbsp;<\/p>\n<\/div>","protected":false},"excerpt":{"rendered":"<p>Perli\u010dka 32 ct &#8211; ru\u010dne farben\u00e1 l\u00e1tka na vy\u0161\u00edvanie kr\u00ed\u017eikovou v\u00fd\u0161ivkou v r\u00f4znych odtie\u0148och . Ka\u017ed\u00fd kus je origin\u00e1l. Mramorov\u00fd vzor l\u00e1tky dod\u00e1 v\u00fd\u0161ivke nezamenite\u013en\u00fd vzh\u013ead. Rozmery 23&#215;33 cm.&nbsp;<\/p>\n","protected":false},"featured_media":20154,"comment_status":"closed","ping_status":"closed","template":"","meta":{"_uag_custom_page_level_css":"","ngg_post_thumbnail":0},"product_cat":[71,72],"product_tag":[],"aioseo_notices":[],"featured_image_urls":{"full":["https:\/\/www.megastitch.eu\/wp-content\/uploads\/2020\/10\/latky_na_vysivanie.jpg",1000,750,false],"thumbnail":["https:\/\/www.megastitch.eu\/wp-content\/uploads\/2020\/10\/latky_na_vysivanie-150x150.jpg",150,150,true],"medium":["https:\/\/www.megastitch.eu\/wp-content\/uploads\/2020\/10\/latky_na_vysivanie-300x225.jpg",300,225,true],"medium_large":["https:\/\/www.megastitch.eu\/wp-content\/uploads\/2020\/10\/latky_na_vysivanie-768x576.jpg",768,576,true],"large":["https:\/\/www.megastitch.eu\/wp-content\/uploads\/2020\/10\/latky_na_vysivanie.jpg",1000,750,false],"1536x1536":["https:\/\/www.megastitch.eu\/wp-content\/uploads\/2020\/10\/latky_na_vysivanie.jpg",1000,750,false],"2048x2048":["https:\/\/www.megastitch.eu\/wp-content\/uploads\/2020\/10\/latky_na_vysivanie.jpg",1000,750,false],"ultp_layout_landscape_large":["https:\/\/www.megastitch.eu\/wp-content\/uploads\/2020\/10\/latky_na_vysivanie.jpg",1000,750,false],"ultp_layout_landscape":["https:\/\/www.megastitch.eu\/wp-content\/uploads\/2020\/10\/latky_na_vysivanie-870x570.jpg",870,570,true],"ultp_layout_portrait":["https:\/\/www.megastitch.eu\/wp-content\/uploads\/2020\/10\/latky_na_vysivanie-600x750.jpg",600,750,true],"ultp_layout_square":["https:\/\/www.megastitch.eu\/wp-content\/uploads\/2020\/10\/latky_na_vysivanie-600x600.jpg",600,600,true],"molla_post-grid":["https:\/\/www.megastitch.eu\/wp-content\/uploads\/2020\/10\/latky_na_vysivanie-400x267.jpg",400,267,true],"woocommerce_thumbnail":["https:\/\/www.megastitch.eu\/wp-content\/uploads\/2020\/10\/latky_na_vysivanie-300x225.jpg",300,225,true],"woocommerce_single":["https:\/\/www.megastitch.eu\/wp-content\/uploads\/2020\/10\/latky_na_vysivanie-600x450.jpg",600,450,true],"woocommerce_gallery_thumbnail":["https:\/\/www.megastitch.eu\/wp-content\/uploads\/2020\/10\/latky_na_vysivanie-100x100.jpg",100,100,true]},"post_excerpt_stackable":"<p>Perli\u010dka 32 ct &#8211; ru\u010dne farben\u00e1 l\u00e1tka na vy\u0161\u00edvanie kr\u00ed\u017eikovou v\u00fd\u0161ivkou v r\u00f4znych odtie\u0148och . Ka\u017ed\u00fd kus je origin\u00e1l. Mramorov\u00fd vzor l\u00e1tky dod\u00e1 v\u00fd\u0161ivke nezamenite\u013en\u00fd vzh\u013ead. Rozmery 23&#215;33 cm.&nbsp;<\/p>\n","category_list":"","author_info":{"name":"","url":""},"comments_num":"0 comments","featured_image_urls_v2":{"full":["https:\/\/www.megastitch.eu\/wp-content\/uploads\/2020\/10\/latky_na_vysivanie.jpg",1000,750,false],"thumbnail":["https:\/\/www.megastitch.eu\/wp-content\/uploads\/2020\/10\/latky_na_vysivanie-150x150.jpg",150,150,true],"medium":["https:\/\/www.megastitch.eu\/wp-content\/uploads\/2020\/10\/latky_na_vysivanie-300x225.jpg",300,225,true],"medium_large":["https:\/\/www.megastitch.eu\/wp-content\/uploads\/2020\/10\/latky_na_vysivanie-768x576.jpg",768,576,true],"large":["https:\/\/www.megastitch.eu\/wp-content\/uploads\/2020\/10\/latky_na_vysivanie.jpg",1000,750,false],"1536x1536":["https:\/\/www.megastitch.eu\/wp-content\/uploads\/2020\/10\/latky_na_vysivanie.jpg",1000,750,false],"2048x2048":["https:\/\/www.megastitch.eu\/wp-content\/uploads\/2020\/10\/latky_na_vysivanie.jpg",1000,750,false],"ultp_layout_landscape_large":["https:\/\/www.megastitch.eu\/wp-content\/uploads\/2020\/10\/latky_na_vysivanie.jpg",1000,750,false],"ultp_layout_landscape":["https:\/\/www.megastitch.eu\/wp-content\/uploads\/2020\/10\/latky_na_vysivanie-870x570.jpg",870,570,true],"ultp_layout_portrait":["https:\/\/www.megastitch.eu\/wp-content\/uploads\/2020\/10\/latky_na_vysivanie-600x750.jpg",600,750,true],"ultp_layout_square":["https:\/\/www.megastitch.eu\/wp-content\/uploads\/2020\/10\/latky_na_vysivanie-600x600.jpg",600,600,true],"molla_post-grid":["https:\/\/www.megastitch.eu\/wp-content\/uploads\/2020\/10\/latky_na_vysivanie-400x267.jpg",400,267,true],"woocommerce_thumbnail":["https:\/\/www.megastitch.eu\/wp-content\/uploads\/2020\/10\/latky_na_vysivanie-300x225.jpg",300,225,true],"woocommerce_single":["https:\/\/www.megastitch.eu\/wp-content\/uploads\/2020\/10\/latky_na_vysivanie-600x450.jpg",600,450,true],"woocommerce_gallery_thumbnail":["https:\/\/www.megastitch.eu\/wp-content\/uploads\/2020\/10\/latky_na_vysivanie-100x100.jpg",100,100,true]},"post_excerpt_stackable_v2":"<p>Perli\u010dka 32 ct &#8211; ru\u010dne farben\u00e1 l\u00e1tka na vy\u0161\u00edvanie kr\u00ed\u017eikovou v\u00fd\u0161ivkou v r\u00f4znych odtie\u0148och . Ka\u017ed\u00fd kus je origin\u00e1l. Mramorov\u00fd vzor l\u00e1tky dod\u00e1 v\u00fd\u0161ivke nezamenite\u013en\u00fd vzh\u013ead. Rozmery 23&#215;33 cm.&nbsp;<\/p>\n","category_list_v2":"","author_info_v2":{"name":"","url":""},"comments_num_v2":"0 comments","uagb_featured_image_src":{"full":["https:\/\/www.megastitch.eu\/wp-content\/uploads\/2020\/10\/latky_na_vysivanie.jpg",1000,750,false],"thumbnail":["https:\/\/www.megastitch.eu\/wp-content\/uploads\/2020\/10\/latky_na_vysivanie-150x150.jpg",150,150,true],"medium":["https:\/\/www.megastitch.eu\/wp-content\/uploads\/2020\/10\/latky_na_vysivanie-300x225.jpg",300,225,true],"medium_large":["https:\/\/www.megastitch.eu\/wp-content\/uploads\/2020\/10\/latky_na_vysivanie-768x576.jpg",768,576,true],"large":["https:\/\/www.megastitch.eu\/wp-content\/uploads\/2020\/10\/latky_na_vysivanie.jpg",1000,750,false],"1536x1536":["https:\/\/www.megastitch.eu\/wp-content\/uploads\/2020\/10\/latky_na_vysivanie.jpg",1000,750,false],"2048x2048":["https:\/\/www.megastitch.eu\/wp-content\/uploads\/2020\/10\/latky_na_vysivanie.jpg",1000,750,false],"ultp_layout_landscape_large":["https:\/\/www.megastitch.eu\/wp-content\/uploads\/2020\/10\/latky_na_vysivanie.jpg",1000,750,false],"ultp_layout_landscape":["https:\/\/www.megastitch.eu\/wp-content\/uploads\/2020\/10\/latky_na_vysivanie-870x570.jpg",870,570,true],"ultp_layout_portrait":["https:\/\/www.megastitch.eu\/wp-content\/uploads\/2020\/10\/latky_na_vysivanie-600x750.jpg",600,750,true],"ultp_layout_square":["https:\/\/www.megastitch.eu\/wp-content\/uploads\/2020\/10\/latky_na_vysivanie-600x600.jpg",600,600,true],"molla_post-grid":["https:\/\/www.megastitch.eu\/wp-content\/uploads\/2020\/10\/latky_na_vysivanie-400x267.jpg",400,267,true],"woocommerce_thumbnail":["https:\/\/www.megastitch.eu\/wp-content\/uploads\/2020\/10\/latky_na_vysivanie-300x225.jpg",300,225,true],"woocommerce_single":["https:\/\/www.megastitch.eu\/wp-content\/uploads\/2020\/10\/latky_na_vysivanie-600x450.jpg",600,450,true],"woocommerce_gallery_thumbnail":["https:\/\/www.megastitch.eu\/wp-content\/uploads\/2020\/10\/latky_na_vysivanie-100x100.jpg",100,100,true]},"uagb_author_info":{"display_name":"monika","author_link":"https:\/\/www.megastitch.eu\/cs\/author\/"},"uagb_comment_info":0,"uagb_excerpt":"Perli\u010dka 32 ct - ru\u010dne farben\u00e1 l\u00e1tka na vy\u0161\u00edvanie kr\u00ed\u017eikovou v\u00fd\u0161ivkou v r\u00f4znych odtie\u0148och . Ka\u017ed\u00fd kus je origin\u00e1l. Mramorov\u00fd vzor l\u00e1tky dod\u00e1 v\u00fd\u0161ivke nezamenite\u013en\u00fd vzh\u013ead. Rozmery 23x33 cm.&nbsp;","_links":{"self":[{"href":"https:\/\/www.megastitch.eu\/cs\/wp-json\/wp\/v2\/product\/20146"}],"collection":[{"href":"https:\/\/www.megastitch.eu\/cs\/wp-json\/wp\/v2\/product"}],"about":[{"href":"https:\/\/www.megastitch.eu\/cs\/wp-json\/wp\/v2\/types\/product"}],"replies":[{"embeddable":true,"href":"https:\/\/www.megastitch.eu\/cs\/wp-json\/wp\/v2\/comments?post=20146"}],"wp:featuredmedia":[{"embeddable":true,"href":"https:\/\/www.megastitch.eu\/cs\/wp-json\/wp\/v2\/media\/20154"}],"wp:attachment":[{"href":"https:\/\/www.megastitch.eu\/cs\/wp-json\/wp\/v2\/media?parent=20146"}],"wp:term":[{"taxonomy":"product_cat","embeddable":true,"href":"https:\/\/www.megastitch.eu\/cs\/wp-json\/wp\/v2\/product_cat?post=20146"},{"taxonomy":"product_tag","embeddable":true,"href":"https:\/\/www.megastitch.eu\/cs\/wp-json\/wp\/v2\/product_tag?post=20146"}],"curies":[{"name":"wp","href":"https:\/\/api.w.org\/{rel}","templated":true}]}}