	{"id":20411,"date":"2020-10-08T18:18:43","date_gmt":"2020-10-08T16:18:43","guid":{"rendered":"https:\/\/www.megastitch.eu\/?post_type=product&#038;p=20411"},"modified":"2022-10-02T13:36:35","modified_gmt":"2022-10-02T11:36:35","slug":"horuce-kakao","status":"publish","type":"product","link":"https:\/\/www.megastitch.eu\/cs\/obchod\/predlohy-na-vysivanie\/male-predlohy\/horuce-kakao\/","title":{"rendered":"Hor\u00face kakao"},"content":{"rendered":"<div class=\"nolwrap\"><p>Autor ilustr\u00e1cie: <a title=\"Illustrator: Ilya Petruk\" href=\"https:\/\/www.instagram.com\/ilya_petruk\/\" target=\"_blank\" rel=\"noopener noreferrer\">Ilya Petruk<\/a><\/p>\n<p>Autorka predlohy: <strong>M\u00e1ria Erbenov\u00e1&nbsp;<\/strong><\/p>\n<h4>Inform\u00e1cie o predlohe:<\/h4>\n<p><strong>Po\u010det kr\u00ed\u017eikov: 45 x 57<\/strong><br \/>\n<strong>Rozmer l\u00e1tky: <\/strong>8.16 x 10.34 cm<br \/>\n<strong>L\u00e1tka:<\/strong> 14 ct kr\u00e9mov\u00e1 aida<br \/>\n<strong>Bavlnky: <\/strong>DMC<br \/>\n<strong>Po\u010det farieb: <\/strong>19 + 2 blendy<br \/>\n<strong>Pou\u017eit\u00e9 techniky:<\/strong> kr\u00ed\u017eiky, ob\u0161\u00edvanie, p\u00e1r franc\u00fazskych uzl\u00edkov<\/p>\n<h4>S\u00fabory na stiahnutie:<\/h4>\n<ul>\n<li><strong>pdf s\u00fabor<\/strong>\n<ul>\n<li>v \u010dierno-bielej verzii &#8211; s ob\u0161\u00edvan\u00edm a bez ob\u0161\u00edvania,<\/li>\n<li>vo farebnej verzii &#8211; s ob\u0161\u00edvan\u00edm a bez ob\u0161\u00edvania<\/li>\n<\/ul>\n<\/li>\n<li><strong>cssaga s\u00fabor<\/strong><\/li>\n<\/ul>\n<\/div>","protected":false},"excerpt":{"rendered":"<p><span style=\"font-weight: 400\">V\u00f4\u0148a cukroviniek je v\u00f4\u0148a Vianoc. Hor\u00face kakao s roztopen\u00fdmi marshmallow je v\u00f4\u0148ou viano\u010dn\u00e9ho dobrodru\u017estva a tajomstva dar\u010dekov. \u201eRozvo\u0148ajte\u201c svoju ob\u00fdva\u010dku touto v\u00fd\u0161ivkou.<\/span><\/p>\n<h4>Inform\u00e1cie o predlohe:<\/h4>\n<p><strong>Po\u010det kr\u00ed\u017eikov: 45 x 57<\/strong><br \/>\n<strong>Rozmer l\u00e1tky: <\/strong>8.16 x 10.34 cm<br \/>\n<strong>L\u00e1tka:<\/strong> 14 ct kr\u00e9mov\u00e1 aida<br \/>\n<strong>Bavlnky: <\/strong>DMC<br \/>\n<strong>Po\u010det farieb: <\/strong>19 + 2 blendy<br \/>\n<strong>Pou\u017eit\u00e9 techniky:<\/strong> kr\u00ed\u017eiky, ob\u0161\u00edvanie, p\u00e1r franc\u00fazskych uzl\u00edkov<\/p>\n","protected":false},"featured_media":22575,"comment_status":"open","ping_status":"closed","template":"","meta":{"_uag_custom_page_level_css":"","ngg_post_thumbnail":0},"product_cat":[134,131,171],"product_tag":[258,322,46],"aioseo_notices":[],"featured_image_urls":{"full":["https:\/\/www.megastitch.eu\/wp-content\/uploads\/2020\/10\/4_kakao_frame_ss_sm.jpg",1120,1120,false],"thumbnail":["https:\/\/www.megastitch.eu\/wp-content\/uploads\/2020\/10\/4_kakao_frame_ss_sm-150x150.jpg",150,150,true],"medium":["https:\/\/www.megastitch.eu\/wp-content\/uploads\/2020\/10\/4_kakao_frame_ss_sm-300x300.jpg",300,300,true],"medium_large":["https:\/\/www.megastitch.eu\/wp-content\/uploads\/2020\/10\/4_kakao_frame_ss_sm-768x768.jpg",768,768,true],"large":["https:\/\/www.megastitch.eu\/wp-content\/uploads\/2020\/10\/4_kakao_frame_ss_sm-1024x1024.jpg",1024,1024,true],"1536x1536":["https:\/\/www.megastitch.eu\/wp-content\/uploads\/2020\/10\/4_kakao_frame_ss_sm.jpg",1120,1120,false],"2048x2048":["https:\/\/www.megastitch.eu\/wp-content\/uploads\/2020\/10\/4_kakao_frame_ss_sm.jpg",1120,1120,false],"ultp_layout_landscape_large":["https:\/\/www.megastitch.eu\/wp-content\/uploads\/2020\/10\/4_kakao_frame_ss_sm.jpg",800,800,false],"ultp_layout_landscape":["https:\/\/www.megastitch.eu\/wp-content\/uploads\/2020\/10\/4_kakao_frame_ss_sm.jpg",570,570,false],"ultp_layout_portrait":["https:\/\/www.megastitch.eu\/wp-content\/uploads\/2020\/10\/4_kakao_frame_ss_sm.jpg",600,600,false],"ultp_layout_square":["https:\/\/www.megastitch.eu\/wp-content\/uploads\/2020\/10\/4_kakao_frame_ss_sm.jpg",600,600,false],"molla_post-grid":["https:\/\/www.megastitch.eu\/wp-content\/uploads\/2020\/10\/4_kakao_frame_ss_sm.jpg",267,267,false],"woocommerce_thumbnail":["https:\/\/www.megastitch.eu\/wp-content\/uploads\/2020\/10\/4_kakao_frame_ss_sm-300x300.jpg",300,300,true],"woocommerce_single":["https:\/\/www.megastitch.eu\/wp-content\/uploads\/2020\/10\/4_kakao_frame_ss_sm-600x600.jpg",600,600,true],"woocommerce_gallery_thumbnail":["https:\/\/www.megastitch.eu\/wp-content\/uploads\/2020\/10\/4_kakao_frame_ss_sm-100x100.jpg",100,100,true]},"post_excerpt_stackable":"<p><span style=\"font-weight: 400\">V\u00f4\u0148a cukroviniek je v\u00f4\u0148a Vianoc. Hor\u00face kakao s roztopen\u00fdmi marshmallow je v\u00f4\u0148ou viano\u010dn\u00e9ho dobrodru\u017estva a tajomstva dar\u010dekov. \u201eRozvo\u0148ajte\u201c svoju ob\u00fdva\u010dku touto v\u00fd\u0161ivkou.<\/span><\/p>\n<h4>Inform\u00e1cie o predlohe:<\/h4>\n<p><strong>Po\u010det kr\u00ed\u017eikov: 45 x 57<\/strong><br \/>\n<strong>Rozmer l\u00e1tky: <\/strong>8.16 x 10.34 cm<br \/>\n<strong>L\u00e1tka:<\/strong> 14 ct kr\u00e9mov\u00e1 aida<br \/>\n<strong>Bavlnky: <\/strong>DMC<br \/>\n<strong>Po\u010det farieb: <\/strong>19 + 2 blendy<br \/>\n<strong>Pou\u017eit\u00e9 techniky:<\/strong> kr\u00ed\u017eiky, ob\u0161\u00edvanie, p\u00e1r franc\u00fazskych uzl\u00edkov<\/p>\n","category_list":"","author_info":{"name":"","url":""},"comments_num":"1 comment","featured_image_urls_v2":{"full":["https:\/\/www.megastitch.eu\/wp-content\/uploads\/2020\/10\/4_kakao_frame_ss_sm.jpg",1120,1120,false],"thumbnail":["https:\/\/www.megastitch.eu\/wp-content\/uploads\/2020\/10\/4_kakao_frame_ss_sm-150x150.jpg",150,150,true],"medium":["https:\/\/www.megastitch.eu\/wp-content\/uploads\/2020\/10\/4_kakao_frame_ss_sm-300x300.jpg",300,300,true],"medium_large":["https:\/\/www.megastitch.eu\/wp-content\/uploads\/2020\/10\/4_kakao_frame_ss_sm-768x768.jpg",768,768,true],"large":["https:\/\/www.megastitch.eu\/wp-content\/uploads\/2020\/10\/4_kakao_frame_ss_sm-1024x1024.jpg",1024,1024,true],"1536x1536":["https:\/\/www.megastitch.eu\/wp-content\/uploads\/2020\/10\/4_kakao_frame_ss_sm.jpg",1120,1120,false],"2048x2048":["https:\/\/www.megastitch.eu\/wp-content\/uploads\/2020\/10\/4_kakao_frame_ss_sm.jpg",1120,1120,false],"ultp_layout_landscape_large":["https:\/\/www.megastitch.eu\/wp-content\/uploads\/2020\/10\/4_kakao_frame_ss_sm.jpg",800,800,false],"ultp_layout_landscape":["https:\/\/www.megastitch.eu\/wp-content\/uploads\/2020\/10\/4_kakao_frame_ss_sm.jpg",570,570,false],"ultp_layout_portrait":["https:\/\/www.megastitch.eu\/wp-content\/uploads\/2020\/10\/4_kakao_frame_ss_sm.jpg",600,600,false],"ultp_layout_square":["https:\/\/www.megastitch.eu\/wp-content\/uploads\/2020\/10\/4_kakao_frame_ss_sm.jpg",600,600,false],"molla_post-grid":["https:\/\/www.megastitch.eu\/wp-content\/uploads\/2020\/10\/4_kakao_frame_ss_sm.jpg",267,267,false],"woocommerce_thumbnail":["https:\/\/www.megastitch.eu\/wp-content\/uploads\/2020\/10\/4_kakao_frame_ss_sm-300x300.jpg",300,300,true],"woocommerce_single":["https:\/\/www.megastitch.eu\/wp-content\/uploads\/2020\/10\/4_kakao_frame_ss_sm-600x600.jpg",600,600,true],"woocommerce_gallery_thumbnail":["https:\/\/www.megastitch.eu\/wp-content\/uploads\/2020\/10\/4_kakao_frame_ss_sm-100x100.jpg",100,100,true]},"post_excerpt_stackable_v2":"<p><span style=\"font-weight: 400\">V\u00f4\u0148a cukroviniek je v\u00f4\u0148a Vianoc. Hor\u00face kakao s roztopen\u00fdmi marshmallow je v\u00f4\u0148ou viano\u010dn\u00e9ho dobrodru\u017estva a tajomstva dar\u010dekov. \u201eRozvo\u0148ajte\u201c svoju ob\u00fdva\u010dku touto v\u00fd\u0161ivkou.<\/span><\/p>\n<h4>Inform\u00e1cie o predlohe:<\/h4>\n<p><strong>Po\u010det kr\u00ed\u017eikov: 45 x 57<\/strong><br \/>\n<strong>Rozmer l\u00e1tky: <\/strong>8.16 x 10.34 cm<br \/>\n<strong>L\u00e1tka:<\/strong> 14 ct kr\u00e9mov\u00e1 aida<br \/>\n<strong>Bavlnky: <\/strong>DMC<br \/>\n<strong>Po\u010det farieb: <\/strong>19 + 2 blendy<br \/>\n<strong>Pou\u017eit\u00e9 techniky:<\/strong> kr\u00ed\u017eiky, ob\u0161\u00edvanie, p\u00e1r franc\u00fazskych uzl\u00edkov<\/p>\n","category_list_v2":"","author_info_v2":{"name":"","url":""},"comments_num_v2":"1 comment","uagb_featured_image_src":{"full":["https:\/\/www.megastitch.eu\/wp-content\/uploads\/2020\/10\/4_kakao_frame_ss_sm.jpg",1120,1120,false],"thumbnail":["https:\/\/www.megastitch.eu\/wp-content\/uploads\/2020\/10\/4_kakao_frame_ss_sm-150x150.jpg",150,150,true],"medium":["https:\/\/www.megastitch.eu\/wp-content\/uploads\/2020\/10\/4_kakao_frame_ss_sm-300x300.jpg",300,300,true],"medium_large":["https:\/\/www.megastitch.eu\/wp-content\/uploads\/2020\/10\/4_kakao_frame_ss_sm-768x768.jpg",768,768,true],"large":["https:\/\/www.megastitch.eu\/wp-content\/uploads\/2020\/10\/4_kakao_frame_ss_sm-1024x1024.jpg",1024,1024,true],"1536x1536":["https:\/\/www.megastitch.eu\/wp-content\/uploads\/2020\/10\/4_kakao_frame_ss_sm.jpg",1120,1120,false],"2048x2048":["https:\/\/www.megastitch.eu\/wp-content\/uploads\/2020\/10\/4_kakao_frame_ss_sm.jpg",1120,1120,false],"ultp_layout_landscape_large":["https:\/\/www.megastitch.eu\/wp-content\/uploads\/2020\/10\/4_kakao_frame_ss_sm.jpg",800,800,false],"ultp_layout_landscape":["https:\/\/www.megastitch.eu\/wp-content\/uploads\/2020\/10\/4_kakao_frame_ss_sm.jpg",570,570,false],"ultp_layout_portrait":["https:\/\/www.megastitch.eu\/wp-content\/uploads\/2020\/10\/4_kakao_frame_ss_sm.jpg",600,600,false],"ultp_layout_square":["https:\/\/www.megastitch.eu\/wp-content\/uploads\/2020\/10\/4_kakao_frame_ss_sm.jpg",600,600,false],"molla_post-grid":["https:\/\/www.megastitch.eu\/wp-content\/uploads\/2020\/10\/4_kakao_frame_ss_sm.jpg",267,267,false],"woocommerce_thumbnail":["https:\/\/www.megastitch.eu\/wp-content\/uploads\/2020\/10\/4_kakao_frame_ss_sm-300x300.jpg",300,300,true],"woocommerce_single":["https:\/\/www.megastitch.eu\/wp-content\/uploads\/2020\/10\/4_kakao_frame_ss_sm-600x600.jpg",600,600,true],"woocommerce_gallery_thumbnail":["https:\/\/www.megastitch.eu\/wp-content\/uploads\/2020\/10\/4_kakao_frame_ss_sm-100x100.jpg",100,100,true]},"uagb_author_info":{"display_name":"monika","author_link":"https:\/\/www.megastitch.eu\/cs\/author\/"},"uagb_comment_info":1,"uagb_excerpt":"V\u00f4\u0148a cukroviniek je v\u00f4\u0148a Vianoc. Hor\u00face kakao s roztopen\u00fdmi marshmallow je v\u00f4\u0148ou viano\u010dn\u00e9ho dobrodru\u017estva a tajomstva dar\u010dekov. \u201eRozvo\u0148ajte\u201c svoju ob\u00fdva\u010dku touto v\u00fd\u0161ivkou. Inform\u00e1cie o predlohe: Po\u010det kr\u00ed\u017eikov: 45 x 57 Rozmer l\u00e1tky: 8.16 x 10.34 cm L\u00e1tka: 14 ct kr\u00e9mov\u00e1 aida Bavlnky: DMC Po\u010det farieb: 19 + 2 blendy Pou\u017eit\u00e9 techniky: kr\u00ed\u017eiky, ob\u0161\u00edvanie, p\u00e1r franc\u00fazskych&hellip;","_links":{"self":[{"href":"https:\/\/www.megastitch.eu\/cs\/wp-json\/wp\/v2\/product\/20411"}],"collection":[{"href":"https:\/\/www.megastitch.eu\/cs\/wp-json\/wp\/v2\/product"}],"about":[{"href":"https:\/\/www.megastitch.eu\/cs\/wp-json\/wp\/v2\/types\/product"}],"replies":[{"embeddable":true,"href":"https:\/\/www.megastitch.eu\/cs\/wp-json\/wp\/v2\/comments?post=20411"}],"wp:featuredmedia":[{"embeddable":true,"href":"https:\/\/www.megastitch.eu\/cs\/wp-json\/wp\/v2\/media\/22575"}],"wp:attachment":[{"href":"https:\/\/www.megastitch.eu\/cs\/wp-json\/wp\/v2\/media?parent=20411"}],"wp:term":[{"taxonomy":"product_cat","embeddable":true,"href":"https:\/\/www.megastitch.eu\/cs\/wp-json\/wp\/v2\/product_cat?post=20411"},{"taxonomy":"product_tag","embeddable":true,"href":"https:\/\/www.megastitch.eu\/cs\/wp-json\/wp\/v2\/product_tag?post=20411"}],"curies":[{"name":"wp","href":"https:\/\/api.w.org\/{rel}","templated":true}]}}