	{"id":2098,"date":"2020-05-07T10:01:03","date_gmt":"2020-05-07T08:01:03","guid":{"rendered":"https:\/\/www.megastitch.eu\/?post_type=product&#038;p=2098"},"modified":"2024-02-08T23:08:32","modified_gmt":"2024-02-08T22:08:32","slug":"ruzovy-lotos","status":"publish","type":"product","link":"https:\/\/www.megastitch.eu\/cs\/obchod\/predlohy-na-vysivanie\/stredne-predlohy\/ruzovy-lotos\/","title":{"rendered":"Predloha Ru\u017eov\u00fd lotos"},"content":{"rendered":"<div class=\"nolwrap\"><p>N\u00e1dhern\u00fd ru\u017eov\u00fd lotosov\u00fd kvet.<\/p>\n<h4>Inform\u00e1cie o predlohe<\/h4>\n<p><strong>Po\u010det kr\u00ed\u017eikov: 76 x 62<\/strong><br \/>\n<strong>Bavlnky:<\/strong> DMC<br \/>\n<strong>Po\u010det farieb:<\/strong> 20<br \/>\n<strong>Pou\u017eit\u00e9 techniky:<\/strong> kr\u00ed\u017eik, polkr\u00ed\u017eik a ob\u0161\u00edvanie<\/p>\n<h4>S\u00fabory na stiahnutie:<\/h4>\n<ul>\n<li>pdf s\u00fabor v \u010dierno-bielej verzii<\/li>\n<li>pdf s\u00fabor vo farebnej verzii<\/li>\n<li>cssaga s\u00fabor<\/li>\n<\/ul>\n<p><strong>\u00a0<\/strong><\/p>\n<\/div>","protected":false},"excerpt":{"rendered":"<p>N\u00e1dhern\u00fd ru\u017eov\u00fd lotosov\u00fd kvet ako symbol znovuzrodenia a ve\u010dnosti. Odd\u00fdchnite si aj vy pri vy\u0161\u00edvan\u00ed tejto predlohy.<\/p>\n<p><strong>Po\u010det kr\u00ed\u017eikov: 76 x 62<br \/>\nBavlnky: <\/strong>DMC<strong><br \/>\nPo\u010det farieb: <\/strong>20<strong><br \/>\nPou\u017eit\u00e9 techniky: <\/strong>kr\u00ed\u017eik, polkr\u00ed\u017eik a ob\u0161\u00edvanie<\/p>\n<p>Na stiahnutie ihne\u010f po \u00fahrade.<\/p>\n<p>&nbsp;<\/p>\n","protected":false},"featured_media":27096,"comment_status":"open","ping_status":"closed","template":"","meta":{"_uag_custom_page_level_css":"","ngg_post_thumbnail":0},"product_cat":[257,131,138],"product_tag":[256,139,208,136],"aioseo_notices":[],"featured_image_urls":{"full":["https:\/\/www.megastitch.eu\/wp-content\/uploads\/2020\/05\/pink_lotus_frame_1200_sm_ss.jpg",962,864,false],"thumbnail":["https:\/\/www.megastitch.eu\/wp-content\/uploads\/2020\/05\/pink_lotus_frame_1200_sm_ss-150x150.jpg",150,150,true],"medium":["https:\/\/www.megastitch.eu\/wp-content\/uploads\/2020\/05\/pink_lotus_frame_1200_sm_ss-300x269.jpg",300,269,true],"medium_large":["https:\/\/www.megastitch.eu\/wp-content\/uploads\/2020\/05\/pink_lotus_frame_1200_sm_ss-768x690.jpg",768,690,true],"large":["https:\/\/www.megastitch.eu\/wp-content\/uploads\/2020\/05\/pink_lotus_frame_1200_sm_ss.jpg",962,864,false],"1536x1536":["https:\/\/www.megastitch.eu\/wp-content\/uploads\/2020\/05\/pink_lotus_frame_1200_sm_ss.jpg",962,864,false],"2048x2048":["https:\/\/www.megastitch.eu\/wp-content\/uploads\/2020\/05\/pink_lotus_frame_1200_sm_ss.jpg",962,864,false],"ultp_layout_landscape_large":["https:\/\/www.megastitch.eu\/wp-content\/uploads\/2020\/05\/pink_lotus_frame_1200_sm_ss-962x800.jpg",962,800,true],"ultp_layout_landscape":["https:\/\/www.megastitch.eu\/wp-content\/uploads\/2020\/05\/pink_lotus_frame_1200_sm_ss-870x570.jpg",870,570,true],"ultp_layout_portrait":["https:\/\/www.megastitch.eu\/wp-content\/uploads\/2020\/05\/pink_lotus_frame_1200_sm_ss-600x864.jpg",600,864,true],"ultp_layout_square":["https:\/\/www.megastitch.eu\/wp-content\/uploads\/2020\/05\/pink_lotus_frame_1200_sm_ss-600x600.jpg",600,600,true],"molla_post-grid":["https:\/\/www.megastitch.eu\/wp-content\/uploads\/2020\/05\/pink_lotus_frame_1200_sm_ss-400x267.jpg",400,267,true],"woocommerce_thumbnail":["https:\/\/www.megastitch.eu\/wp-content\/uploads\/2020\/05\/pink_lotus_frame_1200_sm_ss-300x269.jpg",300,269,true],"woocommerce_single":["https:\/\/www.megastitch.eu\/wp-content\/uploads\/2020\/05\/pink_lotus_frame_1200_sm_ss-600x539.jpg",600,539,true],"woocommerce_gallery_thumbnail":["https:\/\/www.megastitch.eu\/wp-content\/uploads\/2020\/05\/pink_lotus_frame_1200_sm_ss-100x100.jpg",100,100,true]},"post_excerpt_stackable":"<p>N\u00e1dhern\u00fd ru\u017eov\u00fd lotosov\u00fd kvet ako symbol znovuzrodenia a ve\u010dnosti. Odd\u00fdchnite si aj vy pri vy\u0161\u00edvan\u00ed tejto predlohy.<\/p>\n<p><strong>Po\u010det kr\u00ed\u017eikov: 76 x 62<br \/>\nBavlnky: <\/strong>DMC<strong><br \/>\nPo\u010det farieb: <\/strong>20<strong><br \/>\nPou\u017eit\u00e9 techniky: <\/strong>kr\u00ed\u017eik, polkr\u00ed\u017eik a ob\u0161\u00edvanie<\/p>\n<p>Na stiahnutie ihne\u010f po \u00fahrade.<\/p>\n<p>&nbsp;<\/p>\n","category_list":"","author_info":{"name":"","url":""},"comments_num":"0 comments","featured_image_urls_v2":{"full":["https:\/\/www.megastitch.eu\/wp-content\/uploads\/2020\/05\/pink_lotus_frame_1200_sm_ss.jpg",962,864,false],"thumbnail":["https:\/\/www.megastitch.eu\/wp-content\/uploads\/2020\/05\/pink_lotus_frame_1200_sm_ss-150x150.jpg",150,150,true],"medium":["https:\/\/www.megastitch.eu\/wp-content\/uploads\/2020\/05\/pink_lotus_frame_1200_sm_ss-300x269.jpg",300,269,true],"medium_large":["https:\/\/www.megastitch.eu\/wp-content\/uploads\/2020\/05\/pink_lotus_frame_1200_sm_ss-768x690.jpg",768,690,true],"large":["https:\/\/www.megastitch.eu\/wp-content\/uploads\/2020\/05\/pink_lotus_frame_1200_sm_ss.jpg",962,864,false],"1536x1536":["https:\/\/www.megastitch.eu\/wp-content\/uploads\/2020\/05\/pink_lotus_frame_1200_sm_ss.jpg",962,864,false],"2048x2048":["https:\/\/www.megastitch.eu\/wp-content\/uploads\/2020\/05\/pink_lotus_frame_1200_sm_ss.jpg",962,864,false],"ultp_layout_landscape_large":["https:\/\/www.megastitch.eu\/wp-content\/uploads\/2020\/05\/pink_lotus_frame_1200_sm_ss-962x800.jpg",962,800,true],"ultp_layout_landscape":["https:\/\/www.megastitch.eu\/wp-content\/uploads\/2020\/05\/pink_lotus_frame_1200_sm_ss-870x570.jpg",870,570,true],"ultp_layout_portrait":["https:\/\/www.megastitch.eu\/wp-content\/uploads\/2020\/05\/pink_lotus_frame_1200_sm_ss-600x864.jpg",600,864,true],"ultp_layout_square":["https:\/\/www.megastitch.eu\/wp-content\/uploads\/2020\/05\/pink_lotus_frame_1200_sm_ss-600x600.jpg",600,600,true],"molla_post-grid":["https:\/\/www.megastitch.eu\/wp-content\/uploads\/2020\/05\/pink_lotus_frame_1200_sm_ss-400x267.jpg",400,267,true],"woocommerce_thumbnail":["https:\/\/www.megastitch.eu\/wp-content\/uploads\/2020\/05\/pink_lotus_frame_1200_sm_ss-300x269.jpg",300,269,true],"woocommerce_single":["https:\/\/www.megastitch.eu\/wp-content\/uploads\/2020\/05\/pink_lotus_frame_1200_sm_ss-600x539.jpg",600,539,true],"woocommerce_gallery_thumbnail":["https:\/\/www.megastitch.eu\/wp-content\/uploads\/2020\/05\/pink_lotus_frame_1200_sm_ss-100x100.jpg",100,100,true]},"post_excerpt_stackable_v2":"<p>N\u00e1dhern\u00fd ru\u017eov\u00fd lotosov\u00fd kvet ako symbol znovuzrodenia a ve\u010dnosti. Odd\u00fdchnite si aj vy pri vy\u0161\u00edvan\u00ed tejto predlohy.<\/p>\n<p><strong>Po\u010det kr\u00ed\u017eikov: 76 x 62<br \/>\nBavlnky: <\/strong>DMC<strong><br \/>\nPo\u010det farieb: <\/strong>20<strong><br \/>\nPou\u017eit\u00e9 techniky: <\/strong>kr\u00ed\u017eik, polkr\u00ed\u017eik a ob\u0161\u00edvanie<\/p>\n<p>Na stiahnutie ihne\u010f po \u00fahrade.<\/p>\n<p>&nbsp;<\/p>\n","category_list_v2":"","author_info_v2":{"name":"","url":""},"comments_num_v2":"0 comments","uagb_featured_image_src":{"full":["https:\/\/www.megastitch.eu\/wp-content\/uploads\/2020\/05\/pink_lotus_frame_1200_sm_ss.jpg",962,864,false],"thumbnail":["https:\/\/www.megastitch.eu\/wp-content\/uploads\/2020\/05\/pink_lotus_frame_1200_sm_ss-150x150.jpg",150,150,true],"medium":["https:\/\/www.megastitch.eu\/wp-content\/uploads\/2020\/05\/pink_lotus_frame_1200_sm_ss-300x269.jpg",300,269,true],"medium_large":["https:\/\/www.megastitch.eu\/wp-content\/uploads\/2020\/05\/pink_lotus_frame_1200_sm_ss-768x690.jpg",768,690,true],"large":["https:\/\/www.megastitch.eu\/wp-content\/uploads\/2020\/05\/pink_lotus_frame_1200_sm_ss.jpg",962,864,false],"1536x1536":["https:\/\/www.megastitch.eu\/wp-content\/uploads\/2020\/05\/pink_lotus_frame_1200_sm_ss.jpg",962,864,false],"2048x2048":["https:\/\/www.megastitch.eu\/wp-content\/uploads\/2020\/05\/pink_lotus_frame_1200_sm_ss.jpg",962,864,false],"ultp_layout_landscape_large":["https:\/\/www.megastitch.eu\/wp-content\/uploads\/2020\/05\/pink_lotus_frame_1200_sm_ss-962x800.jpg",962,800,true],"ultp_layout_landscape":["https:\/\/www.megastitch.eu\/wp-content\/uploads\/2020\/05\/pink_lotus_frame_1200_sm_ss-870x570.jpg",870,570,true],"ultp_layout_portrait":["https:\/\/www.megastitch.eu\/wp-content\/uploads\/2020\/05\/pink_lotus_frame_1200_sm_ss-600x864.jpg",600,864,true],"ultp_layout_square":["https:\/\/www.megastitch.eu\/wp-content\/uploads\/2020\/05\/pink_lotus_frame_1200_sm_ss-600x600.jpg",600,600,true],"molla_post-grid":["https:\/\/www.megastitch.eu\/wp-content\/uploads\/2020\/05\/pink_lotus_frame_1200_sm_ss-400x267.jpg",400,267,true],"woocommerce_thumbnail":["https:\/\/www.megastitch.eu\/wp-content\/uploads\/2020\/05\/pink_lotus_frame_1200_sm_ss-300x269.jpg",300,269,true],"woocommerce_single":["https:\/\/www.megastitch.eu\/wp-content\/uploads\/2020\/05\/pink_lotus_frame_1200_sm_ss-600x539.jpg",600,539,true],"woocommerce_gallery_thumbnail":["https:\/\/www.megastitch.eu\/wp-content\/uploads\/2020\/05\/pink_lotus_frame_1200_sm_ss-100x100.jpg",100,100,true]},"uagb_author_info":{"display_name":"erbenova","author_link":"https:\/\/www.megastitch.eu\/cs\/author\/"},"uagb_comment_info":0,"uagb_excerpt":"N\u00e1dhern\u00fd ru\u017eov\u00fd lotosov\u00fd kvet ako symbol znovuzrodenia a ve\u010dnosti. Odd\u00fdchnite si aj vy pri vy\u0161\u00edvan\u00ed tejto predlohy. Po\u010det kr\u00ed\u017eikov: 76 x 62 Bavlnky: DMC Po\u010det farieb: 20 Pou\u017eit\u00e9 techniky: kr\u00ed\u017eik, polkr\u00ed\u017eik a ob\u0161\u00edvanie Na stiahnutie ihne\u010f po \u00fahrade. &nbsp;","_links":{"self":[{"href":"https:\/\/www.megastitch.eu\/cs\/wp-json\/wp\/v2\/product\/2098"}],"collection":[{"href":"https:\/\/www.megastitch.eu\/cs\/wp-json\/wp\/v2\/product"}],"about":[{"href":"https:\/\/www.megastitch.eu\/cs\/wp-json\/wp\/v2\/types\/product"}],"replies":[{"embeddable":true,"href":"https:\/\/www.megastitch.eu\/cs\/wp-json\/wp\/v2\/comments?post=2098"}],"wp:featuredmedia":[{"embeddable":true,"href":"https:\/\/www.megastitch.eu\/cs\/wp-json\/wp\/v2\/media\/27096"}],"wp:attachment":[{"href":"https:\/\/www.megastitch.eu\/cs\/wp-json\/wp\/v2\/media?parent=2098"}],"wp:term":[{"taxonomy":"product_cat","embeddable":true,"href":"https:\/\/www.megastitch.eu\/cs\/wp-json\/wp\/v2\/product_cat?post=2098"},{"taxonomy":"product_tag","embeddable":true,"href":"https:\/\/www.megastitch.eu\/cs\/wp-json\/wp\/v2\/product_tag?post=2098"}],"curies":[{"name":"wp","href":"https:\/\/api.w.org\/{rel}","templated":true}]}}