	{"id":2135,"date":"2020-09-25T14:21:58","date_gmt":"2020-09-25T12:21:58","guid":{"rendered":"https:\/\/www.megastitch.eu\/?post_type=product&#038;p=2135"},"modified":"2025-08-08T22:13:41","modified_gmt":"2025-08-08T20:13:41","slug":"predloha-liska-s-mackou","status":"publish","type":"product","link":"https:\/\/www.megastitch.eu\/cs\/obchod\/predlohy-na-vysivanie\/stredne-predlohy\/predloha-liska-s-mackou\/","title":{"rendered":"Predloha L\u00ed\u0161ka s ma\u010dkou"},"content":{"rendered":"<div class=\"nolwrap\"><p>Autor ilustr\u00e1cie: Sofia Belenko<\/p>\n<p>Autorka predlohy: <strong>M\u00e1ria Erbenov\u00e1&nbsp;<\/strong><\/p>\n<h4>Inform\u00e1cie o predlohe:<\/h4>\n<p><strong>Po\u010det kr\u00ed\u017eikov: 131 x 113<\/strong><br \/>\n<strong>Rozmer l\u00e1tky: 23.77 x 20.50 cm <\/strong>(14c biela aida)<br \/>\n<strong>Bavlnky: <\/strong>DMC<br \/>\n<strong>Po\u010det farieb: <\/strong><strong>39 + 7 zmie\u0161an\u00fdch farieb <\/strong>(blendov)<br \/>\n<strong>Pou\u017eit\u00e9 techniky:<\/strong> kr\u00ed\u017eiky, p\u00e1r 3\/4 kr\u00ed\u017eikov, ob\u0161\u00edvanie, p\u00e1r franc\u00fazskych uzl\u00edkov<\/p>\n<h4>S\u00fabory na stiahnutie:<\/h4>\n<ul>\n<li>pdf s\u00fabor v \u010dierno-bielej verzii &#8211; s ob\u0161\u00edvan\u00edm a bez ob\u0161\u00edvania, pdf s\u00fabor vo farebnej verzii &#8211; s ob\u0161\u00edvan\u00edm a bez ob\u0161\u00edvania<\/li>\n<li>cssaga s\u00fabor<\/li>\n<\/ul>\n<\/div>","protected":false},"excerpt":{"rendered":"<p>\u0160ibalsky sa usmievaj\u00faca l\u00ed\u0161ka a&nbsp;zachm\u00faren\u00e1 \u010dierna ma\u010dka s\u00fa skvel\u00e1 predloha na pozit\u00edvne myslenie. Preme\u0148te svoju zdanliv\u00fa smolu na \u0161\u0165astie.<\/p>\n<p>Autorka predlohy: <strong>M\u00e1ria Erbenov\u00e1<\/strong><\/p>\n<p><strong>Po\u010det kr\u00ed\u017eikov: 131 x 113<\/strong><br \/>\n<strong>Rozmer l\u00e1tky: 23.77 x 20.50 cm <\/strong>(14c biela aida)<br \/>\n<strong>Bavlnky: <\/strong>DMC<br \/>\n<strong>Po\u010det farieb: <\/strong><strong>39 + 7 zmie\u0161an\u00fdch farieb <\/strong>(blendov)<br \/>\n<strong>Pou\u017eit\u00e9 techniky:<\/strong> kr\u00ed\u017eiky, p\u00e1r 3\/4 kr\u00ed\u017eikov, ob\u0161\u00edvanie, p\u00e1r franc\u00fazskych uzl\u00edkov<\/p>\n","protected":false},"featured_media":18551,"comment_status":"open","ping_status":"closed","template":"","meta":{"_uag_custom_page_level_css":"","ngg_post_thumbnail":0},"product_cat":[243,131,138],"product_tag":[289,152,324,150,151],"aioseo_notices":[],"featured_image_urls":{"full":["https:\/\/www.megastitch.eu\/wp-content\/uploads\/2020\/09\/liska-s-mackou_final.jpg",1789,1610,false],"thumbnail":["https:\/\/www.megastitch.eu\/wp-content\/uploads\/2020\/09\/liska-s-mackou_final-150x150.jpg",150,150,true],"medium":["https:\/\/www.megastitch.eu\/wp-content\/uploads\/2020\/09\/liska-s-mackou_final-300x270.jpg",300,270,true],"medium_large":["https:\/\/www.megastitch.eu\/wp-content\/uploads\/2020\/09\/liska-s-mackou_final-768x691.jpg",768,691,true],"large":["https:\/\/www.megastitch.eu\/wp-content\/uploads\/2020\/09\/liska-s-mackou_final-1024x922.jpg",1024,922,true],"1536x1536":["https:\/\/www.megastitch.eu\/wp-content\/uploads\/2020\/09\/liska-s-mackou_final.jpg",1536,1382,false],"2048x2048":["https:\/\/www.megastitch.eu\/wp-content\/uploads\/2020\/09\/liska-s-mackou_final.jpg",1789,1610,false],"ultp_layout_landscape_large":["https:\/\/www.megastitch.eu\/wp-content\/uploads\/2020\/09\/liska-s-mackou_final.jpg",889,800,false],"ultp_layout_landscape":["https:\/\/www.megastitch.eu\/wp-content\/uploads\/2020\/09\/liska-s-mackou_final.jpg",633,570,false],"ultp_layout_portrait":["https:\/\/www.megastitch.eu\/wp-content\/uploads\/2020\/09\/liska-s-mackou_final.jpg",600,540,false],"ultp_layout_square":["https:\/\/www.megastitch.eu\/wp-content\/uploads\/2020\/09\/liska-s-mackou_final.jpg",600,540,false],"molla_post-grid":["https:\/\/www.megastitch.eu\/wp-content\/uploads\/2020\/09\/liska-s-mackou_final.jpg",297,267,false],"woocommerce_thumbnail":["https:\/\/www.megastitch.eu\/wp-content\/uploads\/2020\/09\/liska-s-mackou_final-300x270.jpg",300,270,true],"woocommerce_single":["https:\/\/www.megastitch.eu\/wp-content\/uploads\/2020\/09\/liska-s-mackou_final-600x540.jpg",600,540,true],"woocommerce_gallery_thumbnail":["https:\/\/www.megastitch.eu\/wp-content\/uploads\/2020\/09\/liska-s-mackou_final-100x100.jpg",100,100,true]},"post_excerpt_stackable":"<p>\u0160ibalsky sa usmievaj\u00faca l\u00ed\u0161ka a&nbsp;zachm\u00faren\u00e1 \u010dierna ma\u010dka s\u00fa skvel\u00e1 predloha na pozit\u00edvne myslenie. Preme\u0148te svoju zdanliv\u00fa smolu na \u0161\u0165astie.<\/p>\n<p>Autorka predlohy: <strong>M\u00e1ria Erbenov\u00e1<\/strong><\/p>\n<p><strong>Po\u010det kr\u00ed\u017eikov: 131 x 113<\/strong><br \/>\n<strong>Rozmer l\u00e1tky: 23.77 x 20.50 cm <\/strong>(14c biela aida)<br \/>\n<strong>Bavlnky: <\/strong>DMC<br \/>\n<strong>Po\u010det farieb: <\/strong><strong>39 + 7 zmie\u0161an\u00fdch farieb <\/strong>(blendov)<br \/>\n<strong>Pou\u017eit\u00e9 techniky:<\/strong> kr\u00ed\u017eiky, p\u00e1r 3\/4 kr\u00ed\u017eikov, ob\u0161\u00edvanie, p\u00e1r franc\u00fazskych uzl\u00edkov<\/p>\n","category_list":"","author_info":{"name":"","url":""},"comments_num":"0 comments","featured_image_urls_v2":{"full":["https:\/\/www.megastitch.eu\/wp-content\/uploads\/2020\/09\/liska-s-mackou_final.jpg",1789,1610,false],"thumbnail":["https:\/\/www.megastitch.eu\/wp-content\/uploads\/2020\/09\/liska-s-mackou_final-150x150.jpg",150,150,true],"medium":["https:\/\/www.megastitch.eu\/wp-content\/uploads\/2020\/09\/liska-s-mackou_final-300x270.jpg",300,270,true],"medium_large":["https:\/\/www.megastitch.eu\/wp-content\/uploads\/2020\/09\/liska-s-mackou_final-768x691.jpg",768,691,true],"large":["https:\/\/www.megastitch.eu\/wp-content\/uploads\/2020\/09\/liska-s-mackou_final-1024x922.jpg",1024,922,true],"1536x1536":["https:\/\/www.megastitch.eu\/wp-content\/uploads\/2020\/09\/liska-s-mackou_final.jpg",1536,1382,false],"2048x2048":["https:\/\/www.megastitch.eu\/wp-content\/uploads\/2020\/09\/liska-s-mackou_final.jpg",1789,1610,false],"ultp_layout_landscape_large":["https:\/\/www.megastitch.eu\/wp-content\/uploads\/2020\/09\/liska-s-mackou_final.jpg",889,800,false],"ultp_layout_landscape":["https:\/\/www.megastitch.eu\/wp-content\/uploads\/2020\/09\/liska-s-mackou_final.jpg",633,570,false],"ultp_layout_portrait":["https:\/\/www.megastitch.eu\/wp-content\/uploads\/2020\/09\/liska-s-mackou_final.jpg",600,540,false],"ultp_layout_square":["https:\/\/www.megastitch.eu\/wp-content\/uploads\/2020\/09\/liska-s-mackou_final.jpg",600,540,false],"molla_post-grid":["https:\/\/www.megastitch.eu\/wp-content\/uploads\/2020\/09\/liska-s-mackou_final.jpg",297,267,false],"woocommerce_thumbnail":["https:\/\/www.megastitch.eu\/wp-content\/uploads\/2020\/09\/liska-s-mackou_final-300x270.jpg",300,270,true],"woocommerce_single":["https:\/\/www.megastitch.eu\/wp-content\/uploads\/2020\/09\/liska-s-mackou_final-600x540.jpg",600,540,true],"woocommerce_gallery_thumbnail":["https:\/\/www.megastitch.eu\/wp-content\/uploads\/2020\/09\/liska-s-mackou_final-100x100.jpg",100,100,true]},"post_excerpt_stackable_v2":"<p>\u0160ibalsky sa usmievaj\u00faca l\u00ed\u0161ka a&nbsp;zachm\u00faren\u00e1 \u010dierna ma\u010dka s\u00fa skvel\u00e1 predloha na pozit\u00edvne myslenie. Preme\u0148te svoju zdanliv\u00fa smolu na \u0161\u0165astie.<\/p>\n<p>Autorka predlohy: <strong>M\u00e1ria Erbenov\u00e1<\/strong><\/p>\n<p><strong>Po\u010det kr\u00ed\u017eikov: 131 x 113<\/strong><br \/>\n<strong>Rozmer l\u00e1tky: 23.77 x 20.50 cm <\/strong>(14c biela aida)<br \/>\n<strong>Bavlnky: <\/strong>DMC<br \/>\n<strong>Po\u010det farieb: <\/strong><strong>39 + 7 zmie\u0161an\u00fdch farieb <\/strong>(blendov)<br \/>\n<strong>Pou\u017eit\u00e9 techniky:<\/strong> kr\u00ed\u017eiky, p\u00e1r 3\/4 kr\u00ed\u017eikov, ob\u0161\u00edvanie, p\u00e1r franc\u00fazskych uzl\u00edkov<\/p>\n","category_list_v2":"","author_info_v2":{"name":"","url":""},"comments_num_v2":"0 comments","uagb_featured_image_src":{"full":["https:\/\/www.megastitch.eu\/wp-content\/uploads\/2020\/09\/liska-s-mackou_final.jpg",1789,1610,false],"thumbnail":["https:\/\/www.megastitch.eu\/wp-content\/uploads\/2020\/09\/liska-s-mackou_final-150x150.jpg",150,150,true],"medium":["https:\/\/www.megastitch.eu\/wp-content\/uploads\/2020\/09\/liska-s-mackou_final-300x270.jpg",300,270,true],"medium_large":["https:\/\/www.megastitch.eu\/wp-content\/uploads\/2020\/09\/liska-s-mackou_final-768x691.jpg",768,691,true],"large":["https:\/\/www.megastitch.eu\/wp-content\/uploads\/2020\/09\/liska-s-mackou_final-1024x922.jpg",1024,922,true],"1536x1536":["https:\/\/www.megastitch.eu\/wp-content\/uploads\/2020\/09\/liska-s-mackou_final.jpg",1536,1382,false],"2048x2048":["https:\/\/www.megastitch.eu\/wp-content\/uploads\/2020\/09\/liska-s-mackou_final.jpg",1789,1610,false],"ultp_layout_landscape_large":["https:\/\/www.megastitch.eu\/wp-content\/uploads\/2020\/09\/liska-s-mackou_final.jpg",889,800,false],"ultp_layout_landscape":["https:\/\/www.megastitch.eu\/wp-content\/uploads\/2020\/09\/liska-s-mackou_final.jpg",633,570,false],"ultp_layout_portrait":["https:\/\/www.megastitch.eu\/wp-content\/uploads\/2020\/09\/liska-s-mackou_final.jpg",600,540,false],"ultp_layout_square":["https:\/\/www.megastitch.eu\/wp-content\/uploads\/2020\/09\/liska-s-mackou_final.jpg",600,540,false],"molla_post-grid":["https:\/\/www.megastitch.eu\/wp-content\/uploads\/2020\/09\/liska-s-mackou_final.jpg",297,267,false],"woocommerce_thumbnail":["https:\/\/www.megastitch.eu\/wp-content\/uploads\/2020\/09\/liska-s-mackou_final-300x270.jpg",300,270,true],"woocommerce_single":["https:\/\/www.megastitch.eu\/wp-content\/uploads\/2020\/09\/liska-s-mackou_final-600x540.jpg",600,540,true],"woocommerce_gallery_thumbnail":["https:\/\/www.megastitch.eu\/wp-content\/uploads\/2020\/09\/liska-s-mackou_final-100x100.jpg",100,100,true]},"uagb_author_info":{"display_name":"monika","author_link":"https:\/\/www.megastitch.eu\/cs\/author\/"},"uagb_comment_info":0,"uagb_excerpt":"\u0160ibalsky sa usmievaj\u00faca l\u00ed\u0161ka a&nbsp;zachm\u00faren\u00e1 \u010dierna ma\u010dka s\u00fa skvel\u00e1 predloha na pozit\u00edvne myslenie. Preme\u0148te svoju zdanliv\u00fa smolu na \u0161\u0165astie. Autorka predlohy: M\u00e1ria Erbenov\u00e1 Po\u010det kr\u00ed\u017eikov: 131 x 113 Rozmer l\u00e1tky: 23.77 x 20.50 cm (14c biela aida) Bavlnky: DMC Po\u010det farieb: 39 + 7 zmie\u0161an\u00fdch farieb (blendov) Pou\u017eit\u00e9 techniky: kr\u00ed\u017eiky, p\u00e1r 3\/4 kr\u00ed\u017eikov, ob\u0161\u00edvanie, p\u00e1r&hellip;","_links":{"self":[{"href":"https:\/\/www.megastitch.eu\/cs\/wp-json\/wp\/v2\/product\/2135"}],"collection":[{"href":"https:\/\/www.megastitch.eu\/cs\/wp-json\/wp\/v2\/product"}],"about":[{"href":"https:\/\/www.megastitch.eu\/cs\/wp-json\/wp\/v2\/types\/product"}],"replies":[{"embeddable":true,"href":"https:\/\/www.megastitch.eu\/cs\/wp-json\/wp\/v2\/comments?post=2135"}],"wp:featuredmedia":[{"embeddable":true,"href":"https:\/\/www.megastitch.eu\/cs\/wp-json\/wp\/v2\/media\/18551"}],"wp:attachment":[{"href":"https:\/\/www.megastitch.eu\/cs\/wp-json\/wp\/v2\/media?parent=2135"}],"wp:term":[{"taxonomy":"product_cat","embeddable":true,"href":"https:\/\/www.megastitch.eu\/cs\/wp-json\/wp\/v2\/product_cat?post=2135"},{"taxonomy":"product_tag","embeddable":true,"href":"https:\/\/www.megastitch.eu\/cs\/wp-json\/wp\/v2\/product_tag?post=2135"}],"curies":[{"name":"wp","href":"https:\/\/api.w.org\/{rel}","templated":true}]}}