	{"id":2139,"date":"2020-05-01T15:01:17","date_gmt":"2020-05-01T13:01:17","guid":{"rendered":"https:\/\/www.megastitch.eu\/?post_type=product&#038;p=2139"},"modified":"2020-09-24T12:29:07","modified_gmt":"2020-09-24T10:29:07","slug":"predloha-had-s-donutmi","status":"publish","type":"product","link":"https:\/\/www.megastitch.eu\/cs\/obchod\/predlohy-na-vysivanie\/stredne-predlohy\/predloha-had-s-donutmi\/","title":{"rendered":"Predloha Had s donutmi"},"content":{"rendered":"<div class=\"nolwrap\"><p><strong>Autor ilustr\u00e1cie:<\/strong> <a href=\"https:\/\/vk.com\/nature_drawing\" target=\"_blank\" rel=\"noopener noreferrer\">Nature drawing<\/a><\/p>\n<h4>Inform\u00e1cie o predlohe<\/h4>\n<p><strong>Po\u010det kr\u00ed\u017eikov:<\/strong> <strong>130 x 57<\/strong><br \/>\n<strong>Bavlnky:<\/strong> DMC<br \/>\n<strong>Po\u010det farieb:<\/strong> 51 + 3 blendy (mie\u0161an\u00e9 farby)<br \/>\n<strong>Pou\u017eit\u00e9 kr\u00ed\u017eiky:<\/strong> kr\u00ed\u017eik, polkr\u00ed\u017eik a ob\u0161\u00edvanie<\/p>\n<p><span class=\"tlid-translation translation\" lang=\"en\"><span class=\"\" title=\"\"><a href=\"https:\/\/vk.com\/disotadoya\" target=\"_blank\" rel=\"noopener noreferrer\"><strong>Dostupn\u00e9 na externej str\u00e1nke<\/strong>&nbsp;&#8211;<\/a> v skupine kurzu dizajn\u00e9rov predl\u00f4h na <a href=\"https:\/\/vk.com\/disotadoya\" target=\"_blank\" rel=\"noopener noreferrer\">vk.com<\/a>.<\/span><\/span><\/p>\n<h4>S\u00fabory na stiahnutie:<\/h4>\n<ul>\n<li>pdf s\u00fabor v \u010dierno-bielej verzii &#8211; s ob\u0161\u00edvan\u00edm alebo bez<\/li>\n<li>pdf s\u00fabor vo farebnej verzii &#8211; s ob\u0161\u00edvan\u00edm alebo bez<\/li>\n<li>cssaga s\u00fabor<\/li>\n<\/ul>\n<\/div>","protected":false},"excerpt":{"rendered":"<p>Vedeli ste, \u017ee had str\u00e1\u017eiaci donuty je tak\u00fdm novodob\u00fdm symbolom str\u00e1\u017eenia si l\u00ednie? Teda, neviem, \u010di to plat\u00ed v\u0161eobecne, ale tento ur\u010dite. Chutn\u00e9 donutiky, priam na zahryznutie a nad nimi had s vyplazen\u00fdm jazykom ako \u017eiv\u00fd.<\/p>\n<p><strong>Po\u010det kr\u00ed\u017eikov: 130 x 57<\/strong><br \/>\n<strong>Po\u010det farieb:<\/strong> 51 + 3 blendy<\/p>\n<p><span class=\"tlid-translation translation\" lang=\"en\"><span class=\"\" title=\"\"><a href=\"https:\/\/vk.com\/disotadoya\" target=\"_blank\" rel=\"noopener noreferrer\"><strong>Dostupn\u00e9 na externej str\u00e1nke<\/strong>&nbsp;&#8211;<\/a> v skupine kurzu dizajn\u00e9rov predl\u00f4h na <a href=\"https:\/\/vk.com\/disotadoya\" target=\"_blank\" rel=\"noopener noreferrer\">vk.com<\/a>.<\/span><\/span><\/p>\n","protected":false},"featured_media":2141,"comment_status":"open","ping_status":"closed","template":"","meta":{"_uag_custom_page_level_css":"","ngg_post_thumbnail":0},"product_cat":[131,138],"product_tag":[],"aioseo_notices":[],"featured_image_urls":{"full":["https:\/\/www.megastitch.eu\/wp-content\/uploads\/2020\/05\/snake_with_donuts_disotadaya.jpg",2000,2160,false],"thumbnail":["https:\/\/www.megastitch.eu\/wp-content\/uploads\/2020\/05\/snake_with_donuts_disotadaya-150x150.jpg",150,150,true],"medium":["https:\/\/www.megastitch.eu\/wp-content\/uploads\/2020\/05\/snake_with_donuts_disotadaya-278x300.jpg",278,300,true],"medium_large":["https:\/\/www.megastitch.eu\/wp-content\/uploads\/2020\/05\/snake_with_donuts_disotadaya-768x829.jpg",768,829,true],"large":["https:\/\/www.megastitch.eu\/wp-content\/uploads\/2020\/05\/snake_with_donuts_disotadaya-948x1024.jpg",948,1024,true],"1536x1536":["https:\/\/www.megastitch.eu\/wp-content\/uploads\/2020\/05\/snake_with_donuts_disotadaya.jpg",1422,1536,false],"2048x2048":["https:\/\/www.megastitch.eu\/wp-content\/uploads\/2020\/05\/snake_with_donuts_disotadaya.jpg",1896,2048,false],"ultp_layout_landscape_large":["https:\/\/www.megastitch.eu\/wp-content\/uploads\/2020\/05\/snake_with_donuts_disotadaya.jpg",741,800,false],"ultp_layout_landscape":["https:\/\/www.megastitch.eu\/wp-content\/uploads\/2020\/05\/snake_with_donuts_disotadaya.jpg",528,570,false],"ultp_layout_portrait":["https:\/\/www.megastitch.eu\/wp-content\/uploads\/2020\/05\/snake_with_donuts_disotadaya.jpg",600,648,false],"ultp_layout_square":["https:\/\/www.megastitch.eu\/wp-content\/uploads\/2020\/05\/snake_with_donuts_disotadaya.jpg",556,600,false],"molla_post-grid":["https:\/\/www.megastitch.eu\/wp-content\/uploads\/2020\/05\/snake_with_donuts_disotadaya.jpg",247,267,false],"woocommerce_thumbnail":["https:\/\/www.megastitch.eu\/wp-content\/uploads\/2020\/05\/snake_with_donuts_disotadaya-300x324.jpg",300,324,true],"woocommerce_single":["https:\/\/www.megastitch.eu\/wp-content\/uploads\/2020\/05\/snake_with_donuts_disotadaya-600x648.jpg",600,648,true],"woocommerce_gallery_thumbnail":["https:\/\/www.megastitch.eu\/wp-content\/uploads\/2020\/05\/snake_with_donuts_disotadaya-100x100.jpg",100,100,true]},"post_excerpt_stackable":"<p>Vedeli ste, \u017ee had str\u00e1\u017eiaci donuty je tak\u00fdm novodob\u00fdm symbolom str\u00e1\u017eenia si l\u00ednie? Teda, neviem, \u010di to plat\u00ed v\u0161eobecne, ale tento ur\u010dite. Chutn\u00e9 donutiky, priam na zahryznutie a nad nimi had s vyplazen\u00fdm jazykom ako \u017eiv\u00fd.<\/p>\n<p><strong>Po\u010det kr\u00ed\u017eikov: 130 x 57<\/strong><br \/>\n<strong>Po\u010det farieb:<\/strong> 51 + 3 blendy<\/p>\n<p><span class=\"tlid-translation translation\" lang=\"en\"><span class=\"\" title=\"\"><a href=\"https:\/\/vk.com\/disotadoya\" target=\"_blank\" rel=\"noopener noreferrer\"><strong>Dostupn\u00e9 na externej str\u00e1nke<\/strong>&nbsp;&#8211;<\/a> v skupine kurzu dizajn\u00e9rov predl\u00f4h na <a href=\"https:\/\/vk.com\/disotadoya\" target=\"_blank\" rel=\"noopener noreferrer\">vk.com<\/a>.<\/span><\/span><\/p>\n","category_list":"","author_info":{"name":"","url":""},"comments_num":"0 comments","featured_image_urls_v2":{"full":["https:\/\/www.megastitch.eu\/wp-content\/uploads\/2020\/05\/snake_with_donuts_disotadaya.jpg",2000,2160,false],"thumbnail":["https:\/\/www.megastitch.eu\/wp-content\/uploads\/2020\/05\/snake_with_donuts_disotadaya-150x150.jpg",150,150,true],"medium":["https:\/\/www.megastitch.eu\/wp-content\/uploads\/2020\/05\/snake_with_donuts_disotadaya-278x300.jpg",278,300,true],"medium_large":["https:\/\/www.megastitch.eu\/wp-content\/uploads\/2020\/05\/snake_with_donuts_disotadaya-768x829.jpg",768,829,true],"large":["https:\/\/www.megastitch.eu\/wp-content\/uploads\/2020\/05\/snake_with_donuts_disotadaya-948x1024.jpg",948,1024,true],"1536x1536":["https:\/\/www.megastitch.eu\/wp-content\/uploads\/2020\/05\/snake_with_donuts_disotadaya.jpg",1422,1536,false],"2048x2048":["https:\/\/www.megastitch.eu\/wp-content\/uploads\/2020\/05\/snake_with_donuts_disotadaya.jpg",1896,2048,false],"ultp_layout_landscape_large":["https:\/\/www.megastitch.eu\/wp-content\/uploads\/2020\/05\/snake_with_donuts_disotadaya.jpg",741,800,false],"ultp_layout_landscape":["https:\/\/www.megastitch.eu\/wp-content\/uploads\/2020\/05\/snake_with_donuts_disotadaya.jpg",528,570,false],"ultp_layout_portrait":["https:\/\/www.megastitch.eu\/wp-content\/uploads\/2020\/05\/snake_with_donuts_disotadaya.jpg",600,648,false],"ultp_layout_square":["https:\/\/www.megastitch.eu\/wp-content\/uploads\/2020\/05\/snake_with_donuts_disotadaya.jpg",556,600,false],"molla_post-grid":["https:\/\/www.megastitch.eu\/wp-content\/uploads\/2020\/05\/snake_with_donuts_disotadaya.jpg",247,267,false],"woocommerce_thumbnail":["https:\/\/www.megastitch.eu\/wp-content\/uploads\/2020\/05\/snake_with_donuts_disotadaya-300x324.jpg",300,324,true],"woocommerce_single":["https:\/\/www.megastitch.eu\/wp-content\/uploads\/2020\/05\/snake_with_donuts_disotadaya-600x648.jpg",600,648,true],"woocommerce_gallery_thumbnail":["https:\/\/www.megastitch.eu\/wp-content\/uploads\/2020\/05\/snake_with_donuts_disotadaya-100x100.jpg",100,100,true]},"post_excerpt_stackable_v2":"<p>Vedeli ste, \u017ee had str\u00e1\u017eiaci donuty je tak\u00fdm novodob\u00fdm symbolom str\u00e1\u017eenia si l\u00ednie? Teda, neviem, \u010di to plat\u00ed v\u0161eobecne, ale tento ur\u010dite. Chutn\u00e9 donutiky, priam na zahryznutie a nad nimi had s vyplazen\u00fdm jazykom ako \u017eiv\u00fd.<\/p>\n<p><strong>Po\u010det kr\u00ed\u017eikov: 130 x 57<\/strong><br \/>\n<strong>Po\u010det farieb:<\/strong> 51 + 3 blendy<\/p>\n<p><span class=\"tlid-translation translation\" lang=\"en\"><span class=\"\" title=\"\"><a href=\"https:\/\/vk.com\/disotadoya\" target=\"_blank\" rel=\"noopener noreferrer\"><strong>Dostupn\u00e9 na externej str\u00e1nke<\/strong>&nbsp;&#8211;<\/a> v skupine kurzu dizajn\u00e9rov predl\u00f4h na <a href=\"https:\/\/vk.com\/disotadoya\" target=\"_blank\" rel=\"noopener noreferrer\">vk.com<\/a>.<\/span><\/span><\/p>\n","category_list_v2":"","author_info_v2":{"name":"","url":""},"comments_num_v2":"0 comments","uagb_featured_image_src":{"full":["https:\/\/www.megastitch.eu\/wp-content\/uploads\/2020\/05\/snake_with_donuts_disotadaya.jpg",2000,2160,false],"thumbnail":["https:\/\/www.megastitch.eu\/wp-content\/uploads\/2020\/05\/snake_with_donuts_disotadaya-150x150.jpg",150,150,true],"medium":["https:\/\/www.megastitch.eu\/wp-content\/uploads\/2020\/05\/snake_with_donuts_disotadaya-278x300.jpg",278,300,true],"medium_large":["https:\/\/www.megastitch.eu\/wp-content\/uploads\/2020\/05\/snake_with_donuts_disotadaya-768x829.jpg",768,829,true],"large":["https:\/\/www.megastitch.eu\/wp-content\/uploads\/2020\/05\/snake_with_donuts_disotadaya-948x1024.jpg",948,1024,true],"1536x1536":["https:\/\/www.megastitch.eu\/wp-content\/uploads\/2020\/05\/snake_with_donuts_disotadaya.jpg",1422,1536,false],"2048x2048":["https:\/\/www.megastitch.eu\/wp-content\/uploads\/2020\/05\/snake_with_donuts_disotadaya.jpg",1896,2048,false],"ultp_layout_landscape_large":["https:\/\/www.megastitch.eu\/wp-content\/uploads\/2020\/05\/snake_with_donuts_disotadaya.jpg",741,800,false],"ultp_layout_landscape":["https:\/\/www.megastitch.eu\/wp-content\/uploads\/2020\/05\/snake_with_donuts_disotadaya.jpg",528,570,false],"ultp_layout_portrait":["https:\/\/www.megastitch.eu\/wp-content\/uploads\/2020\/05\/snake_with_donuts_disotadaya.jpg",600,648,false],"ultp_layout_square":["https:\/\/www.megastitch.eu\/wp-content\/uploads\/2020\/05\/snake_with_donuts_disotadaya.jpg",556,600,false],"molla_post-grid":["https:\/\/www.megastitch.eu\/wp-content\/uploads\/2020\/05\/snake_with_donuts_disotadaya.jpg",247,267,false],"woocommerce_thumbnail":["https:\/\/www.megastitch.eu\/wp-content\/uploads\/2020\/05\/snake_with_donuts_disotadaya-300x324.jpg",300,324,true],"woocommerce_single":["https:\/\/www.megastitch.eu\/wp-content\/uploads\/2020\/05\/snake_with_donuts_disotadaya-600x648.jpg",600,648,true],"woocommerce_gallery_thumbnail":["https:\/\/www.megastitch.eu\/wp-content\/uploads\/2020\/05\/snake_with_donuts_disotadaya-100x100.jpg",100,100,true]},"uagb_author_info":{"display_name":"monika","author_link":"https:\/\/www.megastitch.eu\/cs\/author\/"},"uagb_comment_info":0,"uagb_excerpt":"Vedeli ste, \u017ee had str\u00e1\u017eiaci donuty je tak\u00fdm novodob\u00fdm symbolom str\u00e1\u017eenia si l\u00ednie? Teda, neviem, \u010di to plat\u00ed v\u0161eobecne, ale tento ur\u010dite. Chutn\u00e9 donutiky, priam na zahryznutie a nad nimi had s vyplazen\u00fdm jazykom ako \u017eiv\u00fd. Po\u010det kr\u00ed\u017eikov: 130 x 57 Po\u010det farieb: 51 + 3 blendy Dostupn\u00e9 na externej str\u00e1nke&nbsp;- v skupine kurzu dizajn\u00e9rov&hellip;","_links":{"self":[{"href":"https:\/\/www.megastitch.eu\/cs\/wp-json\/wp\/v2\/product\/2139"}],"collection":[{"href":"https:\/\/www.megastitch.eu\/cs\/wp-json\/wp\/v2\/product"}],"about":[{"href":"https:\/\/www.megastitch.eu\/cs\/wp-json\/wp\/v2\/types\/product"}],"replies":[{"embeddable":true,"href":"https:\/\/www.megastitch.eu\/cs\/wp-json\/wp\/v2\/comments?post=2139"}],"wp:featuredmedia":[{"embeddable":true,"href":"https:\/\/www.megastitch.eu\/cs\/wp-json\/wp\/v2\/media\/2141"}],"wp:attachment":[{"href":"https:\/\/www.megastitch.eu\/cs\/wp-json\/wp\/v2\/media?parent=2139"}],"wp:term":[{"taxonomy":"product_cat","embeddable":true,"href":"https:\/\/www.megastitch.eu\/cs\/wp-json\/wp\/v2\/product_cat?post=2139"},{"taxonomy":"product_tag","embeddable":true,"href":"https:\/\/www.megastitch.eu\/cs\/wp-json\/wp\/v2\/product_tag?post=2139"}],"curies":[{"name":"wp","href":"https:\/\/api.w.org\/{rel}","templated":true}]}}