	{"id":2177,"date":"2020-05-01T16:50:59","date_gmt":"2020-05-01T14:50:59","guid":{"rendered":"https:\/\/www.megastitch.eu\/?post_type=product&#038;p=2177"},"modified":"2020-06-16T15:22:56","modified_gmt":"2020-06-16T13:22:56","slug":"predloha-liska-a-vtacik-na-saniach-farebna-verzia","status":"publish","type":"product","link":"https:\/\/www.megastitch.eu\/cs\/obchod\/predlohy-na-vysivanie\/stredne-predlohy\/predloha-liska-a-vtacik-na-saniach-farebna-verzia\/","title":{"rendered":"Predloha L\u00ed\u0161ka a vt\u00e1\u010dik na saniach- farebn\u00e1 verzia"},"content":{"rendered":"<div class=\"nolwrap\"><p>Moja druh\u00e1 pr\u00e1ca na kurze tvorby\u00a0predl\u00f4h.<\/p>\n<h4>Inform\u00e1cie o predlohe<\/h4>\n<p><strong>Po\u010det kr\u00ed\u017eikov:<\/strong> <strong>110 x 66<\/strong><br \/>\n<strong>Bavlnky:<\/strong> DMC<br \/>\n<strong>Po\u010det farieb:<\/strong> 39 + 5 blendov<br \/>\n<strong>Pou\u017eit\u00e9 kr\u00ed\u017eiky:<\/strong> kr\u00ed\u017eik, 3\/4 kr\u00ed\u017eik a ob\u0161\u00edvanie<\/p>\n<p><span class=\"tlid-translation translation\" lang=\"en\"><span class=\"\" title=\"\"><a href=\"https:\/\/vk.com\/disotadoya\" target=\"_blank\" rel=\"noopener noreferrer\"><strong>Dostupn\u00e9 na externej str\u00e1nke<\/strong>\u00a0&#8211;<\/a> v skupine kurzu dizajn\u00e9rov predl\u00f4h na <a href=\"https:\/\/vk.com\/disotadoya\" target=\"_blank\" rel=\"noopener noreferrer\">vk.com<\/a>.<\/span><\/span><\/p>\n<h4>S\u00fabory na stiahnutie:<\/h4>\n<ul>\n<li>pdf s\u00fabor v \u010dierno-bielej verzii &#8211; s ob\u0161\u00edvan\u00edm alebo bez<\/li>\n<li>pdf s\u00fabor vo farebnej verzii &#8211; s ob\u0161\u00edvan\u00edm alebo bez<\/li>\n<li>cssaga s\u00fabor<\/li>\n<\/ul>\n<\/div>","protected":false},"excerpt":{"rendered":"<p>Moja druh\u00e1 pr\u00e1ca na kurze tvorby\u00a0predl\u00f4h.<\/p>\n<p><strong>Po\u010det kr\u00ed\u017eikov:<\/strong> <strong>110 x 66<\/strong><br \/>\n<strong>Po\u010det farieb:<\/strong> 39 + 5 blendov<\/p>\n<p><span class=\"tlid-translation translation\" lang=\"en\"><span class=\"\" title=\"\"><a href=\"https:\/\/vk.com\/disotadoya\" target=\"_blank\" rel=\"noopener noreferrer\"><strong>Dostupn\u00e9 na externej str\u00e1nke<\/strong>\u00a0&#8211;<\/a> v skupine kurzu dizajn\u00e9rov predl\u00f4h na <a href=\"https:\/\/vk.com\/disotadoya\" target=\"_blank\" rel=\"noopener noreferrer\">vk.com<\/a>.<\/span><\/span><\/p>\n","protected":false},"featured_media":2187,"comment_status":"open","ping_status":"closed","template":"","meta":{"_uag_custom_page_level_css":"","ngg_post_thumbnail":0},"product_cat":[131,138],"product_tag":[142,143],"aioseo_notices":[],"featured_image_urls":{"full":["https:\/\/www.megastitch.eu\/wp-content\/uploads\/2020\/05\/fox_and_bird_cl-948x1024-1.jpg",948,1024,false],"thumbnail":["https:\/\/www.megastitch.eu\/wp-content\/uploads\/2020\/05\/fox_and_bird_cl-948x1024-1-150x150.jpg",150,150,true],"medium":["https:\/\/www.megastitch.eu\/wp-content\/uploads\/2020\/05\/fox_and_bird_cl-948x1024-1-278x300.jpg",278,300,true],"medium_large":["https:\/\/www.megastitch.eu\/wp-content\/uploads\/2020\/05\/fox_and_bird_cl-948x1024-1-768x830.jpg",768,830,true],"large":["https:\/\/www.megastitch.eu\/wp-content\/uploads\/2020\/05\/fox_and_bird_cl-948x1024-1-948x1024.jpg",948,1024,true],"1536x1536":["https:\/\/www.megastitch.eu\/wp-content\/uploads\/2020\/05\/fox_and_bird_cl-948x1024-1.jpg",948,1024,false],"2048x2048":["https:\/\/www.megastitch.eu\/wp-content\/uploads\/2020\/05\/fox_and_bird_cl-948x1024-1.jpg",948,1024,false],"ultp_layout_landscape_large":["https:\/\/www.megastitch.eu\/wp-content\/uploads\/2020\/05\/fox_and_bird_cl-948x1024-1.jpg",741,800,false],"ultp_layout_landscape":["https:\/\/www.megastitch.eu\/wp-content\/uploads\/2020\/05\/fox_and_bird_cl-948x1024-1.jpg",528,570,false],"ultp_layout_portrait":["https:\/\/www.megastitch.eu\/wp-content\/uploads\/2020\/05\/fox_and_bird_cl-948x1024-1.jpg",600,648,false],"ultp_layout_square":["https:\/\/www.megastitch.eu\/wp-content\/uploads\/2020\/05\/fox_and_bird_cl-948x1024-1.jpg",555,600,false],"molla_post-grid":["https:\/\/www.megastitch.eu\/wp-content\/uploads\/2020\/05\/fox_and_bird_cl-948x1024-1.jpg",247,267,false],"woocommerce_thumbnail":["https:\/\/www.megastitch.eu\/wp-content\/uploads\/2020\/05\/fox_and_bird_cl-948x1024-1-300x324.jpg",300,324,true],"woocommerce_single":["https:\/\/www.megastitch.eu\/wp-content\/uploads\/2020\/05\/fox_and_bird_cl-948x1024-1-600x648.jpg",600,648,true],"woocommerce_gallery_thumbnail":["https:\/\/www.megastitch.eu\/wp-content\/uploads\/2020\/05\/fox_and_bird_cl-948x1024-1-100x100.jpg",100,100,true]},"post_excerpt_stackable":"<p>Moja druh\u00e1 pr\u00e1ca na kurze tvorby\u00a0predl\u00f4h.<\/p>\n<p><strong>Po\u010det kr\u00ed\u017eikov:<\/strong> <strong>110 x 66<\/strong><br \/>\n<strong>Po\u010det farieb:<\/strong> 39 + 5 blendov<\/p>\n<p><span class=\"tlid-translation translation\" lang=\"en\"><span class=\"\" title=\"\"><a href=\"https:\/\/vk.com\/disotadoya\" target=\"_blank\" rel=\"noopener noreferrer\"><strong>Dostupn\u00e9 na externej str\u00e1nke<\/strong>\u00a0&#8211;<\/a> v skupine kurzu dizajn\u00e9rov predl\u00f4h na <a href=\"https:\/\/vk.com\/disotadoya\" target=\"_blank\" rel=\"noopener noreferrer\">vk.com<\/a>.<\/span><\/span><\/p>\n","category_list":"","author_info":{"name":"","url":""},"comments_num":"0 comments","featured_image_urls_v2":{"full":["https:\/\/www.megastitch.eu\/wp-content\/uploads\/2020\/05\/fox_and_bird_cl-948x1024-1.jpg",948,1024,false],"thumbnail":["https:\/\/www.megastitch.eu\/wp-content\/uploads\/2020\/05\/fox_and_bird_cl-948x1024-1-150x150.jpg",150,150,true],"medium":["https:\/\/www.megastitch.eu\/wp-content\/uploads\/2020\/05\/fox_and_bird_cl-948x1024-1-278x300.jpg",278,300,true],"medium_large":["https:\/\/www.megastitch.eu\/wp-content\/uploads\/2020\/05\/fox_and_bird_cl-948x1024-1-768x830.jpg",768,830,true],"large":["https:\/\/www.megastitch.eu\/wp-content\/uploads\/2020\/05\/fox_and_bird_cl-948x1024-1-948x1024.jpg",948,1024,true],"1536x1536":["https:\/\/www.megastitch.eu\/wp-content\/uploads\/2020\/05\/fox_and_bird_cl-948x1024-1.jpg",948,1024,false],"2048x2048":["https:\/\/www.megastitch.eu\/wp-content\/uploads\/2020\/05\/fox_and_bird_cl-948x1024-1.jpg",948,1024,false],"ultp_layout_landscape_large":["https:\/\/www.megastitch.eu\/wp-content\/uploads\/2020\/05\/fox_and_bird_cl-948x1024-1.jpg",741,800,false],"ultp_layout_landscape":["https:\/\/www.megastitch.eu\/wp-content\/uploads\/2020\/05\/fox_and_bird_cl-948x1024-1.jpg",528,570,false],"ultp_layout_portrait":["https:\/\/www.megastitch.eu\/wp-content\/uploads\/2020\/05\/fox_and_bird_cl-948x1024-1.jpg",600,648,false],"ultp_layout_square":["https:\/\/www.megastitch.eu\/wp-content\/uploads\/2020\/05\/fox_and_bird_cl-948x1024-1.jpg",555,600,false],"molla_post-grid":["https:\/\/www.megastitch.eu\/wp-content\/uploads\/2020\/05\/fox_and_bird_cl-948x1024-1.jpg",247,267,false],"woocommerce_thumbnail":["https:\/\/www.megastitch.eu\/wp-content\/uploads\/2020\/05\/fox_and_bird_cl-948x1024-1-300x324.jpg",300,324,true],"woocommerce_single":["https:\/\/www.megastitch.eu\/wp-content\/uploads\/2020\/05\/fox_and_bird_cl-948x1024-1-600x648.jpg",600,648,true],"woocommerce_gallery_thumbnail":["https:\/\/www.megastitch.eu\/wp-content\/uploads\/2020\/05\/fox_and_bird_cl-948x1024-1-100x100.jpg",100,100,true]},"post_excerpt_stackable_v2":"<p>Moja druh\u00e1 pr\u00e1ca na kurze tvorby\u00a0predl\u00f4h.<\/p>\n<p><strong>Po\u010det kr\u00ed\u017eikov:<\/strong> <strong>110 x 66<\/strong><br \/>\n<strong>Po\u010det farieb:<\/strong> 39 + 5 blendov<\/p>\n<p><span class=\"tlid-translation translation\" lang=\"en\"><span class=\"\" title=\"\"><a href=\"https:\/\/vk.com\/disotadoya\" target=\"_blank\" rel=\"noopener noreferrer\"><strong>Dostupn\u00e9 na externej str\u00e1nke<\/strong>\u00a0&#8211;<\/a> v skupine kurzu dizajn\u00e9rov predl\u00f4h na <a href=\"https:\/\/vk.com\/disotadoya\" target=\"_blank\" rel=\"noopener noreferrer\">vk.com<\/a>.<\/span><\/span><\/p>\n","category_list_v2":"","author_info_v2":{"name":"","url":""},"comments_num_v2":"0 comments","uagb_featured_image_src":{"full":["https:\/\/www.megastitch.eu\/wp-content\/uploads\/2020\/05\/fox_and_bird_cl-948x1024-1.jpg",948,1024,false],"thumbnail":["https:\/\/www.megastitch.eu\/wp-content\/uploads\/2020\/05\/fox_and_bird_cl-948x1024-1-150x150.jpg",150,150,true],"medium":["https:\/\/www.megastitch.eu\/wp-content\/uploads\/2020\/05\/fox_and_bird_cl-948x1024-1-278x300.jpg",278,300,true],"medium_large":["https:\/\/www.megastitch.eu\/wp-content\/uploads\/2020\/05\/fox_and_bird_cl-948x1024-1-768x830.jpg",768,830,true],"large":["https:\/\/www.megastitch.eu\/wp-content\/uploads\/2020\/05\/fox_and_bird_cl-948x1024-1-948x1024.jpg",948,1024,true],"1536x1536":["https:\/\/www.megastitch.eu\/wp-content\/uploads\/2020\/05\/fox_and_bird_cl-948x1024-1.jpg",948,1024,false],"2048x2048":["https:\/\/www.megastitch.eu\/wp-content\/uploads\/2020\/05\/fox_and_bird_cl-948x1024-1.jpg",948,1024,false],"ultp_layout_landscape_large":["https:\/\/www.megastitch.eu\/wp-content\/uploads\/2020\/05\/fox_and_bird_cl-948x1024-1.jpg",741,800,false],"ultp_layout_landscape":["https:\/\/www.megastitch.eu\/wp-content\/uploads\/2020\/05\/fox_and_bird_cl-948x1024-1.jpg",528,570,false],"ultp_layout_portrait":["https:\/\/www.megastitch.eu\/wp-content\/uploads\/2020\/05\/fox_and_bird_cl-948x1024-1.jpg",600,648,false],"ultp_layout_square":["https:\/\/www.megastitch.eu\/wp-content\/uploads\/2020\/05\/fox_and_bird_cl-948x1024-1.jpg",555,600,false],"molla_post-grid":["https:\/\/www.megastitch.eu\/wp-content\/uploads\/2020\/05\/fox_and_bird_cl-948x1024-1.jpg",247,267,false],"woocommerce_thumbnail":["https:\/\/www.megastitch.eu\/wp-content\/uploads\/2020\/05\/fox_and_bird_cl-948x1024-1-300x324.jpg",300,324,true],"woocommerce_single":["https:\/\/www.megastitch.eu\/wp-content\/uploads\/2020\/05\/fox_and_bird_cl-948x1024-1-600x648.jpg",600,648,true],"woocommerce_gallery_thumbnail":["https:\/\/www.megastitch.eu\/wp-content\/uploads\/2020\/05\/fox_and_bird_cl-948x1024-1-100x100.jpg",100,100,true]},"uagb_author_info":{"display_name":"monika","author_link":"https:\/\/www.megastitch.eu\/cs\/author\/"},"uagb_comment_info":0,"uagb_excerpt":"Moja druh\u00e1 pr\u00e1ca na kurze tvorby\u00a0predl\u00f4h. Po\u010det kr\u00ed\u017eikov: 110 x 66 Po\u010det farieb: 39 + 5 blendov Dostupn\u00e9 na externej str\u00e1nke\u00a0- v skupine kurzu dizajn\u00e9rov predl\u00f4h na vk.com.","_links":{"self":[{"href":"https:\/\/www.megastitch.eu\/cs\/wp-json\/wp\/v2\/product\/2177"}],"collection":[{"href":"https:\/\/www.megastitch.eu\/cs\/wp-json\/wp\/v2\/product"}],"about":[{"href":"https:\/\/www.megastitch.eu\/cs\/wp-json\/wp\/v2\/types\/product"}],"replies":[{"embeddable":true,"href":"https:\/\/www.megastitch.eu\/cs\/wp-json\/wp\/v2\/comments?post=2177"}],"wp:featuredmedia":[{"embeddable":true,"href":"https:\/\/www.megastitch.eu\/cs\/wp-json\/wp\/v2\/media\/2187"}],"wp:attachment":[{"href":"https:\/\/www.megastitch.eu\/cs\/wp-json\/wp\/v2\/media?parent=2177"}],"wp:term":[{"taxonomy":"product_cat","embeddable":true,"href":"https:\/\/www.megastitch.eu\/cs\/wp-json\/wp\/v2\/product_cat?post=2177"},{"taxonomy":"product_tag","embeddable":true,"href":"https:\/\/www.megastitch.eu\/cs\/wp-json\/wp\/v2\/product_tag?post=2177"}],"curies":[{"name":"wp","href":"https:\/\/api.w.org\/{rel}","templated":true}]}}