	{"id":2197,"date":"2020-05-01T17:06:04","date_gmt":"2020-05-01T15:06:04","guid":{"rendered":"https:\/\/www.megastitch.eu\/?post_type=product&#038;p=2197"},"modified":"2020-11-13T19:08:47","modified_gmt":"2020-11-13T18:08:47","slug":"predloha-liska-a-vtacik-na-saniach","status":"publish","type":"product","link":"https:\/\/www.megastitch.eu\/cs\/obchod\/predlohy-na-vysivanie\/stredne-predlohy\/predloha-liska-a-vtacik-na-saniach\/","title":{"rendered":"Predloha L\u00ed\u0161ka a vt\u00e1\u010dik na saniach"},"content":{"rendered":"<div class=\"nolwrap\"><h4>Inform\u00e1cie o predlohe<\/h4>\n<p><strong>Po\u010det kr\u00ed\u017eikov:<\/strong> <strong>110 x 66<\/strong><br \/>\n<strong>Bavlnky:<\/strong> DMC<br \/>\n<strong>Po\u010det farieb:<\/strong> 9<br \/>\n<strong>Pou\u017eit\u00e9 kr\u00ed\u017eiky:<\/strong> kr\u00ed\u017eik, 3\/4 kr\u00ed\u017eik a ob\u0161\u00edvanie<\/p>\n<p>Zadarmo na stiahnutie.<\/p>\n<h4>S\u00fabory na stiahnutie:<\/h4>\n<ul>\n<li>pdf s\u00fabor v \u010dierno-bielej verzii &#8211; s ob\u0161\u00edvan\u00edm alebo bez<\/li>\n<li>pdf s\u00fabor vo farebnej verzii &#8211; s ob\u0161\u00edvan\u00edm alebo bez<\/li>\n<\/ul>\n<\/div>","protected":false},"excerpt":{"rendered":"<p>K\u00fasok viano\u010dnej n\u00e1lady v\u00e1m ur\u010dite dod\u00e1 t\u00e1to predloha. L\u00ed\u0161ka a vt\u00e1\u010dik vez\u00fa na saniach dar\u010dek. Obdarujte sa aj vy! Moja prv\u00e1 pr\u00e1ca na kurze tvorby predl\u00f4h.<\/p>\n<p><strong>Po\u010det kr\u00ed\u017eikov:<\/strong> <strong>110 x 66<\/strong><\/p>\n<p><strong>Po\u010det farieb:<\/strong> 9<\/p>\n<p>Zadarmo na stiahnutie.<\/p>\n","protected":false},"featured_media":2184,"comment_status":"open","ping_status":"closed","template":"","meta":{"_uag_custom_page_level_css":"","ngg_post_thumbnail":0},"product_cat":[131,138,141],"product_tag":[142,144,122],"aioseo_notices":[],"featured_image_urls":{"full":["https:\/\/www.megastitch.eu\/wp-content\/uploads\/2020\/05\/fox_and_bird_bw-948x1024-1.jpg",948,1024,false],"thumbnail":["https:\/\/www.megastitch.eu\/wp-content\/uploads\/2020\/05\/fox_and_bird_bw-948x1024-1-150x150.jpg",150,150,true],"medium":["https:\/\/www.megastitch.eu\/wp-content\/uploads\/2020\/05\/fox_and_bird_bw-948x1024-1-278x300.jpg",278,300,true],"medium_large":["https:\/\/www.megastitch.eu\/wp-content\/uploads\/2020\/05\/fox_and_bird_bw-948x1024-1-768x830.jpg",768,830,true],"large":["https:\/\/www.megastitch.eu\/wp-content\/uploads\/2020\/05\/fox_and_bird_bw-948x1024-1-948x1024.jpg",948,1024,true],"1536x1536":["https:\/\/www.megastitch.eu\/wp-content\/uploads\/2020\/05\/fox_and_bird_bw-948x1024-1.jpg",948,1024,false],"2048x2048":["https:\/\/www.megastitch.eu\/wp-content\/uploads\/2020\/05\/fox_and_bird_bw-948x1024-1.jpg",948,1024,false],"ultp_layout_landscape_large":["https:\/\/www.megastitch.eu\/wp-content\/uploads\/2020\/05\/fox_and_bird_bw-948x1024-1.jpg",741,800,false],"ultp_layout_landscape":["https:\/\/www.megastitch.eu\/wp-content\/uploads\/2020\/05\/fox_and_bird_bw-948x1024-1.jpg",528,570,false],"ultp_layout_portrait":["https:\/\/www.megastitch.eu\/wp-content\/uploads\/2020\/05\/fox_and_bird_bw-948x1024-1.jpg",600,648,false],"ultp_layout_square":["https:\/\/www.megastitch.eu\/wp-content\/uploads\/2020\/05\/fox_and_bird_bw-948x1024-1.jpg",555,600,false],"molla_post-grid":["https:\/\/www.megastitch.eu\/wp-content\/uploads\/2020\/05\/fox_and_bird_bw-948x1024-1.jpg",247,267,false],"woocommerce_thumbnail":["https:\/\/www.megastitch.eu\/wp-content\/uploads\/2020\/05\/fox_and_bird_bw-948x1024-1-300x324.jpg",300,324,true],"woocommerce_single":["https:\/\/www.megastitch.eu\/wp-content\/uploads\/2020\/05\/fox_and_bird_bw-948x1024-1-600x648.jpg",600,648,true],"woocommerce_gallery_thumbnail":["https:\/\/www.megastitch.eu\/wp-content\/uploads\/2020\/05\/fox_and_bird_bw-948x1024-1-100x100.jpg",100,100,true]},"post_excerpt_stackable":"<p>K\u00fasok viano\u010dnej n\u00e1lady v\u00e1m ur\u010dite dod\u00e1 t\u00e1to predloha. L\u00ed\u0161ka a vt\u00e1\u010dik vez\u00fa na saniach dar\u010dek. Obdarujte sa aj vy! Moja prv\u00e1 pr\u00e1ca na kurze tvorby predl\u00f4h.<\/p>\n<p><strong>Po\u010det kr\u00ed\u017eikov:<\/strong> <strong>110 x 66<\/strong><\/p>\n<p><strong>Po\u010det farieb:<\/strong> 9<\/p>\n<p>Zadarmo na stiahnutie.<\/p>\n","category_list":"","author_info":{"name":"","url":""},"comments_num":"0 comments","featured_image_urls_v2":{"full":["https:\/\/www.megastitch.eu\/wp-content\/uploads\/2020\/05\/fox_and_bird_bw-948x1024-1.jpg",948,1024,false],"thumbnail":["https:\/\/www.megastitch.eu\/wp-content\/uploads\/2020\/05\/fox_and_bird_bw-948x1024-1-150x150.jpg",150,150,true],"medium":["https:\/\/www.megastitch.eu\/wp-content\/uploads\/2020\/05\/fox_and_bird_bw-948x1024-1-278x300.jpg",278,300,true],"medium_large":["https:\/\/www.megastitch.eu\/wp-content\/uploads\/2020\/05\/fox_and_bird_bw-948x1024-1-768x830.jpg",768,830,true],"large":["https:\/\/www.megastitch.eu\/wp-content\/uploads\/2020\/05\/fox_and_bird_bw-948x1024-1-948x1024.jpg",948,1024,true],"1536x1536":["https:\/\/www.megastitch.eu\/wp-content\/uploads\/2020\/05\/fox_and_bird_bw-948x1024-1.jpg",948,1024,false],"2048x2048":["https:\/\/www.megastitch.eu\/wp-content\/uploads\/2020\/05\/fox_and_bird_bw-948x1024-1.jpg",948,1024,false],"ultp_layout_landscape_large":["https:\/\/www.megastitch.eu\/wp-content\/uploads\/2020\/05\/fox_and_bird_bw-948x1024-1.jpg",741,800,false],"ultp_layout_landscape":["https:\/\/www.megastitch.eu\/wp-content\/uploads\/2020\/05\/fox_and_bird_bw-948x1024-1.jpg",528,570,false],"ultp_layout_portrait":["https:\/\/www.megastitch.eu\/wp-content\/uploads\/2020\/05\/fox_and_bird_bw-948x1024-1.jpg",600,648,false],"ultp_layout_square":["https:\/\/www.megastitch.eu\/wp-content\/uploads\/2020\/05\/fox_and_bird_bw-948x1024-1.jpg",555,600,false],"molla_post-grid":["https:\/\/www.megastitch.eu\/wp-content\/uploads\/2020\/05\/fox_and_bird_bw-948x1024-1.jpg",247,267,false],"woocommerce_thumbnail":["https:\/\/www.megastitch.eu\/wp-content\/uploads\/2020\/05\/fox_and_bird_bw-948x1024-1-300x324.jpg",300,324,true],"woocommerce_single":["https:\/\/www.megastitch.eu\/wp-content\/uploads\/2020\/05\/fox_and_bird_bw-948x1024-1-600x648.jpg",600,648,true],"woocommerce_gallery_thumbnail":["https:\/\/www.megastitch.eu\/wp-content\/uploads\/2020\/05\/fox_and_bird_bw-948x1024-1-100x100.jpg",100,100,true]},"post_excerpt_stackable_v2":"<p>K\u00fasok viano\u010dnej n\u00e1lady v\u00e1m ur\u010dite dod\u00e1 t\u00e1to predloha. L\u00ed\u0161ka a vt\u00e1\u010dik vez\u00fa na saniach dar\u010dek. Obdarujte sa aj vy! Moja prv\u00e1 pr\u00e1ca na kurze tvorby predl\u00f4h.<\/p>\n<p><strong>Po\u010det kr\u00ed\u017eikov:<\/strong> <strong>110 x 66<\/strong><\/p>\n<p><strong>Po\u010det farieb:<\/strong> 9<\/p>\n<p>Zadarmo na stiahnutie.<\/p>\n","category_list_v2":"","author_info_v2":{"name":"","url":""},"comments_num_v2":"0 comments","uagb_featured_image_src":{"full":["https:\/\/www.megastitch.eu\/wp-content\/uploads\/2020\/05\/fox_and_bird_bw-948x1024-1.jpg",948,1024,false],"thumbnail":["https:\/\/www.megastitch.eu\/wp-content\/uploads\/2020\/05\/fox_and_bird_bw-948x1024-1-150x150.jpg",150,150,true],"medium":["https:\/\/www.megastitch.eu\/wp-content\/uploads\/2020\/05\/fox_and_bird_bw-948x1024-1-278x300.jpg",278,300,true],"medium_large":["https:\/\/www.megastitch.eu\/wp-content\/uploads\/2020\/05\/fox_and_bird_bw-948x1024-1-768x830.jpg",768,830,true],"large":["https:\/\/www.megastitch.eu\/wp-content\/uploads\/2020\/05\/fox_and_bird_bw-948x1024-1-948x1024.jpg",948,1024,true],"1536x1536":["https:\/\/www.megastitch.eu\/wp-content\/uploads\/2020\/05\/fox_and_bird_bw-948x1024-1.jpg",948,1024,false],"2048x2048":["https:\/\/www.megastitch.eu\/wp-content\/uploads\/2020\/05\/fox_and_bird_bw-948x1024-1.jpg",948,1024,false],"ultp_layout_landscape_large":["https:\/\/www.megastitch.eu\/wp-content\/uploads\/2020\/05\/fox_and_bird_bw-948x1024-1.jpg",741,800,false],"ultp_layout_landscape":["https:\/\/www.megastitch.eu\/wp-content\/uploads\/2020\/05\/fox_and_bird_bw-948x1024-1.jpg",528,570,false],"ultp_layout_portrait":["https:\/\/www.megastitch.eu\/wp-content\/uploads\/2020\/05\/fox_and_bird_bw-948x1024-1.jpg",600,648,false],"ultp_layout_square":["https:\/\/www.megastitch.eu\/wp-content\/uploads\/2020\/05\/fox_and_bird_bw-948x1024-1.jpg",555,600,false],"molla_post-grid":["https:\/\/www.megastitch.eu\/wp-content\/uploads\/2020\/05\/fox_and_bird_bw-948x1024-1.jpg",247,267,false],"woocommerce_thumbnail":["https:\/\/www.megastitch.eu\/wp-content\/uploads\/2020\/05\/fox_and_bird_bw-948x1024-1-300x324.jpg",300,324,true],"woocommerce_single":["https:\/\/www.megastitch.eu\/wp-content\/uploads\/2020\/05\/fox_and_bird_bw-948x1024-1-600x648.jpg",600,648,true],"woocommerce_gallery_thumbnail":["https:\/\/www.megastitch.eu\/wp-content\/uploads\/2020\/05\/fox_and_bird_bw-948x1024-1-100x100.jpg",100,100,true]},"uagb_author_info":{"display_name":"monika","author_link":"https:\/\/www.megastitch.eu\/cs\/author\/"},"uagb_comment_info":0,"uagb_excerpt":"K\u00fasok viano\u010dnej n\u00e1lady v\u00e1m ur\u010dite dod\u00e1 t\u00e1to predloha. L\u00ed\u0161ka a vt\u00e1\u010dik vez\u00fa na saniach dar\u010dek. Obdarujte sa aj vy! Moja prv\u00e1 pr\u00e1ca na kurze tvorby predl\u00f4h. Po\u010det kr\u00ed\u017eikov: 110 x 66 Po\u010det farieb: 9 Zadarmo na stiahnutie.","_links":{"self":[{"href":"https:\/\/www.megastitch.eu\/cs\/wp-json\/wp\/v2\/product\/2197"}],"collection":[{"href":"https:\/\/www.megastitch.eu\/cs\/wp-json\/wp\/v2\/product"}],"about":[{"href":"https:\/\/www.megastitch.eu\/cs\/wp-json\/wp\/v2\/types\/product"}],"replies":[{"embeddable":true,"href":"https:\/\/www.megastitch.eu\/cs\/wp-json\/wp\/v2\/comments?post=2197"}],"wp:featuredmedia":[{"embeddable":true,"href":"https:\/\/www.megastitch.eu\/cs\/wp-json\/wp\/v2\/media\/2184"}],"wp:attachment":[{"href":"https:\/\/www.megastitch.eu\/cs\/wp-json\/wp\/v2\/media?parent=2197"}],"wp:term":[{"taxonomy":"product_cat","embeddable":true,"href":"https:\/\/www.megastitch.eu\/cs\/wp-json\/wp\/v2\/product_cat?post=2197"},{"taxonomy":"product_tag","embeddable":true,"href":"https:\/\/www.megastitch.eu\/cs\/wp-json\/wp\/v2\/product_tag?post=2197"}],"curies":[{"name":"wp","href":"https:\/\/api.w.org\/{rel}","templated":true}]}}