	{"id":2241,"date":"2020-06-09T10:31:23","date_gmt":"2020-06-09T08:31:23","guid":{"rendered":"https:\/\/www.megastitch.eu\/?post_type=product&#038;p=2241"},"modified":"2023-05-27T18:21:35","modified_gmt":"2023-05-27T16:21:35","slug":"srdiecka-v-projekte-rusky-duch","status":"publish","type":"product","link":"https:\/\/www.megastitch.eu\/cs\/obchod\/predlohy-na-vysivanie\/male-predlohy\/srdiecka-v-projekte-rusky-duch\/","title":{"rendered":"Srdie\u010dka v projekte Rusk\u00fd duch"},"content":{"rendered":"<div class=\"nolwrap\"><p>M\u00e1te radi rusk\u00e9 n\u00e1rodn\u00e9 vzory?<br \/>\nS dizajn\u00e9rmi z <a href=\"https:\/\/www.facebook.com\/megastitcheu\/posts\/3017087845004376\" target=\"_blank\" rel=\"noopener noreferrer\">kartelu<\/a> sme navrhovali srdie\u010dka pre <a href=\"https:\/\/vk.com\/photo-19853515_457357927\" target=\"_blank\" rel=\"noopener noreferrer\">projekt Rusk\u00fd duch<\/a>. Z\u00fa\u010dastni\u0165 sa bolo zauj\u00edmavou sk\u00fasenos\u0165ou.<\/p>\n<p>Vytvorila som pre v\u00e1s 2 sch\u00e9my zdarma.<\/p>\n<h4>Inform\u00e1cie o predlohe<\/h4>\n<p><strong>Po\u010det kr\u00ed\u017eikov: 16 x 14<\/strong><br \/>\n<strong>Ve\u013ekos\u0165<\/strong>: 2.90 x 2.54 cm<br \/>\n<strong>Bavlnky:<\/strong> DMC<br \/>\n<strong>Po\u010det farieb:<\/strong> 14<br \/>\n<strong>Pou\u017eit\u00e9 techniky:<\/strong> kr\u00ed\u017eiky, 3\/4 kr\u00ed\u017eiky, ob\u0161\u00edvanie, franc\u00fazske uzl\u00edky<\/p>\n<h4>S\u00fabory na stiahnutie:<\/h4>\n<ul>\n<li>pdf s\u00fabor v \u010dierno-bielej verzii a pdf s\u00fabor vo farebnej verzii<\/li>\n<\/ul>\n<p>Predlohy s\u00fa zadarmo ihne\u010f k stiahnutiu.<\/p>\n<\/div>","protected":false},"excerpt":{"rendered":"<p>M\u00e1te radi rusk\u00e9 n\u00e1rodn\u00e9 vzory?<br \/>\nS dizajn\u00e9rmi z <a href=\"https:\/\/www.facebook.com\/megastitcheu\/posts\/3017087845004376\" target=\"_blank\" rel=\"noopener noreferrer\">kartelu<\/a> sme navrhovali srdie\u010dka pre<a href=\"https:\/\/vk.com\/photo-19853515_457357927\" target=\"_blank\" rel=\"noopener noreferrer\"> projekt Rusk\u00fd duch<\/a>. Z\u00fa\u010dastni\u0165 sa bolo zauj\u00edmavou sk\u00fasenos\u0165ou.<\/p>\n<p>Vytvorila som pre v\u00e1s 2 sch\u00e9my zdarma.<\/p>\n<p><strong>Po\u010det kr\u00ed\u017eikov: 16 x 14<\/strong><br \/>\n<strong>Ve\u013ekos\u0165<\/strong>: 2.90 x 2.54 cm<br \/>\n<strong>Bavlnky:<\/strong> DMC<br \/>\n<strong>Po\u010det farieb:<\/strong> 14<br \/>\n<strong>Pou\u017eit\u00e9 techniky:<\/strong> kr\u00ed\u017eiky, 3\/4 kr\u00ed\u017eiky, ob\u0161\u00edvanie, franc\u00fazske uzl\u00edky<\/p>\n<p>Predlohy s\u00fa zadarmo ihne\u010f k stiahnutiu.<\/p>\n","protected":false},"featured_media":2242,"comment_status":"open","ping_status":"closed","template":"","meta":{"_uag_custom_page_level_css":"","ngg_post_thumbnail":0},"product_cat":[134,131,212,141],"product_tag":[146,145,208],"aioseo_notices":[],"featured_image_urls":{"full":["https:\/\/www.megastitch.eu\/wp-content\/uploads\/2020\/06\/heart_4_ss.jpg",324,288,false],"thumbnail":["https:\/\/www.megastitch.eu\/wp-content\/uploads\/2020\/06\/heart_4_ss-150x150.jpg",150,150,true],"medium":["https:\/\/www.megastitch.eu\/wp-content\/uploads\/2020\/06\/heart_4_ss-300x267.jpg",300,267,true],"medium_large":["https:\/\/www.megastitch.eu\/wp-content\/uploads\/2020\/06\/heart_4_ss.jpg",324,288,false],"large":["https:\/\/www.megastitch.eu\/wp-content\/uploads\/2020\/06\/heart_4_ss.jpg",324,288,false],"1536x1536":["https:\/\/www.megastitch.eu\/wp-content\/uploads\/2020\/06\/heart_4_ss.jpg",324,288,false],"2048x2048":["https:\/\/www.megastitch.eu\/wp-content\/uploads\/2020\/06\/heart_4_ss.jpg",324,288,false],"ultp_layout_landscape_large":["https:\/\/www.megastitch.eu\/wp-content\/uploads\/2020\/06\/heart_4_ss.jpg",324,288,false],"ultp_layout_landscape":["https:\/\/www.megastitch.eu\/wp-content\/uploads\/2020\/06\/heart_4_ss.jpg",324,288,false],"ultp_layout_portrait":["https:\/\/www.megastitch.eu\/wp-content\/uploads\/2020\/06\/heart_4_ss.jpg",324,288,false],"ultp_layout_square":["https:\/\/www.megastitch.eu\/wp-content\/uploads\/2020\/06\/heart_4_ss.jpg",324,288,false],"molla_post-grid":["https:\/\/www.megastitch.eu\/wp-content\/uploads\/2020\/06\/heart_4_ss.jpg",300,267,false],"woocommerce_thumbnail":["https:\/\/www.megastitch.eu\/wp-content\/uploads\/2020\/06\/heart_4_ss-300x267.jpg",300,267,true],"woocommerce_single":["https:\/\/www.megastitch.eu\/wp-content\/uploads\/2020\/06\/heart_4_ss.jpg",324,288,false],"woocommerce_gallery_thumbnail":["https:\/\/www.megastitch.eu\/wp-content\/uploads\/2020\/06\/heart_4_ss-100x100.jpg",100,100,true]},"post_excerpt_stackable":"<p>M\u00e1te radi rusk\u00e9 n\u00e1rodn\u00e9 vzory?<br \/>\nS dizajn\u00e9rmi z <a href=\"https:\/\/www.facebook.com\/megastitcheu\/posts\/3017087845004376\" target=\"_blank\" rel=\"noopener noreferrer\">kartelu<\/a> sme navrhovali srdie\u010dka pre<a href=\"https:\/\/vk.com\/photo-19853515_457357927\" target=\"_blank\" rel=\"noopener noreferrer\"> projekt Rusk\u00fd duch<\/a>. Z\u00fa\u010dastni\u0165 sa bolo zauj\u00edmavou sk\u00fasenos\u0165ou.<\/p>\n<p>Vytvorila som pre v\u00e1s 2 sch\u00e9my zdarma.<\/p>\n<p><strong>Po\u010det kr\u00ed\u017eikov: 16 x 14<\/strong><br \/>\n<strong>Ve\u013ekos\u0165<\/strong>: 2.90 x 2.54 cm<br \/>\n<strong>Bavlnky:<\/strong> DMC<br \/>\n<strong>Po\u010det farieb:<\/strong> 14<br \/>\n<strong>Pou\u017eit\u00e9 techniky:<\/strong> kr\u00ed\u017eiky, 3\/4 kr\u00ed\u017eiky, ob\u0161\u00edvanie, franc\u00fazske uzl\u00edky<\/p>\n<p>Predlohy s\u00fa zadarmo ihne\u010f k stiahnutiu.<\/p>\n","category_list":"","author_info":{"name":"","url":""},"comments_num":"0 comments","featured_image_urls_v2":{"full":["https:\/\/www.megastitch.eu\/wp-content\/uploads\/2020\/06\/heart_4_ss.jpg",324,288,false],"thumbnail":["https:\/\/www.megastitch.eu\/wp-content\/uploads\/2020\/06\/heart_4_ss-150x150.jpg",150,150,true],"medium":["https:\/\/www.megastitch.eu\/wp-content\/uploads\/2020\/06\/heart_4_ss-300x267.jpg",300,267,true],"medium_large":["https:\/\/www.megastitch.eu\/wp-content\/uploads\/2020\/06\/heart_4_ss.jpg",324,288,false],"large":["https:\/\/www.megastitch.eu\/wp-content\/uploads\/2020\/06\/heart_4_ss.jpg",324,288,false],"1536x1536":["https:\/\/www.megastitch.eu\/wp-content\/uploads\/2020\/06\/heart_4_ss.jpg",324,288,false],"2048x2048":["https:\/\/www.megastitch.eu\/wp-content\/uploads\/2020\/06\/heart_4_ss.jpg",324,288,false],"ultp_layout_landscape_large":["https:\/\/www.megastitch.eu\/wp-content\/uploads\/2020\/06\/heart_4_ss.jpg",324,288,false],"ultp_layout_landscape":["https:\/\/www.megastitch.eu\/wp-content\/uploads\/2020\/06\/heart_4_ss.jpg",324,288,false],"ultp_layout_portrait":["https:\/\/www.megastitch.eu\/wp-content\/uploads\/2020\/06\/heart_4_ss.jpg",324,288,false],"ultp_layout_square":["https:\/\/www.megastitch.eu\/wp-content\/uploads\/2020\/06\/heart_4_ss.jpg",324,288,false],"molla_post-grid":["https:\/\/www.megastitch.eu\/wp-content\/uploads\/2020\/06\/heart_4_ss.jpg",300,267,false],"woocommerce_thumbnail":["https:\/\/www.megastitch.eu\/wp-content\/uploads\/2020\/06\/heart_4_ss-300x267.jpg",300,267,true],"woocommerce_single":["https:\/\/www.megastitch.eu\/wp-content\/uploads\/2020\/06\/heart_4_ss.jpg",324,288,false],"woocommerce_gallery_thumbnail":["https:\/\/www.megastitch.eu\/wp-content\/uploads\/2020\/06\/heart_4_ss-100x100.jpg",100,100,true]},"post_excerpt_stackable_v2":"<p>M\u00e1te radi rusk\u00e9 n\u00e1rodn\u00e9 vzory?<br \/>\nS dizajn\u00e9rmi z <a href=\"https:\/\/www.facebook.com\/megastitcheu\/posts\/3017087845004376\" target=\"_blank\" rel=\"noopener noreferrer\">kartelu<\/a> sme navrhovali srdie\u010dka pre<a href=\"https:\/\/vk.com\/photo-19853515_457357927\" target=\"_blank\" rel=\"noopener noreferrer\"> projekt Rusk\u00fd duch<\/a>. Z\u00fa\u010dastni\u0165 sa bolo zauj\u00edmavou sk\u00fasenos\u0165ou.<\/p>\n<p>Vytvorila som pre v\u00e1s 2 sch\u00e9my zdarma.<\/p>\n<p><strong>Po\u010det kr\u00ed\u017eikov: 16 x 14<\/strong><br \/>\n<strong>Ve\u013ekos\u0165<\/strong>: 2.90 x 2.54 cm<br \/>\n<strong>Bavlnky:<\/strong> DMC<br \/>\n<strong>Po\u010det farieb:<\/strong> 14<br \/>\n<strong>Pou\u017eit\u00e9 techniky:<\/strong> kr\u00ed\u017eiky, 3\/4 kr\u00ed\u017eiky, ob\u0161\u00edvanie, franc\u00fazske uzl\u00edky<\/p>\n<p>Predlohy s\u00fa zadarmo ihne\u010f k stiahnutiu.<\/p>\n","category_list_v2":"","author_info_v2":{"name":"","url":""},"comments_num_v2":"0 comments","uagb_featured_image_src":{"full":["https:\/\/www.megastitch.eu\/wp-content\/uploads\/2020\/06\/heart_4_ss.jpg",324,288,false],"thumbnail":["https:\/\/www.megastitch.eu\/wp-content\/uploads\/2020\/06\/heart_4_ss-150x150.jpg",150,150,true],"medium":["https:\/\/www.megastitch.eu\/wp-content\/uploads\/2020\/06\/heart_4_ss-300x267.jpg",300,267,true],"medium_large":["https:\/\/www.megastitch.eu\/wp-content\/uploads\/2020\/06\/heart_4_ss.jpg",324,288,false],"large":["https:\/\/www.megastitch.eu\/wp-content\/uploads\/2020\/06\/heart_4_ss.jpg",324,288,false],"1536x1536":["https:\/\/www.megastitch.eu\/wp-content\/uploads\/2020\/06\/heart_4_ss.jpg",324,288,false],"2048x2048":["https:\/\/www.megastitch.eu\/wp-content\/uploads\/2020\/06\/heart_4_ss.jpg",324,288,false],"ultp_layout_landscape_large":["https:\/\/www.megastitch.eu\/wp-content\/uploads\/2020\/06\/heart_4_ss.jpg",324,288,false],"ultp_layout_landscape":["https:\/\/www.megastitch.eu\/wp-content\/uploads\/2020\/06\/heart_4_ss.jpg",324,288,false],"ultp_layout_portrait":["https:\/\/www.megastitch.eu\/wp-content\/uploads\/2020\/06\/heart_4_ss.jpg",324,288,false],"ultp_layout_square":["https:\/\/www.megastitch.eu\/wp-content\/uploads\/2020\/06\/heart_4_ss.jpg",324,288,false],"molla_post-grid":["https:\/\/www.megastitch.eu\/wp-content\/uploads\/2020\/06\/heart_4_ss.jpg",300,267,false],"woocommerce_thumbnail":["https:\/\/www.megastitch.eu\/wp-content\/uploads\/2020\/06\/heart_4_ss-300x267.jpg",300,267,true],"woocommerce_single":["https:\/\/www.megastitch.eu\/wp-content\/uploads\/2020\/06\/heart_4_ss.jpg",324,288,false],"woocommerce_gallery_thumbnail":["https:\/\/www.megastitch.eu\/wp-content\/uploads\/2020\/06\/heart_4_ss-100x100.jpg",100,100,true]},"uagb_author_info":{"display_name":"monika","author_link":"https:\/\/www.megastitch.eu\/cs\/author\/"},"uagb_comment_info":0,"uagb_excerpt":"M\u00e1te radi rusk\u00e9 n\u00e1rodn\u00e9 vzory? S dizajn\u00e9rmi z kartelu sme navrhovali srdie\u010dka pre projekt Rusk\u00fd duch. Z\u00fa\u010dastni\u0165 sa bolo zauj\u00edmavou sk\u00fasenos\u0165ou. Vytvorila som pre v\u00e1s 2 sch\u00e9my zdarma. Po\u010det kr\u00ed\u017eikov: 16 x 14 Ve\u013ekos\u0165: 2.90 x 2.54 cm Bavlnky: DMC Po\u010det farieb: 14 Pou\u017eit\u00e9 techniky: kr\u00ed\u017eiky, 3\/4 kr\u00ed\u017eiky, ob\u0161\u00edvanie, franc\u00fazske uzl\u00edky Predlohy s\u00fa zadarmo ihne\u010f&hellip;","_links":{"self":[{"href":"https:\/\/www.megastitch.eu\/cs\/wp-json\/wp\/v2\/product\/2241"}],"collection":[{"href":"https:\/\/www.megastitch.eu\/cs\/wp-json\/wp\/v2\/product"}],"about":[{"href":"https:\/\/www.megastitch.eu\/cs\/wp-json\/wp\/v2\/types\/product"}],"replies":[{"embeddable":true,"href":"https:\/\/www.megastitch.eu\/cs\/wp-json\/wp\/v2\/comments?post=2241"}],"wp:featuredmedia":[{"embeddable":true,"href":"https:\/\/www.megastitch.eu\/cs\/wp-json\/wp\/v2\/media\/2242"}],"wp:attachment":[{"href":"https:\/\/www.megastitch.eu\/cs\/wp-json\/wp\/v2\/media?parent=2241"}],"wp:term":[{"taxonomy":"product_cat","embeddable":true,"href":"https:\/\/www.megastitch.eu\/cs\/wp-json\/wp\/v2\/product_cat?post=2241"},{"taxonomy":"product_tag","embeddable":true,"href":"https:\/\/www.megastitch.eu\/cs\/wp-json\/wp\/v2\/product_tag?post=2241"}],"curies":[{"name":"wp","href":"https:\/\/api.w.org\/{rel}","templated":true}]}}