	{"id":24344,"date":"2020-10-08T18:30:12","date_gmt":"2020-10-08T16:30:12","guid":{"rendered":"https:\/\/www.megastitch.eu\/?post_type=product&#038;p=24344"},"modified":"2025-01-11T20:06:33","modified_gmt":"2025-01-11T19:06:33","slug":"usmievavy-snehuliacik-cervena-verzia","status":"publish","type":"product","link":"https:\/\/www.megastitch.eu\/cs\/obchod\/predlohy-na-vysivanie\/male-predlohy\/usmievavy-snehuliacik-cervena-verzia\/","title":{"rendered":"Usmievav\u00fd snehulia\u010dik (\u010derven\u00e1 verzia)"},"content":{"rendered":"<div class=\"nolwrap\"><p>Autor ilustr\u00e1cie: <a title=\"Illustrator: Ilya Petruk\" href=\"https:\/\/www.instagram.com\/ilya_petruk\/\" target=\"_blank\" rel=\"noopener noreferrer\">Ilya Petruk<\/a><\/p>\n<p>Autorka predlohy: <strong>M\u00e1ria Erbenov\u00e1&nbsp;<\/strong><\/p>\n<h4>Inform\u00e1cie o predlohe:<\/h4>\n<p><strong>Po\u010det kr\u00ed\u017eikov: 40 x 62<\/strong><br \/>\n<strong>Rozmer l\u00e1tky: <\/strong>7.26 x 11.25 cm<br \/>\n<strong>L\u00e1tka:&nbsp;<\/strong>14 ct kr\u00e9mov\u00e1 aida<br \/>\n<strong>Bavlnky: <\/strong>DMC<br \/>\n<strong>Po\u010det farieb: <\/strong>13 + 3 blendy<br \/>\n<strong>Pou\u017eit\u00e9 techniky:<\/strong> kr\u00ed\u017eiky, ob\u0161\u00edvanie, p\u00e1r franc\u00fazskych uzl\u00edkov<\/p>\n<h4>S\u00fabory na stiahnutie:<\/h4>\n<ul>\n<li><strong>pdf s\u00fabor<\/strong>\n<ul>\n<li>v \u010dierno-bielej verzii &#8211; s ob\u0161\u00edvan\u00edm a bez ob\u0161\u00edvania,&nbsp;<\/li>\n<li>vo farebnej verzii &#8211; s ob\u0161\u00edvan\u00edm a bez ob\u0161\u00edvania<\/li>\n<\/ul>\n<\/li>\n<li><strong>cssaga s\u00fabor<\/strong><\/li>\n<\/ul>\n<\/div>","protected":false},"excerpt":{"rendered":"<p><span style=\"font-weight: 400\">Vianoce bez snehu s\u00fa tro\u0161ku smutn\u00e9, ale pri poh\u013eade na tohto snehulia\u010dika si ur\u010dite spomeniete na v\u0161etky s\u00e1nkova\u010dky, gu\u013eova\u010dky, stavania snehuliakov, iglu a in\u00e9 zimn\u00e9 hry.<\/span><\/p>\n<h4>Inform\u00e1cie o predlohe:<\/h4>\n<p><strong>Po\u010det kr\u00ed\u017eikov: 40 x 62<\/strong><br \/>\n<strong>Rozmer l\u00e1tky: <\/strong>7.26 x 11.25 cm<br \/>\n<strong>L\u00e1tka:&nbsp;<\/strong>14 ct kr\u00e9mov\u00e1 aida<br \/>\n<strong>Bavlnky: <\/strong>DMC<br \/>\n<strong>Po\u010det farieb: <\/strong>13 + 3 blendy<br \/>\n<strong>Pou\u017eit\u00e9 techniky:<\/strong> kr\u00ed\u017eiky, ob\u0161\u00edvanie, p\u00e1r franc\u00fazskych uzl\u00edkov<\/p>\n","protected":false},"featured_media":24354,"comment_status":"open","ping_status":"closed","template":"","meta":{"_uag_custom_page_level_css":"","ngg_post_thumbnail":0},"product_cat":[134,131,171],"product_tag":[258,46,254],"aioseo_notices":[],"featured_image_urls":{"full":["https:\/\/www.megastitch.eu\/wp-content\/uploads\/2020\/10\/snehuliak_red_frame_ss.jpg",1120,1120,false],"thumbnail":["https:\/\/www.megastitch.eu\/wp-content\/uploads\/2020\/10\/snehuliak_red_frame_ss-150x150.jpg",150,150,true],"medium":["https:\/\/www.megastitch.eu\/wp-content\/uploads\/2020\/10\/snehuliak_red_frame_ss-300x300.jpg",300,300,true],"medium_large":["https:\/\/www.megastitch.eu\/wp-content\/uploads\/2020\/10\/snehuliak_red_frame_ss-768x768.jpg",768,768,true],"large":["https:\/\/www.megastitch.eu\/wp-content\/uploads\/2020\/10\/snehuliak_red_frame_ss-1024x1024.jpg",1024,1024,true],"1536x1536":["https:\/\/www.megastitch.eu\/wp-content\/uploads\/2020\/10\/snehuliak_red_frame_ss.jpg",1120,1120,false],"2048x2048":["https:\/\/www.megastitch.eu\/wp-content\/uploads\/2020\/10\/snehuliak_red_frame_ss.jpg",1120,1120,false],"ultp_layout_landscape_large":["https:\/\/www.megastitch.eu\/wp-content\/uploads\/2020\/10\/snehuliak_red_frame_ss-1120x800.jpg",1120,800,true],"ultp_layout_landscape":["https:\/\/www.megastitch.eu\/wp-content\/uploads\/2020\/10\/snehuliak_red_frame_ss-870x570.jpg",870,570,true],"ultp_layout_portrait":["https:\/\/www.megastitch.eu\/wp-content\/uploads\/2020\/10\/snehuliak_red_frame_ss-600x900.jpg",600,900,true],"ultp_layout_square":["https:\/\/www.megastitch.eu\/wp-content\/uploads\/2020\/10\/snehuliak_red_frame_ss-600x600.jpg",600,600,true],"molla_post-grid":["https:\/\/www.megastitch.eu\/wp-content\/uploads\/2020\/10\/snehuliak_red_frame_ss-400x267.jpg",400,267,true],"woocommerce_thumbnail":["https:\/\/www.megastitch.eu\/wp-content\/uploads\/2020\/10\/snehuliak_red_frame_ss-300x300.jpg",300,300,true],"woocommerce_single":["https:\/\/www.megastitch.eu\/wp-content\/uploads\/2020\/10\/snehuliak_red_frame_ss-600x600.jpg",600,600,true],"woocommerce_gallery_thumbnail":["https:\/\/www.megastitch.eu\/wp-content\/uploads\/2020\/10\/snehuliak_red_frame_ss-100x100.jpg",100,100,true]},"post_excerpt_stackable":"<p><span style=\"font-weight: 400\">Vianoce bez snehu s\u00fa tro\u0161ku smutn\u00e9, ale pri poh\u013eade na tohto snehulia\u010dika si ur\u010dite spomeniete na v\u0161etky s\u00e1nkova\u010dky, gu\u013eova\u010dky, stavania snehuliakov, iglu a in\u00e9 zimn\u00e9 hry.<\/span><\/p>\n<h4>Inform\u00e1cie o predlohe:<\/h4>\n<p><strong>Po\u010det kr\u00ed\u017eikov: 40 x 62<\/strong><br \/>\n<strong>Rozmer l\u00e1tky: <\/strong>7.26 x 11.25 cm<br \/>\n<strong>L\u00e1tka:&nbsp;<\/strong>14 ct kr\u00e9mov\u00e1 aida<br \/>\n<strong>Bavlnky: <\/strong>DMC<br \/>\n<strong>Po\u010det farieb: <\/strong>13 + 3 blendy<br \/>\n<strong>Pou\u017eit\u00e9 techniky:<\/strong> kr\u00ed\u017eiky, ob\u0161\u00edvanie, p\u00e1r franc\u00fazskych uzl\u00edkov<\/p>\n","category_list":"","author_info":{"name":"","url":""},"comments_num":"0 comments","featured_image_urls_v2":{"full":["https:\/\/www.megastitch.eu\/wp-content\/uploads\/2020\/10\/snehuliak_red_frame_ss.jpg",1120,1120,false],"thumbnail":["https:\/\/www.megastitch.eu\/wp-content\/uploads\/2020\/10\/snehuliak_red_frame_ss-150x150.jpg",150,150,true],"medium":["https:\/\/www.megastitch.eu\/wp-content\/uploads\/2020\/10\/snehuliak_red_frame_ss-300x300.jpg",300,300,true],"medium_large":["https:\/\/www.megastitch.eu\/wp-content\/uploads\/2020\/10\/snehuliak_red_frame_ss-768x768.jpg",768,768,true],"large":["https:\/\/www.megastitch.eu\/wp-content\/uploads\/2020\/10\/snehuliak_red_frame_ss-1024x1024.jpg",1024,1024,true],"1536x1536":["https:\/\/www.megastitch.eu\/wp-content\/uploads\/2020\/10\/snehuliak_red_frame_ss.jpg",1120,1120,false],"2048x2048":["https:\/\/www.megastitch.eu\/wp-content\/uploads\/2020\/10\/snehuliak_red_frame_ss.jpg",1120,1120,false],"ultp_layout_landscape_large":["https:\/\/www.megastitch.eu\/wp-content\/uploads\/2020\/10\/snehuliak_red_frame_ss-1120x800.jpg",1120,800,true],"ultp_layout_landscape":["https:\/\/www.megastitch.eu\/wp-content\/uploads\/2020\/10\/snehuliak_red_frame_ss-870x570.jpg",870,570,true],"ultp_layout_portrait":["https:\/\/www.megastitch.eu\/wp-content\/uploads\/2020\/10\/snehuliak_red_frame_ss-600x900.jpg",600,900,true],"ultp_layout_square":["https:\/\/www.megastitch.eu\/wp-content\/uploads\/2020\/10\/snehuliak_red_frame_ss-600x600.jpg",600,600,true],"molla_post-grid":["https:\/\/www.megastitch.eu\/wp-content\/uploads\/2020\/10\/snehuliak_red_frame_ss-400x267.jpg",400,267,true],"woocommerce_thumbnail":["https:\/\/www.megastitch.eu\/wp-content\/uploads\/2020\/10\/snehuliak_red_frame_ss-300x300.jpg",300,300,true],"woocommerce_single":["https:\/\/www.megastitch.eu\/wp-content\/uploads\/2020\/10\/snehuliak_red_frame_ss-600x600.jpg",600,600,true],"woocommerce_gallery_thumbnail":["https:\/\/www.megastitch.eu\/wp-content\/uploads\/2020\/10\/snehuliak_red_frame_ss-100x100.jpg",100,100,true]},"post_excerpt_stackable_v2":"<p><span style=\"font-weight: 400\">Vianoce bez snehu s\u00fa tro\u0161ku smutn\u00e9, ale pri poh\u013eade na tohto snehulia\u010dika si ur\u010dite spomeniete na v\u0161etky s\u00e1nkova\u010dky, gu\u013eova\u010dky, stavania snehuliakov, iglu a in\u00e9 zimn\u00e9 hry.<\/span><\/p>\n<h4>Inform\u00e1cie o predlohe:<\/h4>\n<p><strong>Po\u010det kr\u00ed\u017eikov: 40 x 62<\/strong><br \/>\n<strong>Rozmer l\u00e1tky: <\/strong>7.26 x 11.25 cm<br \/>\n<strong>L\u00e1tka:&nbsp;<\/strong>14 ct kr\u00e9mov\u00e1 aida<br \/>\n<strong>Bavlnky: <\/strong>DMC<br \/>\n<strong>Po\u010det farieb: <\/strong>13 + 3 blendy<br \/>\n<strong>Pou\u017eit\u00e9 techniky:<\/strong> kr\u00ed\u017eiky, ob\u0161\u00edvanie, p\u00e1r franc\u00fazskych uzl\u00edkov<\/p>\n","category_list_v2":"","author_info_v2":{"name":"","url":""},"comments_num_v2":"0 comments","uagb_featured_image_src":{"full":["https:\/\/www.megastitch.eu\/wp-content\/uploads\/2020\/10\/snehuliak_red_frame_ss.jpg",1120,1120,false],"thumbnail":["https:\/\/www.megastitch.eu\/wp-content\/uploads\/2020\/10\/snehuliak_red_frame_ss-150x150.jpg",150,150,true],"medium":["https:\/\/www.megastitch.eu\/wp-content\/uploads\/2020\/10\/snehuliak_red_frame_ss-300x300.jpg",300,300,true],"medium_large":["https:\/\/www.megastitch.eu\/wp-content\/uploads\/2020\/10\/snehuliak_red_frame_ss-768x768.jpg",768,768,true],"large":["https:\/\/www.megastitch.eu\/wp-content\/uploads\/2020\/10\/snehuliak_red_frame_ss-1024x1024.jpg",1024,1024,true],"1536x1536":["https:\/\/www.megastitch.eu\/wp-content\/uploads\/2020\/10\/snehuliak_red_frame_ss.jpg",1120,1120,false],"2048x2048":["https:\/\/www.megastitch.eu\/wp-content\/uploads\/2020\/10\/snehuliak_red_frame_ss.jpg",1120,1120,false],"ultp_layout_landscape_large":["https:\/\/www.megastitch.eu\/wp-content\/uploads\/2020\/10\/snehuliak_red_frame_ss-1120x800.jpg",1120,800,true],"ultp_layout_landscape":["https:\/\/www.megastitch.eu\/wp-content\/uploads\/2020\/10\/snehuliak_red_frame_ss-870x570.jpg",870,570,true],"ultp_layout_portrait":["https:\/\/www.megastitch.eu\/wp-content\/uploads\/2020\/10\/snehuliak_red_frame_ss-600x900.jpg",600,900,true],"ultp_layout_square":["https:\/\/www.megastitch.eu\/wp-content\/uploads\/2020\/10\/snehuliak_red_frame_ss-600x600.jpg",600,600,true],"molla_post-grid":["https:\/\/www.megastitch.eu\/wp-content\/uploads\/2020\/10\/snehuliak_red_frame_ss-400x267.jpg",400,267,true],"woocommerce_thumbnail":["https:\/\/www.megastitch.eu\/wp-content\/uploads\/2020\/10\/snehuliak_red_frame_ss-300x300.jpg",300,300,true],"woocommerce_single":["https:\/\/www.megastitch.eu\/wp-content\/uploads\/2020\/10\/snehuliak_red_frame_ss-600x600.jpg",600,600,true],"woocommerce_gallery_thumbnail":["https:\/\/www.megastitch.eu\/wp-content\/uploads\/2020\/10\/snehuliak_red_frame_ss-100x100.jpg",100,100,true]},"uagb_author_info":{"display_name":"erbenova","author_link":"https:\/\/www.megastitch.eu\/cs\/author\/"},"uagb_comment_info":0,"uagb_excerpt":"Vianoce bez snehu s\u00fa tro\u0161ku smutn\u00e9, ale pri poh\u013eade na tohto snehulia\u010dika si ur\u010dite spomeniete na v\u0161etky s\u00e1nkova\u010dky, gu\u013eova\u010dky, stavania snehuliakov, iglu a in\u00e9 zimn\u00e9 hry. Inform\u00e1cie o predlohe: Po\u010det kr\u00ed\u017eikov: 40 x 62 Rozmer l\u00e1tky: 7.26 x 11.25 cm L\u00e1tka:&nbsp;14 ct kr\u00e9mov\u00e1 aida Bavlnky: DMC Po\u010det farieb: 13 + 3 blendy Pou\u017eit\u00e9 techniky: kr\u00ed\u017eiky,&hellip;","_links":{"self":[{"href":"https:\/\/www.megastitch.eu\/cs\/wp-json\/wp\/v2\/product\/24344"}],"collection":[{"href":"https:\/\/www.megastitch.eu\/cs\/wp-json\/wp\/v2\/product"}],"about":[{"href":"https:\/\/www.megastitch.eu\/cs\/wp-json\/wp\/v2\/types\/product"}],"replies":[{"embeddable":true,"href":"https:\/\/www.megastitch.eu\/cs\/wp-json\/wp\/v2\/comments?post=24344"}],"wp:featuredmedia":[{"embeddable":true,"href":"https:\/\/www.megastitch.eu\/cs\/wp-json\/wp\/v2\/media\/24354"}],"wp:attachment":[{"href":"https:\/\/www.megastitch.eu\/cs\/wp-json\/wp\/v2\/media?parent=24344"}],"wp:term":[{"taxonomy":"product_cat","embeddable":true,"href":"https:\/\/www.megastitch.eu\/cs\/wp-json\/wp\/v2\/product_cat?post=24344"},{"taxonomy":"product_tag","embeddable":true,"href":"https:\/\/www.megastitch.eu\/cs\/wp-json\/wp\/v2\/product_tag?post=24344"}],"curies":[{"name":"wp","href":"https:\/\/api.w.org\/{rel}","templated":true}]}}