	{"id":25625,"date":"2020-11-13T14:51:49","date_gmt":"2020-11-13T13:51:49","guid":{"rendered":"https:\/\/www.megastitch.eu\/?post_type=product&#038;p=25625"},"modified":"2020-11-13T14:51:50","modified_gmt":"2020-11-13T13:51:50","slug":"vianocny-vzorkovnik","status":"publish","type":"product","link":"https:\/\/www.megastitch.eu\/cs\/obchod\/predlohy-na-vysivanie\/male-predlohy\/vianocny-vzorkovnik\/","title":{"rendered":"Viano\u010dn\u00fd vzorkovn\u00edk"},"content":{"rendered":"<div class=\"nolwrap\"><p><span style=\"font-weight: 400;\">Rozm\u00fd\u0161\u013eali ste u\u017e nad \u0161tedrove\u010dern\u00fdm stolom? Chcete, aby na \u0148om boli v\u0161etky detaily pekn\u00e9 a vkusne zladen\u00e9? Nebehajte po obchodoch a vyrobte si same tie najorigin\u00e1lnej\u0161ie obrusy a obr\u00fasky s viano\u010dn\u00fdmi mot\u00edvmi.&nbsp;<\/span><\/p>\n<p><span style=\"font-weight: 400;\">Pou\u017eite tento sampler a vytvorte si origin\u00e1lny k\u00fasok na v\u00e1\u0161 viano\u010dn\u00fd st\u00f4l. N\u00e1jdete na \u0148om jednoduch\u00e9, ale aj tro\u0161ku komplikovanej\u0161ie vzory, odr\u00e1\u017eaj\u00face t\u00fato \u010darokr\u00e1snu noc.<\/span><\/p>\n<h4>Inform\u00e1cie o predlohe:<\/h4>\n<p><strong>Po\u010det kr\u00ed\u017eikov: 46 x 59<\/strong><br \/>\n<strong>Bavlnky: <\/strong>DMC<br \/>\n<strong>Po\u010det farieb: <\/strong>15<br \/>\n<strong>Pou\u017eit\u00e9 techniky:<\/strong> kr\u00ed\u017eiky, ob\u0161\u00edvanie<\/p>\n<h4>S\u00fabory na stiahnutie:<\/h4>\n<ul>\n<li><strong>pdf s\u00fabor<\/strong>\n<ul>\n<li>v \u010dierno-bielej verzii &#8211; s ob\u0161\u00edvan\u00edm a bez ob\u0161\u00edvania,<\/li>\n<li>vo farebnej verzii &#8211; s ob\u0161\u00edvan\u00edm a bez ob\u0161\u00edvania<\/li>\n<\/ul>\n<\/li>\n<li><strong>cssaga s\u00fabor<\/strong><\/li>\n<\/ul>\n<\/div>","protected":false},"excerpt":{"rendered":"<p>Rozm\u00fd\u0161\u013eali ste u\u017e nad \u0161tedrove\u010dern\u00fdm stolom? Chcete, aby na \u0148om boli v\u0161etky detaily pekn\u00e9 a vkusne zladen\u00e9? Nebehajte po obchodoch a vyrobte si same tie najorigin\u00e1lnej\u0161ie obrusy a obr\u00fasky s viano\u010dn\u00fdmi mot\u00edvmi.&nbsp; Pou\u017eite tento sampler a vytvorte si origin\u00e1lny k\u00fasok na v\u00e1\u0161 viano\u010dn\u00fd st\u00f4l. N\u00e1jdete na \u0148om jednoduch\u00e9, ale aj tro\u0161ku komplikovanej\u0161ie vzory, odr\u00e1\u017eaj\u00face t\u00fato [&hellip;]<\/p>\n","protected":false},"featured_media":25629,"comment_status":"open","ping_status":"closed","template":"","meta":{"_uag_custom_page_level_css":"","ngg_post_thumbnail":0},"product_cat":[134,131,171,141],"product_tag":[46,151],"aioseo_notices":[],"featured_image_urls":{"full":["https:\/\/www.megastitch.eu\/wp-content\/uploads\/2020\/11\/christmas_big_sampler_frame_ss_sm.jpg",2000,1895,false],"thumbnail":["https:\/\/www.megastitch.eu\/wp-content\/uploads\/2020\/11\/christmas_big_sampler_frame_ss_sm-150x150.jpg",150,150,true],"medium":["https:\/\/www.megastitch.eu\/wp-content\/uploads\/2020\/11\/christmas_big_sampler_frame_ss_sm-300x284.jpg",300,284,true],"medium_large":["https:\/\/www.megastitch.eu\/wp-content\/uploads\/2020\/11\/christmas_big_sampler_frame_ss_sm-768x728.jpg",768,728,true],"large":["https:\/\/www.megastitch.eu\/wp-content\/uploads\/2020\/11\/christmas_big_sampler_frame_ss_sm-1024x970.jpg",1024,970,true],"1536x1536":["https:\/\/www.megastitch.eu\/wp-content\/uploads\/2020\/11\/christmas_big_sampler_frame_ss_sm-1536x1455.jpg",1536,1455,true],"2048x2048":["https:\/\/www.megastitch.eu\/wp-content\/uploads\/2020\/11\/christmas_big_sampler_frame_ss_sm.jpg",2000,1895,false],"ultp_layout_landscape_large":["https:\/\/www.megastitch.eu\/wp-content\/uploads\/2020\/11\/christmas_big_sampler_frame_ss_sm-1200x800.jpg",1200,800,true],"ultp_layout_landscape":["https:\/\/www.megastitch.eu\/wp-content\/uploads\/2020\/11\/christmas_big_sampler_frame_ss_sm-870x570.jpg",870,570,true],"ultp_layout_portrait":["https:\/\/www.megastitch.eu\/wp-content\/uploads\/2020\/11\/christmas_big_sampler_frame_ss_sm-600x900.jpg",600,900,true],"ultp_layout_square":["https:\/\/www.megastitch.eu\/wp-content\/uploads\/2020\/11\/christmas_big_sampler_frame_ss_sm-600x600.jpg",600,600,true],"molla_post-grid":["https:\/\/www.megastitch.eu\/wp-content\/uploads\/2020\/11\/christmas_big_sampler_frame_ss_sm-400x267.jpg",400,267,true],"woocommerce_thumbnail":["https:\/\/www.megastitch.eu\/wp-content\/uploads\/2020\/11\/christmas_big_sampler_frame_ss_sm-300x284.jpg",300,284,true],"woocommerce_single":["https:\/\/www.megastitch.eu\/wp-content\/uploads\/2020\/11\/christmas_big_sampler_frame_ss_sm-600x569.jpg",600,569,true],"woocommerce_gallery_thumbnail":["https:\/\/www.megastitch.eu\/wp-content\/uploads\/2020\/11\/christmas_big_sampler_frame_ss_sm-100x100.jpg",100,100,true]},"post_excerpt_stackable":"<p>Rozm\u00fd\u0161\u013eali ste u\u017e nad \u0161tedrove\u010dern\u00fdm stolom? Chcete, aby na \u0148om boli v\u0161etky detaily pekn\u00e9 a vkusne zladen\u00e9? Nebehajte po obchodoch a vyrobte si same tie najorigin\u00e1lnej\u0161ie obrusy a obr\u00fasky s viano\u010dn\u00fdmi mot\u00edvmi.&nbsp; Pou\u017eite tento sampler a vytvorte si origin\u00e1lny k\u00fasok na v\u00e1\u0161 viano\u010dn\u00fd st\u00f4l. N\u00e1jdete na \u0148om jednoduch\u00e9, ale aj tro\u0161ku komplikovanej\u0161ie vzory, odr\u00e1\u017eaj\u00face t\u00fato \u010darokr\u00e1snu noc. Inform\u00e1cie o predlohe: Po\u010det kr\u00ed\u017eikov: 46 x 59 Bavlnky: DMC Po\u010det farieb: 15 Pou\u017eit\u00e9 techniky: kr\u00ed\u017eiky, ob\u0161\u00edvanie S\u00fabory na stiahnutie: pdf s\u00fabor v \u010dierno-bielej verzii &#8211; s ob\u0161\u00edvan\u00edm a bez ob\u0161\u00edvania, vo farebnej verzii &#8211; s ob\u0161\u00edvan\u00edm a bez ob\u0161\u00edvania cssaga s\u00fabor<\/p>\n","category_list":"","author_info":{"name":"","url":""},"comments_num":"0 comments","featured_image_urls_v2":{"full":["https:\/\/www.megastitch.eu\/wp-content\/uploads\/2020\/11\/christmas_big_sampler_frame_ss_sm.jpg",2000,1895,false],"thumbnail":["https:\/\/www.megastitch.eu\/wp-content\/uploads\/2020\/11\/christmas_big_sampler_frame_ss_sm-150x150.jpg",150,150,true],"medium":["https:\/\/www.megastitch.eu\/wp-content\/uploads\/2020\/11\/christmas_big_sampler_frame_ss_sm-300x284.jpg",300,284,true],"medium_large":["https:\/\/www.megastitch.eu\/wp-content\/uploads\/2020\/11\/christmas_big_sampler_frame_ss_sm-768x728.jpg",768,728,true],"large":["https:\/\/www.megastitch.eu\/wp-content\/uploads\/2020\/11\/christmas_big_sampler_frame_ss_sm-1024x970.jpg",1024,970,true],"1536x1536":["https:\/\/www.megastitch.eu\/wp-content\/uploads\/2020\/11\/christmas_big_sampler_frame_ss_sm-1536x1455.jpg",1536,1455,true],"2048x2048":["https:\/\/www.megastitch.eu\/wp-content\/uploads\/2020\/11\/christmas_big_sampler_frame_ss_sm.jpg",2000,1895,false],"ultp_layout_landscape_large":["https:\/\/www.megastitch.eu\/wp-content\/uploads\/2020\/11\/christmas_big_sampler_frame_ss_sm-1200x800.jpg",1200,800,true],"ultp_layout_landscape":["https:\/\/www.megastitch.eu\/wp-content\/uploads\/2020\/11\/christmas_big_sampler_frame_ss_sm-870x570.jpg",870,570,true],"ultp_layout_portrait":["https:\/\/www.megastitch.eu\/wp-content\/uploads\/2020\/11\/christmas_big_sampler_frame_ss_sm-600x900.jpg",600,900,true],"ultp_layout_square":["https:\/\/www.megastitch.eu\/wp-content\/uploads\/2020\/11\/christmas_big_sampler_frame_ss_sm-600x600.jpg",600,600,true],"molla_post-grid":["https:\/\/www.megastitch.eu\/wp-content\/uploads\/2020\/11\/christmas_big_sampler_frame_ss_sm-400x267.jpg",400,267,true],"woocommerce_thumbnail":["https:\/\/www.megastitch.eu\/wp-content\/uploads\/2020\/11\/christmas_big_sampler_frame_ss_sm-300x284.jpg",300,284,true],"woocommerce_single":["https:\/\/www.megastitch.eu\/wp-content\/uploads\/2020\/11\/christmas_big_sampler_frame_ss_sm-600x569.jpg",600,569,true],"woocommerce_gallery_thumbnail":["https:\/\/www.megastitch.eu\/wp-content\/uploads\/2020\/11\/christmas_big_sampler_frame_ss_sm-100x100.jpg",100,100,true]},"post_excerpt_stackable_v2":"<p>Rozm\u00fd\u0161\u013eali ste u\u017e nad \u0161tedrove\u010dern\u00fdm stolom? Chcete, aby na \u0148om boli v\u0161etky detaily pekn\u00e9 a vkusne zladen\u00e9? Nebehajte po obchodoch a vyrobte si same tie najorigin\u00e1lnej\u0161ie obrusy a obr\u00fasky s viano\u010dn\u00fdmi mot\u00edvmi.&nbsp; Pou\u017eite tento sampler a vytvorte si origin\u00e1lny k\u00fasok na v\u00e1\u0161 viano\u010dn\u00fd st\u00f4l. N\u00e1jdete na \u0148om jednoduch\u00e9, ale aj tro\u0161ku komplikovanej\u0161ie vzory, odr\u00e1\u017eaj\u00face t\u00fato \u010darokr\u00e1snu noc. Inform\u00e1cie o predlohe: Po\u010det kr\u00ed\u017eikov: 46 x 59 Bavlnky: DMC Po\u010det farieb: 15 Pou\u017eit\u00e9 techniky: kr\u00ed\u017eiky, ob\u0161\u00edvanie S\u00fabory na stiahnutie: pdf s\u00fabor v \u010dierno-bielej verzii &#8211; s ob\u0161\u00edvan\u00edm a bez ob\u0161\u00edvania, vo farebnej verzii &#8211; s ob\u0161\u00edvan\u00edm a bez ob\u0161\u00edvania cssaga s\u00fabor<\/p>\n","category_list_v2":"","author_info_v2":{"name":"","url":""},"comments_num_v2":"0 comments","uagb_featured_image_src":{"full":["https:\/\/www.megastitch.eu\/wp-content\/uploads\/2020\/11\/christmas_big_sampler_frame_ss_sm.jpg",2000,1895,false],"thumbnail":["https:\/\/www.megastitch.eu\/wp-content\/uploads\/2020\/11\/christmas_big_sampler_frame_ss_sm-150x150.jpg",150,150,true],"medium":["https:\/\/www.megastitch.eu\/wp-content\/uploads\/2020\/11\/christmas_big_sampler_frame_ss_sm-300x284.jpg",300,284,true],"medium_large":["https:\/\/www.megastitch.eu\/wp-content\/uploads\/2020\/11\/christmas_big_sampler_frame_ss_sm-768x728.jpg",768,728,true],"large":["https:\/\/www.megastitch.eu\/wp-content\/uploads\/2020\/11\/christmas_big_sampler_frame_ss_sm-1024x970.jpg",1024,970,true],"1536x1536":["https:\/\/www.megastitch.eu\/wp-content\/uploads\/2020\/11\/christmas_big_sampler_frame_ss_sm-1536x1455.jpg",1536,1455,true],"2048x2048":["https:\/\/www.megastitch.eu\/wp-content\/uploads\/2020\/11\/christmas_big_sampler_frame_ss_sm.jpg",2000,1895,false],"ultp_layout_landscape_large":["https:\/\/www.megastitch.eu\/wp-content\/uploads\/2020\/11\/christmas_big_sampler_frame_ss_sm-1200x800.jpg",1200,800,true],"ultp_layout_landscape":["https:\/\/www.megastitch.eu\/wp-content\/uploads\/2020\/11\/christmas_big_sampler_frame_ss_sm-870x570.jpg",870,570,true],"ultp_layout_portrait":["https:\/\/www.megastitch.eu\/wp-content\/uploads\/2020\/11\/christmas_big_sampler_frame_ss_sm-600x900.jpg",600,900,true],"ultp_layout_square":["https:\/\/www.megastitch.eu\/wp-content\/uploads\/2020\/11\/christmas_big_sampler_frame_ss_sm-600x600.jpg",600,600,true],"molla_post-grid":["https:\/\/www.megastitch.eu\/wp-content\/uploads\/2020\/11\/christmas_big_sampler_frame_ss_sm-400x267.jpg",400,267,true],"woocommerce_thumbnail":["https:\/\/www.megastitch.eu\/wp-content\/uploads\/2020\/11\/christmas_big_sampler_frame_ss_sm-300x284.jpg",300,284,true],"woocommerce_single":["https:\/\/www.megastitch.eu\/wp-content\/uploads\/2020\/11\/christmas_big_sampler_frame_ss_sm-600x569.jpg",600,569,true],"woocommerce_gallery_thumbnail":["https:\/\/www.megastitch.eu\/wp-content\/uploads\/2020\/11\/christmas_big_sampler_frame_ss_sm-100x100.jpg",100,100,true]},"uagb_author_info":{"display_name":"monika","author_link":"https:\/\/www.megastitch.eu\/cs\/author\/"},"uagb_comment_info":0,"uagb_excerpt":"Rozm\u00fd\u0161\u013eali ste u\u017e nad \u0161tedrove\u010dern\u00fdm stolom? Chcete, aby na \u0148om boli v\u0161etky detaily pekn\u00e9 a vkusne zladen\u00e9? Nebehajte po obchodoch a vyrobte si same tie najorigin\u00e1lnej\u0161ie obrusy a obr\u00fasky s viano\u010dn\u00fdmi mot\u00edvmi.&nbsp; Pou\u017eite tento sampler a vytvorte si origin\u00e1lny k\u00fasok na v\u00e1\u0161 viano\u010dn\u00fd st\u00f4l. N\u00e1jdete na \u0148om jednoduch\u00e9, ale aj tro\u0161ku komplikovanej\u0161ie vzory, odr\u00e1\u017eaj\u00face t\u00fato&hellip;","_links":{"self":[{"href":"https:\/\/www.megastitch.eu\/cs\/wp-json\/wp\/v2\/product\/25625"}],"collection":[{"href":"https:\/\/www.megastitch.eu\/cs\/wp-json\/wp\/v2\/product"}],"about":[{"href":"https:\/\/www.megastitch.eu\/cs\/wp-json\/wp\/v2\/types\/product"}],"replies":[{"embeddable":true,"href":"https:\/\/www.megastitch.eu\/cs\/wp-json\/wp\/v2\/comments?post=25625"}],"wp:featuredmedia":[{"embeddable":true,"href":"https:\/\/www.megastitch.eu\/cs\/wp-json\/wp\/v2\/media\/25629"}],"wp:attachment":[{"href":"https:\/\/www.megastitch.eu\/cs\/wp-json\/wp\/v2\/media?parent=25625"}],"wp:term":[{"taxonomy":"product_cat","embeddable":true,"href":"https:\/\/www.megastitch.eu\/cs\/wp-json\/wp\/v2\/product_cat?post=25625"},{"taxonomy":"product_tag","embeddable":true,"href":"https:\/\/www.megastitch.eu\/cs\/wp-json\/wp\/v2\/product_tag?post=25625"}],"curies":[{"name":"wp","href":"https:\/\/api.w.org\/{rel}","templated":true}]}}