	{"id":25662,"date":"2020-11-14T14:25:50","date_gmt":"2020-11-14T13:25:50","guid":{"rendered":"https:\/\/www.megastitch.eu\/?post_type=product&#038;p=25662"},"modified":"2023-08-01T13:57:49","modified_gmt":"2023-08-01T11:57:49","slug":"maly-objavitel","status":"publish","type":"product","link":"https:\/\/www.megastitch.eu\/cs\/obchod\/predlohy-na-vysivanie\/stredne-predlohy\/maly-objavitel\/","title":{"rendered":"Mal\u00fd objavite\u013e"},"content":{"rendered":"<div class=\"nolwrap\"><p>Autor ilustr\u00e1cie: <a href=\"https:\/\/www.instagram.com\/irishka.prozorova\/\">Irishka Prozorova<\/a><\/p>\n<p>Autor predlohy: <a href=\"https:\/\/www.megastitch.eu\/o-mne\/\">M\u00e1ria Erbenov\u00e1<\/a><\/p>\n<h4>Inform\u00e1cie o predlohe:&nbsp;<\/h4>\n<p><strong>Po\u010det kr\u00ed\u017eikov: 62 x 86<\/strong><br \/>\n<strong>Rozmer l\u00e1tky: <\/strong>11.25 x 15.60 cm (14 ct biela aida)<br \/>\n<strong>Bavlnky:&nbsp;<\/strong>DMC&nbsp;<br \/>\n<strong>Po\u010det farieb: <\/strong>39 farieb + 11 zmie\u0161an\u00fdch farieb&nbsp;(blendov)<br \/>\n<strong>Pou\u017eit\u00e9 techniky:<\/strong> kr\u00ed\u017eiky, p\u00e1r 3\/4 kr\u00ed\u017eikov, polkr\u00ed\u017eiky, ob\u0161\u00edvanie<\/p>\n<h4>S\u00fabory na stiahnutie:<\/h4>\n<ul>\n<li>pdf s\u00fabory\n<ul>\n<li>v \u010dierno-bielej verzii &#8211; s ob\u0161\u00edvan\u00edm a bez ob\u0161\u00edvania,<\/li>\n<li>vo farebnej verzii &#8211; s ob\u0161\u00edvan\u00edm a bez ob\u0161\u00edvania<\/li>\n<\/ul>\n<\/li>\n<li>cssaga s\u00fabor<\/li>\n<\/ul>\n<p>&nbsp;<\/p>\n<p>&nbsp;<\/p>\n<\/div>","protected":false},"excerpt":{"rendered":"<p><span style=\"font-weight: 400\">Ur\u010dite si spom\u00ednate na svoje detstvo, v ktorom hra na prieskumn\u00edkov bola na dennom poriadku.&nbsp;<\/span><span style=\"font-weight: 400\">Mil\u00e1 a rozko\u0161n\u00e1 kresba, ktor\u00e1 mne osobne pripom\u00edna \u0161\u0165astne chv\u00edle detstva, sa pod va\u0161imi rukami m\u00f4\u017ee premeni\u0165 na st\u00e1lu pripomienku va\u0161ich \u017eivotn\u00fdch objavov.<\/span><\/p>\n<p><strong>Po\u010det kr\u00ed\u017eikov: 62 x 86<\/strong><br \/>\n<strong>Po\u010det farieb: <\/strong>39 farieb + 11 zmie\u0161an\u00fdch farieb&nbsp;(blendov)<\/p>\n<p>&nbsp;<\/p>\n","protected":false},"featured_media":25687,"comment_status":"open","ping_status":"closed","template":"","meta":{"_uag_custom_page_level_css":"","ngg_post_thumbnail":0},"product_cat":[243,131,138],"product_tag":[289,152,48],"aioseo_notices":[],"featured_image_urls":{"full":["https:\/\/www.megastitch.eu\/wp-content\/uploads\/2020\/11\/little_explorer_frame.jpg",744,889,false],"thumbnail":["https:\/\/www.megastitch.eu\/wp-content\/uploads\/2020\/11\/little_explorer_frame-150x150.jpg",150,150,true],"medium":["https:\/\/www.megastitch.eu\/wp-content\/uploads\/2020\/11\/little_explorer_frame-251x300.jpg",251,300,true],"medium_large":["https:\/\/www.megastitch.eu\/wp-content\/uploads\/2020\/11\/little_explorer_frame.jpg",744,889,false],"large":["https:\/\/www.megastitch.eu\/wp-content\/uploads\/2020\/11\/little_explorer_frame.jpg",744,889,false],"1536x1536":["https:\/\/www.megastitch.eu\/wp-content\/uploads\/2020\/11\/little_explorer_frame.jpg",744,889,false],"2048x2048":["https:\/\/www.megastitch.eu\/wp-content\/uploads\/2020\/11\/little_explorer_frame.jpg",744,889,false],"ultp_layout_landscape_large":["https:\/\/www.megastitch.eu\/wp-content\/uploads\/2020\/11\/little_explorer_frame-744x800.jpg",744,800,true],"ultp_layout_landscape":["https:\/\/www.megastitch.eu\/wp-content\/uploads\/2020\/11\/little_explorer_frame-744x570.jpg",744,570,true],"ultp_layout_portrait":["https:\/\/www.megastitch.eu\/wp-content\/uploads\/2020\/11\/little_explorer_frame-600x889.jpg",600,889,true],"ultp_layout_square":["https:\/\/www.megastitch.eu\/wp-content\/uploads\/2020\/11\/little_explorer_frame-600x600.jpg",600,600,true],"molla_post-grid":["https:\/\/www.megastitch.eu\/wp-content\/uploads\/2020\/11\/little_explorer_frame-400x267.jpg",400,267,true],"woocommerce_thumbnail":["https:\/\/www.megastitch.eu\/wp-content\/uploads\/2020\/11\/little_explorer_frame-300x358.jpg",300,358,true],"woocommerce_single":["https:\/\/www.megastitch.eu\/wp-content\/uploads\/2020\/11\/little_explorer_frame-600x717.jpg",600,717,true],"woocommerce_gallery_thumbnail":["https:\/\/www.megastitch.eu\/wp-content\/uploads\/2020\/11\/little_explorer_frame-100x100.jpg",100,100,true]},"post_excerpt_stackable":"<p><span style=\"font-weight: 400\">Ur\u010dite si spom\u00ednate na svoje detstvo, v ktorom hra na prieskumn\u00edkov bola na dennom poriadku.&nbsp;<\/span><span style=\"font-weight: 400\">Mil\u00e1 a rozko\u0161n\u00e1 kresba, ktor\u00e1 mne osobne pripom\u00edna \u0161\u0165astne chv\u00edle detstva, sa pod va\u0161imi rukami m\u00f4\u017ee premeni\u0165 na st\u00e1lu pripomienku va\u0161ich \u017eivotn\u00fdch objavov.<\/span><\/p>\n<p><strong>Po\u010det kr\u00ed\u017eikov: 62 x 86<\/strong><br \/>\n<strong>Po\u010det farieb: <\/strong>39 farieb + 11 zmie\u0161an\u00fdch farieb&nbsp;(blendov)<\/p>\n<p>&nbsp;<\/p>\n","category_list":"","author_info":{"name":"","url":""},"comments_num":"0 comments","featured_image_urls_v2":{"full":["https:\/\/www.megastitch.eu\/wp-content\/uploads\/2020\/11\/little_explorer_frame.jpg",744,889,false],"thumbnail":["https:\/\/www.megastitch.eu\/wp-content\/uploads\/2020\/11\/little_explorer_frame-150x150.jpg",150,150,true],"medium":["https:\/\/www.megastitch.eu\/wp-content\/uploads\/2020\/11\/little_explorer_frame-251x300.jpg",251,300,true],"medium_large":["https:\/\/www.megastitch.eu\/wp-content\/uploads\/2020\/11\/little_explorer_frame.jpg",744,889,false],"large":["https:\/\/www.megastitch.eu\/wp-content\/uploads\/2020\/11\/little_explorer_frame.jpg",744,889,false],"1536x1536":["https:\/\/www.megastitch.eu\/wp-content\/uploads\/2020\/11\/little_explorer_frame.jpg",744,889,false],"2048x2048":["https:\/\/www.megastitch.eu\/wp-content\/uploads\/2020\/11\/little_explorer_frame.jpg",744,889,false],"ultp_layout_landscape_large":["https:\/\/www.megastitch.eu\/wp-content\/uploads\/2020\/11\/little_explorer_frame-744x800.jpg",744,800,true],"ultp_layout_landscape":["https:\/\/www.megastitch.eu\/wp-content\/uploads\/2020\/11\/little_explorer_frame-744x570.jpg",744,570,true],"ultp_layout_portrait":["https:\/\/www.megastitch.eu\/wp-content\/uploads\/2020\/11\/little_explorer_frame-600x889.jpg",600,889,true],"ultp_layout_square":["https:\/\/www.megastitch.eu\/wp-content\/uploads\/2020\/11\/little_explorer_frame-600x600.jpg",600,600,true],"molla_post-grid":["https:\/\/www.megastitch.eu\/wp-content\/uploads\/2020\/11\/little_explorer_frame-400x267.jpg",400,267,true],"woocommerce_thumbnail":["https:\/\/www.megastitch.eu\/wp-content\/uploads\/2020\/11\/little_explorer_frame-300x358.jpg",300,358,true],"woocommerce_single":["https:\/\/www.megastitch.eu\/wp-content\/uploads\/2020\/11\/little_explorer_frame-600x717.jpg",600,717,true],"woocommerce_gallery_thumbnail":["https:\/\/www.megastitch.eu\/wp-content\/uploads\/2020\/11\/little_explorer_frame-100x100.jpg",100,100,true]},"post_excerpt_stackable_v2":"<p><span style=\"font-weight: 400\">Ur\u010dite si spom\u00ednate na svoje detstvo, v ktorom hra na prieskumn\u00edkov bola na dennom poriadku.&nbsp;<\/span><span style=\"font-weight: 400\">Mil\u00e1 a rozko\u0161n\u00e1 kresba, ktor\u00e1 mne osobne pripom\u00edna \u0161\u0165astne chv\u00edle detstva, sa pod va\u0161imi rukami m\u00f4\u017ee premeni\u0165 na st\u00e1lu pripomienku va\u0161ich \u017eivotn\u00fdch objavov.<\/span><\/p>\n<p><strong>Po\u010det kr\u00ed\u017eikov: 62 x 86<\/strong><br \/>\n<strong>Po\u010det farieb: <\/strong>39 farieb + 11 zmie\u0161an\u00fdch farieb&nbsp;(blendov)<\/p>\n<p>&nbsp;<\/p>\n","category_list_v2":"","author_info_v2":{"name":"","url":""},"comments_num_v2":"0 comments","uagb_featured_image_src":{"full":["https:\/\/www.megastitch.eu\/wp-content\/uploads\/2020\/11\/little_explorer_frame.jpg",744,889,false],"thumbnail":["https:\/\/www.megastitch.eu\/wp-content\/uploads\/2020\/11\/little_explorer_frame-150x150.jpg",150,150,true],"medium":["https:\/\/www.megastitch.eu\/wp-content\/uploads\/2020\/11\/little_explorer_frame-251x300.jpg",251,300,true],"medium_large":["https:\/\/www.megastitch.eu\/wp-content\/uploads\/2020\/11\/little_explorer_frame.jpg",744,889,false],"large":["https:\/\/www.megastitch.eu\/wp-content\/uploads\/2020\/11\/little_explorer_frame.jpg",744,889,false],"1536x1536":["https:\/\/www.megastitch.eu\/wp-content\/uploads\/2020\/11\/little_explorer_frame.jpg",744,889,false],"2048x2048":["https:\/\/www.megastitch.eu\/wp-content\/uploads\/2020\/11\/little_explorer_frame.jpg",744,889,false],"ultp_layout_landscape_large":["https:\/\/www.megastitch.eu\/wp-content\/uploads\/2020\/11\/little_explorer_frame-744x800.jpg",744,800,true],"ultp_layout_landscape":["https:\/\/www.megastitch.eu\/wp-content\/uploads\/2020\/11\/little_explorer_frame-744x570.jpg",744,570,true],"ultp_layout_portrait":["https:\/\/www.megastitch.eu\/wp-content\/uploads\/2020\/11\/little_explorer_frame-600x889.jpg",600,889,true],"ultp_layout_square":["https:\/\/www.megastitch.eu\/wp-content\/uploads\/2020\/11\/little_explorer_frame-600x600.jpg",600,600,true],"molla_post-grid":["https:\/\/www.megastitch.eu\/wp-content\/uploads\/2020\/11\/little_explorer_frame-400x267.jpg",400,267,true],"woocommerce_thumbnail":["https:\/\/www.megastitch.eu\/wp-content\/uploads\/2020\/11\/little_explorer_frame-300x358.jpg",300,358,true],"woocommerce_single":["https:\/\/www.megastitch.eu\/wp-content\/uploads\/2020\/11\/little_explorer_frame-600x717.jpg",600,717,true],"woocommerce_gallery_thumbnail":["https:\/\/www.megastitch.eu\/wp-content\/uploads\/2020\/11\/little_explorer_frame-100x100.jpg",100,100,true]},"uagb_author_info":{"display_name":"monika","author_link":"https:\/\/www.megastitch.eu\/cs\/author\/"},"uagb_comment_info":0,"uagb_excerpt":"Ur\u010dite si spom\u00ednate na svoje detstvo, v ktorom hra na prieskumn\u00edkov bola na dennom poriadku.&nbsp;Mil\u00e1 a rozko\u0161n\u00e1 kresba, ktor\u00e1 mne osobne pripom\u00edna \u0161\u0165astne chv\u00edle detstva, sa pod va\u0161imi rukami m\u00f4\u017ee premeni\u0165 na st\u00e1lu pripomienku va\u0161ich \u017eivotn\u00fdch objavov. Po\u010det kr\u00ed\u017eikov: 62 x 86 Po\u010det farieb: 39 farieb + 11 zmie\u0161an\u00fdch farieb&nbsp;(blendov) &nbsp;","_links":{"self":[{"href":"https:\/\/www.megastitch.eu\/cs\/wp-json\/wp\/v2\/product\/25662"}],"collection":[{"href":"https:\/\/www.megastitch.eu\/cs\/wp-json\/wp\/v2\/product"}],"about":[{"href":"https:\/\/www.megastitch.eu\/cs\/wp-json\/wp\/v2\/types\/product"}],"replies":[{"embeddable":true,"href":"https:\/\/www.megastitch.eu\/cs\/wp-json\/wp\/v2\/comments?post=25662"}],"wp:featuredmedia":[{"embeddable":true,"href":"https:\/\/www.megastitch.eu\/cs\/wp-json\/wp\/v2\/media\/25687"}],"wp:attachment":[{"href":"https:\/\/www.megastitch.eu\/cs\/wp-json\/wp\/v2\/media?parent=25662"}],"wp:term":[{"taxonomy":"product_cat","embeddable":true,"href":"https:\/\/www.megastitch.eu\/cs\/wp-json\/wp\/v2\/product_cat?post=25662"},{"taxonomy":"product_tag","embeddable":true,"href":"https:\/\/www.megastitch.eu\/cs\/wp-json\/wp\/v2\/product_tag?post=25662"}],"curies":[{"name":"wp","href":"https:\/\/api.w.org\/{rel}","templated":true}]}}