	{"id":25939,"date":"2021-01-04T17:19:59","date_gmt":"2021-01-04T16:19:59","guid":{"rendered":"https:\/\/www.megastitch.eu\/?post_type=product&#038;p=25939"},"modified":"2022-03-08T11:07:53","modified_gmt":"2022-03-08T10:07:53","slug":"oranzova-vianocna-gula-snehuliak","status":"publish","type":"product","link":"https:\/\/www.megastitch.eu\/cs\/obchod\/predlohy-na-vysivanie\/male-predlohy\/oranzova-vianocna-gula-snehuliak\/","title":{"rendered":"Oran\u017eov\u00e1 viano\u010dn\u00e1 gu\u013ea &#8211; snehuliak"},"content":{"rendered":"<div class=\"nolwrap\"><p>Autorka predlohy: <strong>M\u00e1ria Erbenov\u00e1&nbsp;<\/strong><\/p>\n<h4>Inform\u00e1cie o predlohe:<\/h4>\n<p><strong>Po\u010det kr\u00ed\u017eikov: &nbsp;54 x 61<\/strong><br \/>\n<strong>Rozmer l\u00e1tky: 9.80 x 11.07 cm<\/strong><br \/>\n<strong>L\u00e1tka<\/strong>: 14 ct kr\u00e9mov\u00e1 aida<br \/>\n<strong>Bavlnky: <\/strong>DMC<br \/>\n<strong>Po\u010det farieb:<\/strong> 23 + 3 blendy<br \/>\n<strong>Pou\u017eit\u00e9 techniky:<\/strong> kr\u00ed\u017eiky, ob\u0161\u00edvanie, p\u00e1r franc\u00fazskych uzl\u00edkov<\/p>\n<h4>S\u00fabory na stiahnutie:<\/h4>\n<ul>\n<li><strong>pdf s\u00fabor<\/strong>\n<ul>\n<li>v \u010dierno-bielej verzii &#8211; s ob\u0161\u00edvan\u00edm a bez ob\u0161\u00edvania,<\/li>\n<li>vo farebnej verzii &#8211; s ob\u0161\u00edvan\u00edm a bez ob\u0161\u00edvania<\/li>\n<\/ul>\n<\/li>\n<li><strong>cssaga s\u00fabor<\/strong><\/li>\n<\/ul>\n<\/div>","protected":false},"excerpt":{"rendered":"<p>S\u00e1nkovanie, gu\u013eovanie a stavanie snehuliaka nerozlu\u010dne a bezv\u00fdhradne patria k Vianociam. Vy\u0161ite si aj tento vzor ako ozdobu na viano\u010dn\u00fd strom\u010dek.<\/p>\n<p><strong>Po\u010det kr\u00ed\u017eikov: &nbsp;54 x 61<\/strong><br \/>\n<strong>Rozmer l\u00e1tky: 9.80 x 11.07 cm<\/strong><br \/>\n<strong>Po\u010det farieb:<\/strong> 23 + 3 blendy<br \/>\n<strong>Pou\u017eit\u00e9 techniky:<\/strong> kr\u00ed\u017eiky, ob\u0161\u00edvanie, p\u00e1r franc\u00fazskych uzl\u00edkov<\/p>\n","protected":false},"featured_media":25946,"comment_status":"open","ping_status":"closed","template":"","meta":{"_uag_custom_page_level_css":"","ngg_post_thumbnail":0},"product_cat":[134,131,171],"product_tag":[245,46,246],"aioseo_notices":[],"featured_image_urls":{"full":["https:\/\/www.megastitch.eu\/wp-content\/uploads\/2021\/01\/christmas-ball-orange-snowman_ss_sm.jpg",768,852,false],"thumbnail":["https:\/\/www.megastitch.eu\/wp-content\/uploads\/2021\/01\/christmas-ball-orange-snowman_ss_sm-150x150.jpg",150,150,true],"medium":["https:\/\/www.megastitch.eu\/wp-content\/uploads\/2021\/01\/christmas-ball-orange-snowman_ss_sm-270x300.jpg",270,300,true],"medium_large":["https:\/\/www.megastitch.eu\/wp-content\/uploads\/2021\/01\/christmas-ball-orange-snowman_ss_sm.jpg",768,852,false],"large":["https:\/\/www.megastitch.eu\/wp-content\/uploads\/2021\/01\/christmas-ball-orange-snowman_ss_sm.jpg",768,852,false],"1536x1536":["https:\/\/www.megastitch.eu\/wp-content\/uploads\/2021\/01\/christmas-ball-orange-snowman_ss_sm.jpg",768,852,false],"2048x2048":["https:\/\/www.megastitch.eu\/wp-content\/uploads\/2021\/01\/christmas-ball-orange-snowman_ss_sm.jpg",768,852,false],"ultp_layout_landscape_large":["https:\/\/www.megastitch.eu\/wp-content\/uploads\/2021\/01\/christmas-ball-orange-snowman_ss_sm-768x800.jpg",768,800,true],"ultp_layout_landscape":["https:\/\/www.megastitch.eu\/wp-content\/uploads\/2021\/01\/christmas-ball-orange-snowman_ss_sm-768x570.jpg",768,570,true],"ultp_layout_portrait":["https:\/\/www.megastitch.eu\/wp-content\/uploads\/2021\/01\/christmas-ball-orange-snowman_ss_sm-600x852.jpg",600,852,true],"ultp_layout_square":["https:\/\/www.megastitch.eu\/wp-content\/uploads\/2021\/01\/christmas-ball-orange-snowman_ss_sm-600x600.jpg",600,600,true],"molla_post-grid":["https:\/\/www.megastitch.eu\/wp-content\/uploads\/2021\/01\/christmas-ball-orange-snowman_ss_sm-400x267.jpg",400,267,true],"woocommerce_thumbnail":["https:\/\/www.megastitch.eu\/wp-content\/uploads\/2021\/01\/christmas-ball-orange-snowman_ss_sm-300x333.jpg",300,333,true],"woocommerce_single":["https:\/\/www.megastitch.eu\/wp-content\/uploads\/2021\/01\/christmas-ball-orange-snowman_ss_sm-600x666.jpg",600,666,true],"woocommerce_gallery_thumbnail":["https:\/\/www.megastitch.eu\/wp-content\/uploads\/2021\/01\/christmas-ball-orange-snowman_ss_sm-100x100.jpg",100,100,true]},"post_excerpt_stackable":"<p>S\u00e1nkovanie, gu\u013eovanie a stavanie snehuliaka nerozlu\u010dne a bezv\u00fdhradne patria k Vianociam. Vy\u0161ite si aj tento vzor ako ozdobu na viano\u010dn\u00fd strom\u010dek.<\/p>\n<p><strong>Po\u010det kr\u00ed\u017eikov: &nbsp;54 x 61<\/strong><br \/>\n<strong>Rozmer l\u00e1tky: 9.80 x 11.07 cm<\/strong><br \/>\n<strong>Po\u010det farieb:<\/strong> 23 + 3 blendy<br \/>\n<strong>Pou\u017eit\u00e9 techniky:<\/strong> kr\u00ed\u017eiky, ob\u0161\u00edvanie, p\u00e1r franc\u00fazskych uzl\u00edkov<\/p>\n","category_list":"","author_info":{"name":"","url":""},"comments_num":"0 comments","featured_image_urls_v2":{"full":["https:\/\/www.megastitch.eu\/wp-content\/uploads\/2021\/01\/christmas-ball-orange-snowman_ss_sm.jpg",768,852,false],"thumbnail":["https:\/\/www.megastitch.eu\/wp-content\/uploads\/2021\/01\/christmas-ball-orange-snowman_ss_sm-150x150.jpg",150,150,true],"medium":["https:\/\/www.megastitch.eu\/wp-content\/uploads\/2021\/01\/christmas-ball-orange-snowman_ss_sm-270x300.jpg",270,300,true],"medium_large":["https:\/\/www.megastitch.eu\/wp-content\/uploads\/2021\/01\/christmas-ball-orange-snowman_ss_sm.jpg",768,852,false],"large":["https:\/\/www.megastitch.eu\/wp-content\/uploads\/2021\/01\/christmas-ball-orange-snowman_ss_sm.jpg",768,852,false],"1536x1536":["https:\/\/www.megastitch.eu\/wp-content\/uploads\/2021\/01\/christmas-ball-orange-snowman_ss_sm.jpg",768,852,false],"2048x2048":["https:\/\/www.megastitch.eu\/wp-content\/uploads\/2021\/01\/christmas-ball-orange-snowman_ss_sm.jpg",768,852,false],"ultp_layout_landscape_large":["https:\/\/www.megastitch.eu\/wp-content\/uploads\/2021\/01\/christmas-ball-orange-snowman_ss_sm-768x800.jpg",768,800,true],"ultp_layout_landscape":["https:\/\/www.megastitch.eu\/wp-content\/uploads\/2021\/01\/christmas-ball-orange-snowman_ss_sm-768x570.jpg",768,570,true],"ultp_layout_portrait":["https:\/\/www.megastitch.eu\/wp-content\/uploads\/2021\/01\/christmas-ball-orange-snowman_ss_sm-600x852.jpg",600,852,true],"ultp_layout_square":["https:\/\/www.megastitch.eu\/wp-content\/uploads\/2021\/01\/christmas-ball-orange-snowman_ss_sm-600x600.jpg",600,600,true],"molla_post-grid":["https:\/\/www.megastitch.eu\/wp-content\/uploads\/2021\/01\/christmas-ball-orange-snowman_ss_sm-400x267.jpg",400,267,true],"woocommerce_thumbnail":["https:\/\/www.megastitch.eu\/wp-content\/uploads\/2021\/01\/christmas-ball-orange-snowman_ss_sm-300x333.jpg",300,333,true],"woocommerce_single":["https:\/\/www.megastitch.eu\/wp-content\/uploads\/2021\/01\/christmas-ball-orange-snowman_ss_sm-600x666.jpg",600,666,true],"woocommerce_gallery_thumbnail":["https:\/\/www.megastitch.eu\/wp-content\/uploads\/2021\/01\/christmas-ball-orange-snowman_ss_sm-100x100.jpg",100,100,true]},"post_excerpt_stackable_v2":"<p>S\u00e1nkovanie, gu\u013eovanie a stavanie snehuliaka nerozlu\u010dne a bezv\u00fdhradne patria k Vianociam. Vy\u0161ite si aj tento vzor ako ozdobu na viano\u010dn\u00fd strom\u010dek.<\/p>\n<p><strong>Po\u010det kr\u00ed\u017eikov: &nbsp;54 x 61<\/strong><br \/>\n<strong>Rozmer l\u00e1tky: 9.80 x 11.07 cm<\/strong><br \/>\n<strong>Po\u010det farieb:<\/strong> 23 + 3 blendy<br \/>\n<strong>Pou\u017eit\u00e9 techniky:<\/strong> kr\u00ed\u017eiky, ob\u0161\u00edvanie, p\u00e1r franc\u00fazskych uzl\u00edkov<\/p>\n","category_list_v2":"","author_info_v2":{"name":"","url":""},"comments_num_v2":"0 comments","uagb_featured_image_src":{"full":["https:\/\/www.megastitch.eu\/wp-content\/uploads\/2021\/01\/christmas-ball-orange-snowman_ss_sm.jpg",768,852,false],"thumbnail":["https:\/\/www.megastitch.eu\/wp-content\/uploads\/2021\/01\/christmas-ball-orange-snowman_ss_sm-150x150.jpg",150,150,true],"medium":["https:\/\/www.megastitch.eu\/wp-content\/uploads\/2021\/01\/christmas-ball-orange-snowman_ss_sm-270x300.jpg",270,300,true],"medium_large":["https:\/\/www.megastitch.eu\/wp-content\/uploads\/2021\/01\/christmas-ball-orange-snowman_ss_sm.jpg",768,852,false],"large":["https:\/\/www.megastitch.eu\/wp-content\/uploads\/2021\/01\/christmas-ball-orange-snowman_ss_sm.jpg",768,852,false],"1536x1536":["https:\/\/www.megastitch.eu\/wp-content\/uploads\/2021\/01\/christmas-ball-orange-snowman_ss_sm.jpg",768,852,false],"2048x2048":["https:\/\/www.megastitch.eu\/wp-content\/uploads\/2021\/01\/christmas-ball-orange-snowman_ss_sm.jpg",768,852,false],"ultp_layout_landscape_large":["https:\/\/www.megastitch.eu\/wp-content\/uploads\/2021\/01\/christmas-ball-orange-snowman_ss_sm-768x800.jpg",768,800,true],"ultp_layout_landscape":["https:\/\/www.megastitch.eu\/wp-content\/uploads\/2021\/01\/christmas-ball-orange-snowman_ss_sm-768x570.jpg",768,570,true],"ultp_layout_portrait":["https:\/\/www.megastitch.eu\/wp-content\/uploads\/2021\/01\/christmas-ball-orange-snowman_ss_sm-600x852.jpg",600,852,true],"ultp_layout_square":["https:\/\/www.megastitch.eu\/wp-content\/uploads\/2021\/01\/christmas-ball-orange-snowman_ss_sm-600x600.jpg",600,600,true],"molla_post-grid":["https:\/\/www.megastitch.eu\/wp-content\/uploads\/2021\/01\/christmas-ball-orange-snowman_ss_sm-400x267.jpg",400,267,true],"woocommerce_thumbnail":["https:\/\/www.megastitch.eu\/wp-content\/uploads\/2021\/01\/christmas-ball-orange-snowman_ss_sm-300x333.jpg",300,333,true],"woocommerce_single":["https:\/\/www.megastitch.eu\/wp-content\/uploads\/2021\/01\/christmas-ball-orange-snowman_ss_sm-600x666.jpg",600,666,true],"woocommerce_gallery_thumbnail":["https:\/\/www.megastitch.eu\/wp-content\/uploads\/2021\/01\/christmas-ball-orange-snowman_ss_sm-100x100.jpg",100,100,true]},"uagb_author_info":{"display_name":"monika","author_link":"https:\/\/www.megastitch.eu\/cs\/author\/"},"uagb_comment_info":0,"uagb_excerpt":"S\u00e1nkovanie, gu\u013eovanie a stavanie snehuliaka nerozlu\u010dne a bezv\u00fdhradne patria k Vianociam. Vy\u0161ite si aj tento vzor ako ozdobu na viano\u010dn\u00fd strom\u010dek. Po\u010det kr\u00ed\u017eikov: &nbsp;54 x 61 Rozmer l\u00e1tky: 9.80 x 11.07 cm Po\u010det farieb: 23 + 3 blendy Pou\u017eit\u00e9 techniky: kr\u00ed\u017eiky, ob\u0161\u00edvanie, p\u00e1r franc\u00fazskych uzl\u00edkov","_links":{"self":[{"href":"https:\/\/www.megastitch.eu\/cs\/wp-json\/wp\/v2\/product\/25939"}],"collection":[{"href":"https:\/\/www.megastitch.eu\/cs\/wp-json\/wp\/v2\/product"}],"about":[{"href":"https:\/\/www.megastitch.eu\/cs\/wp-json\/wp\/v2\/types\/product"}],"replies":[{"embeddable":true,"href":"https:\/\/www.megastitch.eu\/cs\/wp-json\/wp\/v2\/comments?post=25939"}],"wp:featuredmedia":[{"embeddable":true,"href":"https:\/\/www.megastitch.eu\/cs\/wp-json\/wp\/v2\/media\/25946"}],"wp:attachment":[{"href":"https:\/\/www.megastitch.eu\/cs\/wp-json\/wp\/v2\/media?parent=25939"}],"wp:term":[{"taxonomy":"product_cat","embeddable":true,"href":"https:\/\/www.megastitch.eu\/cs\/wp-json\/wp\/v2\/product_cat?post=25939"},{"taxonomy":"product_tag","embeddable":true,"href":"https:\/\/www.megastitch.eu\/cs\/wp-json\/wp\/v2\/product_tag?post=25939"}],"curies":[{"name":"wp","href":"https:\/\/api.w.org\/{rel}","templated":true}]}}