	{"id":25959,"date":"2021-01-04T17:47:07","date_gmt":"2021-01-04T16:47:07","guid":{"rendered":"https:\/\/www.megastitch.eu\/?post_type=product&#038;p=25959"},"modified":"2022-03-08T11:21:17","modified_gmt":"2022-03-08T10:21:17","slug":"vianocne-gule-3-kusy-vyber","status":"publish","type":"product","link":"https:\/\/www.megastitch.eu\/cs\/obchod\/predlohy-na-vysivanie\/male-predlohy\/vianocne-gule-3-kusy-vyber\/","title":{"rendered":"Viano\u010dn\u00e9 gule &#8211; 3 kusy v\u00fdber"},"content":{"rendered":"<div class=\"nolwrap\"><p>Autorka predlohy: <strong>M\u00e1ria Erbenov\u00e1&nbsp;<\/strong><\/p>\n<h4>Inform\u00e1cie o predlohe:<\/h4>\n<p><strong>Po\u010det kr\u00ed\u017eikov: &nbsp;54 x 61 <\/strong>(ka\u017ed\u00e1 z predl\u00f4h)<br \/>\n<strong>Rozmer l\u00e1tky: 31.57 x 11.07 cm <\/strong>(ka\u017ed\u00e1 z predl\u00f4h)<br \/>\n<strong>L\u00e1tka<\/strong>: 14 ct kr\u00e9mov\u00e1 aida<br \/>\n<strong>Bavlnky: <\/strong>DMC<br \/>\n<strong>Pou\u017eit\u00e9 techniky:<\/strong> kr\u00ed\u017eiky, ob\u0161\u00edvanie, p\u00e1r franc\u00fazskych uzl\u00edkov<\/p>\n<h4>S\u00fabory na stiahnutie:<\/h4>\n<ul>\n<li><strong>pdf s\u00fabory<\/strong>\n<ul>\n<li>v \u010dierno-bielej verzii &#8211; s ob\u0161\u00edvan\u00edm a bez ob\u0161\u00edvania,<\/li>\n<li>vo farebnej verzii &#8211; s ob\u0161\u00edvan\u00edm a bez ob\u0161\u00edvania<\/li>\n<\/ul>\n<\/li>\n<li><strong>cssaga s\u00fabor<\/strong><\/li>\n<\/ul>\n<p>&nbsp;<\/p>\n<\/div>","protected":false},"excerpt":{"rendered":"<p>Vyskladajte si bal\u00ed\u010dek viano\u010dn\u00fdch g\u00fa\u013e pod\u013ea svojho v\u00fdberu.<\/p>\n<p>Autor predlohy: <strong>M\u00e1ria Erbenov\u00e1<\/strong><\/p>\n<h4>Inform\u00e1cie o predlohe:<\/h4>\n<p><strong>Po\u010det kr\u00ed\u017eikov: &nbsp;54 x 61 <\/strong>(ka\u017ed\u00e1 z predl\u00f4h)<br \/>\n<strong>Rozmer l\u00e1tky: 31.57 x 11.07 cm <\/strong>(ka\u017ed\u00e1 z predl\u00f4h)<\/p>\n<p>&nbsp;<\/p>\n<p>&nbsp;<\/p>\n","protected":false},"featured_media":25843,"comment_status":"open","ping_status":"closed","template":"","meta":{"_uag_custom_page_level_css":"","ngg_post_thumbnail":0},"product_cat":[134,131,171],"product_tag":[245,46,246],"aioseo_notices":[],"featured_image_urls":{"full":["https:\/\/www.megastitch.eu\/wp-content\/uploads\/2020\/12\/christmass-balls-all_frame_ss_sm.jpg",1000,1128,false],"thumbnail":["https:\/\/www.megastitch.eu\/wp-content\/uploads\/2020\/12\/christmass-balls-all_frame_ss_sm-150x150.jpg",150,150,true],"medium":["https:\/\/www.megastitch.eu\/wp-content\/uploads\/2020\/12\/christmass-balls-all_frame_ss_sm-266x300.jpg",266,300,true],"medium_large":["https:\/\/www.megastitch.eu\/wp-content\/uploads\/2020\/12\/christmass-balls-all_frame_ss_sm-768x866.jpg",768,866,true],"large":["https:\/\/www.megastitch.eu\/wp-content\/uploads\/2020\/12\/christmass-balls-all_frame_ss_sm-908x1024.jpg",908,1024,true],"1536x1536":["https:\/\/www.megastitch.eu\/wp-content\/uploads\/2020\/12\/christmass-balls-all_frame_ss_sm.jpg",1000,1128,false],"2048x2048":["https:\/\/www.megastitch.eu\/wp-content\/uploads\/2020\/12\/christmass-balls-all_frame_ss_sm.jpg",1000,1128,false],"ultp_layout_landscape_large":["https:\/\/www.megastitch.eu\/wp-content\/uploads\/2020\/12\/christmass-balls-all_frame_ss_sm-1000x800.jpg",1000,800,true],"ultp_layout_landscape":["https:\/\/www.megastitch.eu\/wp-content\/uploads\/2020\/12\/christmass-balls-all_frame_ss_sm-870x570.jpg",870,570,true],"ultp_layout_portrait":["https:\/\/www.megastitch.eu\/wp-content\/uploads\/2020\/12\/christmass-balls-all_frame_ss_sm-600x900.jpg",600,900,true],"ultp_layout_square":["https:\/\/www.megastitch.eu\/wp-content\/uploads\/2020\/12\/christmass-balls-all_frame_ss_sm-600x600.jpg",600,600,true],"molla_post-grid":["https:\/\/www.megastitch.eu\/wp-content\/uploads\/2020\/12\/christmass-balls-all_frame_ss_sm-400x267.jpg",400,267,true],"woocommerce_thumbnail":["https:\/\/www.megastitch.eu\/wp-content\/uploads\/2020\/12\/christmass-balls-all_frame_ss_sm-300x338.jpg",300,338,true],"woocommerce_single":["https:\/\/www.megastitch.eu\/wp-content\/uploads\/2020\/12\/christmass-balls-all_frame_ss_sm-600x677.jpg",600,677,true],"woocommerce_gallery_thumbnail":["https:\/\/www.megastitch.eu\/wp-content\/uploads\/2020\/12\/christmass-balls-all_frame_ss_sm-100x100.jpg",100,100,true]},"post_excerpt_stackable":"<p>Vyskladajte si bal\u00ed\u010dek viano\u010dn\u00fdch g\u00fa\u013e pod\u013ea svojho v\u00fdberu.<\/p>\n<p>Autor predlohy: <strong>M\u00e1ria Erbenov\u00e1<\/strong><\/p>\n<h4>Inform\u00e1cie o predlohe:<\/h4>\n<p><strong>Po\u010det kr\u00ed\u017eikov: &nbsp;54 x 61 <\/strong>(ka\u017ed\u00e1 z predl\u00f4h)<br \/>\n<strong>Rozmer l\u00e1tky: 31.57 x 11.07 cm <\/strong>(ka\u017ed\u00e1 z predl\u00f4h)<\/p>\n<p>&nbsp;<\/p>\n<p>&nbsp;<\/p>\n","category_list":"","author_info":{"name":"","url":""},"comments_num":"0 comments","featured_image_urls_v2":{"full":["https:\/\/www.megastitch.eu\/wp-content\/uploads\/2020\/12\/christmass-balls-all_frame_ss_sm.jpg",1000,1128,false],"thumbnail":["https:\/\/www.megastitch.eu\/wp-content\/uploads\/2020\/12\/christmass-balls-all_frame_ss_sm-150x150.jpg",150,150,true],"medium":["https:\/\/www.megastitch.eu\/wp-content\/uploads\/2020\/12\/christmass-balls-all_frame_ss_sm-266x300.jpg",266,300,true],"medium_large":["https:\/\/www.megastitch.eu\/wp-content\/uploads\/2020\/12\/christmass-balls-all_frame_ss_sm-768x866.jpg",768,866,true],"large":["https:\/\/www.megastitch.eu\/wp-content\/uploads\/2020\/12\/christmass-balls-all_frame_ss_sm-908x1024.jpg",908,1024,true],"1536x1536":["https:\/\/www.megastitch.eu\/wp-content\/uploads\/2020\/12\/christmass-balls-all_frame_ss_sm.jpg",1000,1128,false],"2048x2048":["https:\/\/www.megastitch.eu\/wp-content\/uploads\/2020\/12\/christmass-balls-all_frame_ss_sm.jpg",1000,1128,false],"ultp_layout_landscape_large":["https:\/\/www.megastitch.eu\/wp-content\/uploads\/2020\/12\/christmass-balls-all_frame_ss_sm-1000x800.jpg",1000,800,true],"ultp_layout_landscape":["https:\/\/www.megastitch.eu\/wp-content\/uploads\/2020\/12\/christmass-balls-all_frame_ss_sm-870x570.jpg",870,570,true],"ultp_layout_portrait":["https:\/\/www.megastitch.eu\/wp-content\/uploads\/2020\/12\/christmass-balls-all_frame_ss_sm-600x900.jpg",600,900,true],"ultp_layout_square":["https:\/\/www.megastitch.eu\/wp-content\/uploads\/2020\/12\/christmass-balls-all_frame_ss_sm-600x600.jpg",600,600,true],"molla_post-grid":["https:\/\/www.megastitch.eu\/wp-content\/uploads\/2020\/12\/christmass-balls-all_frame_ss_sm-400x267.jpg",400,267,true],"woocommerce_thumbnail":["https:\/\/www.megastitch.eu\/wp-content\/uploads\/2020\/12\/christmass-balls-all_frame_ss_sm-300x338.jpg",300,338,true],"woocommerce_single":["https:\/\/www.megastitch.eu\/wp-content\/uploads\/2020\/12\/christmass-balls-all_frame_ss_sm-600x677.jpg",600,677,true],"woocommerce_gallery_thumbnail":["https:\/\/www.megastitch.eu\/wp-content\/uploads\/2020\/12\/christmass-balls-all_frame_ss_sm-100x100.jpg",100,100,true]},"post_excerpt_stackable_v2":"<p>Vyskladajte si bal\u00ed\u010dek viano\u010dn\u00fdch g\u00fa\u013e pod\u013ea svojho v\u00fdberu.<\/p>\n<p>Autor predlohy: <strong>M\u00e1ria Erbenov\u00e1<\/strong><\/p>\n<h4>Inform\u00e1cie o predlohe:<\/h4>\n<p><strong>Po\u010det kr\u00ed\u017eikov: &nbsp;54 x 61 <\/strong>(ka\u017ed\u00e1 z predl\u00f4h)<br \/>\n<strong>Rozmer l\u00e1tky: 31.57 x 11.07 cm <\/strong>(ka\u017ed\u00e1 z predl\u00f4h)<\/p>\n<p>&nbsp;<\/p>\n<p>&nbsp;<\/p>\n","category_list_v2":"","author_info_v2":{"name":"","url":""},"comments_num_v2":"0 comments","uagb_featured_image_src":{"full":["https:\/\/www.megastitch.eu\/wp-content\/uploads\/2020\/12\/christmass-balls-all_frame_ss_sm.jpg",1000,1128,false],"thumbnail":["https:\/\/www.megastitch.eu\/wp-content\/uploads\/2020\/12\/christmass-balls-all_frame_ss_sm-150x150.jpg",150,150,true],"medium":["https:\/\/www.megastitch.eu\/wp-content\/uploads\/2020\/12\/christmass-balls-all_frame_ss_sm-266x300.jpg",266,300,true],"medium_large":["https:\/\/www.megastitch.eu\/wp-content\/uploads\/2020\/12\/christmass-balls-all_frame_ss_sm-768x866.jpg",768,866,true],"large":["https:\/\/www.megastitch.eu\/wp-content\/uploads\/2020\/12\/christmass-balls-all_frame_ss_sm-908x1024.jpg",908,1024,true],"1536x1536":["https:\/\/www.megastitch.eu\/wp-content\/uploads\/2020\/12\/christmass-balls-all_frame_ss_sm.jpg",1000,1128,false],"2048x2048":["https:\/\/www.megastitch.eu\/wp-content\/uploads\/2020\/12\/christmass-balls-all_frame_ss_sm.jpg",1000,1128,false],"ultp_layout_landscape_large":["https:\/\/www.megastitch.eu\/wp-content\/uploads\/2020\/12\/christmass-balls-all_frame_ss_sm-1000x800.jpg",1000,800,true],"ultp_layout_landscape":["https:\/\/www.megastitch.eu\/wp-content\/uploads\/2020\/12\/christmass-balls-all_frame_ss_sm-870x570.jpg",870,570,true],"ultp_layout_portrait":["https:\/\/www.megastitch.eu\/wp-content\/uploads\/2020\/12\/christmass-balls-all_frame_ss_sm-600x900.jpg",600,900,true],"ultp_layout_square":["https:\/\/www.megastitch.eu\/wp-content\/uploads\/2020\/12\/christmass-balls-all_frame_ss_sm-600x600.jpg",600,600,true],"molla_post-grid":["https:\/\/www.megastitch.eu\/wp-content\/uploads\/2020\/12\/christmass-balls-all_frame_ss_sm-400x267.jpg",400,267,true],"woocommerce_thumbnail":["https:\/\/www.megastitch.eu\/wp-content\/uploads\/2020\/12\/christmass-balls-all_frame_ss_sm-300x338.jpg",300,338,true],"woocommerce_single":["https:\/\/www.megastitch.eu\/wp-content\/uploads\/2020\/12\/christmass-balls-all_frame_ss_sm-600x677.jpg",600,677,true],"woocommerce_gallery_thumbnail":["https:\/\/www.megastitch.eu\/wp-content\/uploads\/2020\/12\/christmass-balls-all_frame_ss_sm-100x100.jpg",100,100,true]},"uagb_author_info":{"display_name":"monika","author_link":"https:\/\/www.megastitch.eu\/cs\/author\/"},"uagb_comment_info":0,"uagb_excerpt":"Vyskladajte si bal\u00ed\u010dek viano\u010dn\u00fdch g\u00fa\u013e pod\u013ea svojho v\u00fdberu. Autor predlohy: M\u00e1ria Erbenov\u00e1 Inform\u00e1cie o predlohe: Po\u010det kr\u00ed\u017eikov: &nbsp;54 x 61 (ka\u017ed\u00e1 z predl\u00f4h) Rozmer l\u00e1tky: 31.57 x 11.07 cm (ka\u017ed\u00e1 z predl\u00f4h) &nbsp; &nbsp;","_links":{"self":[{"href":"https:\/\/www.megastitch.eu\/cs\/wp-json\/wp\/v2\/product\/25959"}],"collection":[{"href":"https:\/\/www.megastitch.eu\/cs\/wp-json\/wp\/v2\/product"}],"about":[{"href":"https:\/\/www.megastitch.eu\/cs\/wp-json\/wp\/v2\/types\/product"}],"replies":[{"embeddable":true,"href":"https:\/\/www.megastitch.eu\/cs\/wp-json\/wp\/v2\/comments?post=25959"}],"wp:featuredmedia":[{"embeddable":true,"href":"https:\/\/www.megastitch.eu\/cs\/wp-json\/wp\/v2\/media\/25843"}],"wp:attachment":[{"href":"https:\/\/www.megastitch.eu\/cs\/wp-json\/wp\/v2\/media?parent=25959"}],"wp:term":[{"taxonomy":"product_cat","embeddable":true,"href":"https:\/\/www.megastitch.eu\/cs\/wp-json\/wp\/v2\/product_cat?post=25959"},{"taxonomy":"product_tag","embeddable":true,"href":"https:\/\/www.megastitch.eu\/cs\/wp-json\/wp\/v2\/product_tag?post=25959"}],"curies":[{"name":"wp","href":"https:\/\/api.w.org\/{rel}","templated":true}]}}