	{"id":25986,"date":"2021-01-20T16:53:18","date_gmt":"2021-01-20T15:53:18","guid":{"rendered":"https:\/\/www.megastitch.eu\/?post_type=product&#038;p=25986"},"modified":"2025-03-07T16:20:56","modified_gmt":"2025-03-07T15:20:56","slug":"valentinske-srdiecko-romanticka-laska","status":"publish","type":"product","link":"https:\/\/www.megastitch.eu\/cs\/obchod\/predlohy-na-vysivanie\/male-predlohy\/valentinske-srdiecko-romanticka-laska\/","title":{"rendered":"Valent\u00ednske srdie\u010dko &#8211; Romantick\u00e1 l\u00e1ska"},"content":{"rendered":"<div class=\"nolwrap\"><p>Autorka predlohy: <strong>M\u00e1ria Erbenov\u00e1&nbsp;<\/strong><\/p>\n<h4>Inform\u00e1cie o predlohe:<\/h4>\n<p><strong>Po\u010det kr\u00ed\u017eikov: 39 x 34<\/strong><br \/>\n<strong>Rozmer l\u00e1tky: 7.08 x 6.17 cm<\/strong><br \/>\n<strong>L\u00e1tka<\/strong>: 14 ct kr\u00e9mov\u00e1 aida<br \/>\n<strong>Bavlnky: <\/strong>DMC<br \/>\n<strong>Po\u010det farieb:<\/strong> 24 + 5 blendov<br \/>\n<strong>Pou\u017eit\u00e9 techniky:<\/strong> kr\u00ed\u017eiky, ob\u0161\u00edvanie<\/p>\n<h4>S\u00fabory na stiahnutie:<\/h4>\n<ul>\n<li><strong>pdf s\u00fabor<\/strong>\n<ul>\n<li>v \u010dierno-bielej verzii &#8211; s ob\u0161\u00edvan\u00edm a bez ob\u0161\u00edvania,<\/li>\n<li>vo farebnej verzii &#8211; s ob\u0161\u00edvan\u00edm a bez ob\u0161\u00edvania<\/li>\n<\/ul>\n<\/li>\n<li><strong>cssaga s\u00fabor<\/strong><\/li>\n<\/ul>\n<\/div>","protected":false},"excerpt":{"rendered":"<p>Ok\u00faz\u013euj\u00faci z\u00e1pad slnka s milovanou osobou v n\u00e1ru\u010di je snom asi ka\u017ed\u00e9ho \u010dloveka. Pripome\u0148te si ne\u017en\u00e9 a romantick\u00e9 chv\u00edle s va\u0161ou polovi\u010dkou aj pri vy\u0161\u00edvan\u00ed tejto predlohy.<\/p>\n<p><strong>Po\u010det kr\u00ed\u017eikov: 39 x 34<\/strong><br \/>\n<strong>Rozmer l\u00e1tky: 7.08 x 6.17 cm<\/strong><br \/>\n<strong>Po\u010det farieb:<\/strong> 25 + 5 blendov<\/p>\n","protected":false},"featured_media":25997,"comment_status":"open","ping_status":"closed","template":"","meta":{"_uag_custom_page_level_css":"","ngg_post_thumbnail":0},"product_cat":[134,131,212],"product_tag":[289,319,210,248,303,208],"aioseo_notices":[],"featured_image_urls":{"full":["https:\/\/www.megastitch.eu\/wp-content\/uploads\/2021\/01\/romantic_love_wh_big_ss-1.jpg",784,704,false],"thumbnail":["https:\/\/www.megastitch.eu\/wp-content\/uploads\/2021\/01\/romantic_love_wh_big_ss-1-150x150.jpg",150,150,true],"medium":["https:\/\/www.megastitch.eu\/wp-content\/uploads\/2021\/01\/romantic_love_wh_big_ss-1-300x269.jpg",300,269,true],"medium_large":["https:\/\/www.megastitch.eu\/wp-content\/uploads\/2021\/01\/romantic_love_wh_big_ss-1-768x690.jpg",768,690,true],"large":["https:\/\/www.megastitch.eu\/wp-content\/uploads\/2021\/01\/romantic_love_wh_big_ss-1.jpg",784,704,false],"1536x1536":["https:\/\/www.megastitch.eu\/wp-content\/uploads\/2021\/01\/romantic_love_wh_big_ss-1.jpg",784,704,false],"2048x2048":["https:\/\/www.megastitch.eu\/wp-content\/uploads\/2021\/01\/romantic_love_wh_big_ss-1.jpg",784,704,false],"ultp_layout_landscape_large":["https:\/\/www.megastitch.eu\/wp-content\/uploads\/2021\/01\/romantic_love_wh_big_ss-1.jpg",784,704,false],"ultp_layout_landscape":["https:\/\/www.megastitch.eu\/wp-content\/uploads\/2021\/01\/romantic_love_wh_big_ss-1-784x570.jpg",784,570,true],"ultp_layout_portrait":["https:\/\/www.megastitch.eu\/wp-content\/uploads\/2021\/01\/romantic_love_wh_big_ss-1-600x704.jpg",600,704,true],"ultp_layout_square":["https:\/\/www.megastitch.eu\/wp-content\/uploads\/2021\/01\/romantic_love_wh_big_ss-1-600x600.jpg",600,600,true],"molla_post-grid":["https:\/\/www.megastitch.eu\/wp-content\/uploads\/2021\/01\/romantic_love_wh_big_ss-1-400x267.jpg",400,267,true],"woocommerce_thumbnail":["https:\/\/www.megastitch.eu\/wp-content\/uploads\/2021\/01\/romantic_love_wh_big_ss-1-300x269.jpg",300,269,true],"woocommerce_single":["https:\/\/www.megastitch.eu\/wp-content\/uploads\/2021\/01\/romantic_love_wh_big_ss-1-600x539.jpg",600,539,true],"woocommerce_gallery_thumbnail":["https:\/\/www.megastitch.eu\/wp-content\/uploads\/2021\/01\/romantic_love_wh_big_ss-1-100x100.jpg",100,100,true]},"post_excerpt_stackable":"<p>Ok\u00faz\u013euj\u00faci z\u00e1pad slnka s milovanou osobou v n\u00e1ru\u010di je snom asi ka\u017ed\u00e9ho \u010dloveka. Pripome\u0148te si ne\u017en\u00e9 a romantick\u00e9 chv\u00edle s va\u0161ou polovi\u010dkou aj pri vy\u0161\u00edvan\u00ed tejto predlohy.<\/p>\n<p><strong>Po\u010det kr\u00ed\u017eikov: 39 x 34<\/strong><br \/>\n<strong>Rozmer l\u00e1tky: 7.08 x 6.17 cm<\/strong><br \/>\n<strong>Po\u010det farieb:<\/strong> 25 + 5 blendov<\/p>\n","category_list":"","author_info":{"name":"","url":""},"comments_num":"0 comments","featured_image_urls_v2":{"full":["https:\/\/www.megastitch.eu\/wp-content\/uploads\/2021\/01\/romantic_love_wh_big_ss-1.jpg",784,704,false],"thumbnail":["https:\/\/www.megastitch.eu\/wp-content\/uploads\/2021\/01\/romantic_love_wh_big_ss-1-150x150.jpg",150,150,true],"medium":["https:\/\/www.megastitch.eu\/wp-content\/uploads\/2021\/01\/romantic_love_wh_big_ss-1-300x269.jpg",300,269,true],"medium_large":["https:\/\/www.megastitch.eu\/wp-content\/uploads\/2021\/01\/romantic_love_wh_big_ss-1-768x690.jpg",768,690,true],"large":["https:\/\/www.megastitch.eu\/wp-content\/uploads\/2021\/01\/romantic_love_wh_big_ss-1.jpg",784,704,false],"1536x1536":["https:\/\/www.megastitch.eu\/wp-content\/uploads\/2021\/01\/romantic_love_wh_big_ss-1.jpg",784,704,false],"2048x2048":["https:\/\/www.megastitch.eu\/wp-content\/uploads\/2021\/01\/romantic_love_wh_big_ss-1.jpg",784,704,false],"ultp_layout_landscape_large":["https:\/\/www.megastitch.eu\/wp-content\/uploads\/2021\/01\/romantic_love_wh_big_ss-1.jpg",784,704,false],"ultp_layout_landscape":["https:\/\/www.megastitch.eu\/wp-content\/uploads\/2021\/01\/romantic_love_wh_big_ss-1-784x570.jpg",784,570,true],"ultp_layout_portrait":["https:\/\/www.megastitch.eu\/wp-content\/uploads\/2021\/01\/romantic_love_wh_big_ss-1-600x704.jpg",600,704,true],"ultp_layout_square":["https:\/\/www.megastitch.eu\/wp-content\/uploads\/2021\/01\/romantic_love_wh_big_ss-1-600x600.jpg",600,600,true],"molla_post-grid":["https:\/\/www.megastitch.eu\/wp-content\/uploads\/2021\/01\/romantic_love_wh_big_ss-1-400x267.jpg",400,267,true],"woocommerce_thumbnail":["https:\/\/www.megastitch.eu\/wp-content\/uploads\/2021\/01\/romantic_love_wh_big_ss-1-300x269.jpg",300,269,true],"woocommerce_single":["https:\/\/www.megastitch.eu\/wp-content\/uploads\/2021\/01\/romantic_love_wh_big_ss-1-600x539.jpg",600,539,true],"woocommerce_gallery_thumbnail":["https:\/\/www.megastitch.eu\/wp-content\/uploads\/2021\/01\/romantic_love_wh_big_ss-1-100x100.jpg",100,100,true]},"post_excerpt_stackable_v2":"<p>Ok\u00faz\u013euj\u00faci z\u00e1pad slnka s milovanou osobou v n\u00e1ru\u010di je snom asi ka\u017ed\u00e9ho \u010dloveka. Pripome\u0148te si ne\u017en\u00e9 a romantick\u00e9 chv\u00edle s va\u0161ou polovi\u010dkou aj pri vy\u0161\u00edvan\u00ed tejto predlohy.<\/p>\n<p><strong>Po\u010det kr\u00ed\u017eikov: 39 x 34<\/strong><br \/>\n<strong>Rozmer l\u00e1tky: 7.08 x 6.17 cm<\/strong><br \/>\n<strong>Po\u010det farieb:<\/strong> 25 + 5 blendov<\/p>\n","category_list_v2":"","author_info_v2":{"name":"","url":""},"comments_num_v2":"0 comments","uagb_featured_image_src":{"full":["https:\/\/www.megastitch.eu\/wp-content\/uploads\/2021\/01\/romantic_love_wh_big_ss-1.jpg",784,704,false],"thumbnail":["https:\/\/www.megastitch.eu\/wp-content\/uploads\/2021\/01\/romantic_love_wh_big_ss-1-150x150.jpg",150,150,true],"medium":["https:\/\/www.megastitch.eu\/wp-content\/uploads\/2021\/01\/romantic_love_wh_big_ss-1-300x269.jpg",300,269,true],"medium_large":["https:\/\/www.megastitch.eu\/wp-content\/uploads\/2021\/01\/romantic_love_wh_big_ss-1-768x690.jpg",768,690,true],"large":["https:\/\/www.megastitch.eu\/wp-content\/uploads\/2021\/01\/romantic_love_wh_big_ss-1.jpg",784,704,false],"1536x1536":["https:\/\/www.megastitch.eu\/wp-content\/uploads\/2021\/01\/romantic_love_wh_big_ss-1.jpg",784,704,false],"2048x2048":["https:\/\/www.megastitch.eu\/wp-content\/uploads\/2021\/01\/romantic_love_wh_big_ss-1.jpg",784,704,false],"ultp_layout_landscape_large":["https:\/\/www.megastitch.eu\/wp-content\/uploads\/2021\/01\/romantic_love_wh_big_ss-1.jpg",784,704,false],"ultp_layout_landscape":["https:\/\/www.megastitch.eu\/wp-content\/uploads\/2021\/01\/romantic_love_wh_big_ss-1-784x570.jpg",784,570,true],"ultp_layout_portrait":["https:\/\/www.megastitch.eu\/wp-content\/uploads\/2021\/01\/romantic_love_wh_big_ss-1-600x704.jpg",600,704,true],"ultp_layout_square":["https:\/\/www.megastitch.eu\/wp-content\/uploads\/2021\/01\/romantic_love_wh_big_ss-1-600x600.jpg",600,600,true],"molla_post-grid":["https:\/\/www.megastitch.eu\/wp-content\/uploads\/2021\/01\/romantic_love_wh_big_ss-1-400x267.jpg",400,267,true],"woocommerce_thumbnail":["https:\/\/www.megastitch.eu\/wp-content\/uploads\/2021\/01\/romantic_love_wh_big_ss-1-300x269.jpg",300,269,true],"woocommerce_single":["https:\/\/www.megastitch.eu\/wp-content\/uploads\/2021\/01\/romantic_love_wh_big_ss-1-600x539.jpg",600,539,true],"woocommerce_gallery_thumbnail":["https:\/\/www.megastitch.eu\/wp-content\/uploads\/2021\/01\/romantic_love_wh_big_ss-1-100x100.jpg",100,100,true]},"uagb_author_info":{"display_name":"monika","author_link":"https:\/\/www.megastitch.eu\/cs\/author\/"},"uagb_comment_info":1,"uagb_excerpt":"Ok\u00faz\u013euj\u00faci z\u00e1pad slnka s milovanou osobou v n\u00e1ru\u010di je snom asi ka\u017ed\u00e9ho \u010dloveka. Pripome\u0148te si ne\u017en\u00e9 a romantick\u00e9 chv\u00edle s va\u0161ou polovi\u010dkou aj pri vy\u0161\u00edvan\u00ed tejto predlohy. Po\u010det kr\u00ed\u017eikov: 39 x 34 Rozmer l\u00e1tky: 7.08 x 6.17 cm Po\u010det farieb: 25 + 5 blendov","_links":{"self":[{"href":"https:\/\/www.megastitch.eu\/cs\/wp-json\/wp\/v2\/product\/25986"}],"collection":[{"href":"https:\/\/www.megastitch.eu\/cs\/wp-json\/wp\/v2\/product"}],"about":[{"href":"https:\/\/www.megastitch.eu\/cs\/wp-json\/wp\/v2\/types\/product"}],"replies":[{"embeddable":true,"href":"https:\/\/www.megastitch.eu\/cs\/wp-json\/wp\/v2\/comments?post=25986"}],"wp:featuredmedia":[{"embeddable":true,"href":"https:\/\/www.megastitch.eu\/cs\/wp-json\/wp\/v2\/media\/25997"}],"wp:attachment":[{"href":"https:\/\/www.megastitch.eu\/cs\/wp-json\/wp\/v2\/media?parent=25986"}],"wp:term":[{"taxonomy":"product_cat","embeddable":true,"href":"https:\/\/www.megastitch.eu\/cs\/wp-json\/wp\/v2\/product_cat?post=25986"},{"taxonomy":"product_tag","embeddable":true,"href":"https:\/\/www.megastitch.eu\/cs\/wp-json\/wp\/v2\/product_tag?post=25986"}],"curies":[{"name":"wp","href":"https:\/\/api.w.org\/{rel}","templated":true}]}}