	{"id":25987,"date":"2021-01-20T17:01:22","date_gmt":"2021-01-20T16:01:22","guid":{"rendered":"https:\/\/www.megastitch.eu\/?post_type=product&#038;p=25987"},"modified":"2025-03-07T16:20:47","modified_gmt":"2025-03-07T15:20:47","slug":"valentinske-srdiecko-zalubene-prasiatka","status":"publish","type":"product","link":"https:\/\/www.megastitch.eu\/cs\/obchod\/predlohy-na-vysivanie\/male-predlohy\/valentinske-srdiecko-zalubene-prasiatka\/","title":{"rendered":"Valent\u00ednske srdie\u010dko &#8211; Za\u013e\u00faben\u00e9 prasiatka"},"content":{"rendered":"<div class=\"nolwrap\"><p>Autorka predlohy: <strong>M\u00e1ria Erbenov\u00e1&nbsp;<\/strong><\/p>\n<h4>Inform\u00e1cie o predlohe:<\/h4>\n<p><strong>Po\u010det kr\u00ed\u017eikov: 39 x 34<\/strong><br \/>\n<strong>Rozmer l\u00e1tky: 7.08 x 6.17 cm<\/strong><br \/>\n<strong>L\u00e1tka<\/strong>: 14 ct kr\u00e9mov\u00e1 aida<br \/>\n<strong>Bavlnky: <\/strong>DMC<br \/>\n<strong>Po\u010det farieb:<\/strong> 30 + 3 blendy<br \/>\n<strong>Pou\u017eit\u00e9 techniky:<\/strong> kr\u00ed\u017eiky, ob\u0161\u00edvanie, p\u00e1r franc\u00fazskych uzl\u00edkov<\/p>\n<h4>S\u00fabory na stiahnutie:<\/h4>\n<ul>\n<li><strong>pdf s\u00fabor<\/strong>\n<ul>\n<li>v \u010dierno-bielej verzii &#8211; s ob\u0161\u00edvan\u00edm a bez ob\u0161\u00edvania,<\/li>\n<li>vo farebnej verzii &#8211; s ob\u0161\u00edvan\u00edm a bez ob\u0161\u00edvania<\/li>\n<\/ul>\n<\/li>\n<li><strong>cssaga s\u00fabor<\/strong><\/li>\n<\/ul>\n<\/div>","protected":false},"excerpt":{"rendered":"<p>L\u00e1ska m\u00e1 mnoho pod\u00f4b. Rozko\u0161n\u00e9 prasiatka vy\u010daria \u00fasmev na tv\u00e1ri a ur\u010dite skr\u00e1\u0161lia detsk\u00fa izbu nielen va\u0161ej princeznej.<\/p>\n<p><strong>Po\u010det kr\u00ed\u017eikov: 39 x 34<\/strong><br \/>\n<strong>Rozmer l\u00e1tky: 7.08 x 6.17 cm<\/strong><br \/>\n<strong>Po\u010det farieb:<\/strong> 30 + 3 blendy<\/p>\n","protected":false},"featured_media":25988,"comment_status":"open","ping_status":"closed","template":"","meta":{"_uag_custom_page_level_css":"","ngg_post_thumbnail":0},"product_cat":[134,131,212],"product_tag":[319,210,211,303,208],"aioseo_notices":[],"featured_image_urls":{"full":["https:\/\/www.megastitch.eu\/wp-content\/uploads\/2021\/01\/svinky_wh_ss-1.png",784,704,false],"thumbnail":["https:\/\/www.megastitch.eu\/wp-content\/uploads\/2021\/01\/svinky_wh_ss-1-150x150.png",150,150,true],"medium":["https:\/\/www.megastitch.eu\/wp-content\/uploads\/2021\/01\/svinky_wh_ss-1-300x269.png",300,269,true],"medium_large":["https:\/\/www.megastitch.eu\/wp-content\/uploads\/2021\/01\/svinky_wh_ss-1-768x690.png",768,690,true],"large":["https:\/\/www.megastitch.eu\/wp-content\/uploads\/2021\/01\/svinky_wh_ss-1.png",784,704,false],"1536x1536":["https:\/\/www.megastitch.eu\/wp-content\/uploads\/2021\/01\/svinky_wh_ss-1.png",784,704,false],"2048x2048":["https:\/\/www.megastitch.eu\/wp-content\/uploads\/2021\/01\/svinky_wh_ss-1.png",784,704,false],"ultp_layout_landscape_large":["https:\/\/www.megastitch.eu\/wp-content\/uploads\/2021\/01\/svinky_wh_ss-1.png",784,704,false],"ultp_layout_landscape":["https:\/\/www.megastitch.eu\/wp-content\/uploads\/2021\/01\/svinky_wh_ss-1-784x570.png",784,570,true],"ultp_layout_portrait":["https:\/\/www.megastitch.eu\/wp-content\/uploads\/2021\/01\/svinky_wh_ss-1-600x704.png",600,704,true],"ultp_layout_square":["https:\/\/www.megastitch.eu\/wp-content\/uploads\/2021\/01\/svinky_wh_ss-1-600x600.png",600,600,true],"molla_post-grid":["https:\/\/www.megastitch.eu\/wp-content\/uploads\/2021\/01\/svinky_wh_ss-1-400x267.png",400,267,true],"woocommerce_thumbnail":["https:\/\/www.megastitch.eu\/wp-content\/uploads\/2021\/01\/svinky_wh_ss-1-300x269.png",300,269,true],"woocommerce_single":["https:\/\/www.megastitch.eu\/wp-content\/uploads\/2021\/01\/svinky_wh_ss-1-600x539.png",600,539,true],"woocommerce_gallery_thumbnail":["https:\/\/www.megastitch.eu\/wp-content\/uploads\/2021\/01\/svinky_wh_ss-1-100x100.png",100,100,true]},"post_excerpt_stackable":"<p>L\u00e1ska m\u00e1 mnoho pod\u00f4b. Rozko\u0161n\u00e9 prasiatka vy\u010daria \u00fasmev na tv\u00e1ri a ur\u010dite skr\u00e1\u0161lia detsk\u00fa izbu nielen va\u0161ej princeznej.<\/p>\n<p><strong>Po\u010det kr\u00ed\u017eikov: 39 x 34<\/strong><br \/>\n<strong>Rozmer l\u00e1tky: 7.08 x 6.17 cm<\/strong><br \/>\n<strong>Po\u010det farieb:<\/strong> 30 + 3 blendy<\/p>\n","category_list":"","author_info":{"name":"","url":""},"comments_num":"0 comments","featured_image_urls_v2":{"full":["https:\/\/www.megastitch.eu\/wp-content\/uploads\/2021\/01\/svinky_wh_ss-1.png",784,704,false],"thumbnail":["https:\/\/www.megastitch.eu\/wp-content\/uploads\/2021\/01\/svinky_wh_ss-1-150x150.png",150,150,true],"medium":["https:\/\/www.megastitch.eu\/wp-content\/uploads\/2021\/01\/svinky_wh_ss-1-300x269.png",300,269,true],"medium_large":["https:\/\/www.megastitch.eu\/wp-content\/uploads\/2021\/01\/svinky_wh_ss-1-768x690.png",768,690,true],"large":["https:\/\/www.megastitch.eu\/wp-content\/uploads\/2021\/01\/svinky_wh_ss-1.png",784,704,false],"1536x1536":["https:\/\/www.megastitch.eu\/wp-content\/uploads\/2021\/01\/svinky_wh_ss-1.png",784,704,false],"2048x2048":["https:\/\/www.megastitch.eu\/wp-content\/uploads\/2021\/01\/svinky_wh_ss-1.png",784,704,false],"ultp_layout_landscape_large":["https:\/\/www.megastitch.eu\/wp-content\/uploads\/2021\/01\/svinky_wh_ss-1.png",784,704,false],"ultp_layout_landscape":["https:\/\/www.megastitch.eu\/wp-content\/uploads\/2021\/01\/svinky_wh_ss-1-784x570.png",784,570,true],"ultp_layout_portrait":["https:\/\/www.megastitch.eu\/wp-content\/uploads\/2021\/01\/svinky_wh_ss-1-600x704.png",600,704,true],"ultp_layout_square":["https:\/\/www.megastitch.eu\/wp-content\/uploads\/2021\/01\/svinky_wh_ss-1-600x600.png",600,600,true],"molla_post-grid":["https:\/\/www.megastitch.eu\/wp-content\/uploads\/2021\/01\/svinky_wh_ss-1-400x267.png",400,267,true],"woocommerce_thumbnail":["https:\/\/www.megastitch.eu\/wp-content\/uploads\/2021\/01\/svinky_wh_ss-1-300x269.png",300,269,true],"woocommerce_single":["https:\/\/www.megastitch.eu\/wp-content\/uploads\/2021\/01\/svinky_wh_ss-1-600x539.png",600,539,true],"woocommerce_gallery_thumbnail":["https:\/\/www.megastitch.eu\/wp-content\/uploads\/2021\/01\/svinky_wh_ss-1-100x100.png",100,100,true]},"post_excerpt_stackable_v2":"<p>L\u00e1ska m\u00e1 mnoho pod\u00f4b. Rozko\u0161n\u00e9 prasiatka vy\u010daria \u00fasmev na tv\u00e1ri a ur\u010dite skr\u00e1\u0161lia detsk\u00fa izbu nielen va\u0161ej princeznej.<\/p>\n<p><strong>Po\u010det kr\u00ed\u017eikov: 39 x 34<\/strong><br \/>\n<strong>Rozmer l\u00e1tky: 7.08 x 6.17 cm<\/strong><br \/>\n<strong>Po\u010det farieb:<\/strong> 30 + 3 blendy<\/p>\n","category_list_v2":"","author_info_v2":{"name":"","url":""},"comments_num_v2":"0 comments","uagb_featured_image_src":{"full":["https:\/\/www.megastitch.eu\/wp-content\/uploads\/2021\/01\/svinky_wh_ss-1.png",784,704,false],"thumbnail":["https:\/\/www.megastitch.eu\/wp-content\/uploads\/2021\/01\/svinky_wh_ss-1-150x150.png",150,150,true],"medium":["https:\/\/www.megastitch.eu\/wp-content\/uploads\/2021\/01\/svinky_wh_ss-1-300x269.png",300,269,true],"medium_large":["https:\/\/www.megastitch.eu\/wp-content\/uploads\/2021\/01\/svinky_wh_ss-1-768x690.png",768,690,true],"large":["https:\/\/www.megastitch.eu\/wp-content\/uploads\/2021\/01\/svinky_wh_ss-1.png",784,704,false],"1536x1536":["https:\/\/www.megastitch.eu\/wp-content\/uploads\/2021\/01\/svinky_wh_ss-1.png",784,704,false],"2048x2048":["https:\/\/www.megastitch.eu\/wp-content\/uploads\/2021\/01\/svinky_wh_ss-1.png",784,704,false],"ultp_layout_landscape_large":["https:\/\/www.megastitch.eu\/wp-content\/uploads\/2021\/01\/svinky_wh_ss-1.png",784,704,false],"ultp_layout_landscape":["https:\/\/www.megastitch.eu\/wp-content\/uploads\/2021\/01\/svinky_wh_ss-1-784x570.png",784,570,true],"ultp_layout_portrait":["https:\/\/www.megastitch.eu\/wp-content\/uploads\/2021\/01\/svinky_wh_ss-1-600x704.png",600,704,true],"ultp_layout_square":["https:\/\/www.megastitch.eu\/wp-content\/uploads\/2021\/01\/svinky_wh_ss-1-600x600.png",600,600,true],"molla_post-grid":["https:\/\/www.megastitch.eu\/wp-content\/uploads\/2021\/01\/svinky_wh_ss-1-400x267.png",400,267,true],"woocommerce_thumbnail":["https:\/\/www.megastitch.eu\/wp-content\/uploads\/2021\/01\/svinky_wh_ss-1-300x269.png",300,269,true],"woocommerce_single":["https:\/\/www.megastitch.eu\/wp-content\/uploads\/2021\/01\/svinky_wh_ss-1-600x539.png",600,539,true],"woocommerce_gallery_thumbnail":["https:\/\/www.megastitch.eu\/wp-content\/uploads\/2021\/01\/svinky_wh_ss-1-100x100.png",100,100,true]},"uagb_author_info":{"display_name":"monika","author_link":"https:\/\/www.megastitch.eu\/cs\/author\/"},"uagb_comment_info":0,"uagb_excerpt":"L\u00e1ska m\u00e1 mnoho pod\u00f4b. Rozko\u0161n\u00e9 prasiatka vy\u010daria \u00fasmev na tv\u00e1ri a ur\u010dite skr\u00e1\u0161lia detsk\u00fa izbu nielen va\u0161ej princeznej. Po\u010det kr\u00ed\u017eikov: 39 x 34 Rozmer l\u00e1tky: 7.08 x 6.17 cm Po\u010det farieb: 30 + 3 blendy","_links":{"self":[{"href":"https:\/\/www.megastitch.eu\/cs\/wp-json\/wp\/v2\/product\/25987"}],"collection":[{"href":"https:\/\/www.megastitch.eu\/cs\/wp-json\/wp\/v2\/product"}],"about":[{"href":"https:\/\/www.megastitch.eu\/cs\/wp-json\/wp\/v2\/types\/product"}],"replies":[{"embeddable":true,"href":"https:\/\/www.megastitch.eu\/cs\/wp-json\/wp\/v2\/comments?post=25987"}],"wp:featuredmedia":[{"embeddable":true,"href":"https:\/\/www.megastitch.eu\/cs\/wp-json\/wp\/v2\/media\/25988"}],"wp:attachment":[{"href":"https:\/\/www.megastitch.eu\/cs\/wp-json\/wp\/v2\/media?parent=25987"}],"wp:term":[{"taxonomy":"product_cat","embeddable":true,"href":"https:\/\/www.megastitch.eu\/cs\/wp-json\/wp\/v2\/product_cat?post=25987"},{"taxonomy":"product_tag","embeddable":true,"href":"https:\/\/www.megastitch.eu\/cs\/wp-json\/wp\/v2\/product_tag?post=25987"}],"curies":[{"name":"wp","href":"https:\/\/api.w.org\/{rel}","templated":true}]}}