	{"id":26037,"date":"2021-01-23T11:37:38","date_gmt":"2021-01-23T10:37:38","guid":{"rendered":"https:\/\/www.megastitch.eu\/?post_type=product&#038;p=26037"},"modified":"2022-12-20T10:31:06","modified_gmt":"2022-12-20T09:31:06","slug":"ribezlove-zelanie","status":"publish","type":"product","link":"https:\/\/www.megastitch.eu\/cs\/obchod\/predlohy-na-vysivanie\/stredne-predlohy\/ribezlove-zelanie\/","title":{"rendered":"R\u00edbez\u013eov\u00e9 \u017eelanie"},"content":{"rendered":"<div class=\"nolwrap\"><p>Autorka predlohy: <strong>M\u00e1ria Erbenov\u00e1\u00a0<\/strong><\/p>\n<p>Autorka ilustr\u00e1cie: <a href=\"https:\/\/www.instagram.com\/sudden_idea\/\" target=\"_blank\" rel=\"noopener noreferrer\"><strong>Marina Vovnenko<\/strong><\/a><\/p>\n<h4>Inform\u00e1cie o predlohe:<\/h4>\n<p><strong>Po\u010det kr\u00ed\u017eikov: 68 x 85<\/strong><br \/>\n<strong>Rozmer l\u00e1tky: <\/strong>12.34 x 15.42 cm<br \/>\n<strong>L\u00e1tka<\/strong>: 14 ct aida<br \/>\n<strong>Bavlnky: <\/strong>DMC<br \/>\n<strong>Po\u010det farieb:<\/strong> 30 + 3 blendy<br \/>\n<strong>Pou\u017eit\u00e9 techniky:<\/strong> kr\u00ed\u017eiky, p\u00e1r 3\/4 kr\u00ed\u017eikov, ob\u0161\u00edvanie<\/p>\n<h4>S\u00fabory na stiahnutie:<\/h4>\n<ul>\n<li><strong>pdf s\u00fabor<\/strong>\n<ul>\n<li>v \u010dierno-bielej verzii &#8211; s ob\u0161\u00edvan\u00edm a bez ob\u0161\u00edvania,<\/li>\n<li>vo farebnej verzii &#8211; s ob\u0161\u00edvan\u00edm a bez ob\u0161\u00edvania<\/li>\n<\/ul>\n<\/li>\n<li><strong>cssaga s\u00fabor<\/strong><\/li>\n<\/ul>\n<\/div>","protected":false},"excerpt":{"rendered":"<p>M\u00e1te radi r\u00edbezle?<\/p>\n<p>Hoci na tie zo z\u00e1hrady e\u0161te nepri\u0161iel \u010das, doprajte si ju aj takto, formou predlohy na vy\u0161\u00edvanie. Jej trpk\u00fa chu\u0165 mo\u017eno poc\u00edtite pri vy\u0161\u00edvan\u00ed detailov, ale zato sa v\u00e1m ur\u010dite odmen\u00ed sladk\u00fdm a dobr\u00fdm pocitom po dokon\u010den\u00ed obr\u00e1zku. Tak ako, d\u00e1te sa na to?<\/p>\n<p><strong>Po\u010det kr\u00ed\u017eikov: 68 x 85<\/strong><br \/>\n<strong>Rozmer l\u00e1tky: <\/strong>12.34 x 15.42 cm<br \/>\n<strong>Po\u010det farieb:<\/strong> 30 + 3 blendy<\/p>\n","protected":false},"featured_media":26065,"comment_status":"open","ping_status":"closed","template":"","meta":{"_uag_custom_page_level_css":"","ngg_post_thumbnail":0},"product_cat":[131,138],"product_tag":[318,48,219],"aioseo_notices":[],"featured_image_urls":{"full":["https:\/\/www.megastitch.eu\/wp-content\/uploads\/2021\/01\/rsz_1blackcurrant_wish_frame_ss_2.png",720,822,false],"thumbnail":["https:\/\/www.megastitch.eu\/wp-content\/uploads\/2021\/01\/rsz_1blackcurrant_wish_frame_ss_2-150x150.png",150,150,true],"medium":["https:\/\/www.megastitch.eu\/wp-content\/uploads\/2021\/01\/rsz_1blackcurrant_wish_frame_ss_2-263x300.png",263,300,true],"medium_large":["https:\/\/www.megastitch.eu\/wp-content\/uploads\/2021\/01\/rsz_1blackcurrant_wish_frame_ss_2.png",720,822,false],"large":["https:\/\/www.megastitch.eu\/wp-content\/uploads\/2021\/01\/rsz_1blackcurrant_wish_frame_ss_2.png",720,822,false],"1536x1536":["https:\/\/www.megastitch.eu\/wp-content\/uploads\/2021\/01\/rsz_1blackcurrant_wish_frame_ss_2.png",720,822,false],"2048x2048":["https:\/\/www.megastitch.eu\/wp-content\/uploads\/2021\/01\/rsz_1blackcurrant_wish_frame_ss_2.png",720,822,false],"ultp_layout_landscape_large":["https:\/\/www.megastitch.eu\/wp-content\/uploads\/2021\/01\/rsz_1blackcurrant_wish_frame_ss_2-720x800.png",720,800,true],"ultp_layout_landscape":["https:\/\/www.megastitch.eu\/wp-content\/uploads\/2021\/01\/rsz_1blackcurrant_wish_frame_ss_2-720x570.png",720,570,true],"ultp_layout_portrait":["https:\/\/www.megastitch.eu\/wp-content\/uploads\/2021\/01\/rsz_1blackcurrant_wish_frame_ss_2-600x822.png",600,822,true],"ultp_layout_square":["https:\/\/www.megastitch.eu\/wp-content\/uploads\/2021\/01\/rsz_1blackcurrant_wish_frame_ss_2-600x600.png",600,600,true],"molla_post-grid":["https:\/\/www.megastitch.eu\/wp-content\/uploads\/2021\/01\/rsz_1blackcurrant_wish_frame_ss_2-400x267.png",400,267,true],"woocommerce_thumbnail":["https:\/\/www.megastitch.eu\/wp-content\/uploads\/2021\/01\/rsz_1blackcurrant_wish_frame_ss_2-300x343.png",300,343,true],"woocommerce_single":["https:\/\/www.megastitch.eu\/wp-content\/uploads\/2021\/01\/rsz_1blackcurrant_wish_frame_ss_2-600x685.png",600,685,true],"woocommerce_gallery_thumbnail":["https:\/\/www.megastitch.eu\/wp-content\/uploads\/2021\/01\/rsz_1blackcurrant_wish_frame_ss_2-100x100.png",100,100,true]},"post_excerpt_stackable":"<p>M\u00e1te radi r\u00edbezle?<\/p>\n<p>Hoci na tie zo z\u00e1hrady e\u0161te nepri\u0161iel \u010das, doprajte si ju aj takto, formou predlohy na vy\u0161\u00edvanie. Jej trpk\u00fa chu\u0165 mo\u017eno poc\u00edtite pri vy\u0161\u00edvan\u00ed detailov, ale zato sa v\u00e1m ur\u010dite odmen\u00ed sladk\u00fdm a dobr\u00fdm pocitom po dokon\u010den\u00ed obr\u00e1zku. Tak ako, d\u00e1te sa na to?<\/p>\n<p><strong>Po\u010det kr\u00ed\u017eikov: 68 x 85<\/strong><br \/>\n<strong>Rozmer l\u00e1tky: <\/strong>12.34 x 15.42 cm<br \/>\n<strong>Po\u010det farieb:<\/strong> 30 + 3 blendy<\/p>\n","category_list":"","author_info":{"name":"","url":""},"comments_num":"0 comments","featured_image_urls_v2":{"full":["https:\/\/www.megastitch.eu\/wp-content\/uploads\/2021\/01\/rsz_1blackcurrant_wish_frame_ss_2.png",720,822,false],"thumbnail":["https:\/\/www.megastitch.eu\/wp-content\/uploads\/2021\/01\/rsz_1blackcurrant_wish_frame_ss_2-150x150.png",150,150,true],"medium":["https:\/\/www.megastitch.eu\/wp-content\/uploads\/2021\/01\/rsz_1blackcurrant_wish_frame_ss_2-263x300.png",263,300,true],"medium_large":["https:\/\/www.megastitch.eu\/wp-content\/uploads\/2021\/01\/rsz_1blackcurrant_wish_frame_ss_2.png",720,822,false],"large":["https:\/\/www.megastitch.eu\/wp-content\/uploads\/2021\/01\/rsz_1blackcurrant_wish_frame_ss_2.png",720,822,false],"1536x1536":["https:\/\/www.megastitch.eu\/wp-content\/uploads\/2021\/01\/rsz_1blackcurrant_wish_frame_ss_2.png",720,822,false],"2048x2048":["https:\/\/www.megastitch.eu\/wp-content\/uploads\/2021\/01\/rsz_1blackcurrant_wish_frame_ss_2.png",720,822,false],"ultp_layout_landscape_large":["https:\/\/www.megastitch.eu\/wp-content\/uploads\/2021\/01\/rsz_1blackcurrant_wish_frame_ss_2-720x800.png",720,800,true],"ultp_layout_landscape":["https:\/\/www.megastitch.eu\/wp-content\/uploads\/2021\/01\/rsz_1blackcurrant_wish_frame_ss_2-720x570.png",720,570,true],"ultp_layout_portrait":["https:\/\/www.megastitch.eu\/wp-content\/uploads\/2021\/01\/rsz_1blackcurrant_wish_frame_ss_2-600x822.png",600,822,true],"ultp_layout_square":["https:\/\/www.megastitch.eu\/wp-content\/uploads\/2021\/01\/rsz_1blackcurrant_wish_frame_ss_2-600x600.png",600,600,true],"molla_post-grid":["https:\/\/www.megastitch.eu\/wp-content\/uploads\/2021\/01\/rsz_1blackcurrant_wish_frame_ss_2-400x267.png",400,267,true],"woocommerce_thumbnail":["https:\/\/www.megastitch.eu\/wp-content\/uploads\/2021\/01\/rsz_1blackcurrant_wish_frame_ss_2-300x343.png",300,343,true],"woocommerce_single":["https:\/\/www.megastitch.eu\/wp-content\/uploads\/2021\/01\/rsz_1blackcurrant_wish_frame_ss_2-600x685.png",600,685,true],"woocommerce_gallery_thumbnail":["https:\/\/www.megastitch.eu\/wp-content\/uploads\/2021\/01\/rsz_1blackcurrant_wish_frame_ss_2-100x100.png",100,100,true]},"post_excerpt_stackable_v2":"<p>M\u00e1te radi r\u00edbezle?<\/p>\n<p>Hoci na tie zo z\u00e1hrady e\u0161te nepri\u0161iel \u010das, doprajte si ju aj takto, formou predlohy na vy\u0161\u00edvanie. Jej trpk\u00fa chu\u0165 mo\u017eno poc\u00edtite pri vy\u0161\u00edvan\u00ed detailov, ale zato sa v\u00e1m ur\u010dite odmen\u00ed sladk\u00fdm a dobr\u00fdm pocitom po dokon\u010den\u00ed obr\u00e1zku. Tak ako, d\u00e1te sa na to?<\/p>\n<p><strong>Po\u010det kr\u00ed\u017eikov: 68 x 85<\/strong><br \/>\n<strong>Rozmer l\u00e1tky: <\/strong>12.34 x 15.42 cm<br \/>\n<strong>Po\u010det farieb:<\/strong> 30 + 3 blendy<\/p>\n","category_list_v2":"","author_info_v2":{"name":"","url":""},"comments_num_v2":"0 comments","uagb_featured_image_src":{"full":["https:\/\/www.megastitch.eu\/wp-content\/uploads\/2021\/01\/rsz_1blackcurrant_wish_frame_ss_2.png",720,822,false],"thumbnail":["https:\/\/www.megastitch.eu\/wp-content\/uploads\/2021\/01\/rsz_1blackcurrant_wish_frame_ss_2-150x150.png",150,150,true],"medium":["https:\/\/www.megastitch.eu\/wp-content\/uploads\/2021\/01\/rsz_1blackcurrant_wish_frame_ss_2-263x300.png",263,300,true],"medium_large":["https:\/\/www.megastitch.eu\/wp-content\/uploads\/2021\/01\/rsz_1blackcurrant_wish_frame_ss_2.png",720,822,false],"large":["https:\/\/www.megastitch.eu\/wp-content\/uploads\/2021\/01\/rsz_1blackcurrant_wish_frame_ss_2.png",720,822,false],"1536x1536":["https:\/\/www.megastitch.eu\/wp-content\/uploads\/2021\/01\/rsz_1blackcurrant_wish_frame_ss_2.png",720,822,false],"2048x2048":["https:\/\/www.megastitch.eu\/wp-content\/uploads\/2021\/01\/rsz_1blackcurrant_wish_frame_ss_2.png",720,822,false],"ultp_layout_landscape_large":["https:\/\/www.megastitch.eu\/wp-content\/uploads\/2021\/01\/rsz_1blackcurrant_wish_frame_ss_2-720x800.png",720,800,true],"ultp_layout_landscape":["https:\/\/www.megastitch.eu\/wp-content\/uploads\/2021\/01\/rsz_1blackcurrant_wish_frame_ss_2-720x570.png",720,570,true],"ultp_layout_portrait":["https:\/\/www.megastitch.eu\/wp-content\/uploads\/2021\/01\/rsz_1blackcurrant_wish_frame_ss_2-600x822.png",600,822,true],"ultp_layout_square":["https:\/\/www.megastitch.eu\/wp-content\/uploads\/2021\/01\/rsz_1blackcurrant_wish_frame_ss_2-600x600.png",600,600,true],"molla_post-grid":["https:\/\/www.megastitch.eu\/wp-content\/uploads\/2021\/01\/rsz_1blackcurrant_wish_frame_ss_2-400x267.png",400,267,true],"woocommerce_thumbnail":["https:\/\/www.megastitch.eu\/wp-content\/uploads\/2021\/01\/rsz_1blackcurrant_wish_frame_ss_2-300x343.png",300,343,true],"woocommerce_single":["https:\/\/www.megastitch.eu\/wp-content\/uploads\/2021\/01\/rsz_1blackcurrant_wish_frame_ss_2-600x685.png",600,685,true],"woocommerce_gallery_thumbnail":["https:\/\/www.megastitch.eu\/wp-content\/uploads\/2021\/01\/rsz_1blackcurrant_wish_frame_ss_2-100x100.png",100,100,true]},"uagb_author_info":{"display_name":"monika","author_link":"https:\/\/www.megastitch.eu\/cs\/author\/"},"uagb_comment_info":0,"uagb_excerpt":"M\u00e1te radi r\u00edbezle? Hoci na tie zo z\u00e1hrady e\u0161te nepri\u0161iel \u010das, doprajte si ju aj takto, formou predlohy na vy\u0161\u00edvanie. Jej trpk\u00fa chu\u0165 mo\u017eno poc\u00edtite pri vy\u0161\u00edvan\u00ed detailov, ale zato sa v\u00e1m ur\u010dite odmen\u00ed sladk\u00fdm a dobr\u00fdm pocitom po dokon\u010den\u00ed obr\u00e1zku. Tak ako, d\u00e1te sa na to? Po\u010det kr\u00ed\u017eikov: 68 x 85 Rozmer l\u00e1tky: 12.34&hellip;","_links":{"self":[{"href":"https:\/\/www.megastitch.eu\/cs\/wp-json\/wp\/v2\/product\/26037"}],"collection":[{"href":"https:\/\/www.megastitch.eu\/cs\/wp-json\/wp\/v2\/product"}],"about":[{"href":"https:\/\/www.megastitch.eu\/cs\/wp-json\/wp\/v2\/types\/product"}],"replies":[{"embeddable":true,"href":"https:\/\/www.megastitch.eu\/cs\/wp-json\/wp\/v2\/comments?post=26037"}],"wp:featuredmedia":[{"embeddable":true,"href":"https:\/\/www.megastitch.eu\/cs\/wp-json\/wp\/v2\/media\/26065"}],"wp:attachment":[{"href":"https:\/\/www.megastitch.eu\/cs\/wp-json\/wp\/v2\/media?parent=26037"}],"wp:term":[{"taxonomy":"product_cat","embeddable":true,"href":"https:\/\/www.megastitch.eu\/cs\/wp-json\/wp\/v2\/product_cat?post=26037"},{"taxonomy":"product_tag","embeddable":true,"href":"https:\/\/www.megastitch.eu\/cs\/wp-json\/wp\/v2\/product_tag?post=26037"}],"curies":[{"name":"wp","href":"https:\/\/api.w.org\/{rel}","templated":true}]}}