	{"id":26124,"date":"2021-02-15T14:04:54","date_gmt":"2021-02-15T13:04:54","guid":{"rendered":"https:\/\/www.megastitch.eu\/?post_type=product&#038;p=26124"},"modified":"2024-04-11T14:41:08","modified_gmt":"2024-04-11T12:41:08","slug":"hrave-vozidla","status":"publish","type":"product","link":"https:\/\/www.megastitch.eu\/cs\/obchod\/predlohy-na-vysivanie\/stredne-predlohy\/hrave-vozidla\/","title":{"rendered":"Hrav\u00e9 vozidl\u00e1"},"content":{"rendered":"<div class=\"nolwrap\"><p><strong>Zelen\u00fd traktor<\/strong><\/p>\n<p>Nie jedn\u00e9mu mlad\u00e9mu gazdi\u010dkovi by zajasalo srdce nad tak\u00fdmto traktorom. Preneste sa v duchu na farmu a spolu s v\u00f4\u0148ou jari a zeme sa ponorte do vy\u0161\u00edvania.<\/p>\n<p><strong>\u010cerven\u00fd kabriolet<\/strong><\/p>\n<p>Keby som mala jazdi\u0165 po Amerike, tak ur\u010dite v \u010dervenom kabriolete. Toto ako divok\u00e9 dobrodru\u017estvo na prv\u00fd poh\u013ead nevyzer\u00e1, ale sk\u00faste to vy\u0161\u00edva\u0165 v MHD na stoj\u00e1ka \ud83d\ude42 \u2026 Ak v\u0161ak chcete relaxova\u0165, vybrali ste si spr\u00e1vne.<\/p>\n<p><strong>\u017dlt\u00e1 dod\u00e1vka<\/strong><\/p>\n<p>Pozn\u00e1te t\u00fa hru \u201c\u017elt\u00e9 auto\u201d? Kto si ho prv\u00fd v\u0161imne, m\u00f4\u017ee hocikoho tresn\u00fa\u0165 do ramena. Tie si v\u0161ak kry\u0165 teraz nemus\u00edte, rad\u0161ej si d\u00e1vajte pozor na prsty \ud83d\ude42 aj pichnutie ihlou vie poriadne na\u0161tva\u0165.<\/p>\n<p>&nbsp;<\/p>\n<p>Autorka predlohy: <strong>M\u00e1ria Erbenov\u00e1&nbsp;<\/strong><\/p>\n<h4>Inform\u00e1cie o predlohe:<\/h4>\n<p><strong>Po\u010det kr\u00ed\u017eikov: 49 x 80<\/strong><br \/>\n<strong>Rozmer l\u00e1tky: <\/strong>8.89 x 14.51 cm<br \/>\n<strong>L\u00e1tka<\/strong>: 14 ct aida<br \/>\n<strong>Bavlnky: <\/strong>DMC<br \/>\n<strong>Po\u010det farieb:<\/strong> 36 + 5 blendov<br \/>\n<strong>Pou\u017eit\u00e9 techniky:<\/strong> kr\u00ed\u017eiky, ob\u0161\u00edvanie<\/p>\n<h4>S\u00fabory na stiahnutie:<\/h4>\n<ul>\n<li><strong>pdf s\u00fabor<\/strong>\n<ul>\n<li>v \u010dierno-bielej verzii &#8211; s ob\u0161\u00edvan\u00edm a bez ob\u0161\u00edvania,<\/li>\n<li>vo farebnej verzii &#8211; s ob\u0161\u00edvan\u00edm a bez ob\u0161\u00edvania<\/li>\n<\/ul>\n<\/li>\n<li><strong>cssaga s\u00fabor<\/strong><\/li>\n<\/ul>\n<\/div>","protected":false},"excerpt":{"rendered":"<p>Ak m\u00e1te doma milovn\u00edka aut\u00ed\u010dok, \u010di u\u017e v\u00fd\u0161kovo v\u00e4\u010d\u0161ieho alebo men\u0161ieho, kone\u010dne v\u00e1m pri tomto odobr\u00ed vysed\u00e1vanie na gau\u010di s ihlou v ruke. N\u00e1jde sa v tom ak\u00fdko\u013evek charakter. Traktor pre gazdi\u010dka, kabriolet pre milovn\u00edka \u00e1ut a dod\u00e1vka pre dobrodruha. Ktor\u00fd z t\u00fdchto opisov v\u00e1m beh\u00e1 po ob\u00fdva\u010dke a kri\u010d\u00ed: \u201cMam\u00ed\u00ed\u00ed\u00ed !!!\u201d len \u010do si sadnete k vy\u0161\u00edvaniu?<\/p>\n<p><strong>Po\u010det kr\u00ed\u017eikov: 49 x 80<\/strong><br \/>\n<strong>Rozmer l\u00e1tky: <\/strong>8.89 x 14.51 cm<br \/>\n<strong>Po\u010det farieb:<\/strong> 36 + 5 blendov<\/p>\n","protected":false},"featured_media":26140,"comment_status":"open","ping_status":"closed","template":"","meta":{"_uag_custom_page_level_css":"","ngg_post_thumbnail":0},"product_cat":[243,131,138],"product_tag":[228,289,227,229],"aioseo_notices":[],"featured_image_urls":{"full":["https:\/\/www.megastitch.eu\/wp-content\/uploads\/2021\/02\/vozidla-frame_wh_2_ss_sm.jpg",1000,1294,false],"thumbnail":["https:\/\/www.megastitch.eu\/wp-content\/uploads\/2021\/02\/vozidla-frame_wh_2_ss_sm-150x150.jpg",150,150,true],"medium":["https:\/\/www.megastitch.eu\/wp-content\/uploads\/2021\/02\/vozidla-frame_wh_2_ss_sm-232x300.jpg",232,300,true],"medium_large":["https:\/\/www.megastitch.eu\/wp-content\/uploads\/2021\/02\/vozidla-frame_wh_2_ss_sm-768x994.jpg",768,994,true],"large":["https:\/\/www.megastitch.eu\/wp-content\/uploads\/2021\/02\/vozidla-frame_wh_2_ss_sm-791x1024.jpg",791,1024,true],"1536x1536":["https:\/\/www.megastitch.eu\/wp-content\/uploads\/2021\/02\/vozidla-frame_wh_2_ss_sm.jpg",1000,1294,false],"2048x2048":["https:\/\/www.megastitch.eu\/wp-content\/uploads\/2021\/02\/vozidla-frame_wh_2_ss_sm.jpg",1000,1294,false],"ultp_layout_landscape_large":["https:\/\/www.megastitch.eu\/wp-content\/uploads\/2021\/02\/vozidla-frame_wh_2_ss_sm-1000x800.jpg",1000,800,true],"ultp_layout_landscape":["https:\/\/www.megastitch.eu\/wp-content\/uploads\/2021\/02\/vozidla-frame_wh_2_ss_sm-870x570.jpg",870,570,true],"ultp_layout_portrait":["https:\/\/www.megastitch.eu\/wp-content\/uploads\/2021\/02\/vozidla-frame_wh_2_ss_sm-600x900.jpg",600,900,true],"ultp_layout_square":["https:\/\/www.megastitch.eu\/wp-content\/uploads\/2021\/02\/vozidla-frame_wh_2_ss_sm-600x600.jpg",600,600,true],"molla_post-grid":["https:\/\/www.megastitch.eu\/wp-content\/uploads\/2021\/02\/vozidla-frame_wh_2_ss_sm-400x267.jpg",400,267,true],"woocommerce_thumbnail":["https:\/\/www.megastitch.eu\/wp-content\/uploads\/2021\/02\/vozidla-frame_wh_2_ss_sm-300x388.jpg",300,388,true],"woocommerce_single":["https:\/\/www.megastitch.eu\/wp-content\/uploads\/2021\/02\/vozidla-frame_wh_2_ss_sm-600x776.jpg",600,776,true],"woocommerce_gallery_thumbnail":["https:\/\/www.megastitch.eu\/wp-content\/uploads\/2021\/02\/vozidla-frame_wh_2_ss_sm-100x100.jpg",100,100,true]},"post_excerpt_stackable":"<p>Ak m\u00e1te doma milovn\u00edka aut\u00ed\u010dok, \u010di u\u017e v\u00fd\u0161kovo v\u00e4\u010d\u0161ieho alebo men\u0161ieho, kone\u010dne v\u00e1m pri tomto odobr\u00ed vysed\u00e1vanie na gau\u010di s ihlou v ruke. N\u00e1jde sa v tom ak\u00fdko\u013evek charakter. Traktor pre gazdi\u010dka, kabriolet pre milovn\u00edka \u00e1ut a dod\u00e1vka pre dobrodruha. Ktor\u00fd z t\u00fdchto opisov v\u00e1m beh\u00e1 po ob\u00fdva\u010dke a kri\u010d\u00ed: \u201cMam\u00ed\u00ed\u00ed\u00ed !!!\u201d len \u010do si sadnete k vy\u0161\u00edvaniu?<\/p>\n<p><strong>Po\u010det kr\u00ed\u017eikov: 49 x 80<\/strong><br \/>\n<strong>Rozmer l\u00e1tky: <\/strong>8.89 x 14.51 cm<br \/>\n<strong>Po\u010det farieb:<\/strong> 36 + 5 blendov<\/p>\n","category_list":"","author_info":{"name":"","url":""},"comments_num":"0 comments","featured_image_urls_v2":{"full":["https:\/\/www.megastitch.eu\/wp-content\/uploads\/2021\/02\/vozidla-frame_wh_2_ss_sm.jpg",1000,1294,false],"thumbnail":["https:\/\/www.megastitch.eu\/wp-content\/uploads\/2021\/02\/vozidla-frame_wh_2_ss_sm-150x150.jpg",150,150,true],"medium":["https:\/\/www.megastitch.eu\/wp-content\/uploads\/2021\/02\/vozidla-frame_wh_2_ss_sm-232x300.jpg",232,300,true],"medium_large":["https:\/\/www.megastitch.eu\/wp-content\/uploads\/2021\/02\/vozidla-frame_wh_2_ss_sm-768x994.jpg",768,994,true],"large":["https:\/\/www.megastitch.eu\/wp-content\/uploads\/2021\/02\/vozidla-frame_wh_2_ss_sm-791x1024.jpg",791,1024,true],"1536x1536":["https:\/\/www.megastitch.eu\/wp-content\/uploads\/2021\/02\/vozidla-frame_wh_2_ss_sm.jpg",1000,1294,false],"2048x2048":["https:\/\/www.megastitch.eu\/wp-content\/uploads\/2021\/02\/vozidla-frame_wh_2_ss_sm.jpg",1000,1294,false],"ultp_layout_landscape_large":["https:\/\/www.megastitch.eu\/wp-content\/uploads\/2021\/02\/vozidla-frame_wh_2_ss_sm-1000x800.jpg",1000,800,true],"ultp_layout_landscape":["https:\/\/www.megastitch.eu\/wp-content\/uploads\/2021\/02\/vozidla-frame_wh_2_ss_sm-870x570.jpg",870,570,true],"ultp_layout_portrait":["https:\/\/www.megastitch.eu\/wp-content\/uploads\/2021\/02\/vozidla-frame_wh_2_ss_sm-600x900.jpg",600,900,true],"ultp_layout_square":["https:\/\/www.megastitch.eu\/wp-content\/uploads\/2021\/02\/vozidla-frame_wh_2_ss_sm-600x600.jpg",600,600,true],"molla_post-grid":["https:\/\/www.megastitch.eu\/wp-content\/uploads\/2021\/02\/vozidla-frame_wh_2_ss_sm-400x267.jpg",400,267,true],"woocommerce_thumbnail":["https:\/\/www.megastitch.eu\/wp-content\/uploads\/2021\/02\/vozidla-frame_wh_2_ss_sm-300x388.jpg",300,388,true],"woocommerce_single":["https:\/\/www.megastitch.eu\/wp-content\/uploads\/2021\/02\/vozidla-frame_wh_2_ss_sm-600x776.jpg",600,776,true],"woocommerce_gallery_thumbnail":["https:\/\/www.megastitch.eu\/wp-content\/uploads\/2021\/02\/vozidla-frame_wh_2_ss_sm-100x100.jpg",100,100,true]},"post_excerpt_stackable_v2":"<p>Ak m\u00e1te doma milovn\u00edka aut\u00ed\u010dok, \u010di u\u017e v\u00fd\u0161kovo v\u00e4\u010d\u0161ieho alebo men\u0161ieho, kone\u010dne v\u00e1m pri tomto odobr\u00ed vysed\u00e1vanie na gau\u010di s ihlou v ruke. N\u00e1jde sa v tom ak\u00fdko\u013evek charakter. Traktor pre gazdi\u010dka, kabriolet pre milovn\u00edka \u00e1ut a dod\u00e1vka pre dobrodruha. Ktor\u00fd z t\u00fdchto opisov v\u00e1m beh\u00e1 po ob\u00fdva\u010dke a kri\u010d\u00ed: \u201cMam\u00ed\u00ed\u00ed\u00ed !!!\u201d len \u010do si sadnete k vy\u0161\u00edvaniu?<\/p>\n<p><strong>Po\u010det kr\u00ed\u017eikov: 49 x 80<\/strong><br \/>\n<strong>Rozmer l\u00e1tky: <\/strong>8.89 x 14.51 cm<br \/>\n<strong>Po\u010det farieb:<\/strong> 36 + 5 blendov<\/p>\n","category_list_v2":"","author_info_v2":{"name":"","url":""},"comments_num_v2":"0 comments","uagb_featured_image_src":{"full":["https:\/\/www.megastitch.eu\/wp-content\/uploads\/2021\/02\/vozidla-frame_wh_2_ss_sm.jpg",1000,1294,false],"thumbnail":["https:\/\/www.megastitch.eu\/wp-content\/uploads\/2021\/02\/vozidla-frame_wh_2_ss_sm-150x150.jpg",150,150,true],"medium":["https:\/\/www.megastitch.eu\/wp-content\/uploads\/2021\/02\/vozidla-frame_wh_2_ss_sm-232x300.jpg",232,300,true],"medium_large":["https:\/\/www.megastitch.eu\/wp-content\/uploads\/2021\/02\/vozidla-frame_wh_2_ss_sm-768x994.jpg",768,994,true],"large":["https:\/\/www.megastitch.eu\/wp-content\/uploads\/2021\/02\/vozidla-frame_wh_2_ss_sm-791x1024.jpg",791,1024,true],"1536x1536":["https:\/\/www.megastitch.eu\/wp-content\/uploads\/2021\/02\/vozidla-frame_wh_2_ss_sm.jpg",1000,1294,false],"2048x2048":["https:\/\/www.megastitch.eu\/wp-content\/uploads\/2021\/02\/vozidla-frame_wh_2_ss_sm.jpg",1000,1294,false],"ultp_layout_landscape_large":["https:\/\/www.megastitch.eu\/wp-content\/uploads\/2021\/02\/vozidla-frame_wh_2_ss_sm-1000x800.jpg",1000,800,true],"ultp_layout_landscape":["https:\/\/www.megastitch.eu\/wp-content\/uploads\/2021\/02\/vozidla-frame_wh_2_ss_sm-870x570.jpg",870,570,true],"ultp_layout_portrait":["https:\/\/www.megastitch.eu\/wp-content\/uploads\/2021\/02\/vozidla-frame_wh_2_ss_sm-600x900.jpg",600,900,true],"ultp_layout_square":["https:\/\/www.megastitch.eu\/wp-content\/uploads\/2021\/02\/vozidla-frame_wh_2_ss_sm-600x600.jpg",600,600,true],"molla_post-grid":["https:\/\/www.megastitch.eu\/wp-content\/uploads\/2021\/02\/vozidla-frame_wh_2_ss_sm-400x267.jpg",400,267,true],"woocommerce_thumbnail":["https:\/\/www.megastitch.eu\/wp-content\/uploads\/2021\/02\/vozidla-frame_wh_2_ss_sm-300x388.jpg",300,388,true],"woocommerce_single":["https:\/\/www.megastitch.eu\/wp-content\/uploads\/2021\/02\/vozidla-frame_wh_2_ss_sm-600x776.jpg",600,776,true],"woocommerce_gallery_thumbnail":["https:\/\/www.megastitch.eu\/wp-content\/uploads\/2021\/02\/vozidla-frame_wh_2_ss_sm-100x100.jpg",100,100,true]},"uagb_author_info":{"display_name":"monika","author_link":"https:\/\/www.megastitch.eu\/cs\/author\/"},"uagb_comment_info":0,"uagb_excerpt":"Ak m\u00e1te doma milovn\u00edka aut\u00ed\u010dok, \u010di u\u017e v\u00fd\u0161kovo v\u00e4\u010d\u0161ieho alebo men\u0161ieho, kone\u010dne v\u00e1m pri tomto odobr\u00ed vysed\u00e1vanie na gau\u010di s ihlou v ruke. N\u00e1jde sa v tom ak\u00fdko\u013evek charakter. Traktor pre gazdi\u010dka, kabriolet pre milovn\u00edka \u00e1ut a dod\u00e1vka pre dobrodruha. Ktor\u00fd z t\u00fdchto opisov v\u00e1m beh\u00e1 po ob\u00fdva\u010dke a kri\u010d\u00ed: \u201cMam\u00ed\u00ed\u00ed\u00ed !!!\u201d len \u010do si&hellip;","_links":{"self":[{"href":"https:\/\/www.megastitch.eu\/cs\/wp-json\/wp\/v2\/product\/26124"}],"collection":[{"href":"https:\/\/www.megastitch.eu\/cs\/wp-json\/wp\/v2\/product"}],"about":[{"href":"https:\/\/www.megastitch.eu\/cs\/wp-json\/wp\/v2\/types\/product"}],"replies":[{"embeddable":true,"href":"https:\/\/www.megastitch.eu\/cs\/wp-json\/wp\/v2\/comments?post=26124"}],"wp:featuredmedia":[{"embeddable":true,"href":"https:\/\/www.megastitch.eu\/cs\/wp-json\/wp\/v2\/media\/26140"}],"wp:attachment":[{"href":"https:\/\/www.megastitch.eu\/cs\/wp-json\/wp\/v2\/media?parent=26124"}],"wp:term":[{"taxonomy":"product_cat","embeddable":true,"href":"https:\/\/www.megastitch.eu\/cs\/wp-json\/wp\/v2\/product_cat?post=26124"},{"taxonomy":"product_tag","embeddable":true,"href":"https:\/\/www.megastitch.eu\/cs\/wp-json\/wp\/v2\/product_tag?post=26124"}],"curies":[{"name":"wp","href":"https:\/\/api.w.org\/{rel}","templated":true}]}}