	{"id":26203,"date":"2021-03-01T18:29:37","date_gmt":"2021-03-01T17:29:37","guid":{"rendered":"https:\/\/www.megastitch.eu\/?post_type=product&#038;p=26203"},"modified":"2022-12-17T15:27:28","modified_gmt":"2022-12-17T14:27:28","slug":"podlozka-na-vysivanie-vzor-saty","status":"publish","type":"product","link":"https:\/\/www.megastitch.eu\/cs\/obchod\/podklady-na-vysivanie\/drevene-podklady-na-vysivanie\/podlozka-na-vysivanie-vzor-saty\/","title":{"rendered":"Podlo\u017eka na vy\u0161\u00edvanie, vzor \u0160aty"},"content":{"rendered":"<div class=\"nolwrap\"><p>Dreven\u00e1 podlo\u017eka na vy\u0161\u00edvanie, vzor \u0160aty. L\u00edcna strana ur\u010den\u00e1 na vy\u0161\u00edvanie je t\u00e1 s v\u00e4\u010d\u0161\u00edmi dierkami.<\/p>\n<p><strong>Materi\u00e1l:<\/strong> preglejka 3 mm.<br \/>\nZadn\u00e1 strana pre materi\u00e1l: pls\u0165.<\/p>\n<p><strong>Rozmery<\/strong>: 7.8 x 9.6 cm<\/p>\n<p><strong>Po\u010det kr\u00ed\u017eikov:<\/strong> 43 x 56<\/p>\n<p>Zak\u00fapte si predlohu <a href=\"https:\/\/www.megastitch.eu\/obchod\/predlohy-na-vysivanie\/male-predlohy\/saty-pre-babiku\/\">\u0160aty pre b\u00e1biku<\/a>, ktor\u00e1 je vytvoren\u00e1 \u0161peci\u00e1lne pre tento podklad.<\/p>\n<\/div>","protected":false},"excerpt":{"rendered":"<p><span style=\"font-weight: 400\">Dreven\u00fd podklad dod\u00e1 va\u0161ej v\u00fd\u0161ivke neodolate\u013en\u00fd \u0161arm a re\u00e1lny vzh\u013ead. Vy\u0161ite predlohu \u0161iat pre mal\u00fa princezn\u00fa na dreven\u00fd podklad. Ur\u010dite to ocen\u00ed pri hre.\u00a0<\/span><\/p>\n<p><strong>Materi\u00e1l:<\/strong> preglejka 3 mm.<br \/>\nZadn\u00e1 strana pre materi\u00e1l: pls\u0165.<\/p>\n","protected":false},"featured_media":26230,"comment_status":"open","ping_status":"closed","template":"","meta":{"_uag_custom_page_level_css":"","ngg_post_thumbnail":0},"product_cat":[230],"product_tag":[238,227,232,231],"aioseo_notices":[],"featured_image_urls":{"full":["https:\/\/www.megastitch.eu\/wp-content\/uploads\/2021\/03\/dreve_saty.png",1000,750,false],"thumbnail":["https:\/\/www.megastitch.eu\/wp-content\/uploads\/2021\/03\/dreve_saty-150x150.png",150,150,true],"medium":["https:\/\/www.megastitch.eu\/wp-content\/uploads\/2021\/03\/dreve_saty-300x225.png",300,225,true],"medium_large":["https:\/\/www.megastitch.eu\/wp-content\/uploads\/2021\/03\/dreve_saty-768x576.png",768,576,true],"large":["https:\/\/www.megastitch.eu\/wp-content\/uploads\/2021\/03\/dreve_saty.png",1000,750,false],"1536x1536":["https:\/\/www.megastitch.eu\/wp-content\/uploads\/2021\/03\/dreve_saty.png",1000,750,false],"2048x2048":["https:\/\/www.megastitch.eu\/wp-content\/uploads\/2021\/03\/dreve_saty.png",1000,750,false],"ultp_layout_landscape_large":["https:\/\/www.megastitch.eu\/wp-content\/uploads\/2021\/03\/dreve_saty.png",1000,750,false],"ultp_layout_landscape":["https:\/\/www.megastitch.eu\/wp-content\/uploads\/2021\/03\/dreve_saty-870x570.png",870,570,true],"ultp_layout_portrait":["https:\/\/www.megastitch.eu\/wp-content\/uploads\/2021\/03\/dreve_saty-600x750.png",600,750,true],"ultp_layout_square":["https:\/\/www.megastitch.eu\/wp-content\/uploads\/2021\/03\/dreve_saty-600x600.png",600,600,true],"molla_post-grid":["https:\/\/www.megastitch.eu\/wp-content\/uploads\/2021\/03\/dreve_saty-400x267.png",400,267,true],"woocommerce_thumbnail":["https:\/\/www.megastitch.eu\/wp-content\/uploads\/2021\/03\/dreve_saty-300x225.png",300,225,true],"woocommerce_single":["https:\/\/www.megastitch.eu\/wp-content\/uploads\/2021\/03\/dreve_saty-600x450.png",600,450,true],"woocommerce_gallery_thumbnail":["https:\/\/www.megastitch.eu\/wp-content\/uploads\/2021\/03\/dreve_saty-100x100.png",100,100,true]},"post_excerpt_stackable":"<p><span style=\"font-weight: 400\">Dreven\u00fd podklad dod\u00e1 va\u0161ej v\u00fd\u0161ivke neodolate\u013en\u00fd \u0161arm a re\u00e1lny vzh\u013ead. Vy\u0161ite predlohu \u0161iat pre mal\u00fa princezn\u00fa na dreven\u00fd podklad. Ur\u010dite to ocen\u00ed pri hre.\u00a0<\/span><\/p>\n<p><strong>Materi\u00e1l:<\/strong> preglejka 3 mm.<br \/>\nZadn\u00e1 strana pre materi\u00e1l: pls\u0165.<\/p>\n","category_list":"","author_info":{"name":"","url":""},"comments_num":"0 comments","featured_image_urls_v2":{"full":["https:\/\/www.megastitch.eu\/wp-content\/uploads\/2021\/03\/dreve_saty.png",1000,750,false],"thumbnail":["https:\/\/www.megastitch.eu\/wp-content\/uploads\/2021\/03\/dreve_saty-150x150.png",150,150,true],"medium":["https:\/\/www.megastitch.eu\/wp-content\/uploads\/2021\/03\/dreve_saty-300x225.png",300,225,true],"medium_large":["https:\/\/www.megastitch.eu\/wp-content\/uploads\/2021\/03\/dreve_saty-768x576.png",768,576,true],"large":["https:\/\/www.megastitch.eu\/wp-content\/uploads\/2021\/03\/dreve_saty.png",1000,750,false],"1536x1536":["https:\/\/www.megastitch.eu\/wp-content\/uploads\/2021\/03\/dreve_saty.png",1000,750,false],"2048x2048":["https:\/\/www.megastitch.eu\/wp-content\/uploads\/2021\/03\/dreve_saty.png",1000,750,false],"ultp_layout_landscape_large":["https:\/\/www.megastitch.eu\/wp-content\/uploads\/2021\/03\/dreve_saty.png",1000,750,false],"ultp_layout_landscape":["https:\/\/www.megastitch.eu\/wp-content\/uploads\/2021\/03\/dreve_saty-870x570.png",870,570,true],"ultp_layout_portrait":["https:\/\/www.megastitch.eu\/wp-content\/uploads\/2021\/03\/dreve_saty-600x750.png",600,750,true],"ultp_layout_square":["https:\/\/www.megastitch.eu\/wp-content\/uploads\/2021\/03\/dreve_saty-600x600.png",600,600,true],"molla_post-grid":["https:\/\/www.megastitch.eu\/wp-content\/uploads\/2021\/03\/dreve_saty-400x267.png",400,267,true],"woocommerce_thumbnail":["https:\/\/www.megastitch.eu\/wp-content\/uploads\/2021\/03\/dreve_saty-300x225.png",300,225,true],"woocommerce_single":["https:\/\/www.megastitch.eu\/wp-content\/uploads\/2021\/03\/dreve_saty-600x450.png",600,450,true],"woocommerce_gallery_thumbnail":["https:\/\/www.megastitch.eu\/wp-content\/uploads\/2021\/03\/dreve_saty-100x100.png",100,100,true]},"post_excerpt_stackable_v2":"<p><span style=\"font-weight: 400\">Dreven\u00fd podklad dod\u00e1 va\u0161ej v\u00fd\u0161ivke neodolate\u013en\u00fd \u0161arm a re\u00e1lny vzh\u013ead. Vy\u0161ite predlohu \u0161iat pre mal\u00fa princezn\u00fa na dreven\u00fd podklad. Ur\u010dite to ocen\u00ed pri hre.\u00a0<\/span><\/p>\n<p><strong>Materi\u00e1l:<\/strong> preglejka 3 mm.<br \/>\nZadn\u00e1 strana pre materi\u00e1l: pls\u0165.<\/p>\n","category_list_v2":"","author_info_v2":{"name":"","url":""},"comments_num_v2":"0 comments","uagb_featured_image_src":{"full":["https:\/\/www.megastitch.eu\/wp-content\/uploads\/2021\/03\/dreve_saty.png",1000,750,false],"thumbnail":["https:\/\/www.megastitch.eu\/wp-content\/uploads\/2021\/03\/dreve_saty-150x150.png",150,150,true],"medium":["https:\/\/www.megastitch.eu\/wp-content\/uploads\/2021\/03\/dreve_saty-300x225.png",300,225,true],"medium_large":["https:\/\/www.megastitch.eu\/wp-content\/uploads\/2021\/03\/dreve_saty-768x576.png",768,576,true],"large":["https:\/\/www.megastitch.eu\/wp-content\/uploads\/2021\/03\/dreve_saty.png",1000,750,false],"1536x1536":["https:\/\/www.megastitch.eu\/wp-content\/uploads\/2021\/03\/dreve_saty.png",1000,750,false],"2048x2048":["https:\/\/www.megastitch.eu\/wp-content\/uploads\/2021\/03\/dreve_saty.png",1000,750,false],"ultp_layout_landscape_large":["https:\/\/www.megastitch.eu\/wp-content\/uploads\/2021\/03\/dreve_saty.png",1000,750,false],"ultp_layout_landscape":["https:\/\/www.megastitch.eu\/wp-content\/uploads\/2021\/03\/dreve_saty-870x570.png",870,570,true],"ultp_layout_portrait":["https:\/\/www.megastitch.eu\/wp-content\/uploads\/2021\/03\/dreve_saty-600x750.png",600,750,true],"ultp_layout_square":["https:\/\/www.megastitch.eu\/wp-content\/uploads\/2021\/03\/dreve_saty-600x600.png",600,600,true],"molla_post-grid":["https:\/\/www.megastitch.eu\/wp-content\/uploads\/2021\/03\/dreve_saty-400x267.png",400,267,true],"woocommerce_thumbnail":["https:\/\/www.megastitch.eu\/wp-content\/uploads\/2021\/03\/dreve_saty-300x225.png",300,225,true],"woocommerce_single":["https:\/\/www.megastitch.eu\/wp-content\/uploads\/2021\/03\/dreve_saty-600x450.png",600,450,true],"woocommerce_gallery_thumbnail":["https:\/\/www.megastitch.eu\/wp-content\/uploads\/2021\/03\/dreve_saty-100x100.png",100,100,true]},"uagb_author_info":{"display_name":"erbenova","author_link":"https:\/\/www.megastitch.eu\/cs\/author\/"},"uagb_comment_info":0,"uagb_excerpt":"Dreven\u00fd podklad dod\u00e1 va\u0161ej v\u00fd\u0161ivke neodolate\u013en\u00fd \u0161arm a re\u00e1lny vzh\u013ead. Vy\u0161ite predlohu \u0161iat pre mal\u00fa princezn\u00fa na dreven\u00fd podklad. Ur\u010dite to ocen\u00ed pri hre.\u00a0 Materi\u00e1l: preglejka 3 mm. Zadn\u00e1 strana pre materi\u00e1l: pls\u0165.","_links":{"self":[{"href":"https:\/\/www.megastitch.eu\/cs\/wp-json\/wp\/v2\/product\/26203"}],"collection":[{"href":"https:\/\/www.megastitch.eu\/cs\/wp-json\/wp\/v2\/product"}],"about":[{"href":"https:\/\/www.megastitch.eu\/cs\/wp-json\/wp\/v2\/types\/product"}],"replies":[{"embeddable":true,"href":"https:\/\/www.megastitch.eu\/cs\/wp-json\/wp\/v2\/comments?post=26203"}],"wp:featuredmedia":[{"embeddable":true,"href":"https:\/\/www.megastitch.eu\/cs\/wp-json\/wp\/v2\/media\/26230"}],"wp:attachment":[{"href":"https:\/\/www.megastitch.eu\/cs\/wp-json\/wp\/v2\/media?parent=26203"}],"wp:term":[{"taxonomy":"product_cat","embeddable":true,"href":"https:\/\/www.megastitch.eu\/cs\/wp-json\/wp\/v2\/product_cat?post=26203"},{"taxonomy":"product_tag","embeddable":true,"href":"https:\/\/www.megastitch.eu\/cs\/wp-json\/wp\/v2\/product_tag?post=26203"}],"curies":[{"name":"wp","href":"https:\/\/api.w.org\/{rel}","templated":true}]}}