	{"id":26208,"date":"2021-03-01T18:34:45","date_gmt":"2021-03-01T17:34:45","guid":{"rendered":"https:\/\/www.megastitch.eu\/?post_type=product&#038;p=26208"},"modified":"2025-11-09T08:56:24","modified_gmt":"2025-11-09T07:56:24","slug":"podlozka-na-vysivanie-vzor-srdce","status":"publish","type":"product","link":"https:\/\/www.megastitch.eu\/cs\/obchod\/podklady-na-vysivanie\/drevene-podklady-na-vysivanie\/podlozka-na-vysivanie-vzor-srdce\/","title":{"rendered":"Podlo\u017eka na vy\u0161\u00edvanie, vzor Srdce"},"content":{"rendered":"<div class=\"nolwrap\"><p>Dreven\u00e1 podlo\u017eka na vy\u0161\u00edvanie, vzor Srdce.&nbsp; Podklad dod\u00e1 va\u0161ej v\u00fd\u0161ivke neodolate\u013en\u00fd \u0161arm a re\u00e1lny vzh\u013ead. Vy\u0161ite ob\u013e\u00faben\u00e9 predlohy srdie\u010dok na dreven\u00fd podklad a obdarujte t\u00fdmto netradi\u010dn\u00fdm, ru\u010dne vyroben\u00fdm dar\u010dekom niekoho zo svojich bl\u00edzkych. L\u00edcna strana ur\u010den\u00e1 na vy\u0161\u00edvanie je t\u00e1 s v\u00e4\u010d\u0161\u00edmi dierkami.<\/p>\n<p><strong>Materi\u00e1l:<\/strong> preglejka 3 mm.<br \/>\nZadn\u00e1 strana pre materi\u00e1l: pls\u0165.<\/p>\n<p><strong>Rozmery: <\/strong>7.3 x 6.6 cm<\/p>\n<p><strong>Po\u010det kr\u00ed\u017eikov: <\/strong>39 x 34<\/p>\n<p>Zak\u00fapte si predlohu <a href=\"https:\/\/www.megastitch.eu\/obchod\/predlohy-na-vysivanie\/male-predlohy\/valentinske-srdiecko-romanticka-laska\/\">Valent\u00ednske srdie\u010dko &#8211; Romantick\u00e1 l\u00e1ska<\/a> alebo <a href=\"https:\/\/www.megastitch.eu\/obchod\/predlohy-na-vysivanie\/male-predlohy\/valentinske-srdiecko-zalubene-prasiatka\/\">Valent\u00ednske srdie\u010dko &#8211; Za\u013e\u00faben\u00e9 prasiatka,<\/a> ktor\u00e9 s\u00fa vytvoren\u00e9 \u0161peci\u00e1lne pre tento podklad.<\/p>\n<\/div>","protected":false},"excerpt":{"rendered":"<p><span style=\"font-weight: 400\">Dreven\u00fd podklad dod\u00e1 va\u0161ej v\u00fd\u0161ivke neodolate\u013en\u00fd \u0161arm a re\u00e1lny vzh\u013ead. Vy\u0161ite ob\u013e\u00faben\u00e9 predlohy srdie\u010dok na dreven\u00fd podklad a obdarujte t\u00fdmto netradi\u010dn\u00fdm&nbsp; dar\u010dekom.<br \/>\n<\/span><\/p>\n<p><strong>Materi\u00e1l:<\/strong> preglejka 3 mm.<br \/>\nZadn\u00e1 strana pre materi\u00e1l: pls\u0165.<\/p>\n<p>&nbsp;<\/p>\n","protected":false},"featured_media":26233,"comment_status":"open","ping_status":"closed","template":"","meta":{"_uag_custom_page_level_css":"","ngg_post_thumbnail":0},"product_cat":[230],"product_tag":[236,303,208],"aioseo_notices":[],"featured_image_urls":{"full":["https:\/\/www.megastitch.eu\/wp-content\/uploads\/2021\/03\/drevene_srdiecka.png",750,1000,false],"thumbnail":["https:\/\/www.megastitch.eu\/wp-content\/uploads\/2021\/03\/drevene_srdiecka-150x150.png",150,150,true],"medium":["https:\/\/www.megastitch.eu\/wp-content\/uploads\/2021\/03\/drevene_srdiecka-225x300.png",225,300,true],"medium_large":["https:\/\/www.megastitch.eu\/wp-content\/uploads\/2021\/03\/drevene_srdiecka.png",750,1000,false],"large":["https:\/\/www.megastitch.eu\/wp-content\/uploads\/2021\/03\/drevene_srdiecka.png",750,1000,false],"1536x1536":["https:\/\/www.megastitch.eu\/wp-content\/uploads\/2021\/03\/drevene_srdiecka.png",750,1000,false],"2048x2048":["https:\/\/www.megastitch.eu\/wp-content\/uploads\/2021\/03\/drevene_srdiecka.png",750,1000,false],"ultp_layout_landscape_large":["https:\/\/www.megastitch.eu\/wp-content\/uploads\/2021\/03\/drevene_srdiecka-750x800.png",750,800,true],"ultp_layout_landscape":["https:\/\/www.megastitch.eu\/wp-content\/uploads\/2021\/03\/drevene_srdiecka-750x570.png",750,570,true],"ultp_layout_portrait":["https:\/\/www.megastitch.eu\/wp-content\/uploads\/2021\/03\/drevene_srdiecka-600x900.png",600,900,true],"ultp_layout_square":["https:\/\/www.megastitch.eu\/wp-content\/uploads\/2021\/03\/drevene_srdiecka-600x600.png",600,600,true],"molla_post-grid":["https:\/\/www.megastitch.eu\/wp-content\/uploads\/2021\/03\/drevene_srdiecka-400x267.png",400,267,true],"woocommerce_thumbnail":["https:\/\/www.megastitch.eu\/wp-content\/uploads\/2021\/03\/drevene_srdiecka-300x400.png",300,400,true],"woocommerce_single":["https:\/\/www.megastitch.eu\/wp-content\/uploads\/2021\/03\/drevene_srdiecka-600x800.png",600,800,true],"woocommerce_gallery_thumbnail":["https:\/\/www.megastitch.eu\/wp-content\/uploads\/2021\/03\/drevene_srdiecka-100x100.png",100,100,true]},"post_excerpt_stackable":"<p><span style=\"font-weight: 400\">Dreven\u00fd podklad dod\u00e1 va\u0161ej v\u00fd\u0161ivke neodolate\u013en\u00fd \u0161arm a re\u00e1lny vzh\u013ead. Vy\u0161ite ob\u013e\u00faben\u00e9 predlohy srdie\u010dok na dreven\u00fd podklad a obdarujte t\u00fdmto netradi\u010dn\u00fdm&nbsp; dar\u010dekom.<br \/>\n<\/span><\/p>\n<p><strong>Materi\u00e1l:<\/strong> preglejka 3 mm.<br \/>\nZadn\u00e1 strana pre materi\u00e1l: pls\u0165.<\/p>\n<p>&nbsp;<\/p>\n","category_list":"","author_info":{"name":"","url":""},"comments_num":"0 comments","featured_image_urls_v2":{"full":["https:\/\/www.megastitch.eu\/wp-content\/uploads\/2021\/03\/drevene_srdiecka.png",750,1000,false],"thumbnail":["https:\/\/www.megastitch.eu\/wp-content\/uploads\/2021\/03\/drevene_srdiecka-150x150.png",150,150,true],"medium":["https:\/\/www.megastitch.eu\/wp-content\/uploads\/2021\/03\/drevene_srdiecka-225x300.png",225,300,true],"medium_large":["https:\/\/www.megastitch.eu\/wp-content\/uploads\/2021\/03\/drevene_srdiecka.png",750,1000,false],"large":["https:\/\/www.megastitch.eu\/wp-content\/uploads\/2021\/03\/drevene_srdiecka.png",750,1000,false],"1536x1536":["https:\/\/www.megastitch.eu\/wp-content\/uploads\/2021\/03\/drevene_srdiecka.png",750,1000,false],"2048x2048":["https:\/\/www.megastitch.eu\/wp-content\/uploads\/2021\/03\/drevene_srdiecka.png",750,1000,false],"ultp_layout_landscape_large":["https:\/\/www.megastitch.eu\/wp-content\/uploads\/2021\/03\/drevene_srdiecka-750x800.png",750,800,true],"ultp_layout_landscape":["https:\/\/www.megastitch.eu\/wp-content\/uploads\/2021\/03\/drevene_srdiecka-750x570.png",750,570,true],"ultp_layout_portrait":["https:\/\/www.megastitch.eu\/wp-content\/uploads\/2021\/03\/drevene_srdiecka-600x900.png",600,900,true],"ultp_layout_square":["https:\/\/www.megastitch.eu\/wp-content\/uploads\/2021\/03\/drevene_srdiecka-600x600.png",600,600,true],"molla_post-grid":["https:\/\/www.megastitch.eu\/wp-content\/uploads\/2021\/03\/drevene_srdiecka-400x267.png",400,267,true],"woocommerce_thumbnail":["https:\/\/www.megastitch.eu\/wp-content\/uploads\/2021\/03\/drevene_srdiecka-300x400.png",300,400,true],"woocommerce_single":["https:\/\/www.megastitch.eu\/wp-content\/uploads\/2021\/03\/drevene_srdiecka-600x800.png",600,800,true],"woocommerce_gallery_thumbnail":["https:\/\/www.megastitch.eu\/wp-content\/uploads\/2021\/03\/drevene_srdiecka-100x100.png",100,100,true]},"post_excerpt_stackable_v2":"<p><span style=\"font-weight: 400\">Dreven\u00fd podklad dod\u00e1 va\u0161ej v\u00fd\u0161ivke neodolate\u013en\u00fd \u0161arm a re\u00e1lny vzh\u013ead. Vy\u0161ite ob\u013e\u00faben\u00e9 predlohy srdie\u010dok na dreven\u00fd podklad a obdarujte t\u00fdmto netradi\u010dn\u00fdm&nbsp; dar\u010dekom.<br \/>\n<\/span><\/p>\n<p><strong>Materi\u00e1l:<\/strong> preglejka 3 mm.<br \/>\nZadn\u00e1 strana pre materi\u00e1l: pls\u0165.<\/p>\n<p>&nbsp;<\/p>\n","category_list_v2":"","author_info_v2":{"name":"","url":""},"comments_num_v2":"0 comments","uagb_featured_image_src":{"full":["https:\/\/www.megastitch.eu\/wp-content\/uploads\/2021\/03\/drevene_srdiecka.png",750,1000,false],"thumbnail":["https:\/\/www.megastitch.eu\/wp-content\/uploads\/2021\/03\/drevene_srdiecka-150x150.png",150,150,true],"medium":["https:\/\/www.megastitch.eu\/wp-content\/uploads\/2021\/03\/drevene_srdiecka-225x300.png",225,300,true],"medium_large":["https:\/\/www.megastitch.eu\/wp-content\/uploads\/2021\/03\/drevene_srdiecka.png",750,1000,false],"large":["https:\/\/www.megastitch.eu\/wp-content\/uploads\/2021\/03\/drevene_srdiecka.png",750,1000,false],"1536x1536":["https:\/\/www.megastitch.eu\/wp-content\/uploads\/2021\/03\/drevene_srdiecka.png",750,1000,false],"2048x2048":["https:\/\/www.megastitch.eu\/wp-content\/uploads\/2021\/03\/drevene_srdiecka.png",750,1000,false],"ultp_layout_landscape_large":["https:\/\/www.megastitch.eu\/wp-content\/uploads\/2021\/03\/drevene_srdiecka-750x800.png",750,800,true],"ultp_layout_landscape":["https:\/\/www.megastitch.eu\/wp-content\/uploads\/2021\/03\/drevene_srdiecka-750x570.png",750,570,true],"ultp_layout_portrait":["https:\/\/www.megastitch.eu\/wp-content\/uploads\/2021\/03\/drevene_srdiecka-600x900.png",600,900,true],"ultp_layout_square":["https:\/\/www.megastitch.eu\/wp-content\/uploads\/2021\/03\/drevene_srdiecka-600x600.png",600,600,true],"molla_post-grid":["https:\/\/www.megastitch.eu\/wp-content\/uploads\/2021\/03\/drevene_srdiecka-400x267.png",400,267,true],"woocommerce_thumbnail":["https:\/\/www.megastitch.eu\/wp-content\/uploads\/2021\/03\/drevene_srdiecka-300x400.png",300,400,true],"woocommerce_single":["https:\/\/www.megastitch.eu\/wp-content\/uploads\/2021\/03\/drevene_srdiecka-600x800.png",600,800,true],"woocommerce_gallery_thumbnail":["https:\/\/www.megastitch.eu\/wp-content\/uploads\/2021\/03\/drevene_srdiecka-100x100.png",100,100,true]},"uagb_author_info":{"display_name":"erbenova","author_link":"https:\/\/www.megastitch.eu\/cs\/author\/"},"uagb_comment_info":0,"uagb_excerpt":"Dreven\u00fd podklad dod\u00e1 va\u0161ej v\u00fd\u0161ivke neodolate\u013en\u00fd \u0161arm a re\u00e1lny vzh\u013ead. Vy\u0161ite ob\u013e\u00faben\u00e9 predlohy srdie\u010dok na dreven\u00fd podklad a obdarujte t\u00fdmto netradi\u010dn\u00fdm&nbsp; dar\u010dekom. Materi\u00e1l: preglejka 3 mm. Zadn\u00e1 strana pre materi\u00e1l: pls\u0165. &nbsp;","_links":{"self":[{"href":"https:\/\/www.megastitch.eu\/cs\/wp-json\/wp\/v2\/product\/26208"}],"collection":[{"href":"https:\/\/www.megastitch.eu\/cs\/wp-json\/wp\/v2\/product"}],"about":[{"href":"https:\/\/www.megastitch.eu\/cs\/wp-json\/wp\/v2\/types\/product"}],"replies":[{"embeddable":true,"href":"https:\/\/www.megastitch.eu\/cs\/wp-json\/wp\/v2\/comments?post=26208"}],"wp:featuredmedia":[{"embeddable":true,"href":"https:\/\/www.megastitch.eu\/cs\/wp-json\/wp\/v2\/media\/26233"}],"wp:attachment":[{"href":"https:\/\/www.megastitch.eu\/cs\/wp-json\/wp\/v2\/media?parent=26208"}],"wp:term":[{"taxonomy":"product_cat","embeddable":true,"href":"https:\/\/www.megastitch.eu\/cs\/wp-json\/wp\/v2\/product_cat?post=26208"},{"taxonomy":"product_tag","embeddable":true,"href":"https:\/\/www.megastitch.eu\/cs\/wp-json\/wp\/v2\/product_tag?post=26208"}],"curies":[{"name":"wp","href":"https:\/\/api.w.org\/{rel}","templated":true}]}}