	{"id":26211,"date":"2021-02-28T11:20:10","date_gmt":"2021-02-28T10:20:10","guid":{"rendered":"https:\/\/www.megastitch.eu\/?post_type=product&#038;p=26211"},"modified":"2023-04-07T17:37:24","modified_gmt":"2023-04-07T15:37:24","slug":"saty-pre-babiku","status":"publish","type":"product","link":"https:\/\/www.megastitch.eu\/cs\/obchod\/predlohy-na-vysivanie\/male-predlohy\/saty-pre-babiku\/","title":{"rendered":"\u0160aty pre b\u00e1biku"},"content":{"rendered":"<div class=\"nolwrap\"><p>&nbsp;<\/p>\n<p>Autorka predlohy: <strong>M\u00e1ria Erbenov\u00e1&nbsp;<\/strong><\/p>\n<h4>Inform\u00e1cie o predlohe:<\/h4>\n<p><strong>Po\u010det kr\u00ed\u017eikov: 43 x 56<\/strong><br \/>\n<strong>Rozmer l\u00e1tky: 7.80 x 9.80 cm<\/strong><br \/>\n<strong>L\u00e1tka<\/strong>: 14 ct aida<br \/>\n<strong>Bavlnky: <\/strong>DMC<br \/>\n<strong>Po\u010det farieb:<\/strong> 22 + 4 blendy<br \/>\n<strong>Pou\u017eit\u00e9 techniky:<\/strong> kr\u00ed\u017eiky, ob\u0161\u00edvanie<\/p>\n<h4>S\u00fabory na stiahnutie:<\/h4>\n<ul>\n<li><strong>pdf s\u00fabor<\/strong>\n<ul>\n<li>v \u010dierno-bielej verzii &#8211; s ob\u0161\u00edvan\u00edm a bez ob\u0161\u00edvania,<\/li>\n<li>vo farebnej verzii &#8211; s ob\u0161\u00edvan\u00edm a bez ob\u0161\u00edvania<\/li>\n<\/ul>\n<\/li>\n<li><strong>cssaga s\u00fabor<\/strong><\/li>\n<\/ul>\n<\/div>","protected":false},"excerpt":{"rendered":"<p data-pm-slice=\"1 1 []\">Po\u010fte sa vr\u00e1ti\u0165 do detsk\u00fdch \u010dias a&nbsp;vytvorte ok\u00faz\u013euj\u00face \u0161aty pre b\u00e1biku.<\/p>\n<p><strong>Po\u010det kr\u00ed\u017eikov: 49 x 80<\/strong><br \/>\n<strong>Rozmer l\u00e1tky: <\/strong>8.89 x 14.51 cm<br \/>\n<strong>Po\u010det farieb:<\/strong> 36 + 5 blendov<\/p>\n","protected":false},"featured_media":26221,"comment_status":"open","ping_status":"closed","template":"","meta":{"_uag_custom_page_level_css":"","ngg_post_thumbnail":0},"product_cat":[243,134,131],"product_tag":[319,227,232,231,136],"aioseo_notices":[],"featured_image_urls":{"full":["https:\/\/www.megastitch.eu\/wp-content\/uploads\/2021\/03\/dresses_frame_ss.jpg",1163,1295,false],"thumbnail":["https:\/\/www.megastitch.eu\/wp-content\/uploads\/2021\/03\/dresses_frame_ss-150x150.jpg",150,150,true],"medium":["https:\/\/www.megastitch.eu\/wp-content\/uploads\/2021\/03\/dresses_frame_ss-269x300.jpg",269,300,true],"medium_large":["https:\/\/www.megastitch.eu\/wp-content\/uploads\/2021\/03\/dresses_frame_ss-768x855.jpg",768,855,true],"large":["https:\/\/www.megastitch.eu\/wp-content\/uploads\/2021\/03\/dresses_frame_ss-920x1024.jpg",920,1024,true],"1536x1536":["https:\/\/www.megastitch.eu\/wp-content\/uploads\/2021\/03\/dresses_frame_ss.jpg",1163,1295,false],"2048x2048":["https:\/\/www.megastitch.eu\/wp-content\/uploads\/2021\/03\/dresses_frame_ss.jpg",1163,1295,false],"ultp_layout_landscape_large":["https:\/\/www.megastitch.eu\/wp-content\/uploads\/2021\/03\/dresses_frame_ss-1163x800.jpg",1163,800,true],"ultp_layout_landscape":["https:\/\/www.megastitch.eu\/wp-content\/uploads\/2021\/03\/dresses_frame_ss-870x570.jpg",870,570,true],"ultp_layout_portrait":["https:\/\/www.megastitch.eu\/wp-content\/uploads\/2021\/03\/dresses_frame_ss-600x900.jpg",600,900,true],"ultp_layout_square":["https:\/\/www.megastitch.eu\/wp-content\/uploads\/2021\/03\/dresses_frame_ss-600x600.jpg",600,600,true],"molla_post-grid":["https:\/\/www.megastitch.eu\/wp-content\/uploads\/2021\/03\/dresses_frame_ss-400x267.jpg",400,267,true],"woocommerce_thumbnail":["https:\/\/www.megastitch.eu\/wp-content\/uploads\/2021\/03\/dresses_frame_ss-300x334.jpg",300,334,true],"woocommerce_single":["https:\/\/www.megastitch.eu\/wp-content\/uploads\/2021\/03\/dresses_frame_ss-600x668.jpg",600,668,true],"woocommerce_gallery_thumbnail":["https:\/\/www.megastitch.eu\/wp-content\/uploads\/2021\/03\/dresses_frame_ss-100x100.jpg",100,100,true]},"post_excerpt_stackable":"<p data-pm-slice=\"1 1 []\">Po\u010fte sa vr\u00e1ti\u0165 do detsk\u00fdch \u010dias a&nbsp;vytvorte ok\u00faz\u013euj\u00face \u0161aty pre b\u00e1biku.<\/p>\n<p><strong>Po\u010det kr\u00ed\u017eikov: 49 x 80<\/strong><br \/>\n<strong>Rozmer l\u00e1tky: <\/strong>8.89 x 14.51 cm<br \/>\n<strong>Po\u010det farieb:<\/strong> 36 + 5 blendov<\/p>\n","category_list":"","author_info":{"name":"","url":""},"comments_num":"0 comments","featured_image_urls_v2":{"full":["https:\/\/www.megastitch.eu\/wp-content\/uploads\/2021\/03\/dresses_frame_ss.jpg",1163,1295,false],"thumbnail":["https:\/\/www.megastitch.eu\/wp-content\/uploads\/2021\/03\/dresses_frame_ss-150x150.jpg",150,150,true],"medium":["https:\/\/www.megastitch.eu\/wp-content\/uploads\/2021\/03\/dresses_frame_ss-269x300.jpg",269,300,true],"medium_large":["https:\/\/www.megastitch.eu\/wp-content\/uploads\/2021\/03\/dresses_frame_ss-768x855.jpg",768,855,true],"large":["https:\/\/www.megastitch.eu\/wp-content\/uploads\/2021\/03\/dresses_frame_ss-920x1024.jpg",920,1024,true],"1536x1536":["https:\/\/www.megastitch.eu\/wp-content\/uploads\/2021\/03\/dresses_frame_ss.jpg",1163,1295,false],"2048x2048":["https:\/\/www.megastitch.eu\/wp-content\/uploads\/2021\/03\/dresses_frame_ss.jpg",1163,1295,false],"ultp_layout_landscape_large":["https:\/\/www.megastitch.eu\/wp-content\/uploads\/2021\/03\/dresses_frame_ss-1163x800.jpg",1163,800,true],"ultp_layout_landscape":["https:\/\/www.megastitch.eu\/wp-content\/uploads\/2021\/03\/dresses_frame_ss-870x570.jpg",870,570,true],"ultp_layout_portrait":["https:\/\/www.megastitch.eu\/wp-content\/uploads\/2021\/03\/dresses_frame_ss-600x900.jpg",600,900,true],"ultp_layout_square":["https:\/\/www.megastitch.eu\/wp-content\/uploads\/2021\/03\/dresses_frame_ss-600x600.jpg",600,600,true],"molla_post-grid":["https:\/\/www.megastitch.eu\/wp-content\/uploads\/2021\/03\/dresses_frame_ss-400x267.jpg",400,267,true],"woocommerce_thumbnail":["https:\/\/www.megastitch.eu\/wp-content\/uploads\/2021\/03\/dresses_frame_ss-300x334.jpg",300,334,true],"woocommerce_single":["https:\/\/www.megastitch.eu\/wp-content\/uploads\/2021\/03\/dresses_frame_ss-600x668.jpg",600,668,true],"woocommerce_gallery_thumbnail":["https:\/\/www.megastitch.eu\/wp-content\/uploads\/2021\/03\/dresses_frame_ss-100x100.jpg",100,100,true]},"post_excerpt_stackable_v2":"<p data-pm-slice=\"1 1 []\">Po\u010fte sa vr\u00e1ti\u0165 do detsk\u00fdch \u010dias a&nbsp;vytvorte ok\u00faz\u013euj\u00face \u0161aty pre b\u00e1biku.<\/p>\n<p><strong>Po\u010det kr\u00ed\u017eikov: 49 x 80<\/strong><br \/>\n<strong>Rozmer l\u00e1tky: <\/strong>8.89 x 14.51 cm<br \/>\n<strong>Po\u010det farieb:<\/strong> 36 + 5 blendov<\/p>\n","category_list_v2":"","author_info_v2":{"name":"","url":""},"comments_num_v2":"0 comments","uagb_featured_image_src":{"full":["https:\/\/www.megastitch.eu\/wp-content\/uploads\/2021\/03\/dresses_frame_ss.jpg",1163,1295,false],"thumbnail":["https:\/\/www.megastitch.eu\/wp-content\/uploads\/2021\/03\/dresses_frame_ss-150x150.jpg",150,150,true],"medium":["https:\/\/www.megastitch.eu\/wp-content\/uploads\/2021\/03\/dresses_frame_ss-269x300.jpg",269,300,true],"medium_large":["https:\/\/www.megastitch.eu\/wp-content\/uploads\/2021\/03\/dresses_frame_ss-768x855.jpg",768,855,true],"large":["https:\/\/www.megastitch.eu\/wp-content\/uploads\/2021\/03\/dresses_frame_ss-920x1024.jpg",920,1024,true],"1536x1536":["https:\/\/www.megastitch.eu\/wp-content\/uploads\/2021\/03\/dresses_frame_ss.jpg",1163,1295,false],"2048x2048":["https:\/\/www.megastitch.eu\/wp-content\/uploads\/2021\/03\/dresses_frame_ss.jpg",1163,1295,false],"ultp_layout_landscape_large":["https:\/\/www.megastitch.eu\/wp-content\/uploads\/2021\/03\/dresses_frame_ss-1163x800.jpg",1163,800,true],"ultp_layout_landscape":["https:\/\/www.megastitch.eu\/wp-content\/uploads\/2021\/03\/dresses_frame_ss-870x570.jpg",870,570,true],"ultp_layout_portrait":["https:\/\/www.megastitch.eu\/wp-content\/uploads\/2021\/03\/dresses_frame_ss-600x900.jpg",600,900,true],"ultp_layout_square":["https:\/\/www.megastitch.eu\/wp-content\/uploads\/2021\/03\/dresses_frame_ss-600x600.jpg",600,600,true],"molla_post-grid":["https:\/\/www.megastitch.eu\/wp-content\/uploads\/2021\/03\/dresses_frame_ss-400x267.jpg",400,267,true],"woocommerce_thumbnail":["https:\/\/www.megastitch.eu\/wp-content\/uploads\/2021\/03\/dresses_frame_ss-300x334.jpg",300,334,true],"woocommerce_single":["https:\/\/www.megastitch.eu\/wp-content\/uploads\/2021\/03\/dresses_frame_ss-600x668.jpg",600,668,true],"woocommerce_gallery_thumbnail":["https:\/\/www.megastitch.eu\/wp-content\/uploads\/2021\/03\/dresses_frame_ss-100x100.jpg",100,100,true]},"uagb_author_info":{"display_name":"monika","author_link":"https:\/\/www.megastitch.eu\/cs\/author\/"},"uagb_comment_info":0,"uagb_excerpt":"Po\u010fte sa vr\u00e1ti\u0165 do detsk\u00fdch \u010dias a&nbsp;vytvorte ok\u00faz\u013euj\u00face \u0161aty pre b\u00e1biku. Po\u010det kr\u00ed\u017eikov: 49 x 80 Rozmer l\u00e1tky: 8.89 x 14.51 cm Po\u010det farieb: 36 + 5 blendov","_links":{"self":[{"href":"https:\/\/www.megastitch.eu\/cs\/wp-json\/wp\/v2\/product\/26211"}],"collection":[{"href":"https:\/\/www.megastitch.eu\/cs\/wp-json\/wp\/v2\/product"}],"about":[{"href":"https:\/\/www.megastitch.eu\/cs\/wp-json\/wp\/v2\/types\/product"}],"replies":[{"embeddable":true,"href":"https:\/\/www.megastitch.eu\/cs\/wp-json\/wp\/v2\/comments?post=26211"}],"wp:featuredmedia":[{"embeddable":true,"href":"https:\/\/www.megastitch.eu\/cs\/wp-json\/wp\/v2\/media\/26221"}],"wp:attachment":[{"href":"https:\/\/www.megastitch.eu\/cs\/wp-json\/wp\/v2\/media?parent=26211"}],"wp:term":[{"taxonomy":"product_cat","embeddable":true,"href":"https:\/\/www.megastitch.eu\/cs\/wp-json\/wp\/v2\/product_cat?post=26211"},{"taxonomy":"product_tag","embeddable":true,"href":"https:\/\/www.megastitch.eu\/cs\/wp-json\/wp\/v2\/product_tag?post=26211"}],"curies":[{"name":"wp","href":"https:\/\/api.w.org\/{rel}","templated":true}]}}