	{"id":26247,"date":"2021-03-15T19:36:09","date_gmt":"2021-03-15T18:36:09","guid":{"rendered":"https:\/\/www.megastitch.eu\/?post_type=product&#038;p=26247"},"modified":"2024-05-25T16:14:13","modified_gmt":"2024-05-25T14:14:13","slug":"podlozka-na-vysivanie-vzor-znamka","status":"publish","type":"product","link":"https:\/\/www.megastitch.eu\/cs\/obchod\/podklady-na-vysivanie\/drevene-podklady-na-vysivanie\/podlozka-na-vysivanie-vzor-znamka\/","title":{"rendered":"Podlo\u017eka na vy\u0161\u00edvanie, vzor Zn\u00e1mka"},"content":{"rendered":"<div class=\"nolwrap\"><p>L\u00edcna strana ur\u010den\u00e1 na vy\u0161\u00edvanie je t\u00e1 s v\u00e4\u010d\u0161\u00edmi dierkami.<\/p>\n<p><strong>Materi\u00e1l:<\/strong>&nbsp;preglejka 3 mm.<br \/>\nZadn\u00e1 strana pre materi\u00e1l: pls\u0165.<\/p>\n<p>Rozmery:<\/p>\n<p>Po\u010det kr\u00ed\u017eikov: 40 x 40<\/p>\n<p>Aktu\u00e1lne vzory, ktor\u00e9 je na to mo\u017en\u00e9 vy\u0161\u00edva\u0165, n\u00e1jdete tu: <a href=\"https:\/\/vk.com\/album-189528689_273124867\" target=\"_blank\" rel=\"noopener noreferrer\">https:\/\/vk.com\/album-189528689_273124867<\/a>. S n\u00e1kupom viem pom\u00f4c\u0165, ke\u010f bude treba.<\/p>\n<\/div>","protected":false},"excerpt":{"rendered":"<p><span style=\"font-weight: 400;\">Dreven\u00fd podklad dod\u00e1 va\u0161ej v\u00fd\u0161ivke neodolate\u013en\u00fd \u0161arm a re\u00e1lny vzh\u013ead. Vy\u0161ite predlohu zn\u00e1mky na dreven\u00fd podklad a dodajte va\u0161ej v\u00fd\u0161ivke realistick\u00fd vzh\u013ead.&nbsp;<\/span><\/p>\n<p><strong>Materi\u00e1l:<\/strong>&nbsp;preglejka 3 mm.<br \/>\nZadn\u00e1 strana pre materi\u00e1l: pls\u0165.<\/p>\n","protected":false},"featured_media":26248,"comment_status":"open","ping_status":"closed","template":"","meta":{"_uag_custom_page_level_css":"","ngg_post_thumbnail":0},"product_cat":[230],"product_tag":[236,235],"aioseo_notices":[],"featured_image_urls":{"full":["https:\/\/www.megastitch.eu\/wp-content\/uploads\/2021\/03\/drevena_znamka.png",1000,750,false],"thumbnail":["https:\/\/www.megastitch.eu\/wp-content\/uploads\/2021\/03\/drevena_znamka-150x150.png",150,150,true],"medium":["https:\/\/www.megastitch.eu\/wp-content\/uploads\/2021\/03\/drevena_znamka-300x225.png",300,225,true],"medium_large":["https:\/\/www.megastitch.eu\/wp-content\/uploads\/2021\/03\/drevena_znamka-768x576.png",768,576,true],"large":["https:\/\/www.megastitch.eu\/wp-content\/uploads\/2021\/03\/drevena_znamka.png",1000,750,false],"1536x1536":["https:\/\/www.megastitch.eu\/wp-content\/uploads\/2021\/03\/drevena_znamka.png",1000,750,false],"2048x2048":["https:\/\/www.megastitch.eu\/wp-content\/uploads\/2021\/03\/drevena_znamka.png",1000,750,false],"ultp_layout_landscape_large":["https:\/\/www.megastitch.eu\/wp-content\/uploads\/2021\/03\/drevena_znamka.png",1000,750,false],"ultp_layout_landscape":["https:\/\/www.megastitch.eu\/wp-content\/uploads\/2021\/03\/drevena_znamka-870x570.png",870,570,true],"ultp_layout_portrait":["https:\/\/www.megastitch.eu\/wp-content\/uploads\/2021\/03\/drevena_znamka-600x750.png",600,750,true],"ultp_layout_square":["https:\/\/www.megastitch.eu\/wp-content\/uploads\/2021\/03\/drevena_znamka-600x600.png",600,600,true],"molla_post-grid":["https:\/\/www.megastitch.eu\/wp-content\/uploads\/2021\/03\/drevena_znamka-400x267.png",400,267,true],"woocommerce_thumbnail":["https:\/\/www.megastitch.eu\/wp-content\/uploads\/2021\/03\/drevena_znamka-300x225.png",300,225,true],"woocommerce_single":["https:\/\/www.megastitch.eu\/wp-content\/uploads\/2021\/03\/drevena_znamka-600x450.png",600,450,true],"woocommerce_gallery_thumbnail":["https:\/\/www.megastitch.eu\/wp-content\/uploads\/2021\/03\/drevena_znamka-100x100.png",100,100,true]},"post_excerpt_stackable":"<p><span style=\"font-weight: 400;\">Dreven\u00fd podklad dod\u00e1 va\u0161ej v\u00fd\u0161ivke neodolate\u013en\u00fd \u0161arm a re\u00e1lny vzh\u013ead. Vy\u0161ite predlohu zn\u00e1mky na dreven\u00fd podklad a dodajte va\u0161ej v\u00fd\u0161ivke realistick\u00fd vzh\u013ead.&nbsp;<\/span><\/p>\n<p><strong>Materi\u00e1l:<\/strong>&nbsp;preglejka 3 mm.<br \/>\nZadn\u00e1 strana pre materi\u00e1l: pls\u0165.<\/p>\n","category_list":"","author_info":{"name":"","url":""},"comments_num":"0 comments","featured_image_urls_v2":{"full":["https:\/\/www.megastitch.eu\/wp-content\/uploads\/2021\/03\/drevena_znamka.png",1000,750,false],"thumbnail":["https:\/\/www.megastitch.eu\/wp-content\/uploads\/2021\/03\/drevena_znamka-150x150.png",150,150,true],"medium":["https:\/\/www.megastitch.eu\/wp-content\/uploads\/2021\/03\/drevena_znamka-300x225.png",300,225,true],"medium_large":["https:\/\/www.megastitch.eu\/wp-content\/uploads\/2021\/03\/drevena_znamka-768x576.png",768,576,true],"large":["https:\/\/www.megastitch.eu\/wp-content\/uploads\/2021\/03\/drevena_znamka.png",1000,750,false],"1536x1536":["https:\/\/www.megastitch.eu\/wp-content\/uploads\/2021\/03\/drevena_znamka.png",1000,750,false],"2048x2048":["https:\/\/www.megastitch.eu\/wp-content\/uploads\/2021\/03\/drevena_znamka.png",1000,750,false],"ultp_layout_landscape_large":["https:\/\/www.megastitch.eu\/wp-content\/uploads\/2021\/03\/drevena_znamka.png",1000,750,false],"ultp_layout_landscape":["https:\/\/www.megastitch.eu\/wp-content\/uploads\/2021\/03\/drevena_znamka-870x570.png",870,570,true],"ultp_layout_portrait":["https:\/\/www.megastitch.eu\/wp-content\/uploads\/2021\/03\/drevena_znamka-600x750.png",600,750,true],"ultp_layout_square":["https:\/\/www.megastitch.eu\/wp-content\/uploads\/2021\/03\/drevena_znamka-600x600.png",600,600,true],"molla_post-grid":["https:\/\/www.megastitch.eu\/wp-content\/uploads\/2021\/03\/drevena_znamka-400x267.png",400,267,true],"woocommerce_thumbnail":["https:\/\/www.megastitch.eu\/wp-content\/uploads\/2021\/03\/drevena_znamka-300x225.png",300,225,true],"woocommerce_single":["https:\/\/www.megastitch.eu\/wp-content\/uploads\/2021\/03\/drevena_znamka-600x450.png",600,450,true],"woocommerce_gallery_thumbnail":["https:\/\/www.megastitch.eu\/wp-content\/uploads\/2021\/03\/drevena_znamka-100x100.png",100,100,true]},"post_excerpt_stackable_v2":"<p><span style=\"font-weight: 400;\">Dreven\u00fd podklad dod\u00e1 va\u0161ej v\u00fd\u0161ivke neodolate\u013en\u00fd \u0161arm a re\u00e1lny vzh\u013ead. Vy\u0161ite predlohu zn\u00e1mky na dreven\u00fd podklad a dodajte va\u0161ej v\u00fd\u0161ivke realistick\u00fd vzh\u013ead.&nbsp;<\/span><\/p>\n<p><strong>Materi\u00e1l:<\/strong>&nbsp;preglejka 3 mm.<br \/>\nZadn\u00e1 strana pre materi\u00e1l: pls\u0165.<\/p>\n","category_list_v2":"","author_info_v2":{"name":"","url":""},"comments_num_v2":"0 comments","uagb_featured_image_src":{"full":["https:\/\/www.megastitch.eu\/wp-content\/uploads\/2021\/03\/drevena_znamka.png",1000,750,false],"thumbnail":["https:\/\/www.megastitch.eu\/wp-content\/uploads\/2021\/03\/drevena_znamka-150x150.png",150,150,true],"medium":["https:\/\/www.megastitch.eu\/wp-content\/uploads\/2021\/03\/drevena_znamka-300x225.png",300,225,true],"medium_large":["https:\/\/www.megastitch.eu\/wp-content\/uploads\/2021\/03\/drevena_znamka-768x576.png",768,576,true],"large":["https:\/\/www.megastitch.eu\/wp-content\/uploads\/2021\/03\/drevena_znamka.png",1000,750,false],"1536x1536":["https:\/\/www.megastitch.eu\/wp-content\/uploads\/2021\/03\/drevena_znamka.png",1000,750,false],"2048x2048":["https:\/\/www.megastitch.eu\/wp-content\/uploads\/2021\/03\/drevena_znamka.png",1000,750,false],"ultp_layout_landscape_large":["https:\/\/www.megastitch.eu\/wp-content\/uploads\/2021\/03\/drevena_znamka.png",1000,750,false],"ultp_layout_landscape":["https:\/\/www.megastitch.eu\/wp-content\/uploads\/2021\/03\/drevena_znamka-870x570.png",870,570,true],"ultp_layout_portrait":["https:\/\/www.megastitch.eu\/wp-content\/uploads\/2021\/03\/drevena_znamka-600x750.png",600,750,true],"ultp_layout_square":["https:\/\/www.megastitch.eu\/wp-content\/uploads\/2021\/03\/drevena_znamka-600x600.png",600,600,true],"molla_post-grid":["https:\/\/www.megastitch.eu\/wp-content\/uploads\/2021\/03\/drevena_znamka-400x267.png",400,267,true],"woocommerce_thumbnail":["https:\/\/www.megastitch.eu\/wp-content\/uploads\/2021\/03\/drevena_znamka-300x225.png",300,225,true],"woocommerce_single":["https:\/\/www.megastitch.eu\/wp-content\/uploads\/2021\/03\/drevena_znamka-600x450.png",600,450,true],"woocommerce_gallery_thumbnail":["https:\/\/www.megastitch.eu\/wp-content\/uploads\/2021\/03\/drevena_znamka-100x100.png",100,100,true]},"uagb_author_info":{"display_name":"monika","author_link":"https:\/\/www.megastitch.eu\/cs\/author\/"},"uagb_comment_info":0,"uagb_excerpt":"Dreven\u00fd podklad dod\u00e1 va\u0161ej v\u00fd\u0161ivke neodolate\u013en\u00fd \u0161arm a re\u00e1lny vzh\u013ead. Vy\u0161ite predlohu zn\u00e1mky na dreven\u00fd podklad a dodajte va\u0161ej v\u00fd\u0161ivke realistick\u00fd vzh\u013ead.&nbsp; Materi\u00e1l:&nbsp;preglejka 3 mm. Zadn\u00e1 strana pre materi\u00e1l: pls\u0165.","_links":{"self":[{"href":"https:\/\/www.megastitch.eu\/cs\/wp-json\/wp\/v2\/product\/26247"}],"collection":[{"href":"https:\/\/www.megastitch.eu\/cs\/wp-json\/wp\/v2\/product"}],"about":[{"href":"https:\/\/www.megastitch.eu\/cs\/wp-json\/wp\/v2\/types\/product"}],"replies":[{"embeddable":true,"href":"https:\/\/www.megastitch.eu\/cs\/wp-json\/wp\/v2\/comments?post=26247"}],"wp:featuredmedia":[{"embeddable":true,"href":"https:\/\/www.megastitch.eu\/cs\/wp-json\/wp\/v2\/media\/26248"}],"wp:attachment":[{"href":"https:\/\/www.megastitch.eu\/cs\/wp-json\/wp\/v2\/media?parent=26247"}],"wp:term":[{"taxonomy":"product_cat","embeddable":true,"href":"https:\/\/www.megastitch.eu\/cs\/wp-json\/wp\/v2\/product_cat?post=26247"},{"taxonomy":"product_tag","embeddable":true,"href":"https:\/\/www.megastitch.eu\/cs\/wp-json\/wp\/v2\/product_tag?post=26247"}],"curies":[{"name":"wp","href":"https:\/\/api.w.org\/{rel}","templated":true}]}}