	{"id":26251,"date":"2021-03-16T10:58:16","date_gmt":"2021-03-16T09:58:16","guid":{"rendered":"https:\/\/www.megastitch.eu\/?post_type=product&#038;p=26251"},"modified":"2023-05-27T18:15:45","modified_gmt":"2023-05-27T16:15:45","slug":"organizer-na-bavlnky-majak","status":"publish","type":"product","link":"https:\/\/www.megastitch.eu\/cs\/obchod\/doplnky-k-vysivaniu\/organizery-na-bavlnky\/organizer-na-bavlnky-majak\/","title":{"rendered":"Organiz\u00e9r na bavlnky &#8211; Maj\u00e1k"},"content":{"rendered":"<div class=\"nolwrap\"><p>Materi\u00e1l: drevo<br \/>\nHr\u00fabka:<br \/>\n\u0160\u00edrka: 12cm<br \/>\nV\u00fd\u0161ka: 20cm<\/p>\n<\/div>","protected":false},"excerpt":{"rendered":"<p>Pokoj a harm\u00f3niu pri vy\u0161\u00edvan\u00ed v\u00e1m ur\u010dite zaru\u010d\u00ed aj tento organiz\u00e9r na bavlnky.\u00a0 Objavte rados\u0165 z pohodlnej pr\u00e1ce a spr\u00edjemnite si chv\u00edle relaxu s n\u00e1dhern\u00fdm mot\u00edvom maj\u00e1ku.<\/p>\n","protected":false},"featured_media":26242,"comment_status":"open","ping_status":"closed","template":"","meta":{"_uag_custom_page_level_css":"","ngg_post_thumbnail":0},"product_cat":[15,239],"product_tag":[237],"aioseo_notices":[],"featured_image_urls":{"full":["https:\/\/www.megastitch.eu\/wp-content\/uploads\/2021\/03\/organizer_na_bavlnky_majak.png",750,1000,false],"thumbnail":["https:\/\/www.megastitch.eu\/wp-content\/uploads\/2021\/03\/organizer_na_bavlnky_majak-150x150.png",150,150,true],"medium":["https:\/\/www.megastitch.eu\/wp-content\/uploads\/2021\/03\/organizer_na_bavlnky_majak-225x300.png",225,300,true],"medium_large":["https:\/\/www.megastitch.eu\/wp-content\/uploads\/2021\/03\/organizer_na_bavlnky_majak.png",750,1000,false],"large":["https:\/\/www.megastitch.eu\/wp-content\/uploads\/2021\/03\/organizer_na_bavlnky_majak.png",750,1000,false],"1536x1536":["https:\/\/www.megastitch.eu\/wp-content\/uploads\/2021\/03\/organizer_na_bavlnky_majak.png",750,1000,false],"2048x2048":["https:\/\/www.megastitch.eu\/wp-content\/uploads\/2021\/03\/organizer_na_bavlnky_majak.png",750,1000,false],"ultp_layout_landscape_large":["https:\/\/www.megastitch.eu\/wp-content\/uploads\/2021\/03\/organizer_na_bavlnky_majak-750x800.png",750,800,true],"ultp_layout_landscape":["https:\/\/www.megastitch.eu\/wp-content\/uploads\/2021\/03\/organizer_na_bavlnky_majak-750x570.png",750,570,true],"ultp_layout_portrait":["https:\/\/www.megastitch.eu\/wp-content\/uploads\/2021\/03\/organizer_na_bavlnky_majak-600x900.png",600,900,true],"ultp_layout_square":["https:\/\/www.megastitch.eu\/wp-content\/uploads\/2021\/03\/organizer_na_bavlnky_majak-600x600.png",600,600,true],"molla_post-grid":["https:\/\/www.megastitch.eu\/wp-content\/uploads\/2021\/03\/organizer_na_bavlnky_majak-400x267.png",400,267,true],"woocommerce_thumbnail":["https:\/\/www.megastitch.eu\/wp-content\/uploads\/2021\/03\/organizer_na_bavlnky_majak-300x400.png",300,400,true],"woocommerce_single":["https:\/\/www.megastitch.eu\/wp-content\/uploads\/2021\/03\/organizer_na_bavlnky_majak-600x800.png",600,800,true],"woocommerce_gallery_thumbnail":["https:\/\/www.megastitch.eu\/wp-content\/uploads\/2021\/03\/organizer_na_bavlnky_majak-100x100.png",100,100,true]},"post_excerpt_stackable":"<p>Pokoj a harm\u00f3niu pri vy\u0161\u00edvan\u00ed v\u00e1m ur\u010dite zaru\u010d\u00ed aj tento organiz\u00e9r na bavlnky.\u00a0 Objavte rados\u0165 z pohodlnej pr\u00e1ce a spr\u00edjemnite si chv\u00edle relaxu s n\u00e1dhern\u00fdm mot\u00edvom maj\u00e1ku.<\/p>\n","category_list":"","author_info":{"name":"","url":""},"comments_num":"0 comments","featured_image_urls_v2":{"full":["https:\/\/www.megastitch.eu\/wp-content\/uploads\/2021\/03\/organizer_na_bavlnky_majak.png",750,1000,false],"thumbnail":["https:\/\/www.megastitch.eu\/wp-content\/uploads\/2021\/03\/organizer_na_bavlnky_majak-150x150.png",150,150,true],"medium":["https:\/\/www.megastitch.eu\/wp-content\/uploads\/2021\/03\/organizer_na_bavlnky_majak-225x300.png",225,300,true],"medium_large":["https:\/\/www.megastitch.eu\/wp-content\/uploads\/2021\/03\/organizer_na_bavlnky_majak.png",750,1000,false],"large":["https:\/\/www.megastitch.eu\/wp-content\/uploads\/2021\/03\/organizer_na_bavlnky_majak.png",750,1000,false],"1536x1536":["https:\/\/www.megastitch.eu\/wp-content\/uploads\/2021\/03\/organizer_na_bavlnky_majak.png",750,1000,false],"2048x2048":["https:\/\/www.megastitch.eu\/wp-content\/uploads\/2021\/03\/organizer_na_bavlnky_majak.png",750,1000,false],"ultp_layout_landscape_large":["https:\/\/www.megastitch.eu\/wp-content\/uploads\/2021\/03\/organizer_na_bavlnky_majak-750x800.png",750,800,true],"ultp_layout_landscape":["https:\/\/www.megastitch.eu\/wp-content\/uploads\/2021\/03\/organizer_na_bavlnky_majak-750x570.png",750,570,true],"ultp_layout_portrait":["https:\/\/www.megastitch.eu\/wp-content\/uploads\/2021\/03\/organizer_na_bavlnky_majak-600x900.png",600,900,true],"ultp_layout_square":["https:\/\/www.megastitch.eu\/wp-content\/uploads\/2021\/03\/organizer_na_bavlnky_majak-600x600.png",600,600,true],"molla_post-grid":["https:\/\/www.megastitch.eu\/wp-content\/uploads\/2021\/03\/organizer_na_bavlnky_majak-400x267.png",400,267,true],"woocommerce_thumbnail":["https:\/\/www.megastitch.eu\/wp-content\/uploads\/2021\/03\/organizer_na_bavlnky_majak-300x400.png",300,400,true],"woocommerce_single":["https:\/\/www.megastitch.eu\/wp-content\/uploads\/2021\/03\/organizer_na_bavlnky_majak-600x800.png",600,800,true],"woocommerce_gallery_thumbnail":["https:\/\/www.megastitch.eu\/wp-content\/uploads\/2021\/03\/organizer_na_bavlnky_majak-100x100.png",100,100,true]},"post_excerpt_stackable_v2":"<p>Pokoj a harm\u00f3niu pri vy\u0161\u00edvan\u00ed v\u00e1m ur\u010dite zaru\u010d\u00ed aj tento organiz\u00e9r na bavlnky.\u00a0 Objavte rados\u0165 z pohodlnej pr\u00e1ce a spr\u00edjemnite si chv\u00edle relaxu s n\u00e1dhern\u00fdm mot\u00edvom maj\u00e1ku.<\/p>\n","category_list_v2":"","author_info_v2":{"name":"","url":""},"comments_num_v2":"0 comments","uagb_featured_image_src":{"full":["https:\/\/www.megastitch.eu\/wp-content\/uploads\/2021\/03\/organizer_na_bavlnky_majak.png",750,1000,false],"thumbnail":["https:\/\/www.megastitch.eu\/wp-content\/uploads\/2021\/03\/organizer_na_bavlnky_majak-150x150.png",150,150,true],"medium":["https:\/\/www.megastitch.eu\/wp-content\/uploads\/2021\/03\/organizer_na_bavlnky_majak-225x300.png",225,300,true],"medium_large":["https:\/\/www.megastitch.eu\/wp-content\/uploads\/2021\/03\/organizer_na_bavlnky_majak.png",750,1000,false],"large":["https:\/\/www.megastitch.eu\/wp-content\/uploads\/2021\/03\/organizer_na_bavlnky_majak.png",750,1000,false],"1536x1536":["https:\/\/www.megastitch.eu\/wp-content\/uploads\/2021\/03\/organizer_na_bavlnky_majak.png",750,1000,false],"2048x2048":["https:\/\/www.megastitch.eu\/wp-content\/uploads\/2021\/03\/organizer_na_bavlnky_majak.png",750,1000,false],"ultp_layout_landscape_large":["https:\/\/www.megastitch.eu\/wp-content\/uploads\/2021\/03\/organizer_na_bavlnky_majak-750x800.png",750,800,true],"ultp_layout_landscape":["https:\/\/www.megastitch.eu\/wp-content\/uploads\/2021\/03\/organizer_na_bavlnky_majak-750x570.png",750,570,true],"ultp_layout_portrait":["https:\/\/www.megastitch.eu\/wp-content\/uploads\/2021\/03\/organizer_na_bavlnky_majak-600x900.png",600,900,true],"ultp_layout_square":["https:\/\/www.megastitch.eu\/wp-content\/uploads\/2021\/03\/organizer_na_bavlnky_majak-600x600.png",600,600,true],"molla_post-grid":["https:\/\/www.megastitch.eu\/wp-content\/uploads\/2021\/03\/organizer_na_bavlnky_majak-400x267.png",400,267,true],"woocommerce_thumbnail":["https:\/\/www.megastitch.eu\/wp-content\/uploads\/2021\/03\/organizer_na_bavlnky_majak-300x400.png",300,400,true],"woocommerce_single":["https:\/\/www.megastitch.eu\/wp-content\/uploads\/2021\/03\/organizer_na_bavlnky_majak-600x800.png",600,800,true],"woocommerce_gallery_thumbnail":["https:\/\/www.megastitch.eu\/wp-content\/uploads\/2021\/03\/organizer_na_bavlnky_majak-100x100.png",100,100,true]},"uagb_author_info":{"display_name":"monika","author_link":"https:\/\/www.megastitch.eu\/cs\/author\/"},"uagb_comment_info":0,"uagb_excerpt":"Pokoj a harm\u00f3niu pri vy\u0161\u00edvan\u00ed v\u00e1m ur\u010dite zaru\u010d\u00ed aj tento organiz\u00e9r na bavlnky.\u00a0 Objavte rados\u0165 z pohodlnej pr\u00e1ce a spr\u00edjemnite si chv\u00edle relaxu s n\u00e1dhern\u00fdm mot\u00edvom maj\u00e1ku.","_links":{"self":[{"href":"https:\/\/www.megastitch.eu\/cs\/wp-json\/wp\/v2\/product\/26251"}],"collection":[{"href":"https:\/\/www.megastitch.eu\/cs\/wp-json\/wp\/v2\/product"}],"about":[{"href":"https:\/\/www.megastitch.eu\/cs\/wp-json\/wp\/v2\/types\/product"}],"replies":[{"embeddable":true,"href":"https:\/\/www.megastitch.eu\/cs\/wp-json\/wp\/v2\/comments?post=26251"}],"wp:featuredmedia":[{"embeddable":true,"href":"https:\/\/www.megastitch.eu\/cs\/wp-json\/wp\/v2\/media\/26242"}],"wp:attachment":[{"href":"https:\/\/www.megastitch.eu\/cs\/wp-json\/wp\/v2\/media?parent=26251"}],"wp:term":[{"taxonomy":"product_cat","embeddable":true,"href":"https:\/\/www.megastitch.eu\/cs\/wp-json\/wp\/v2\/product_cat?post=26251"},{"taxonomy":"product_tag","embeddable":true,"href":"https:\/\/www.megastitch.eu\/cs\/wp-json\/wp\/v2\/product_tag?post=26251"}],"curies":[{"name":"wp","href":"https:\/\/api.w.org\/{rel}","templated":true}]}}