	{"id":26252,"date":"2021-03-15T19:42:57","date_gmt":"2021-03-15T18:42:57","guid":{"rendered":"https:\/\/www.megastitch.eu\/?post_type=product&#038;p=26252"},"modified":"2023-05-27T18:15:26","modified_gmt":"2023-05-27T16:15:26","slug":"organizer-na-bavlnky-strom","status":"publish","type":"product","link":"https:\/\/www.megastitch.eu\/cs\/obchod\/doplnky-k-vysivaniu\/organizery-na-bavlnky\/organizer-na-bavlnky-strom\/","title":{"rendered":"Organiz\u00e9r na bavlnky &#8211; Strom"},"content":{"rendered":"<div class=\"nolwrap\"><p>Materi\u00e1l: drevo<br \/>\nHr\u00fabka:<br \/>\nPriemer: 20 cm<\/p>\n<\/div>","protected":false},"excerpt":{"rendered":"<p><span style=\"font-weight: 400\">Pokoj a harm\u00f3niu pri vy\u0161\u00edvan\u00ed v\u00e1m ur\u010dite zaru\u010d\u00ed aj tento organiz\u00e9r na bavlnky.\u00a0 Objavte rados\u0165 z pohodlnej pr\u00e1ce a spr\u00edjemnite si chv\u00edle relaxu s n\u00e1dhern\u00fdm mot\u00edvom stromu.\u00a0<\/span><\/p>\n","protected":false},"featured_media":27614,"comment_status":"open","ping_status":"closed","template":"","meta":{"_uag_custom_page_level_css":"","ngg_post_thumbnail":0},"product_cat":[15,239],"product_tag":[237],"aioseo_notices":[],"featured_image_urls":{"full":["https:\/\/www.megastitch.eu\/wp-content\/uploads\/2021\/03\/organizer_na_bavlnky_strom.jpg",604,804,false],"thumbnail":["https:\/\/www.megastitch.eu\/wp-content\/uploads\/2021\/03\/organizer_na_bavlnky_strom-150x150.jpg",150,150,true],"medium":["https:\/\/www.megastitch.eu\/wp-content\/uploads\/2021\/03\/organizer_na_bavlnky_strom-225x300.jpg",225,300,true],"medium_large":["https:\/\/www.megastitch.eu\/wp-content\/uploads\/2021\/03\/organizer_na_bavlnky_strom.jpg",604,804,false],"large":["https:\/\/www.megastitch.eu\/wp-content\/uploads\/2021\/03\/organizer_na_bavlnky_strom.jpg",604,804,false],"1536x1536":["https:\/\/www.megastitch.eu\/wp-content\/uploads\/2021\/03\/organizer_na_bavlnky_strom.jpg",604,804,false],"2048x2048":["https:\/\/www.megastitch.eu\/wp-content\/uploads\/2021\/03\/organizer_na_bavlnky_strom.jpg",604,804,false],"ultp_layout_landscape_large":["https:\/\/www.megastitch.eu\/wp-content\/uploads\/2021\/03\/organizer_na_bavlnky_strom-604x800.jpg",604,800,true],"ultp_layout_landscape":["https:\/\/www.megastitch.eu\/wp-content\/uploads\/2021\/03\/organizer_na_bavlnky_strom-604x570.jpg",604,570,true],"ultp_layout_portrait":["https:\/\/www.megastitch.eu\/wp-content\/uploads\/2021\/03\/organizer_na_bavlnky_strom-600x804.jpg",600,804,true],"ultp_layout_square":["https:\/\/www.megastitch.eu\/wp-content\/uploads\/2021\/03\/organizer_na_bavlnky_strom-600x600.jpg",600,600,true],"molla_post-grid":["https:\/\/www.megastitch.eu\/wp-content\/uploads\/2021\/03\/organizer_na_bavlnky_strom-400x267.jpg",400,267,true],"woocommerce_thumbnail":["https:\/\/www.megastitch.eu\/wp-content\/uploads\/2021\/03\/organizer_na_bavlnky_strom-300x399.jpg",300,399,true],"woocommerce_single":["https:\/\/www.megastitch.eu\/wp-content\/uploads\/2021\/03\/organizer_na_bavlnky_strom-600x799.jpg",600,799,true],"woocommerce_gallery_thumbnail":["https:\/\/www.megastitch.eu\/wp-content\/uploads\/2021\/03\/organizer_na_bavlnky_strom-100x100.jpg",100,100,true]},"post_excerpt_stackable":"<p><span style=\"font-weight: 400\">Pokoj a harm\u00f3niu pri vy\u0161\u00edvan\u00ed v\u00e1m ur\u010dite zaru\u010d\u00ed aj tento organiz\u00e9r na bavlnky.\u00a0 Objavte rados\u0165 z pohodlnej pr\u00e1ce a spr\u00edjemnite si chv\u00edle relaxu s n\u00e1dhern\u00fdm mot\u00edvom stromu.\u00a0<\/span><\/p>\n","category_list":"","author_info":{"name":"","url":""},"comments_num":"0 comments","featured_image_urls_v2":{"full":["https:\/\/www.megastitch.eu\/wp-content\/uploads\/2021\/03\/organizer_na_bavlnky_strom.jpg",604,804,false],"thumbnail":["https:\/\/www.megastitch.eu\/wp-content\/uploads\/2021\/03\/organizer_na_bavlnky_strom-150x150.jpg",150,150,true],"medium":["https:\/\/www.megastitch.eu\/wp-content\/uploads\/2021\/03\/organizer_na_bavlnky_strom-225x300.jpg",225,300,true],"medium_large":["https:\/\/www.megastitch.eu\/wp-content\/uploads\/2021\/03\/organizer_na_bavlnky_strom.jpg",604,804,false],"large":["https:\/\/www.megastitch.eu\/wp-content\/uploads\/2021\/03\/organizer_na_bavlnky_strom.jpg",604,804,false],"1536x1536":["https:\/\/www.megastitch.eu\/wp-content\/uploads\/2021\/03\/organizer_na_bavlnky_strom.jpg",604,804,false],"2048x2048":["https:\/\/www.megastitch.eu\/wp-content\/uploads\/2021\/03\/organizer_na_bavlnky_strom.jpg",604,804,false],"ultp_layout_landscape_large":["https:\/\/www.megastitch.eu\/wp-content\/uploads\/2021\/03\/organizer_na_bavlnky_strom-604x800.jpg",604,800,true],"ultp_layout_landscape":["https:\/\/www.megastitch.eu\/wp-content\/uploads\/2021\/03\/organizer_na_bavlnky_strom-604x570.jpg",604,570,true],"ultp_layout_portrait":["https:\/\/www.megastitch.eu\/wp-content\/uploads\/2021\/03\/organizer_na_bavlnky_strom-600x804.jpg",600,804,true],"ultp_layout_square":["https:\/\/www.megastitch.eu\/wp-content\/uploads\/2021\/03\/organizer_na_bavlnky_strom-600x600.jpg",600,600,true],"molla_post-grid":["https:\/\/www.megastitch.eu\/wp-content\/uploads\/2021\/03\/organizer_na_bavlnky_strom-400x267.jpg",400,267,true],"woocommerce_thumbnail":["https:\/\/www.megastitch.eu\/wp-content\/uploads\/2021\/03\/organizer_na_bavlnky_strom-300x399.jpg",300,399,true],"woocommerce_single":["https:\/\/www.megastitch.eu\/wp-content\/uploads\/2021\/03\/organizer_na_bavlnky_strom-600x799.jpg",600,799,true],"woocommerce_gallery_thumbnail":["https:\/\/www.megastitch.eu\/wp-content\/uploads\/2021\/03\/organizer_na_bavlnky_strom-100x100.jpg",100,100,true]},"post_excerpt_stackable_v2":"<p><span style=\"font-weight: 400\">Pokoj a harm\u00f3niu pri vy\u0161\u00edvan\u00ed v\u00e1m ur\u010dite zaru\u010d\u00ed aj tento organiz\u00e9r na bavlnky.\u00a0 Objavte rados\u0165 z pohodlnej pr\u00e1ce a spr\u00edjemnite si chv\u00edle relaxu s n\u00e1dhern\u00fdm mot\u00edvom stromu.\u00a0<\/span><\/p>\n","category_list_v2":"","author_info_v2":{"name":"","url":""},"comments_num_v2":"0 comments","uagb_featured_image_src":{"full":["https:\/\/www.megastitch.eu\/wp-content\/uploads\/2021\/03\/organizer_na_bavlnky_strom.jpg",604,804,false],"thumbnail":["https:\/\/www.megastitch.eu\/wp-content\/uploads\/2021\/03\/organizer_na_bavlnky_strom-150x150.jpg",150,150,true],"medium":["https:\/\/www.megastitch.eu\/wp-content\/uploads\/2021\/03\/organizer_na_bavlnky_strom-225x300.jpg",225,300,true],"medium_large":["https:\/\/www.megastitch.eu\/wp-content\/uploads\/2021\/03\/organizer_na_bavlnky_strom.jpg",604,804,false],"large":["https:\/\/www.megastitch.eu\/wp-content\/uploads\/2021\/03\/organizer_na_bavlnky_strom.jpg",604,804,false],"1536x1536":["https:\/\/www.megastitch.eu\/wp-content\/uploads\/2021\/03\/organizer_na_bavlnky_strom.jpg",604,804,false],"2048x2048":["https:\/\/www.megastitch.eu\/wp-content\/uploads\/2021\/03\/organizer_na_bavlnky_strom.jpg",604,804,false],"ultp_layout_landscape_large":["https:\/\/www.megastitch.eu\/wp-content\/uploads\/2021\/03\/organizer_na_bavlnky_strom-604x800.jpg",604,800,true],"ultp_layout_landscape":["https:\/\/www.megastitch.eu\/wp-content\/uploads\/2021\/03\/organizer_na_bavlnky_strom-604x570.jpg",604,570,true],"ultp_layout_portrait":["https:\/\/www.megastitch.eu\/wp-content\/uploads\/2021\/03\/organizer_na_bavlnky_strom-600x804.jpg",600,804,true],"ultp_layout_square":["https:\/\/www.megastitch.eu\/wp-content\/uploads\/2021\/03\/organizer_na_bavlnky_strom-600x600.jpg",600,600,true],"molla_post-grid":["https:\/\/www.megastitch.eu\/wp-content\/uploads\/2021\/03\/organizer_na_bavlnky_strom-400x267.jpg",400,267,true],"woocommerce_thumbnail":["https:\/\/www.megastitch.eu\/wp-content\/uploads\/2021\/03\/organizer_na_bavlnky_strom-300x399.jpg",300,399,true],"woocommerce_single":["https:\/\/www.megastitch.eu\/wp-content\/uploads\/2021\/03\/organizer_na_bavlnky_strom-600x799.jpg",600,799,true],"woocommerce_gallery_thumbnail":["https:\/\/www.megastitch.eu\/wp-content\/uploads\/2021\/03\/organizer_na_bavlnky_strom-100x100.jpg",100,100,true]},"uagb_author_info":{"display_name":"monika","author_link":"https:\/\/www.megastitch.eu\/cs\/author\/"},"uagb_comment_info":2,"uagb_excerpt":"Pokoj a harm\u00f3niu pri vy\u0161\u00edvan\u00ed v\u00e1m ur\u010dite zaru\u010d\u00ed aj tento organiz\u00e9r na bavlnky.\u00a0 Objavte rados\u0165 z pohodlnej pr\u00e1ce a spr\u00edjemnite si chv\u00edle relaxu s n\u00e1dhern\u00fdm mot\u00edvom stromu.\u00a0","_links":{"self":[{"href":"https:\/\/www.megastitch.eu\/cs\/wp-json\/wp\/v2\/product\/26252"}],"collection":[{"href":"https:\/\/www.megastitch.eu\/cs\/wp-json\/wp\/v2\/product"}],"about":[{"href":"https:\/\/www.megastitch.eu\/cs\/wp-json\/wp\/v2\/types\/product"}],"replies":[{"embeddable":true,"href":"https:\/\/www.megastitch.eu\/cs\/wp-json\/wp\/v2\/comments?post=26252"}],"wp:featuredmedia":[{"embeddable":true,"href":"https:\/\/www.megastitch.eu\/cs\/wp-json\/wp\/v2\/media\/27614"}],"wp:attachment":[{"href":"https:\/\/www.megastitch.eu\/cs\/wp-json\/wp\/v2\/media?parent=26252"}],"wp:term":[{"taxonomy":"product_cat","embeddable":true,"href":"https:\/\/www.megastitch.eu\/cs\/wp-json\/wp\/v2\/product_cat?post=26252"},{"taxonomy":"product_tag","embeddable":true,"href":"https:\/\/www.megastitch.eu\/cs\/wp-json\/wp\/v2\/product_tag?post=26252"}],"curies":[{"name":"wp","href":"https:\/\/api.w.org\/{rel}","templated":true}]}}