	{"id":26273,"date":"2021-04-01T10:59:48","date_gmt":"2021-04-01T08:59:48","guid":{"rendered":"https:\/\/www.megastitch.eu\/?post_type=product&#038;p=26273"},"modified":"2022-11-30T13:40:53","modified_gmt":"2022-11-30T12:40:53","slug":"stastny-dinosaurus","status":"publish","type":"product","link":"https:\/\/www.megastitch.eu\/cs\/obchod\/predlohy-na-vysivanie\/stredne-predlohy\/stastny-dinosaurus\/","title":{"rendered":"\u0160\u0165astn\u00fd Dinosaurus"},"content":{"rendered":"<div class=\"nolwrap\"><p>Autorka predlohy: <strong>M\u00e1ria Erbenov\u00e1&nbsp;<\/strong><\/p>\n<h4>Inform\u00e1cie o predlohe:<\/h4>\n<p><strong>Po\u010det kr\u00ed\u017eikov: 61 x 100<\/strong><br \/>\n<strong>Rozmer l\u00e1tky: 11.07 x 18.14 cm <\/strong><br \/>\n<strong>L\u00e1tka: 14 ct aida<br \/>\nBavlnky: DMC<\/strong><br \/>\n<strong>Po\u010det farieb:<\/strong> 30 + 3 blendy<br \/>\n<strong>Pou\u017eit\u00e9 techniky:<\/strong> kr\u00ed\u017eiky, 3\/4 kr\u00ed\u017eiky, franc\u00fazske uzl\u00edky, ob\u0161\u00edvanie<\/p>\n<h4>S\u00fabory na stiahnutie:<\/h4>\n<ul>\n<li><strong>pdf s\u00fabor<\/strong>\n<ul>\n<li>v \u010dierno-bielej verzii &#8211; s ob\u0161\u00edvan\u00edm a bez ob\u0161\u00edvania,<\/li>\n<li>vo farebnej verzii &#8211; s ob\u0161\u00edvan\u00edm a bez ob\u0161\u00edvania<\/li>\n<\/ul>\n<\/li>\n<li><strong>cssaga s\u00fabor<\/strong><\/li>\n<\/ul>\n<\/div>","protected":false},"excerpt":{"rendered":"<p>Happy Dino je ok\u00faz\u013euj\u00faca postavi\u010dka pripom\u00ednaj\u00faca v\u0161etko to nevinn\u00e9 a detsk\u00e9. Sk\u00faste sa ponori\u0165 do olivovo zelenej a nachv\u00ed\u013eku sa prenies\u0165 do sveta ve\u013ek\u00fdch detsk\u00fdch osl\u00e1vencov.<\/p>\n<p><strong>Po\u010det kr\u00ed\u017eikov: 61 x 100<\/strong><br \/>\n<strong>Rozmer l\u00e1tky: 11.07 x 18.14 cm <\/strong><br \/>\n<strong>Bavlnky: <\/strong>DMC<br \/>\n<strong>Po\u010det farieb:<\/strong> 30 + 3 blendy<br \/>\n<strong>Pou\u017eit\u00e9 techniky:<\/strong> kr\u00ed\u017eiky, 3\/4 kr\u00ed\u017eiky, franc\u00fazske uzl\u00edky, ob\u0161\u00edvanie<\/p>\n","protected":false},"featured_media":26274,"comment_status":"open","ping_status":"closed","template":"","meta":{"_uag_custom_page_level_css":"","ngg_post_thumbnail":0},"product_cat":[243,131,138],"product_tag":[227,48,151],"aioseo_notices":[],"featured_image_urls":{"full":["https:\/\/www.megastitch.eu\/wp-content\/uploads\/2021\/04\/happy-dino-frame_.jpg",1499,1848,false],"thumbnail":["https:\/\/www.megastitch.eu\/wp-content\/uploads\/2021\/04\/happy-dino-frame_-150x150.jpg",150,150,true],"medium":["https:\/\/www.megastitch.eu\/wp-content\/uploads\/2021\/04\/happy-dino-frame_-243x300.jpg",243,300,true],"medium_large":["https:\/\/www.megastitch.eu\/wp-content\/uploads\/2021\/04\/happy-dino-frame_-768x947.jpg",768,947,true],"large":["https:\/\/www.megastitch.eu\/wp-content\/uploads\/2021\/04\/happy-dino-frame_-831x1024.jpg",831,1024,true],"1536x1536":["https:\/\/www.megastitch.eu\/wp-content\/uploads\/2021\/04\/happy-dino-frame_-1246x1536.jpg",1246,1536,true],"2048x2048":["https:\/\/www.megastitch.eu\/wp-content\/uploads\/2021\/04\/happy-dino-frame_.jpg",1499,1848,false],"ultp_layout_landscape_large":["https:\/\/www.megastitch.eu\/wp-content\/uploads\/2021\/04\/happy-dino-frame_-1200x800.jpg",1200,800,true],"ultp_layout_landscape":["https:\/\/www.megastitch.eu\/wp-content\/uploads\/2021\/04\/happy-dino-frame_-870x570.jpg",870,570,true],"ultp_layout_portrait":["https:\/\/www.megastitch.eu\/wp-content\/uploads\/2021\/04\/happy-dino-frame_-600x900.jpg",600,900,true],"ultp_layout_square":["https:\/\/www.megastitch.eu\/wp-content\/uploads\/2021\/04\/happy-dino-frame_-600x600.jpg",600,600,true],"molla_post-grid":["https:\/\/www.megastitch.eu\/wp-content\/uploads\/2021\/04\/happy-dino-frame_-400x267.jpg",400,267,true],"woocommerce_thumbnail":["https:\/\/www.megastitch.eu\/wp-content\/uploads\/2021\/04\/happy-dino-frame_-300x370.jpg",300,370,true],"woocommerce_single":["https:\/\/www.megastitch.eu\/wp-content\/uploads\/2021\/04\/happy-dino-frame_-600x740.jpg",600,740,true],"woocommerce_gallery_thumbnail":["https:\/\/www.megastitch.eu\/wp-content\/uploads\/2021\/04\/happy-dino-frame_-100x100.jpg",100,100,true]},"post_excerpt_stackable":"<p>Happy Dino je ok\u00faz\u013euj\u00faca postavi\u010dka pripom\u00ednaj\u00faca v\u0161etko to nevinn\u00e9 a detsk\u00e9. Sk\u00faste sa ponori\u0165 do olivovo zelenej a nachv\u00ed\u013eku sa prenies\u0165 do sveta ve\u013ek\u00fdch detsk\u00fdch osl\u00e1vencov.<\/p>\n<p><strong>Po\u010det kr\u00ed\u017eikov: 61 x 100<\/strong><br \/>\n<strong>Rozmer l\u00e1tky: 11.07 x 18.14 cm <\/strong><br \/>\n<strong>Bavlnky: <\/strong>DMC<br \/>\n<strong>Po\u010det farieb:<\/strong> 30 + 3 blendy<br \/>\n<strong>Pou\u017eit\u00e9 techniky:<\/strong> kr\u00ed\u017eiky, 3\/4 kr\u00ed\u017eiky, franc\u00fazske uzl\u00edky, ob\u0161\u00edvanie<\/p>\n","category_list":"","author_info":{"name":"","url":""},"comments_num":"0 comments","featured_image_urls_v2":{"full":["https:\/\/www.megastitch.eu\/wp-content\/uploads\/2021\/04\/happy-dino-frame_.jpg",1499,1848,false],"thumbnail":["https:\/\/www.megastitch.eu\/wp-content\/uploads\/2021\/04\/happy-dino-frame_-150x150.jpg",150,150,true],"medium":["https:\/\/www.megastitch.eu\/wp-content\/uploads\/2021\/04\/happy-dino-frame_-243x300.jpg",243,300,true],"medium_large":["https:\/\/www.megastitch.eu\/wp-content\/uploads\/2021\/04\/happy-dino-frame_-768x947.jpg",768,947,true],"large":["https:\/\/www.megastitch.eu\/wp-content\/uploads\/2021\/04\/happy-dino-frame_-831x1024.jpg",831,1024,true],"1536x1536":["https:\/\/www.megastitch.eu\/wp-content\/uploads\/2021\/04\/happy-dino-frame_-1246x1536.jpg",1246,1536,true],"2048x2048":["https:\/\/www.megastitch.eu\/wp-content\/uploads\/2021\/04\/happy-dino-frame_.jpg",1499,1848,false],"ultp_layout_landscape_large":["https:\/\/www.megastitch.eu\/wp-content\/uploads\/2021\/04\/happy-dino-frame_-1200x800.jpg",1200,800,true],"ultp_layout_landscape":["https:\/\/www.megastitch.eu\/wp-content\/uploads\/2021\/04\/happy-dino-frame_-870x570.jpg",870,570,true],"ultp_layout_portrait":["https:\/\/www.megastitch.eu\/wp-content\/uploads\/2021\/04\/happy-dino-frame_-600x900.jpg",600,900,true],"ultp_layout_square":["https:\/\/www.megastitch.eu\/wp-content\/uploads\/2021\/04\/happy-dino-frame_-600x600.jpg",600,600,true],"molla_post-grid":["https:\/\/www.megastitch.eu\/wp-content\/uploads\/2021\/04\/happy-dino-frame_-400x267.jpg",400,267,true],"woocommerce_thumbnail":["https:\/\/www.megastitch.eu\/wp-content\/uploads\/2021\/04\/happy-dino-frame_-300x370.jpg",300,370,true],"woocommerce_single":["https:\/\/www.megastitch.eu\/wp-content\/uploads\/2021\/04\/happy-dino-frame_-600x740.jpg",600,740,true],"woocommerce_gallery_thumbnail":["https:\/\/www.megastitch.eu\/wp-content\/uploads\/2021\/04\/happy-dino-frame_-100x100.jpg",100,100,true]},"post_excerpt_stackable_v2":"<p>Happy Dino je ok\u00faz\u013euj\u00faca postavi\u010dka pripom\u00ednaj\u00faca v\u0161etko to nevinn\u00e9 a detsk\u00e9. Sk\u00faste sa ponori\u0165 do olivovo zelenej a nachv\u00ed\u013eku sa prenies\u0165 do sveta ve\u013ek\u00fdch detsk\u00fdch osl\u00e1vencov.<\/p>\n<p><strong>Po\u010det kr\u00ed\u017eikov: 61 x 100<\/strong><br \/>\n<strong>Rozmer l\u00e1tky: 11.07 x 18.14 cm <\/strong><br \/>\n<strong>Bavlnky: <\/strong>DMC<br \/>\n<strong>Po\u010det farieb:<\/strong> 30 + 3 blendy<br \/>\n<strong>Pou\u017eit\u00e9 techniky:<\/strong> kr\u00ed\u017eiky, 3\/4 kr\u00ed\u017eiky, franc\u00fazske uzl\u00edky, ob\u0161\u00edvanie<\/p>\n","category_list_v2":"","author_info_v2":{"name":"","url":""},"comments_num_v2":"0 comments","uagb_featured_image_src":{"full":["https:\/\/www.megastitch.eu\/wp-content\/uploads\/2021\/04\/happy-dino-frame_.jpg",1499,1848,false],"thumbnail":["https:\/\/www.megastitch.eu\/wp-content\/uploads\/2021\/04\/happy-dino-frame_-150x150.jpg",150,150,true],"medium":["https:\/\/www.megastitch.eu\/wp-content\/uploads\/2021\/04\/happy-dino-frame_-243x300.jpg",243,300,true],"medium_large":["https:\/\/www.megastitch.eu\/wp-content\/uploads\/2021\/04\/happy-dino-frame_-768x947.jpg",768,947,true],"large":["https:\/\/www.megastitch.eu\/wp-content\/uploads\/2021\/04\/happy-dino-frame_-831x1024.jpg",831,1024,true],"1536x1536":["https:\/\/www.megastitch.eu\/wp-content\/uploads\/2021\/04\/happy-dino-frame_-1246x1536.jpg",1246,1536,true],"2048x2048":["https:\/\/www.megastitch.eu\/wp-content\/uploads\/2021\/04\/happy-dino-frame_.jpg",1499,1848,false],"ultp_layout_landscape_large":["https:\/\/www.megastitch.eu\/wp-content\/uploads\/2021\/04\/happy-dino-frame_-1200x800.jpg",1200,800,true],"ultp_layout_landscape":["https:\/\/www.megastitch.eu\/wp-content\/uploads\/2021\/04\/happy-dino-frame_-870x570.jpg",870,570,true],"ultp_layout_portrait":["https:\/\/www.megastitch.eu\/wp-content\/uploads\/2021\/04\/happy-dino-frame_-600x900.jpg",600,900,true],"ultp_layout_square":["https:\/\/www.megastitch.eu\/wp-content\/uploads\/2021\/04\/happy-dino-frame_-600x600.jpg",600,600,true],"molla_post-grid":["https:\/\/www.megastitch.eu\/wp-content\/uploads\/2021\/04\/happy-dino-frame_-400x267.jpg",400,267,true],"woocommerce_thumbnail":["https:\/\/www.megastitch.eu\/wp-content\/uploads\/2021\/04\/happy-dino-frame_-300x370.jpg",300,370,true],"woocommerce_single":["https:\/\/www.megastitch.eu\/wp-content\/uploads\/2021\/04\/happy-dino-frame_-600x740.jpg",600,740,true],"woocommerce_gallery_thumbnail":["https:\/\/www.megastitch.eu\/wp-content\/uploads\/2021\/04\/happy-dino-frame_-100x100.jpg",100,100,true]},"uagb_author_info":{"display_name":"monika","author_link":"https:\/\/www.megastitch.eu\/cs\/author\/"},"uagb_comment_info":0,"uagb_excerpt":"Happy Dino je ok\u00faz\u013euj\u00faca postavi\u010dka pripom\u00ednaj\u00faca v\u0161etko to nevinn\u00e9 a detsk\u00e9. Sk\u00faste sa ponori\u0165 do olivovo zelenej a nachv\u00ed\u013eku sa prenies\u0165 do sveta ve\u013ek\u00fdch detsk\u00fdch osl\u00e1vencov. Po\u010det kr\u00ed\u017eikov: 61 x 100 Rozmer l\u00e1tky: 11.07 x 18.14 cm Bavlnky: DMC Po\u010det farieb: 30 + 3 blendy Pou\u017eit\u00e9 techniky: kr\u00ed\u017eiky, 3\/4 kr\u00ed\u017eiky, franc\u00fazske uzl\u00edky, ob\u0161\u00edvanie","_links":{"self":[{"href":"https:\/\/www.megastitch.eu\/cs\/wp-json\/wp\/v2\/product\/26273"}],"collection":[{"href":"https:\/\/www.megastitch.eu\/cs\/wp-json\/wp\/v2\/product"}],"about":[{"href":"https:\/\/www.megastitch.eu\/cs\/wp-json\/wp\/v2\/types\/product"}],"replies":[{"embeddable":true,"href":"https:\/\/www.megastitch.eu\/cs\/wp-json\/wp\/v2\/comments?post=26273"}],"wp:featuredmedia":[{"embeddable":true,"href":"https:\/\/www.megastitch.eu\/cs\/wp-json\/wp\/v2\/media\/26274"}],"wp:attachment":[{"href":"https:\/\/www.megastitch.eu\/cs\/wp-json\/wp\/v2\/media?parent=26273"}],"wp:term":[{"taxonomy":"product_cat","embeddable":true,"href":"https:\/\/www.megastitch.eu\/cs\/wp-json\/wp\/v2\/product_cat?post=26273"},{"taxonomy":"product_tag","embeddable":true,"href":"https:\/\/www.megastitch.eu\/cs\/wp-json\/wp\/v2\/product_tag?post=26273"}],"curies":[{"name":"wp","href":"https:\/\/api.w.org\/{rel}","templated":true}]}}