	{"id":26303,"date":"2021-04-30T11:06:16","date_gmt":"2021-04-30T09:06:16","guid":{"rendered":"https:\/\/www.megastitch.eu\/?post_type=product&#038;p=26303"},"modified":"2024-07-09T06:57:58","modified_gmt":"2024-07-09T04:57:58","slug":"vesmirny-tulipan-biely","status":"publish","type":"product","link":"https:\/\/www.megastitch.eu\/cs\/obchod\/predlohy-na-vysivanie\/male-predlohy\/vesmirny-tulipan-biely\/","title":{"rendered":"Vesm\u00edrny tulip\u00e1n &#8211; biely"},"content":{"rendered":"<div class=\"nolwrap\"><p>Autorka predlohy: <strong>M\u00e1ria Erbenov\u00e1&nbsp;<\/strong><\/p>\n<h4>Inform\u00e1cie o predlohe:<\/h4>\n<p><strong>Po\u010det kr\u00ed\u017eikov: 47 x 45<\/strong><br \/>\n<strong>Rozmer l\u00e1tky: 8.53 x 8.16 cm<\/strong><br \/>\n<strong>L\u00e1tka: 14 ct aida<br \/>\nBavlnky: DMC<\/strong><br \/>\n<strong>Po\u010det farieb:<\/strong> 23 + 7 blendov<br \/>\n<strong>Pou\u017eit\u00e9 techniky:<\/strong> kr\u00ed\u017eiky, ob\u0161\u00edvanie, p\u00e1r franc\u00fazskych uzl\u00edkov&nbsp;<\/p>\n<h4>S\u00fabory na stiahnutie:<\/h4>\n<ul>\n<li><strong>pdf s\u00fabor<\/strong>\n<ul>\n<li>v \u010dierno-bielej verzii &#8211; s ob\u0161\u00edvan\u00edm a bez ob\u0161\u00edvania,<\/li>\n<li>vo farebnej verzii &#8211; s ob\u0161\u00edvan\u00edm a bez ob\u0161\u00edvania<\/li>\n<\/ul>\n<\/li>\n<li><strong>cssaga s\u00fabor<\/strong><\/li>\n<\/ul>\n<\/div>","protected":false},"excerpt":{"rendered":"<p data-pm-slice=\"1 1 []\">Vedeli ste, \u017ee biely tulip\u00e1n je symbolom bohatstva a l\u00e1sky? A \u010do m\u00f4\u017ee by\u0165 obohacuj\u00facej\u0161ie ako pozera\u0165 na hviezdy so svojou l\u00e1skou. Nechajte sa unies\u0165 do tejto romantiky.<\/p>\n<p><strong>Po\u010det kr\u00ed\u017eikov: 47 x 45<\/strong><br \/>\n<strong>Rozmer l\u00e1tky: 8.53 x 8.16 cm cm <\/strong><br \/>\n<strong>Po\u010det farieb:<\/strong> 23 + 7 blendov<\/p>\n","protected":false},"featured_media":26305,"comment_status":"open","ping_status":"closed","template":"","meta":{"_uag_custom_page_level_css":"","ngg_post_thumbnail":0},"product_cat":[257,134,131],"product_tag":[319,256,139,48,244],"aioseo_notices":[],"featured_image_urls":{"full":["https:\/\/www.megastitch.eu\/wp-content\/uploads\/2021\/04\/space_tulip_white_frame_ss-1.jpg",1188,1163,false],"thumbnail":["https:\/\/www.megastitch.eu\/wp-content\/uploads\/2021\/04\/space_tulip_white_frame_ss-1-150x150.jpg",150,150,true],"medium":["https:\/\/www.megastitch.eu\/wp-content\/uploads\/2021\/04\/space_tulip_white_frame_ss-1-300x294.jpg",300,294,true],"medium_large":["https:\/\/www.megastitch.eu\/wp-content\/uploads\/2021\/04\/space_tulip_white_frame_ss-1-768x752.jpg",768,752,true],"large":["https:\/\/www.megastitch.eu\/wp-content\/uploads\/2021\/04\/space_tulip_white_frame_ss-1-1024x1002.jpg",1024,1002,true],"1536x1536":["https:\/\/www.megastitch.eu\/wp-content\/uploads\/2021\/04\/space_tulip_white_frame_ss-1.jpg",1188,1163,false],"2048x2048":["https:\/\/www.megastitch.eu\/wp-content\/uploads\/2021\/04\/space_tulip_white_frame_ss-1.jpg",1188,1163,false],"ultp_layout_landscape_large":["https:\/\/www.megastitch.eu\/wp-content\/uploads\/2021\/04\/space_tulip_white_frame_ss-1-1188x800.jpg",1188,800,true],"ultp_layout_landscape":["https:\/\/www.megastitch.eu\/wp-content\/uploads\/2021\/04\/space_tulip_white_frame_ss-1-870x570.jpg",870,570,true],"ultp_layout_portrait":["https:\/\/www.megastitch.eu\/wp-content\/uploads\/2021\/04\/space_tulip_white_frame_ss-1-600x900.jpg",600,900,true],"ultp_layout_square":["https:\/\/www.megastitch.eu\/wp-content\/uploads\/2021\/04\/space_tulip_white_frame_ss-1-600x600.jpg",600,600,true],"molla_post-grid":["https:\/\/www.megastitch.eu\/wp-content\/uploads\/2021\/04\/space_tulip_white_frame_ss-1-400x267.jpg",400,267,true],"woocommerce_thumbnail":["https:\/\/www.megastitch.eu\/wp-content\/uploads\/2021\/04\/space_tulip_white_frame_ss-1-300x294.jpg",300,294,true],"woocommerce_single":["https:\/\/www.megastitch.eu\/wp-content\/uploads\/2021\/04\/space_tulip_white_frame_ss-1-600x587.jpg",600,587,true],"woocommerce_gallery_thumbnail":["https:\/\/www.megastitch.eu\/wp-content\/uploads\/2021\/04\/space_tulip_white_frame_ss-1-100x100.jpg",100,100,true]},"post_excerpt_stackable":"<p data-pm-slice=\"1 1 []\">Vedeli ste, \u017ee biely tulip\u00e1n je symbolom bohatstva a l\u00e1sky? A \u010do m\u00f4\u017ee by\u0165 obohacuj\u00facej\u0161ie ako pozera\u0165 na hviezdy so svojou l\u00e1skou. Nechajte sa unies\u0165 do tejto romantiky.<\/p>\n<p><strong>Po\u010det kr\u00ed\u017eikov: 47 x 45<\/strong><br \/>\n<strong>Rozmer l\u00e1tky: 8.53 x 8.16 cm cm <\/strong><br \/>\n<strong>Po\u010det farieb:<\/strong> 23 + 7 blendov<\/p>\n","category_list":"","author_info":{"name":"","url":""},"comments_num":"0 comments","featured_image_urls_v2":{"full":["https:\/\/www.megastitch.eu\/wp-content\/uploads\/2021\/04\/space_tulip_white_frame_ss-1.jpg",1188,1163,false],"thumbnail":["https:\/\/www.megastitch.eu\/wp-content\/uploads\/2021\/04\/space_tulip_white_frame_ss-1-150x150.jpg",150,150,true],"medium":["https:\/\/www.megastitch.eu\/wp-content\/uploads\/2021\/04\/space_tulip_white_frame_ss-1-300x294.jpg",300,294,true],"medium_large":["https:\/\/www.megastitch.eu\/wp-content\/uploads\/2021\/04\/space_tulip_white_frame_ss-1-768x752.jpg",768,752,true],"large":["https:\/\/www.megastitch.eu\/wp-content\/uploads\/2021\/04\/space_tulip_white_frame_ss-1-1024x1002.jpg",1024,1002,true],"1536x1536":["https:\/\/www.megastitch.eu\/wp-content\/uploads\/2021\/04\/space_tulip_white_frame_ss-1.jpg",1188,1163,false],"2048x2048":["https:\/\/www.megastitch.eu\/wp-content\/uploads\/2021\/04\/space_tulip_white_frame_ss-1.jpg",1188,1163,false],"ultp_layout_landscape_large":["https:\/\/www.megastitch.eu\/wp-content\/uploads\/2021\/04\/space_tulip_white_frame_ss-1-1188x800.jpg",1188,800,true],"ultp_layout_landscape":["https:\/\/www.megastitch.eu\/wp-content\/uploads\/2021\/04\/space_tulip_white_frame_ss-1-870x570.jpg",870,570,true],"ultp_layout_portrait":["https:\/\/www.megastitch.eu\/wp-content\/uploads\/2021\/04\/space_tulip_white_frame_ss-1-600x900.jpg",600,900,true],"ultp_layout_square":["https:\/\/www.megastitch.eu\/wp-content\/uploads\/2021\/04\/space_tulip_white_frame_ss-1-600x600.jpg",600,600,true],"molla_post-grid":["https:\/\/www.megastitch.eu\/wp-content\/uploads\/2021\/04\/space_tulip_white_frame_ss-1-400x267.jpg",400,267,true],"woocommerce_thumbnail":["https:\/\/www.megastitch.eu\/wp-content\/uploads\/2021\/04\/space_tulip_white_frame_ss-1-300x294.jpg",300,294,true],"woocommerce_single":["https:\/\/www.megastitch.eu\/wp-content\/uploads\/2021\/04\/space_tulip_white_frame_ss-1-600x587.jpg",600,587,true],"woocommerce_gallery_thumbnail":["https:\/\/www.megastitch.eu\/wp-content\/uploads\/2021\/04\/space_tulip_white_frame_ss-1-100x100.jpg",100,100,true]},"post_excerpt_stackable_v2":"<p data-pm-slice=\"1 1 []\">Vedeli ste, \u017ee biely tulip\u00e1n je symbolom bohatstva a l\u00e1sky? A \u010do m\u00f4\u017ee by\u0165 obohacuj\u00facej\u0161ie ako pozera\u0165 na hviezdy so svojou l\u00e1skou. Nechajte sa unies\u0165 do tejto romantiky.<\/p>\n<p><strong>Po\u010det kr\u00ed\u017eikov: 47 x 45<\/strong><br \/>\n<strong>Rozmer l\u00e1tky: 8.53 x 8.16 cm cm <\/strong><br \/>\n<strong>Po\u010det farieb:<\/strong> 23 + 7 blendov<\/p>\n","category_list_v2":"","author_info_v2":{"name":"","url":""},"comments_num_v2":"0 comments","uagb_featured_image_src":{"full":["https:\/\/www.megastitch.eu\/wp-content\/uploads\/2021\/04\/space_tulip_white_frame_ss-1.jpg",1188,1163,false],"thumbnail":["https:\/\/www.megastitch.eu\/wp-content\/uploads\/2021\/04\/space_tulip_white_frame_ss-1-150x150.jpg",150,150,true],"medium":["https:\/\/www.megastitch.eu\/wp-content\/uploads\/2021\/04\/space_tulip_white_frame_ss-1-300x294.jpg",300,294,true],"medium_large":["https:\/\/www.megastitch.eu\/wp-content\/uploads\/2021\/04\/space_tulip_white_frame_ss-1-768x752.jpg",768,752,true],"large":["https:\/\/www.megastitch.eu\/wp-content\/uploads\/2021\/04\/space_tulip_white_frame_ss-1-1024x1002.jpg",1024,1002,true],"1536x1536":["https:\/\/www.megastitch.eu\/wp-content\/uploads\/2021\/04\/space_tulip_white_frame_ss-1.jpg",1188,1163,false],"2048x2048":["https:\/\/www.megastitch.eu\/wp-content\/uploads\/2021\/04\/space_tulip_white_frame_ss-1.jpg",1188,1163,false],"ultp_layout_landscape_large":["https:\/\/www.megastitch.eu\/wp-content\/uploads\/2021\/04\/space_tulip_white_frame_ss-1-1188x800.jpg",1188,800,true],"ultp_layout_landscape":["https:\/\/www.megastitch.eu\/wp-content\/uploads\/2021\/04\/space_tulip_white_frame_ss-1-870x570.jpg",870,570,true],"ultp_layout_portrait":["https:\/\/www.megastitch.eu\/wp-content\/uploads\/2021\/04\/space_tulip_white_frame_ss-1-600x900.jpg",600,900,true],"ultp_layout_square":["https:\/\/www.megastitch.eu\/wp-content\/uploads\/2021\/04\/space_tulip_white_frame_ss-1-600x600.jpg",600,600,true],"molla_post-grid":["https:\/\/www.megastitch.eu\/wp-content\/uploads\/2021\/04\/space_tulip_white_frame_ss-1-400x267.jpg",400,267,true],"woocommerce_thumbnail":["https:\/\/www.megastitch.eu\/wp-content\/uploads\/2021\/04\/space_tulip_white_frame_ss-1-300x294.jpg",300,294,true],"woocommerce_single":["https:\/\/www.megastitch.eu\/wp-content\/uploads\/2021\/04\/space_tulip_white_frame_ss-1-600x587.jpg",600,587,true],"woocommerce_gallery_thumbnail":["https:\/\/www.megastitch.eu\/wp-content\/uploads\/2021\/04\/space_tulip_white_frame_ss-1-100x100.jpg",100,100,true]},"uagb_author_info":{"display_name":"monika","author_link":"https:\/\/www.megastitch.eu\/cs\/author\/"},"uagb_comment_info":1,"uagb_excerpt":"Vedeli ste, \u017ee biely tulip\u00e1n je symbolom bohatstva a l\u00e1sky? A \u010do m\u00f4\u017ee by\u0165 obohacuj\u00facej\u0161ie ako pozera\u0165 na hviezdy so svojou l\u00e1skou. Nechajte sa unies\u0165 do tejto romantiky. Po\u010det kr\u00ed\u017eikov: 47 x 45 Rozmer l\u00e1tky: 8.53 x 8.16 cm cm Po\u010det farieb: 23 + 7 blendov","_links":{"self":[{"href":"https:\/\/www.megastitch.eu\/cs\/wp-json\/wp\/v2\/product\/26303"}],"collection":[{"href":"https:\/\/www.megastitch.eu\/cs\/wp-json\/wp\/v2\/product"}],"about":[{"href":"https:\/\/www.megastitch.eu\/cs\/wp-json\/wp\/v2\/types\/product"}],"replies":[{"embeddable":true,"href":"https:\/\/www.megastitch.eu\/cs\/wp-json\/wp\/v2\/comments?post=26303"}],"wp:featuredmedia":[{"embeddable":true,"href":"https:\/\/www.megastitch.eu\/cs\/wp-json\/wp\/v2\/media\/26305"}],"wp:attachment":[{"href":"https:\/\/www.megastitch.eu\/cs\/wp-json\/wp\/v2\/media?parent=26303"}],"wp:term":[{"taxonomy":"product_cat","embeddable":true,"href":"https:\/\/www.megastitch.eu\/cs\/wp-json\/wp\/v2\/product_cat?post=26303"},{"taxonomy":"product_tag","embeddable":true,"href":"https:\/\/www.megastitch.eu\/cs\/wp-json\/wp\/v2\/product_tag?post=26303"}],"curies":[{"name":"wp","href":"https:\/\/api.w.org\/{rel}","templated":true}]}}