	{"id":26377,"date":"2021-06-20T21:17:37","date_gmt":"2021-06-20T19:17:37","guid":{"rendered":"https:\/\/www.megastitch.eu\/?post_type=product&#038;p=26377"},"modified":"2023-08-01T13:56:55","modified_gmt":"2023-08-01T11:56:55","slug":"pokojny-pristav","status":"publish","type":"product","link":"https:\/\/www.megastitch.eu\/cs\/obchod\/predlohy-na-vysivanie\/velke-predlohy\/pokojny-pristav\/","title":{"rendered":"Pokojn\u00fd pr\u00edstav"},"content":{"rendered":"<div class=\"nolwrap\"><p>Autorka predlohy: <strong>M\u00e1ria Erbenov\u00e1&nbsp;<\/strong><\/p>\n<p>Autor ilustr\u00e1cie: <a title=\"Instagram Anna Petunova\" href=\"https:\/\/www.instagram.com\/anna_petunova\/\" target=\"_blank\" rel=\"noopener noreferrer\">Anna Petunova<\/a><\/p>\n<h4>Inform\u00e1cie o predlohe:<\/h4>\n<p><strong>Po\u010det kr\u00ed\u017eikov: 120 x 176<\/strong><br \/>\n<strong>Rozmer l\u00e1tky: <\/strong>21.80 x 31.93 cm (14 ct aida)<br \/>\n<strong>L\u00e1tka: 14 ct aida<br \/>\nBavlnky: DMC<\/strong><br \/>\n<strong>Po\u010det farieb:<\/strong> 79 farieb and 23 blendov (zmie\u0161an\u00fdch farieb)<br \/>\n<strong>Pou\u017eit\u00e9 techniky:<\/strong> kr\u00ed\u017eiky, polkr\u00ed\u017eiky, ob\u0161\u00edvanie<\/p>\n<h4>S\u00fabory na stiahnutie:<\/h4>\n<ul>\n<li><strong>pdf s\u00fabor<\/strong>\n<ul>\n<li>v \u010dierno-bielej verzii &#8211; s ob\u0161\u00edvan\u00edm a bez ob\u0161\u00edvania,<\/li>\n<li>vo farebnej verzii &#8211; s ob\u0161\u00edvan\u00edm a bez ob\u0161\u00edvania,<\/li>\n<li>zoznam po\u010dtu pou\u017eit\u00fdch vl\u00e1kien<\/li>\n<\/ul>\n<\/li>\n<li><strong>cssaga s\u00fabor<\/strong><\/li>\n<\/ul>\n<\/div>","protected":false},"excerpt":{"rendered":"<p data-pm-slice=\"1 1 []\">Tich\u00fd \u0161um mora a jemn\u00fd v\u00e1nok. Idylka, ktor\u00fa m\u00f4\u017eete ma\u0165 ka\u017ed\u00fd de\u0148 pred o\u010dami. Nev\u00e1hajte a vytvorte si pokojn\u00fd \u010das pri vy\u0161\u00edvan\u00ed.<\/p>\n<p><strong>Po\u010det kr\u00ed\u017eikov: 120 x 176<\/strong><br \/>\n<strong>Rozmer l\u00e1tky: <\/strong>21.80 x 31.93 cm (14 ct aida)<br \/>\n<strong>Po\u010det farieb:<\/strong> DMC: 79 farieb and 23 blendov (zmie\u0161an\u00fdch farieb)<br \/>\n<strong>Pou\u017eit\u00e9 techniky:<\/strong> kr\u00ed\u017eiky, polkr\u00ed\u017eiky, ob\u0161\u00edvanie<\/p>\n","protected":false},"featured_media":26379,"comment_status":"open","ping_status":"closed","template":"","meta":{"_uag_custom_page_level_css":"","ngg_post_thumbnail":0},"product_cat":[131,247],"product_tag":[289,313,318,315,314,248,48,311,143,151],"aioseo_notices":[],"featured_image_urls":{"full":["https:\/\/www.megastitch.eu\/wp-content\/uploads\/2021\/06\/peaceful_harbor_frame_2_sm2_ss.jpg",1115,1500,false],"thumbnail":["https:\/\/www.megastitch.eu\/wp-content\/uploads\/2021\/06\/peaceful_harbor_frame_2_sm2_ss-150x150.jpg",150,150,true],"medium":["https:\/\/www.megastitch.eu\/wp-content\/uploads\/2021\/06\/peaceful_harbor_frame_2_sm2_ss-223x300.jpg",223,300,true],"medium_large":["https:\/\/www.megastitch.eu\/wp-content\/uploads\/2021\/06\/peaceful_harbor_frame_2_sm2_ss-768x1033.jpg",768,1033,true],"large":["https:\/\/www.megastitch.eu\/wp-content\/uploads\/2021\/06\/peaceful_harbor_frame_2_sm2_ss-761x1024.jpg",761,1024,true],"1536x1536":["https:\/\/www.megastitch.eu\/wp-content\/uploads\/2021\/06\/peaceful_harbor_frame_2_sm2_ss.jpg",1115,1500,false],"2048x2048":["https:\/\/www.megastitch.eu\/wp-content\/uploads\/2021\/06\/peaceful_harbor_frame_2_sm2_ss.jpg",1115,1500,false],"ultp_layout_landscape_large":["https:\/\/www.megastitch.eu\/wp-content\/uploads\/2021\/06\/peaceful_harbor_frame_2_sm2_ss-1115x800.jpg",1115,800,true],"ultp_layout_landscape":["https:\/\/www.megastitch.eu\/wp-content\/uploads\/2021\/06\/peaceful_harbor_frame_2_sm2_ss-870x570.jpg",870,570,true],"ultp_layout_portrait":["https:\/\/www.megastitch.eu\/wp-content\/uploads\/2021\/06\/peaceful_harbor_frame_2_sm2_ss-600x900.jpg",600,900,true],"ultp_layout_square":["https:\/\/www.megastitch.eu\/wp-content\/uploads\/2021\/06\/peaceful_harbor_frame_2_sm2_ss-600x600.jpg",600,600,true],"molla_post-grid":["https:\/\/www.megastitch.eu\/wp-content\/uploads\/2021\/06\/peaceful_harbor_frame_2_sm2_ss-400x267.jpg",400,267,true],"woocommerce_thumbnail":["https:\/\/www.megastitch.eu\/wp-content\/uploads\/2021\/06\/peaceful_harbor_frame_2_sm2_ss-300x404.jpg",300,404,true],"woocommerce_single":["https:\/\/www.megastitch.eu\/wp-content\/uploads\/2021\/06\/peaceful_harbor_frame_2_sm2_ss-600x807.jpg",600,807,true],"woocommerce_gallery_thumbnail":["https:\/\/www.megastitch.eu\/wp-content\/uploads\/2021\/06\/peaceful_harbor_frame_2_sm2_ss-100x100.jpg",100,100,true]},"post_excerpt_stackable":"<p data-pm-slice=\"1 1 []\">Tich\u00fd \u0161um mora a jemn\u00fd v\u00e1nok. Idylka, ktor\u00fa m\u00f4\u017eete ma\u0165 ka\u017ed\u00fd de\u0148 pred o\u010dami. Nev\u00e1hajte a vytvorte si pokojn\u00fd \u010das pri vy\u0161\u00edvan\u00ed.<\/p>\n<p><strong>Po\u010det kr\u00ed\u017eikov: 120 x 176<\/strong><br \/>\n<strong>Rozmer l\u00e1tky: <\/strong>21.80 x 31.93 cm (14 ct aida)<br \/>\n<strong>Po\u010det farieb:<\/strong> DMC: 79 farieb and 23 blendov (zmie\u0161an\u00fdch farieb)<br \/>\n<strong>Pou\u017eit\u00e9 techniky:<\/strong> kr\u00ed\u017eiky, polkr\u00ed\u017eiky, ob\u0161\u00edvanie<\/p>\n","category_list":"","author_info":{"name":"","url":""},"comments_num":"0 comments","featured_image_urls_v2":{"full":["https:\/\/www.megastitch.eu\/wp-content\/uploads\/2021\/06\/peaceful_harbor_frame_2_sm2_ss.jpg",1115,1500,false],"thumbnail":["https:\/\/www.megastitch.eu\/wp-content\/uploads\/2021\/06\/peaceful_harbor_frame_2_sm2_ss-150x150.jpg",150,150,true],"medium":["https:\/\/www.megastitch.eu\/wp-content\/uploads\/2021\/06\/peaceful_harbor_frame_2_sm2_ss-223x300.jpg",223,300,true],"medium_large":["https:\/\/www.megastitch.eu\/wp-content\/uploads\/2021\/06\/peaceful_harbor_frame_2_sm2_ss-768x1033.jpg",768,1033,true],"large":["https:\/\/www.megastitch.eu\/wp-content\/uploads\/2021\/06\/peaceful_harbor_frame_2_sm2_ss-761x1024.jpg",761,1024,true],"1536x1536":["https:\/\/www.megastitch.eu\/wp-content\/uploads\/2021\/06\/peaceful_harbor_frame_2_sm2_ss.jpg",1115,1500,false],"2048x2048":["https:\/\/www.megastitch.eu\/wp-content\/uploads\/2021\/06\/peaceful_harbor_frame_2_sm2_ss.jpg",1115,1500,false],"ultp_layout_landscape_large":["https:\/\/www.megastitch.eu\/wp-content\/uploads\/2021\/06\/peaceful_harbor_frame_2_sm2_ss-1115x800.jpg",1115,800,true],"ultp_layout_landscape":["https:\/\/www.megastitch.eu\/wp-content\/uploads\/2021\/06\/peaceful_harbor_frame_2_sm2_ss-870x570.jpg",870,570,true],"ultp_layout_portrait":["https:\/\/www.megastitch.eu\/wp-content\/uploads\/2021\/06\/peaceful_harbor_frame_2_sm2_ss-600x900.jpg",600,900,true],"ultp_layout_square":["https:\/\/www.megastitch.eu\/wp-content\/uploads\/2021\/06\/peaceful_harbor_frame_2_sm2_ss-600x600.jpg",600,600,true],"molla_post-grid":["https:\/\/www.megastitch.eu\/wp-content\/uploads\/2021\/06\/peaceful_harbor_frame_2_sm2_ss-400x267.jpg",400,267,true],"woocommerce_thumbnail":["https:\/\/www.megastitch.eu\/wp-content\/uploads\/2021\/06\/peaceful_harbor_frame_2_sm2_ss-300x404.jpg",300,404,true],"woocommerce_single":["https:\/\/www.megastitch.eu\/wp-content\/uploads\/2021\/06\/peaceful_harbor_frame_2_sm2_ss-600x807.jpg",600,807,true],"woocommerce_gallery_thumbnail":["https:\/\/www.megastitch.eu\/wp-content\/uploads\/2021\/06\/peaceful_harbor_frame_2_sm2_ss-100x100.jpg",100,100,true]},"post_excerpt_stackable_v2":"<p data-pm-slice=\"1 1 []\">Tich\u00fd \u0161um mora a jemn\u00fd v\u00e1nok. Idylka, ktor\u00fa m\u00f4\u017eete ma\u0165 ka\u017ed\u00fd de\u0148 pred o\u010dami. Nev\u00e1hajte a vytvorte si pokojn\u00fd \u010das pri vy\u0161\u00edvan\u00ed.<\/p>\n<p><strong>Po\u010det kr\u00ed\u017eikov: 120 x 176<\/strong><br \/>\n<strong>Rozmer l\u00e1tky: <\/strong>21.80 x 31.93 cm (14 ct aida)<br \/>\n<strong>Po\u010det farieb:<\/strong> DMC: 79 farieb and 23 blendov (zmie\u0161an\u00fdch farieb)<br \/>\n<strong>Pou\u017eit\u00e9 techniky:<\/strong> kr\u00ed\u017eiky, polkr\u00ed\u017eiky, ob\u0161\u00edvanie<\/p>\n","category_list_v2":"","author_info_v2":{"name":"","url":""},"comments_num_v2":"0 comments","uagb_featured_image_src":{"full":["https:\/\/www.megastitch.eu\/wp-content\/uploads\/2021\/06\/peaceful_harbor_frame_2_sm2_ss.jpg",1115,1500,false],"thumbnail":["https:\/\/www.megastitch.eu\/wp-content\/uploads\/2021\/06\/peaceful_harbor_frame_2_sm2_ss-150x150.jpg",150,150,true],"medium":["https:\/\/www.megastitch.eu\/wp-content\/uploads\/2021\/06\/peaceful_harbor_frame_2_sm2_ss-223x300.jpg",223,300,true],"medium_large":["https:\/\/www.megastitch.eu\/wp-content\/uploads\/2021\/06\/peaceful_harbor_frame_2_sm2_ss-768x1033.jpg",768,1033,true],"large":["https:\/\/www.megastitch.eu\/wp-content\/uploads\/2021\/06\/peaceful_harbor_frame_2_sm2_ss-761x1024.jpg",761,1024,true],"1536x1536":["https:\/\/www.megastitch.eu\/wp-content\/uploads\/2021\/06\/peaceful_harbor_frame_2_sm2_ss.jpg",1115,1500,false],"2048x2048":["https:\/\/www.megastitch.eu\/wp-content\/uploads\/2021\/06\/peaceful_harbor_frame_2_sm2_ss.jpg",1115,1500,false],"ultp_layout_landscape_large":["https:\/\/www.megastitch.eu\/wp-content\/uploads\/2021\/06\/peaceful_harbor_frame_2_sm2_ss-1115x800.jpg",1115,800,true],"ultp_layout_landscape":["https:\/\/www.megastitch.eu\/wp-content\/uploads\/2021\/06\/peaceful_harbor_frame_2_sm2_ss-870x570.jpg",870,570,true],"ultp_layout_portrait":["https:\/\/www.megastitch.eu\/wp-content\/uploads\/2021\/06\/peaceful_harbor_frame_2_sm2_ss-600x900.jpg",600,900,true],"ultp_layout_square":["https:\/\/www.megastitch.eu\/wp-content\/uploads\/2021\/06\/peaceful_harbor_frame_2_sm2_ss-600x600.jpg",600,600,true],"molla_post-grid":["https:\/\/www.megastitch.eu\/wp-content\/uploads\/2021\/06\/peaceful_harbor_frame_2_sm2_ss-400x267.jpg",400,267,true],"woocommerce_thumbnail":["https:\/\/www.megastitch.eu\/wp-content\/uploads\/2021\/06\/peaceful_harbor_frame_2_sm2_ss-300x404.jpg",300,404,true],"woocommerce_single":["https:\/\/www.megastitch.eu\/wp-content\/uploads\/2021\/06\/peaceful_harbor_frame_2_sm2_ss-600x807.jpg",600,807,true],"woocommerce_gallery_thumbnail":["https:\/\/www.megastitch.eu\/wp-content\/uploads\/2021\/06\/peaceful_harbor_frame_2_sm2_ss-100x100.jpg",100,100,true]},"uagb_author_info":{"display_name":"monika","author_link":"https:\/\/www.megastitch.eu\/cs\/author\/"},"uagb_comment_info":0,"uagb_excerpt":"Tich\u00fd \u0161um mora a jemn\u00fd v\u00e1nok. Idylka, ktor\u00fa m\u00f4\u017eete ma\u0165 ka\u017ed\u00fd de\u0148 pred o\u010dami. Nev\u00e1hajte a vytvorte si pokojn\u00fd \u010das pri vy\u0161\u00edvan\u00ed. Po\u010det kr\u00ed\u017eikov: 120 x 176 Rozmer l\u00e1tky: 21.80 x 31.93 cm (14 ct aida) Po\u010det farieb: DMC: 79 farieb and 23 blendov (zmie\u0161an\u00fdch farieb) Pou\u017eit\u00e9 techniky: kr\u00ed\u017eiky, polkr\u00ed\u017eiky, ob\u0161\u00edvanie","_links":{"self":[{"href":"https:\/\/www.megastitch.eu\/cs\/wp-json\/wp\/v2\/product\/26377"}],"collection":[{"href":"https:\/\/www.megastitch.eu\/cs\/wp-json\/wp\/v2\/product"}],"about":[{"href":"https:\/\/www.megastitch.eu\/cs\/wp-json\/wp\/v2\/types\/product"}],"replies":[{"embeddable":true,"href":"https:\/\/www.megastitch.eu\/cs\/wp-json\/wp\/v2\/comments?post=26377"}],"wp:featuredmedia":[{"embeddable":true,"href":"https:\/\/www.megastitch.eu\/cs\/wp-json\/wp\/v2\/media\/26379"}],"wp:attachment":[{"href":"https:\/\/www.megastitch.eu\/cs\/wp-json\/wp\/v2\/media?parent=26377"}],"wp:term":[{"taxonomy":"product_cat","embeddable":true,"href":"https:\/\/www.megastitch.eu\/cs\/wp-json\/wp\/v2\/product_cat?post=26377"},{"taxonomy":"product_tag","embeddable":true,"href":"https:\/\/www.megastitch.eu\/cs\/wp-json\/wp\/v2\/product_tag?post=26377"}],"curies":[{"name":"wp","href":"https:\/\/api.w.org\/{rel}","templated":true}]}}