	{"id":26396,"date":"2021-06-29T20:03:48","date_gmt":"2021-06-29T18:03:48","guid":{"rendered":"https:\/\/www.megastitch.eu\/?post_type=product&#038;p=26396"},"modified":"2022-11-30T13:38:46","modified_gmt":"2022-11-30T12:38:46","slug":"vtaci-domcek","status":"publish","type":"product","link":"https:\/\/www.megastitch.eu\/cs\/obchod\/predlohy-na-vysivanie\/stredne-predlohy\/vtaci-domcek\/","title":{"rendered":"Vt\u00e1\u010d\u00ed dom\u010dek"},"content":{"rendered":"<div class=\"nolwrap\"><p>Autorka predlohy: <strong>M\u00e1ria Erbenov\u00e1\u00a0<\/strong><\/p>\n<p>Autor ilustr\u00e1cie: <a href=\"https:\/\/vk.com\/ezhkinkot\"><strong>Inna Shulgina<\/strong><\/a><\/p>\n<h4>Inform\u00e1cie o predlohe:<\/h4>\n<p><strong>Po\u010det kr\u00ed\u017eikov: 112 x 95<\/strong><br \/>\n<strong>Rozmer l\u00e1tky: <\/strong>20.32 x 17.24 cm<br \/>\n<strong>L\u00e1tka: <\/strong>14 ct aida<strong><br \/>\nBavlnky: <\/strong>DMC<br \/>\n<strong>Po\u010det farieb:<\/strong> 45 farieb and 6 blendov (zmie\u0161an\u00fdch farieb)<br \/>\n<strong>Pou\u017eit\u00e9 techniky:<\/strong> kr\u00ed\u017eiky, polkr\u00ed\u017eiky, ob\u0161\u00edvanie, franc\u00fazske uzl\u00edky<\/p>\n<h4>S\u00fabory na stiahnutie:<\/h4>\n<ul>\n<li><strong>pdf s\u00fabor<\/strong>\n<ul>\n<li>v \u010dierno-bielej verzii &#8211; s ob\u0161\u00edvan\u00edm a bez ob\u0161\u00edvania,<\/li>\n<li>vo farebnej verzii &#8211; s ob\u0161\u00edvan\u00edm a bez ob\u0161\u00edvania,<\/li>\n<li>zoznam po\u010dtu pou\u017eit\u00fdch vl\u00e1kien<\/li>\n<\/ul>\n<\/li>\n<li><strong>cssaga s\u00fabor<\/strong><\/li>\n<\/ul>\n<\/div>","protected":false},"excerpt":{"rendered":"<p data-pm-slice=\"1 1 []\">Sta\u0148te sa s\u00fa\u010das\u0165ou mal\u00e9ho vt\u00e1\u010dieho sveta, kde spev\u00e1ci sa st\u00e1vaj\u00fa maliarmi a vy\u0161\u00edva\u010dky k\u00fazeln\u00ed\u010dkami, ktor\u00fdm v\u0161etko pod rukami o\u017eije. Ute\u0161en\u00e1 predloha Vt\u00e1\u010d\u00ed dom\u010dek v\u00e1m to ur\u010dite spln\u00ed.<\/p>\n<p><strong>Po\u010det kr\u00ed\u017eikov: 112 x 95<\/strong><br \/>\n<strong>Rozmer l\u00e1tky: <\/strong>20.32 x 17.24 cm<br \/>\n<strong>Pou\u017eit\u00e9 techniky:<\/strong> kr\u00ed\u017eiky, polkr\u00ed\u017eiky, ob\u0161\u00edvanie, franc\u00fazske uzl\u00edky<\/p>\n","protected":false},"featured_media":26397,"comment_status":"open","ping_status":"closed","template":"","meta":{"_uag_custom_page_level_css":"","ngg_post_thumbnail":0},"product_cat":[243,131,138],"product_tag":[256,312,48,143,320,151],"aioseo_notices":[],"featured_image_urls":{"full":["https:\/\/www.megastitch.eu\/wp-content\/uploads\/2021\/06\/birdhouse_frame_ss_sm.jpg",1200,1067,false],"thumbnail":["https:\/\/www.megastitch.eu\/wp-content\/uploads\/2021\/06\/birdhouse_frame_ss_sm-150x150.jpg",150,150,true],"medium":["https:\/\/www.megastitch.eu\/wp-content\/uploads\/2021\/06\/birdhouse_frame_ss_sm-300x267.jpg",300,267,true],"medium_large":["https:\/\/www.megastitch.eu\/wp-content\/uploads\/2021\/06\/birdhouse_frame_ss_sm-768x683.jpg",768,683,true],"large":["https:\/\/www.megastitch.eu\/wp-content\/uploads\/2021\/06\/birdhouse_frame_ss_sm-1024x911.jpg",1024,911,true],"1536x1536":["https:\/\/www.megastitch.eu\/wp-content\/uploads\/2021\/06\/birdhouse_frame_ss_sm.jpg",1200,1067,false],"2048x2048":["https:\/\/www.megastitch.eu\/wp-content\/uploads\/2021\/06\/birdhouse_frame_ss_sm.jpg",1200,1067,false],"ultp_layout_landscape_large":["https:\/\/www.megastitch.eu\/wp-content\/uploads\/2021\/06\/birdhouse_frame_ss_sm-1200x800.jpg",1200,800,true],"ultp_layout_landscape":["https:\/\/www.megastitch.eu\/wp-content\/uploads\/2021\/06\/birdhouse_frame_ss_sm-870x570.jpg",870,570,true],"ultp_layout_portrait":["https:\/\/www.megastitch.eu\/wp-content\/uploads\/2021\/06\/birdhouse_frame_ss_sm-600x900.jpg",600,900,true],"ultp_layout_square":["https:\/\/www.megastitch.eu\/wp-content\/uploads\/2021\/06\/birdhouse_frame_ss_sm-600x600.jpg",600,600,true],"molla_post-grid":["https:\/\/www.megastitch.eu\/wp-content\/uploads\/2021\/06\/birdhouse_frame_ss_sm-400x267.jpg",400,267,true],"woocommerce_thumbnail":["https:\/\/www.megastitch.eu\/wp-content\/uploads\/2021\/06\/birdhouse_frame_ss_sm-300x267.jpg",300,267,true],"woocommerce_single":["https:\/\/www.megastitch.eu\/wp-content\/uploads\/2021\/06\/birdhouse_frame_ss_sm-600x534.jpg",600,534,true],"woocommerce_gallery_thumbnail":["https:\/\/www.megastitch.eu\/wp-content\/uploads\/2021\/06\/birdhouse_frame_ss_sm-100x100.jpg",100,100,true]},"post_excerpt_stackable":"<p data-pm-slice=\"1 1 []\">Sta\u0148te sa s\u00fa\u010das\u0165ou mal\u00e9ho vt\u00e1\u010dieho sveta, kde spev\u00e1ci sa st\u00e1vaj\u00fa maliarmi a vy\u0161\u00edva\u010dky k\u00fazeln\u00ed\u010dkami, ktor\u00fdm v\u0161etko pod rukami o\u017eije. Ute\u0161en\u00e1 predloha Vt\u00e1\u010d\u00ed dom\u010dek v\u00e1m to ur\u010dite spln\u00ed.<\/p>\n<p><strong>Po\u010det kr\u00ed\u017eikov: 112 x 95<\/strong><br \/>\n<strong>Rozmer l\u00e1tky: <\/strong>20.32 x 17.24 cm<br \/>\n<strong>Pou\u017eit\u00e9 techniky:<\/strong> kr\u00ed\u017eiky, polkr\u00ed\u017eiky, ob\u0161\u00edvanie, franc\u00fazske uzl\u00edky<\/p>\n","category_list":"","author_info":{"name":"","url":""},"comments_num":"0 comments","featured_image_urls_v2":{"full":["https:\/\/www.megastitch.eu\/wp-content\/uploads\/2021\/06\/birdhouse_frame_ss_sm.jpg",1200,1067,false],"thumbnail":["https:\/\/www.megastitch.eu\/wp-content\/uploads\/2021\/06\/birdhouse_frame_ss_sm-150x150.jpg",150,150,true],"medium":["https:\/\/www.megastitch.eu\/wp-content\/uploads\/2021\/06\/birdhouse_frame_ss_sm-300x267.jpg",300,267,true],"medium_large":["https:\/\/www.megastitch.eu\/wp-content\/uploads\/2021\/06\/birdhouse_frame_ss_sm-768x683.jpg",768,683,true],"large":["https:\/\/www.megastitch.eu\/wp-content\/uploads\/2021\/06\/birdhouse_frame_ss_sm-1024x911.jpg",1024,911,true],"1536x1536":["https:\/\/www.megastitch.eu\/wp-content\/uploads\/2021\/06\/birdhouse_frame_ss_sm.jpg",1200,1067,false],"2048x2048":["https:\/\/www.megastitch.eu\/wp-content\/uploads\/2021\/06\/birdhouse_frame_ss_sm.jpg",1200,1067,false],"ultp_layout_landscape_large":["https:\/\/www.megastitch.eu\/wp-content\/uploads\/2021\/06\/birdhouse_frame_ss_sm-1200x800.jpg",1200,800,true],"ultp_layout_landscape":["https:\/\/www.megastitch.eu\/wp-content\/uploads\/2021\/06\/birdhouse_frame_ss_sm-870x570.jpg",870,570,true],"ultp_layout_portrait":["https:\/\/www.megastitch.eu\/wp-content\/uploads\/2021\/06\/birdhouse_frame_ss_sm-600x900.jpg",600,900,true],"ultp_layout_square":["https:\/\/www.megastitch.eu\/wp-content\/uploads\/2021\/06\/birdhouse_frame_ss_sm-600x600.jpg",600,600,true],"molla_post-grid":["https:\/\/www.megastitch.eu\/wp-content\/uploads\/2021\/06\/birdhouse_frame_ss_sm-400x267.jpg",400,267,true],"woocommerce_thumbnail":["https:\/\/www.megastitch.eu\/wp-content\/uploads\/2021\/06\/birdhouse_frame_ss_sm-300x267.jpg",300,267,true],"woocommerce_single":["https:\/\/www.megastitch.eu\/wp-content\/uploads\/2021\/06\/birdhouse_frame_ss_sm-600x534.jpg",600,534,true],"woocommerce_gallery_thumbnail":["https:\/\/www.megastitch.eu\/wp-content\/uploads\/2021\/06\/birdhouse_frame_ss_sm-100x100.jpg",100,100,true]},"post_excerpt_stackable_v2":"<p data-pm-slice=\"1 1 []\">Sta\u0148te sa s\u00fa\u010das\u0165ou mal\u00e9ho vt\u00e1\u010dieho sveta, kde spev\u00e1ci sa st\u00e1vaj\u00fa maliarmi a vy\u0161\u00edva\u010dky k\u00fazeln\u00ed\u010dkami, ktor\u00fdm v\u0161etko pod rukami o\u017eije. Ute\u0161en\u00e1 predloha Vt\u00e1\u010d\u00ed dom\u010dek v\u00e1m to ur\u010dite spln\u00ed.<\/p>\n<p><strong>Po\u010det kr\u00ed\u017eikov: 112 x 95<\/strong><br \/>\n<strong>Rozmer l\u00e1tky: <\/strong>20.32 x 17.24 cm<br \/>\n<strong>Pou\u017eit\u00e9 techniky:<\/strong> kr\u00ed\u017eiky, polkr\u00ed\u017eiky, ob\u0161\u00edvanie, franc\u00fazske uzl\u00edky<\/p>\n","category_list_v2":"","author_info_v2":{"name":"","url":""},"comments_num_v2":"0 comments","uagb_featured_image_src":{"full":["https:\/\/www.megastitch.eu\/wp-content\/uploads\/2021\/06\/birdhouse_frame_ss_sm.jpg",1200,1067,false],"thumbnail":["https:\/\/www.megastitch.eu\/wp-content\/uploads\/2021\/06\/birdhouse_frame_ss_sm-150x150.jpg",150,150,true],"medium":["https:\/\/www.megastitch.eu\/wp-content\/uploads\/2021\/06\/birdhouse_frame_ss_sm-300x267.jpg",300,267,true],"medium_large":["https:\/\/www.megastitch.eu\/wp-content\/uploads\/2021\/06\/birdhouse_frame_ss_sm-768x683.jpg",768,683,true],"large":["https:\/\/www.megastitch.eu\/wp-content\/uploads\/2021\/06\/birdhouse_frame_ss_sm-1024x911.jpg",1024,911,true],"1536x1536":["https:\/\/www.megastitch.eu\/wp-content\/uploads\/2021\/06\/birdhouse_frame_ss_sm.jpg",1200,1067,false],"2048x2048":["https:\/\/www.megastitch.eu\/wp-content\/uploads\/2021\/06\/birdhouse_frame_ss_sm.jpg",1200,1067,false],"ultp_layout_landscape_large":["https:\/\/www.megastitch.eu\/wp-content\/uploads\/2021\/06\/birdhouse_frame_ss_sm-1200x800.jpg",1200,800,true],"ultp_layout_landscape":["https:\/\/www.megastitch.eu\/wp-content\/uploads\/2021\/06\/birdhouse_frame_ss_sm-870x570.jpg",870,570,true],"ultp_layout_portrait":["https:\/\/www.megastitch.eu\/wp-content\/uploads\/2021\/06\/birdhouse_frame_ss_sm-600x900.jpg",600,900,true],"ultp_layout_square":["https:\/\/www.megastitch.eu\/wp-content\/uploads\/2021\/06\/birdhouse_frame_ss_sm-600x600.jpg",600,600,true],"molla_post-grid":["https:\/\/www.megastitch.eu\/wp-content\/uploads\/2021\/06\/birdhouse_frame_ss_sm-400x267.jpg",400,267,true],"woocommerce_thumbnail":["https:\/\/www.megastitch.eu\/wp-content\/uploads\/2021\/06\/birdhouse_frame_ss_sm-300x267.jpg",300,267,true],"woocommerce_single":["https:\/\/www.megastitch.eu\/wp-content\/uploads\/2021\/06\/birdhouse_frame_ss_sm-600x534.jpg",600,534,true],"woocommerce_gallery_thumbnail":["https:\/\/www.megastitch.eu\/wp-content\/uploads\/2021\/06\/birdhouse_frame_ss_sm-100x100.jpg",100,100,true]},"uagb_author_info":{"display_name":"monika","author_link":"https:\/\/www.megastitch.eu\/cs\/author\/"},"uagb_comment_info":0,"uagb_excerpt":"Sta\u0148te sa s\u00fa\u010das\u0165ou mal\u00e9ho vt\u00e1\u010dieho sveta, kde spev\u00e1ci sa st\u00e1vaj\u00fa maliarmi a vy\u0161\u00edva\u010dky k\u00fazeln\u00ed\u010dkami, ktor\u00fdm v\u0161etko pod rukami o\u017eije. Ute\u0161en\u00e1 predloha Vt\u00e1\u010d\u00ed dom\u010dek v\u00e1m to ur\u010dite spln\u00ed. Po\u010det kr\u00ed\u017eikov: 112 x 95 Rozmer l\u00e1tky: 20.32 x 17.24 cm Pou\u017eit\u00e9 techniky: kr\u00ed\u017eiky, polkr\u00ed\u017eiky, ob\u0161\u00edvanie, franc\u00fazske uzl\u00edky","_links":{"self":[{"href":"https:\/\/www.megastitch.eu\/cs\/wp-json\/wp\/v2\/product\/26396"}],"collection":[{"href":"https:\/\/www.megastitch.eu\/cs\/wp-json\/wp\/v2\/product"}],"about":[{"href":"https:\/\/www.megastitch.eu\/cs\/wp-json\/wp\/v2\/types\/product"}],"replies":[{"embeddable":true,"href":"https:\/\/www.megastitch.eu\/cs\/wp-json\/wp\/v2\/comments?post=26396"}],"wp:featuredmedia":[{"embeddable":true,"href":"https:\/\/www.megastitch.eu\/cs\/wp-json\/wp\/v2\/media\/26397"}],"wp:attachment":[{"href":"https:\/\/www.megastitch.eu\/cs\/wp-json\/wp\/v2\/media?parent=26396"}],"wp:term":[{"taxonomy":"product_cat","embeddable":true,"href":"https:\/\/www.megastitch.eu\/cs\/wp-json\/wp\/v2\/product_cat?post=26396"},{"taxonomy":"product_tag","embeddable":true,"href":"https:\/\/www.megastitch.eu\/cs\/wp-json\/wp\/v2\/product_tag?post=26396"}],"curies":[{"name":"wp","href":"https:\/\/api.w.org\/{rel}","templated":true}]}}