	{"id":26450,"date":"2021-07-29T19:40:12","date_gmt":"2021-07-29T17:40:12","guid":{"rendered":"https:\/\/www.megastitch.eu\/?post_type=product&#038;p=26450"},"modified":"2023-10-15T17:54:53","modified_gmt":"2023-10-15T15:54:53","slug":"liska-s-mackou-na-mopede","status":"publish","type":"product","link":"https:\/\/www.megastitch.eu\/cs\/obchod\/magnetky\/zvierata\/macky\/liska-s-mackou-na-mopede\/","title":{"rendered":"L\u00ed\u0161ka s ma\u010dkou na mopede"},"content":{"rendered":"<div class=\"nolwrap\"><p>Farebn\u00fd nama\u013eovan\u00fd moped so zvieratkami na magnetickej ihelni\u010dke svojimi \u017eiv\u00fdmi a jasn\u00fdmi farbami roz\u017eiari v\u00e1\u0161 de\u0148. M\u00f4\u017eete t\u00fato magnetku niekomu darova\u0165. Pevn\u00fd magnet sa postar\u00e1 o va\u0161e ihly a vy si m\u00f4\u017eete vychutn\u00e1va\u0165 farby magnetky aj vy\u0161\u00edvan\u00e9ho obr\u00e1zka.<\/p>\n<p>Kreslen\u00fd obr\u00e1zok od autorky <strong>Sofia M Belenko<\/strong> z Kazachstanu<\/p>\n<ul>\n<li><a href=\"https:\/\/www.instagram.com\/sofia.m.belenko\/\" target=\"_blank\" rel=\"noopener noreferrer\">https:\/\/www.instagram.com\/sofia.m.belenko\/<\/a><\/li>\n<li><a href=\"https:\/\/vk.com\/sofia.m.belenko\" target=\"_blank\" rel=\"noopener noreferrer\">https:\/\/vk.com\/sofia.m.belenko<\/a><\/li>\n<\/ul>\n<\/div>","protected":false},"excerpt":{"rendered":"<p><span style=\"font-weight: 400\">Pref\u00edkanos\u0165 pred\u00e1 aj ne\u0161\u0165astie ako anjelsk\u00fd poklad. Skoncuje s pre\u0161ibanos\u0165ou va\u0161ich utekaj\u00facich ihiel. Pevn\u00fd neod\u00fdmov\u00fd magnet na tejto ute\u0161enej magnetke s mil\u00fdm autorsk\u00fdm dizajnom ma\u013eovenej l\u00ed\u0161ky s ma\u010dkou na mopede od Sofie M Belenko udr\u017e\u00ed v\u0161etky va\u0161e ihly na svojom mieste.<\/span><\/p>\n<p><span style=\"font-weight: 400\">&nbsp;<\/span><span style=\"font-weight: 400\">K magnetke si nezabudnite <a href=\"https:\/\/www.megastitch.eu\/obchod\/predlohy-na-vysivanie\/stredne-predlohy\/predloha-liska-s-mackou\/\">zak\u00fapi\u0165 aj predlohu na vy\u0161\u00edvanie v rovnakom mot\u00edve.<\/a><\/span><\/p>\n","protected":false},"featured_media":26451,"comment_status":"closed","ping_status":"closed","template":"","meta":{"_uag_custom_page_level_css":"","ngg_post_thumbnail":0},"product_cat":[27,34,19,20,40,23],"product_tag":[128],"aioseo_notices":[],"featured_image_urls":{"full":["https:\/\/www.megastitch.eu\/wp-content\/uploads\/2021\/07\/liska-s-mackou-sm.png",600,600,false],"thumbnail":["https:\/\/www.megastitch.eu\/wp-content\/uploads\/2021\/07\/liska-s-mackou-sm-150x150.png",150,150,true],"medium":["https:\/\/www.megastitch.eu\/wp-content\/uploads\/2021\/07\/liska-s-mackou-sm-300x300.png",300,300,true],"medium_large":["https:\/\/www.megastitch.eu\/wp-content\/uploads\/2021\/07\/liska-s-mackou-sm.png",600,600,false],"large":["https:\/\/www.megastitch.eu\/wp-content\/uploads\/2021\/07\/liska-s-mackou-sm.png",600,600,false],"1536x1536":["https:\/\/www.megastitch.eu\/wp-content\/uploads\/2021\/07\/liska-s-mackou-sm.png",600,600,false],"2048x2048":["https:\/\/www.megastitch.eu\/wp-content\/uploads\/2021\/07\/liska-s-mackou-sm.png",600,600,false],"ultp_layout_landscape_large":["https:\/\/www.megastitch.eu\/wp-content\/uploads\/2021\/07\/liska-s-mackou-sm.png",600,600,false],"ultp_layout_landscape":["https:\/\/www.megastitch.eu\/wp-content\/uploads\/2021\/07\/liska-s-mackou-sm-600x570.png",600,570,true],"ultp_layout_portrait":["https:\/\/www.megastitch.eu\/wp-content\/uploads\/2021\/07\/liska-s-mackou-sm.png",600,600,false],"ultp_layout_square":["https:\/\/www.megastitch.eu\/wp-content\/uploads\/2021\/07\/liska-s-mackou-sm-600x600.png",600,600,true],"molla_post-grid":["https:\/\/www.megastitch.eu\/wp-content\/uploads\/2021\/07\/liska-s-mackou-sm-400x267.png",400,267,true],"woocommerce_thumbnail":["https:\/\/www.megastitch.eu\/wp-content\/uploads\/2021\/07\/liska-s-mackou-sm-300x300.png",300,300,true],"woocommerce_single":["https:\/\/www.megastitch.eu\/wp-content\/uploads\/2021\/07\/liska-s-mackou-sm.png",600,600,false],"woocommerce_gallery_thumbnail":["https:\/\/www.megastitch.eu\/wp-content\/uploads\/2021\/07\/liska-s-mackou-sm-100x100.png",100,100,true]},"post_excerpt_stackable":"<p><span style=\"font-weight: 400\">Pref\u00edkanos\u0165 pred\u00e1 aj ne\u0161\u0165astie ako anjelsk\u00fd poklad. Skoncuje s pre\u0161ibanos\u0165ou va\u0161ich utekaj\u00facich ihiel. Pevn\u00fd neod\u00fdmov\u00fd magnet na tejto ute\u0161enej magnetke s mil\u00fdm autorsk\u00fdm dizajnom ma\u013eovenej l\u00ed\u0161ky s ma\u010dkou na mopede od Sofie M Belenko udr\u017e\u00ed v\u0161etky va\u0161e ihly na svojom mieste.<\/span><\/p>\n<p><span style=\"font-weight: 400\">&nbsp;<\/span><span style=\"font-weight: 400\">K magnetke si nezabudnite <a href=\"https:\/\/www.megastitch.eu\/obchod\/predlohy-na-vysivanie\/stredne-predlohy\/predloha-liska-s-mackou\/\">zak\u00fapi\u0165 aj predlohu na vy\u0161\u00edvanie v rovnakom mot\u00edve.<\/a><\/span><\/p>\n","category_list":"","author_info":{"name":"","url":""},"comments_num":"0 comments","featured_image_urls_v2":{"full":["https:\/\/www.megastitch.eu\/wp-content\/uploads\/2021\/07\/liska-s-mackou-sm.png",600,600,false],"thumbnail":["https:\/\/www.megastitch.eu\/wp-content\/uploads\/2021\/07\/liska-s-mackou-sm-150x150.png",150,150,true],"medium":["https:\/\/www.megastitch.eu\/wp-content\/uploads\/2021\/07\/liska-s-mackou-sm-300x300.png",300,300,true],"medium_large":["https:\/\/www.megastitch.eu\/wp-content\/uploads\/2021\/07\/liska-s-mackou-sm.png",600,600,false],"large":["https:\/\/www.megastitch.eu\/wp-content\/uploads\/2021\/07\/liska-s-mackou-sm.png",600,600,false],"1536x1536":["https:\/\/www.megastitch.eu\/wp-content\/uploads\/2021\/07\/liska-s-mackou-sm.png",600,600,false],"2048x2048":["https:\/\/www.megastitch.eu\/wp-content\/uploads\/2021\/07\/liska-s-mackou-sm.png",600,600,false],"ultp_layout_landscape_large":["https:\/\/www.megastitch.eu\/wp-content\/uploads\/2021\/07\/liska-s-mackou-sm.png",600,600,false],"ultp_layout_landscape":["https:\/\/www.megastitch.eu\/wp-content\/uploads\/2021\/07\/liska-s-mackou-sm-600x570.png",600,570,true],"ultp_layout_portrait":["https:\/\/www.megastitch.eu\/wp-content\/uploads\/2021\/07\/liska-s-mackou-sm.png",600,600,false],"ultp_layout_square":["https:\/\/www.megastitch.eu\/wp-content\/uploads\/2021\/07\/liska-s-mackou-sm-600x600.png",600,600,true],"molla_post-grid":["https:\/\/www.megastitch.eu\/wp-content\/uploads\/2021\/07\/liska-s-mackou-sm-400x267.png",400,267,true],"woocommerce_thumbnail":["https:\/\/www.megastitch.eu\/wp-content\/uploads\/2021\/07\/liska-s-mackou-sm-300x300.png",300,300,true],"woocommerce_single":["https:\/\/www.megastitch.eu\/wp-content\/uploads\/2021\/07\/liska-s-mackou-sm.png",600,600,false],"woocommerce_gallery_thumbnail":["https:\/\/www.megastitch.eu\/wp-content\/uploads\/2021\/07\/liska-s-mackou-sm-100x100.png",100,100,true]},"post_excerpt_stackable_v2":"<p><span style=\"font-weight: 400\">Pref\u00edkanos\u0165 pred\u00e1 aj ne\u0161\u0165astie ako anjelsk\u00fd poklad. Skoncuje s pre\u0161ibanos\u0165ou va\u0161ich utekaj\u00facich ihiel. Pevn\u00fd neod\u00fdmov\u00fd magnet na tejto ute\u0161enej magnetke s mil\u00fdm autorsk\u00fdm dizajnom ma\u013eovenej l\u00ed\u0161ky s ma\u010dkou na mopede od Sofie M Belenko udr\u017e\u00ed v\u0161etky va\u0161e ihly na svojom mieste.<\/span><\/p>\n<p><span style=\"font-weight: 400\">&nbsp;<\/span><span style=\"font-weight: 400\">K magnetke si nezabudnite <a href=\"https:\/\/www.megastitch.eu\/obchod\/predlohy-na-vysivanie\/stredne-predlohy\/predloha-liska-s-mackou\/\">zak\u00fapi\u0165 aj predlohu na vy\u0161\u00edvanie v rovnakom mot\u00edve.<\/a><\/span><\/p>\n","category_list_v2":"","author_info_v2":{"name":"","url":""},"comments_num_v2":"0 comments","uagb_featured_image_src":{"full":["https:\/\/www.megastitch.eu\/wp-content\/uploads\/2021\/07\/liska-s-mackou-sm.png",600,600,false],"thumbnail":["https:\/\/www.megastitch.eu\/wp-content\/uploads\/2021\/07\/liska-s-mackou-sm-150x150.png",150,150,true],"medium":["https:\/\/www.megastitch.eu\/wp-content\/uploads\/2021\/07\/liska-s-mackou-sm-300x300.png",300,300,true],"medium_large":["https:\/\/www.megastitch.eu\/wp-content\/uploads\/2021\/07\/liska-s-mackou-sm.png",600,600,false],"large":["https:\/\/www.megastitch.eu\/wp-content\/uploads\/2021\/07\/liska-s-mackou-sm.png",600,600,false],"1536x1536":["https:\/\/www.megastitch.eu\/wp-content\/uploads\/2021\/07\/liska-s-mackou-sm.png",600,600,false],"2048x2048":["https:\/\/www.megastitch.eu\/wp-content\/uploads\/2021\/07\/liska-s-mackou-sm.png",600,600,false],"ultp_layout_landscape_large":["https:\/\/www.megastitch.eu\/wp-content\/uploads\/2021\/07\/liska-s-mackou-sm.png",600,600,false],"ultp_layout_landscape":["https:\/\/www.megastitch.eu\/wp-content\/uploads\/2021\/07\/liska-s-mackou-sm-600x570.png",600,570,true],"ultp_layout_portrait":["https:\/\/www.megastitch.eu\/wp-content\/uploads\/2021\/07\/liska-s-mackou-sm.png",600,600,false],"ultp_layout_square":["https:\/\/www.megastitch.eu\/wp-content\/uploads\/2021\/07\/liska-s-mackou-sm-600x600.png",600,600,true],"molla_post-grid":["https:\/\/www.megastitch.eu\/wp-content\/uploads\/2021\/07\/liska-s-mackou-sm-400x267.png",400,267,true],"woocommerce_thumbnail":["https:\/\/www.megastitch.eu\/wp-content\/uploads\/2021\/07\/liska-s-mackou-sm-300x300.png",300,300,true],"woocommerce_single":["https:\/\/www.megastitch.eu\/wp-content\/uploads\/2021\/07\/liska-s-mackou-sm.png",600,600,false],"woocommerce_gallery_thumbnail":["https:\/\/www.megastitch.eu\/wp-content\/uploads\/2021\/07\/liska-s-mackou-sm-100x100.png",100,100,true]},"uagb_author_info":{"display_name":"erbenova","author_link":"https:\/\/www.megastitch.eu\/cs\/author\/"},"uagb_comment_info":0,"uagb_excerpt":"Pref\u00edkanos\u0165 pred\u00e1 aj ne\u0161\u0165astie ako anjelsk\u00fd poklad. Skoncuje s pre\u0161ibanos\u0165ou va\u0161ich utekaj\u00facich ihiel. Pevn\u00fd neod\u00fdmov\u00fd magnet na tejto ute\u0161enej magnetke s mil\u00fdm autorsk\u00fdm dizajnom ma\u013eovenej l\u00ed\u0161ky s ma\u010dkou na mopede od Sofie M Belenko udr\u017e\u00ed v\u0161etky va\u0161e ihly na svojom mieste. &nbsp;K magnetke si nezabudnite zak\u00fapi\u0165 aj predlohu na vy\u0161\u00edvanie v rovnakom mot\u00edve.","_links":{"self":[{"href":"https:\/\/www.megastitch.eu\/cs\/wp-json\/wp\/v2\/product\/26450"}],"collection":[{"href":"https:\/\/www.megastitch.eu\/cs\/wp-json\/wp\/v2\/product"}],"about":[{"href":"https:\/\/www.megastitch.eu\/cs\/wp-json\/wp\/v2\/types\/product"}],"replies":[{"embeddable":true,"href":"https:\/\/www.megastitch.eu\/cs\/wp-json\/wp\/v2\/comments?post=26450"}],"wp:featuredmedia":[{"embeddable":true,"href":"https:\/\/www.megastitch.eu\/cs\/wp-json\/wp\/v2\/media\/26451"}],"wp:attachment":[{"href":"https:\/\/www.megastitch.eu\/cs\/wp-json\/wp\/v2\/media?parent=26450"}],"wp:term":[{"taxonomy":"product_cat","embeddable":true,"href":"https:\/\/www.megastitch.eu\/cs\/wp-json\/wp\/v2\/product_cat?post=26450"},{"taxonomy":"product_tag","embeddable":true,"href":"https:\/\/www.megastitch.eu\/cs\/wp-json\/wp\/v2\/product_tag?post=26450"}],"curies":[{"name":"wp","href":"https:\/\/api.w.org\/{rel}","templated":true}]}}