	{"id":26455,"date":"2021-07-30T11:49:06","date_gmt":"2021-07-30T09:49:06","guid":{"rendered":"https:\/\/www.megastitch.eu\/?post_type=product&#038;p=26455"},"modified":"2024-05-25T17:31:17","modified_gmt":"2024-05-25T15:31:17","slug":"maly-pirat","status":"publish","type":"product","link":"https:\/\/www.megastitch.eu\/cs\/obchod\/magnetky\/dopravne-prostriedky\/lode\/maly-pirat\/","title":{"rendered":"Mal\u00fd pir\u00e1t"},"content":{"rendered":"<div class=\"nolwrap\"><p>Kreslen\u00fd obr\u00e1zok je od autorky <strong>Sofia M Belenko<\/strong> z Kazachstanu.<\/p>\n<ul>\n<li><a href=\"https:\/\/www.instagram.com\/sofia.m.belenko\/\" target=\"_blank\" rel=\"noopener noreferrer\">https:\/\/www.instagram.com\/sofia.m.belenko\/<\/a><\/li>\n<li><a href=\"https:\/\/vk.com\/sofia.m.belenko\" target=\"_blank\" rel=\"noopener noreferrer\">https:\/\/vk.com\/sofia.m.belenko<\/a><\/li>\n<\/ul>\n<\/div>","protected":false},"excerpt":{"rendered":"<p><span style=\"font-weight: 400;\">U\u017e \u017eiadni vy\u0161\u00edvac\u00ed pir\u00e1ti! Vychutn\u00e1vajte si svoje v\u00ed\u0165azstv\u00e1 bez straten\u00fdch ihiel. Siln\u00fd neod\u00fdmov\u00fd magnet v magnetke s mil\u00fdm autorsk\u00fdm dizajnom mal\u00e9ho pir\u00e1ta s chobotnicou od Sofie M Belenko, bude skvel\u00fdm pomocn\u00edkom pri vy\u0161\u00edvan\u00ed. Dok\u00e1\u017ee pevne udr\u017ea\u0165 nielen vy\u0161\u00edvacie ihly, ale aj va\u0161e no\u017eni\u010dky na svojom mieste.<\/span><\/p>\n","protected":false},"featured_media":26456,"comment_status":"closed","ping_status":"closed","template":"","meta":{"_uag_custom_page_level_css":"","ngg_post_thumbnail":0},"product_cat":[31,19,20,23],"product_tag":[128,248],"aioseo_notices":[],"featured_image_urls":{"full":["https:\/\/www.megastitch.eu\/wp-content\/uploads\/2021\/07\/maly-pirat-sm.png",600,600,false],"thumbnail":["https:\/\/www.megastitch.eu\/wp-content\/uploads\/2021\/07\/maly-pirat-sm-150x150.png",150,150,true],"medium":["https:\/\/www.megastitch.eu\/wp-content\/uploads\/2021\/07\/maly-pirat-sm-300x300.png",300,300,true],"medium_large":["https:\/\/www.megastitch.eu\/wp-content\/uploads\/2021\/07\/maly-pirat-sm.png",600,600,false],"large":["https:\/\/www.megastitch.eu\/wp-content\/uploads\/2021\/07\/maly-pirat-sm.png",600,600,false],"1536x1536":["https:\/\/www.megastitch.eu\/wp-content\/uploads\/2021\/07\/maly-pirat-sm.png",600,600,false],"2048x2048":["https:\/\/www.megastitch.eu\/wp-content\/uploads\/2021\/07\/maly-pirat-sm.png",600,600,false],"ultp_layout_landscape_large":["https:\/\/www.megastitch.eu\/wp-content\/uploads\/2021\/07\/maly-pirat-sm.png",600,600,false],"ultp_layout_landscape":["https:\/\/www.megastitch.eu\/wp-content\/uploads\/2021\/07\/maly-pirat-sm-600x570.png",600,570,true],"ultp_layout_portrait":["https:\/\/www.megastitch.eu\/wp-content\/uploads\/2021\/07\/maly-pirat-sm.png",600,600,false],"ultp_layout_square":["https:\/\/www.megastitch.eu\/wp-content\/uploads\/2021\/07\/maly-pirat-sm-600x600.png",600,600,true],"molla_post-grid":["https:\/\/www.megastitch.eu\/wp-content\/uploads\/2021\/07\/maly-pirat-sm-400x267.png",400,267,true],"woocommerce_thumbnail":["https:\/\/www.megastitch.eu\/wp-content\/uploads\/2021\/07\/maly-pirat-sm-300x300.png",300,300,true],"woocommerce_single":["https:\/\/www.megastitch.eu\/wp-content\/uploads\/2021\/07\/maly-pirat-sm.png",600,600,false],"woocommerce_gallery_thumbnail":["https:\/\/www.megastitch.eu\/wp-content\/uploads\/2021\/07\/maly-pirat-sm-100x100.png",100,100,true]},"post_excerpt_stackable":"<p><span style=\"font-weight: 400;\">U\u017e \u017eiadni vy\u0161\u00edvac\u00ed pir\u00e1ti! Vychutn\u00e1vajte si svoje v\u00ed\u0165azstv\u00e1 bez straten\u00fdch ihiel. Siln\u00fd neod\u00fdmov\u00fd magnet v magnetke s mil\u00fdm autorsk\u00fdm dizajnom mal\u00e9ho pir\u00e1ta s chobotnicou od Sofie M Belenko, bude skvel\u00fdm pomocn\u00edkom pri vy\u0161\u00edvan\u00ed. Dok\u00e1\u017ee pevne udr\u017ea\u0165 nielen vy\u0161\u00edvacie ihly, ale aj va\u0161e no\u017eni\u010dky na svojom mieste.<\/span><\/p>\n","category_list":"","author_info":{"name":"","url":""},"comments_num":"0 comments","featured_image_urls_v2":{"full":["https:\/\/www.megastitch.eu\/wp-content\/uploads\/2021\/07\/maly-pirat-sm.png",600,600,false],"thumbnail":["https:\/\/www.megastitch.eu\/wp-content\/uploads\/2021\/07\/maly-pirat-sm-150x150.png",150,150,true],"medium":["https:\/\/www.megastitch.eu\/wp-content\/uploads\/2021\/07\/maly-pirat-sm-300x300.png",300,300,true],"medium_large":["https:\/\/www.megastitch.eu\/wp-content\/uploads\/2021\/07\/maly-pirat-sm.png",600,600,false],"large":["https:\/\/www.megastitch.eu\/wp-content\/uploads\/2021\/07\/maly-pirat-sm.png",600,600,false],"1536x1536":["https:\/\/www.megastitch.eu\/wp-content\/uploads\/2021\/07\/maly-pirat-sm.png",600,600,false],"2048x2048":["https:\/\/www.megastitch.eu\/wp-content\/uploads\/2021\/07\/maly-pirat-sm.png",600,600,false],"ultp_layout_landscape_large":["https:\/\/www.megastitch.eu\/wp-content\/uploads\/2021\/07\/maly-pirat-sm.png",600,600,false],"ultp_layout_landscape":["https:\/\/www.megastitch.eu\/wp-content\/uploads\/2021\/07\/maly-pirat-sm-600x570.png",600,570,true],"ultp_layout_portrait":["https:\/\/www.megastitch.eu\/wp-content\/uploads\/2021\/07\/maly-pirat-sm.png",600,600,false],"ultp_layout_square":["https:\/\/www.megastitch.eu\/wp-content\/uploads\/2021\/07\/maly-pirat-sm-600x600.png",600,600,true],"molla_post-grid":["https:\/\/www.megastitch.eu\/wp-content\/uploads\/2021\/07\/maly-pirat-sm-400x267.png",400,267,true],"woocommerce_thumbnail":["https:\/\/www.megastitch.eu\/wp-content\/uploads\/2021\/07\/maly-pirat-sm-300x300.png",300,300,true],"woocommerce_single":["https:\/\/www.megastitch.eu\/wp-content\/uploads\/2021\/07\/maly-pirat-sm.png",600,600,false],"woocommerce_gallery_thumbnail":["https:\/\/www.megastitch.eu\/wp-content\/uploads\/2021\/07\/maly-pirat-sm-100x100.png",100,100,true]},"post_excerpt_stackable_v2":"<p><span style=\"font-weight: 400;\">U\u017e \u017eiadni vy\u0161\u00edvac\u00ed pir\u00e1ti! Vychutn\u00e1vajte si svoje v\u00ed\u0165azstv\u00e1 bez straten\u00fdch ihiel. Siln\u00fd neod\u00fdmov\u00fd magnet v magnetke s mil\u00fdm autorsk\u00fdm dizajnom mal\u00e9ho pir\u00e1ta s chobotnicou od Sofie M Belenko, bude skvel\u00fdm pomocn\u00edkom pri vy\u0161\u00edvan\u00ed. Dok\u00e1\u017ee pevne udr\u017ea\u0165 nielen vy\u0161\u00edvacie ihly, ale aj va\u0161e no\u017eni\u010dky na svojom mieste.<\/span><\/p>\n","category_list_v2":"","author_info_v2":{"name":"","url":""},"comments_num_v2":"0 comments","uagb_featured_image_src":{"full":["https:\/\/www.megastitch.eu\/wp-content\/uploads\/2021\/07\/maly-pirat-sm.png",600,600,false],"thumbnail":["https:\/\/www.megastitch.eu\/wp-content\/uploads\/2021\/07\/maly-pirat-sm-150x150.png",150,150,true],"medium":["https:\/\/www.megastitch.eu\/wp-content\/uploads\/2021\/07\/maly-pirat-sm-300x300.png",300,300,true],"medium_large":["https:\/\/www.megastitch.eu\/wp-content\/uploads\/2021\/07\/maly-pirat-sm.png",600,600,false],"large":["https:\/\/www.megastitch.eu\/wp-content\/uploads\/2021\/07\/maly-pirat-sm.png",600,600,false],"1536x1536":["https:\/\/www.megastitch.eu\/wp-content\/uploads\/2021\/07\/maly-pirat-sm.png",600,600,false],"2048x2048":["https:\/\/www.megastitch.eu\/wp-content\/uploads\/2021\/07\/maly-pirat-sm.png",600,600,false],"ultp_layout_landscape_large":["https:\/\/www.megastitch.eu\/wp-content\/uploads\/2021\/07\/maly-pirat-sm.png",600,600,false],"ultp_layout_landscape":["https:\/\/www.megastitch.eu\/wp-content\/uploads\/2021\/07\/maly-pirat-sm-600x570.png",600,570,true],"ultp_layout_portrait":["https:\/\/www.megastitch.eu\/wp-content\/uploads\/2021\/07\/maly-pirat-sm.png",600,600,false],"ultp_layout_square":["https:\/\/www.megastitch.eu\/wp-content\/uploads\/2021\/07\/maly-pirat-sm-600x600.png",600,600,true],"molla_post-grid":["https:\/\/www.megastitch.eu\/wp-content\/uploads\/2021\/07\/maly-pirat-sm-400x267.png",400,267,true],"woocommerce_thumbnail":["https:\/\/www.megastitch.eu\/wp-content\/uploads\/2021\/07\/maly-pirat-sm-300x300.png",300,300,true],"woocommerce_single":["https:\/\/www.megastitch.eu\/wp-content\/uploads\/2021\/07\/maly-pirat-sm.png",600,600,false],"woocommerce_gallery_thumbnail":["https:\/\/www.megastitch.eu\/wp-content\/uploads\/2021\/07\/maly-pirat-sm-100x100.png",100,100,true]},"uagb_author_info":{"display_name":"monika","author_link":"https:\/\/www.megastitch.eu\/cs\/author\/"},"uagb_comment_info":0,"uagb_excerpt":"U\u017e \u017eiadni vy\u0161\u00edvac\u00ed pir\u00e1ti! Vychutn\u00e1vajte si svoje v\u00ed\u0165azstv\u00e1 bez straten\u00fdch ihiel. Siln\u00fd neod\u00fdmov\u00fd magnet v magnetke s mil\u00fdm autorsk\u00fdm dizajnom mal\u00e9ho pir\u00e1ta s chobotnicou od Sofie M Belenko, bude skvel\u00fdm pomocn\u00edkom pri vy\u0161\u00edvan\u00ed. Dok\u00e1\u017ee pevne udr\u017ea\u0165 nielen vy\u0161\u00edvacie ihly, ale aj va\u0161e no\u017eni\u010dky na svojom mieste.","_links":{"self":[{"href":"https:\/\/www.megastitch.eu\/cs\/wp-json\/wp\/v2\/product\/26455"}],"collection":[{"href":"https:\/\/www.megastitch.eu\/cs\/wp-json\/wp\/v2\/product"}],"about":[{"href":"https:\/\/www.megastitch.eu\/cs\/wp-json\/wp\/v2\/types\/product"}],"replies":[{"embeddable":true,"href":"https:\/\/www.megastitch.eu\/cs\/wp-json\/wp\/v2\/comments?post=26455"}],"wp:featuredmedia":[{"embeddable":true,"href":"https:\/\/www.megastitch.eu\/cs\/wp-json\/wp\/v2\/media\/26456"}],"wp:attachment":[{"href":"https:\/\/www.megastitch.eu\/cs\/wp-json\/wp\/v2\/media?parent=26455"}],"wp:term":[{"taxonomy":"product_cat","embeddable":true,"href":"https:\/\/www.megastitch.eu\/cs\/wp-json\/wp\/v2\/product_cat?post=26455"},{"taxonomy":"product_tag","embeddable":true,"href":"https:\/\/www.megastitch.eu\/cs\/wp-json\/wp\/v2\/product_tag?post=26455"}],"curies":[{"name":"wp","href":"https:\/\/api.w.org\/{rel}","templated":true}]}}